{"id":13390,"date":"2022-06-16T14:09:19","date_gmt":"2022-06-16T14:09:19","guid":{"rendered":"http:\/\/hdotrade.com\/?post_type=product&#038;p=13390"},"modified":"2023-09-26T15:14:10","modified_gmt":"2023-09-26T15:14:10","slug":"zanussi-rinse-arms","status":"publish","type":"product","link":"https:\/\/hdotrade.com\/es\/producto\/zanussi-rinse-arms\/","title":{"rendered":"ZANUSSI ELECTROLUX LAVAVAJILLAS BRAZOS DE ENJUAGUE"},"content":{"rendered":"<p>PARA EL MODELO DE LAVAVAJILLAS ZANUSSI ELECTROLUX<\/p>\n<ul>\n<li>UNDERCOUNTER DISHWASHER &#8211; WT30H ,\u00a0 WT30M ,\u00a0 WT30C ,\u00a0 EUC3<\/li>\n<li>FRONT LOADING DISHWASHER &#8211; LU7,\u00a0 WTU40<\/li>\n<li>UNDERCOUNTER DISHWASHER-\u00a0 EUCI , EUCAI ,\u00a0 NUCAI , VUCAI<\/li>\n<li>UNDERCOUNTER DISHWASHER &#8211; ZUCI,\u00a0 ZUCAI,\u00a0 AUCI ,\u00a0 AUCAI ,\u00a0 XUCAI,\u00a0 VDU30,\u00a0 ZUSAWS,\u00a0 AUCAWS<\/li>\n<li>UNDERCOUNTER DISHWASHER WITH CONTINUOUS WATER SOFTNER &#8211; ZUCAWS,\u00a0 AUCAWA , EUCAWS,\u00a0 NUCAWS,\u00a0 EUCAWS,\u00a0 NUCAWS<\/li>\n<li>HOOD TYPE DISHWASHER &#8211; ZHT , OHT , KHT ,\u00a0 NHT ,\u00a0 EHT,\u00a0 EHTA,\u00a0 \u00a0ZHTAWS,\u00a0 AHTAWS,\u00a0 EHTAWS,\u00a0 NHT8,\u00a0 KHT8,\u00a0 EHT8,\u00a0 ZHT8I,\u00a0 AHT8I,\u00a0 EHT8I,\u00a0 ZHT8TI,\u00a0 EHT8TI,\u00a0 ZHT,\u00a0 NHT,\u00a0 ET12,\u00a0 WT65 WT65H,\u00a0 WT65M<\/li>\n<li>UNDERCOUNTER DISHWASHER &#8211; ELAI,\u00a0 ELI ,\u00a0 ET5,\u00a0 CLAI,\u00a0 NLAI,\u00a0 VLAI,\u00a0 XLAI,\u00a0 ZLAI,\u00a0 ZLI<\/li>\n<\/ul>\n<p>ZANUSSI ELECTROLUX BRA\u00c7OS DE LAVAGEM DA M\u00c1QUINA DE LAVAR LOU\u00c7A<\/p>\n<p>&nbsp;<\/p>\n<p>&nbsp;<\/p>","protected":false},"excerpt":{"rendered":"<p>FOR ZANUSSI ELECTROLUX DISHWASHER MODEL UNDERCOUNTER DISHWASHER &#8211; WT30H ,\u00a0 WT30M ,\u00a0 WT30C ,\u00a0 EUC3 FRONT LOADING DISHWASHER &#8211; LU7,\u00a0 WTU40 UNDERCOUNTER DISHWASHER-\u00a0 EUCI , EUCAI ,\u00a0 NUCAI , VUCAI UNDERCOUNTER DISHWASHER &#8211; ZUCI,\u00a0 ZUCAI,\u00a0 AUCI ,\u00a0 AUCAI ,\u00a0 XUCAI,\u00a0 VDU30,\u00a0 ZUSAWS,\u00a0 AUCAWS UNDERCOUNTER DISHWASHER WITH CONTINUOUS WATER SOFTNER &#8211; ZUCAWS,\u00a0 AUCAWA , EUCAWS,\u00a0 NUCAWS,\u00a0 [&hellip;]<\/p>","protected":false},"featured_media":14033,"template":"","meta":[],"product_cat":[47,217,204],"product_tag":[],"class_list":{"0":"post-13390","1":"product","2":"type-product","3":"status-publish","4":"has-post-thumbnail","6":"product_cat-electrolux-professional","7":"product_cat-zanussi","8":"product_cat-dishwasher","10":"first","11":"instock","12":"taxable","13":"shipping-taxable","14":"purchasable","15":"product-type-simple"},"acf":[],"yoast_head":"<!-- This site is optimized with the Yoast SEO plugin v24.1 - https:\/\/yoast.com\/wordpress\/plugins\/seo\/ -->\n<title>ZANUSSI ELECTROLUX DISHWASHER RINSE ARMS - HDO Global Trade<\/title>\n<meta name=\"description\" content=\"ZANUSSI ELECTROLUX DISHWASHER RINSE ARMS FOR ZANUSSI ELECTROLUX DISHWASHER MODEL SEE OUR COMPLETE LINE FOR ZANUSSI SPARE PARTS ACCESSORIES\" \/>\n<meta name=\"robots\" content=\"index, follow, max-snippet:-1, max-image-preview:large, max-video-preview:-1\" \/>\n<link rel=\"canonical\" href=\"https:\/\/hdotrade.com\/es\/producto\/zanussi-rinse-arms\/\" \/>\n<meta property=\"og:locale\" content=\"es_ES\" \/>\n<meta property=\"og:type\" content=\"article\" \/>\n<meta property=\"og:title\" content=\"ZANUSSI ELECTROLUX DISHWASHER RINSE ARMS - HDO Global Trade\" \/>\n<meta property=\"og:description\" content=\"ZANUSSI ELECTROLUX DISHWASHER RINSE ARMS FOR ZANUSSI ELECTROLUX DISHWASHER MODEL SEE OUR COMPLETE LINE FOR ZANUSSI SPARE PARTS ACCESSORIES\" \/>\n<meta property=\"og:url\" content=\"https:\/\/hdotrade.com\/es\/producto\/zanussi-rinse-arms\/\" \/>\n<meta property=\"og:site_name\" content=\"HDO Global Trade\" \/>\n<meta property=\"article:modified_time\" content=\"2023-09-26T15:14:10+00:00\" \/>\n<meta property=\"og:image\" content=\"https:\/\/hdotrade.com\/wp-content\/uploads\/2022\/06\/ZANUSSI-ELECTROLUX-DISHWASHER-RINSE-ARMS-0L2095.png\" \/>\n\t<meta property=\"og:image:width\" content=\"600\" \/>\n\t<meta property=\"og:image:height\" content=\"600\" \/>\n\t<meta property=\"og:image:type\" content=\"image\/png\" \/>\n<meta name=\"twitter:card\" content=\"summary_large_image\" \/>\n<meta name=\"twitter:label1\" content=\"Tiempo de lectura\" \/>\n\t<meta name=\"twitter:data1\" content=\"1 minuto\" \/>\n<script type=\"application\/ld+json\" class=\"yoast-schema-graph\">{\"@context\":\"https:\/\/schema.org\",\"@graph\":[{\"@type\":\"WebPage\",\"@id\":\"https:\/\/hdotrade.com\/product\/zanussi-rinse-arms\/\",\"url\":\"https:\/\/hdotrade.com\/product\/zanussi-rinse-arms\/\",\"name\":\"ZANUSSI ELECTROLUX DISHWASHER RINSE ARMS - HDO Global Trade\",\"isPartOf\":{\"@id\":\"https:\/\/hdotrade.com\/#website\"},\"primaryImageOfPage\":{\"@id\":\"https:\/\/hdotrade.com\/product\/zanussi-rinse-arms\/#primaryimage\"},\"image\":{\"@id\":\"https:\/\/hdotrade.com\/product\/zanussi-rinse-arms\/#primaryimage\"},\"thumbnailUrl\":\"https:\/\/hdotrade.com\/wp-content\/uploads\/2022\/06\/ZANUSSI-ELECTROLUX-DISHWASHER-RINSE-ARMS-0L2095.png\",\"datePublished\":\"2022-06-16T14:09:19+00:00\",\"dateModified\":\"2023-09-26T15:14:10+00:00\",\"description\":\"ZANUSSI ELECTROLUX DISHWASHER RINSE ARMS FOR ZANUSSI ELECTROLUX DISHWASHER MODEL SEE OUR COMPLETE LINE FOR ZANUSSI SPARE PARTS ACCESSORIES\",\"breadcrumb\":{\"@id\":\"https:\/\/hdotrade.com\/product\/zanussi-rinse-arms\/#breadcrumb\"},\"inLanguage\":\"es\",\"potentialAction\":[{\"@type\":\"ReadAction\",\"target\":[\"https:\/\/hdotrade.com\/product\/zanussi-rinse-arms\/\"]}]},{\"@type\":\"ImageObject\",\"inLanguage\":\"es\",\"@id\":\"https:\/\/hdotrade.com\/product\/zanussi-rinse-arms\/#primaryimage\",\"url\":\"https:\/\/hdotrade.com\/wp-content\/uploads\/2022\/06\/ZANUSSI-ELECTROLUX-DISHWASHER-RINSE-ARMS-0L2095.png\",\"contentUrl\":\"https:\/\/hdotrade.com\/wp-content\/uploads\/2022\/06\/ZANUSSI-ELECTROLUX-DISHWASHER-RINSE-ARMS-0L2095.png\",\"width\":600,\"height\":600,\"caption\":\"ZANUSSI ELECTROLUX DISHWASHER RINSE ARMS 0L2095\"},{\"@type\":\"BreadcrumbList\",\"@id\":\"https:\/\/hdotrade.com\/product\/zanussi-rinse-arms\/#breadcrumb\",\"itemListElement\":[{\"@type\":\"ListItem\",\"position\":1,\"name\":\"Home\",\"item\":\"https:\/\/hdotrade.com\/\"},{\"@type\":\"ListItem\",\"position\":2,\"name\":\"Shop\",\"item\":\"https:\/\/hdotrade.com\/shop\/\"},{\"@type\":\"ListItem\",\"position\":3,\"name\":\"ZANUSSI ELECTROLUX DISHWASHER RINSE ARMS\"}]},{\"@type\":\"WebSite\",\"@id\":\"https:\/\/hdotrade.com\/#website\",\"url\":\"https:\/\/hdotrade.com\/\",\"name\":\"HDO Global Trade\",\"description\":\"Online store\",\"publisher\":{\"@id\":\"https:\/\/hdotrade.com\/#organization\"},\"potentialAction\":[{\"@type\":\"SearchAction\",\"target\":{\"@type\":\"EntryPoint\",\"urlTemplate\":\"https:\/\/hdotrade.com\/?s={search_term_string}\"},\"query-input\":{\"@type\":\"PropertyValueSpecification\",\"valueRequired\":true,\"valueName\":\"search_term_string\"}}],\"inLanguage\":\"es\"},{\"@type\":\"Organization\",\"@id\":\"https:\/\/hdotrade.com\/#organization\",\"name\":\"HDO Global Trade\",\"url\":\"https:\/\/hdotrade.com\/\",\"logo\":{\"@type\":\"ImageObject\",\"inLanguage\":\"es\",\"@id\":\"https:\/\/hdotrade.com\/#\/schema\/logo\/image\/\",\"url\":\"https:\/\/hdotrade.com\/wp-content\/uploads\/2021\/06\/cropped-cropped-HDO-FINAL-LOGO.png\",\"contentUrl\":\"https:\/\/hdotrade.com\/wp-content\/uploads\/2021\/06\/cropped-cropped-HDO-FINAL-LOGO.png\",\"width\":512,\"height\":511,\"caption\":\"HDO Global Trade\"},\"image\":{\"@id\":\"https:\/\/hdotrade.com\/#\/schema\/logo\/image\/\"}}]}<\/script>\n<!-- \/ Yoast SEO plugin. -->","yoast_head_json":{"title":"ZANUSSI ELECTROLUX DISHWASHER RINSE ARMS - HDO Global Trade","description":"ZANUSSI ELECTROLUX DISHWASHER RINSE ARMS FOR ZANUSSI ELECTROLUX DISHWASHER MODEL SEE OUR COMPLETE LINE FOR ZANUSSI SPARE PARTS ACCESSORIES","robots":{"index":"index","follow":"follow","max-snippet":"max-snippet:-1","max-image-preview":"max-image-preview:large","max-video-preview":"max-video-preview:-1"},"canonical":"https:\/\/hdotrade.com\/es\/producto\/zanussi-rinse-arms\/","og_locale":"es_ES","og_type":"article","og_title":"ZANUSSI ELECTROLUX DISHWASHER RINSE ARMS - HDO Global Trade","og_description":"ZANUSSI ELECTROLUX DISHWASHER RINSE ARMS FOR ZANUSSI ELECTROLUX DISHWASHER MODEL SEE OUR COMPLETE LINE FOR ZANUSSI SPARE PARTS ACCESSORIES","og_url":"https:\/\/hdotrade.com\/es\/producto\/zanussi-rinse-arms\/","og_site_name":"HDO Global Trade","article_modified_time":"2023-09-26T15:14:10+00:00","og_image":[{"width":600,"height":600,"url":"https:\/\/hdotrade.com\/wp-content\/uploads\/2022\/06\/ZANUSSI-ELECTROLUX-DISHWASHER-RINSE-ARMS-0L2095.png","type":"image\/png"}],"twitter_card":"summary_large_image","twitter_misc":{"Tiempo de lectura":"1 minuto"},"schema":{"@context":"https:\/\/schema.org","@graph":[{"@type":"WebPage","@id":"https:\/\/hdotrade.com\/product\/zanussi-rinse-arms\/","url":"https:\/\/hdotrade.com\/product\/zanussi-rinse-arms\/","name":"ZANUSSI ELECTROLUX DISHWASHER RINSE ARMS - HDO Global Trade","isPartOf":{"@id":"https:\/\/hdotrade.com\/#website"},"primaryImageOfPage":{"@id":"https:\/\/hdotrade.com\/product\/zanussi-rinse-arms\/#primaryimage"},"image":{"@id":"https:\/\/hdotrade.com\/product\/zanussi-rinse-arms\/#primaryimage"},"thumbnailUrl":"https:\/\/hdotrade.com\/wp-content\/uploads\/2022\/06\/ZANUSSI-ELECTROLUX-DISHWASHER-RINSE-ARMS-0L2095.png","datePublished":"2022-06-16T14:09:19+00:00","dateModified":"2023-09-26T15:14:10+00:00","description":"ZANUSSI ELECTROLUX DISHWASHER RINSE ARMS FOR ZANUSSI ELECTROLUX DISHWASHER MODEL SEE OUR COMPLETE LINE FOR ZANUSSI SPARE PARTS ACCESSORIES","breadcrumb":{"@id":"https:\/\/hdotrade.com\/product\/zanussi-rinse-arms\/#breadcrumb"},"inLanguage":"es","potentialAction":[{"@type":"ReadAction","target":["https:\/\/hdotrade.com\/product\/zanussi-rinse-arms\/"]}]},{"@type":"ImageObject","inLanguage":"es","@id":"https:\/\/hdotrade.com\/product\/zanussi-rinse-arms\/#primaryimage","url":"https:\/\/hdotrade.com\/wp-content\/uploads\/2022\/06\/ZANUSSI-ELECTROLUX-DISHWASHER-RINSE-ARMS-0L2095.png","contentUrl":"https:\/\/hdotrade.com\/wp-content\/uploads\/2022\/06\/ZANUSSI-ELECTROLUX-DISHWASHER-RINSE-ARMS-0L2095.png","width":600,"height":600,"caption":"ZANUSSI ELECTROLUX DISHWASHER RINSE ARMS 0L2095"},{"@type":"BreadcrumbList","@id":"https:\/\/hdotrade.com\/product\/zanussi-rinse-arms\/#breadcrumb","itemListElement":[{"@type":"ListItem","position":1,"name":"Home","item":"https:\/\/hdotrade.com\/"},{"@type":"ListItem","position":2,"name":"Shop","item":"https:\/\/hdotrade.com\/shop\/"},{"@type":"ListItem","position":3,"name":"ZANUSSI ELECTROLUX DISHWASHER RINSE ARMS"}]},{"@type":"WebSite","@id":"https:\/\/hdotrade.com\/#website","url":"https:\/\/hdotrade.com\/","name":"HDO Global Trade","description":"Online store","publisher":{"@id":"https:\/\/hdotrade.com\/#organization"},"potentialAction":[{"@type":"SearchAction","target":{"@type":"EntryPoint","urlTemplate":"https:\/\/hdotrade.com\/?s={search_term_string}"},"query-input":{"@type":"PropertyValueSpecification","valueRequired":true,"valueName":"search_term_string"}}],"inLanguage":"es"},{"@type":"Organization","@id":"https:\/\/hdotrade.com\/#organization","name":"HDO Global Trade","url":"https:\/\/hdotrade.com\/","logo":{"@type":"ImageObject","inLanguage":"es","@id":"https:\/\/hdotrade.com\/#\/schema\/logo\/image\/","url":"https:\/\/hdotrade.com\/wp-content\/uploads\/2021\/06\/cropped-cropped-HDO-FINAL-LOGO.png","contentUrl":"https:\/\/hdotrade.com\/wp-content\/uploads\/2021\/06\/cropped-cropped-HDO-FINAL-LOGO.png","width":512,"height":511,"caption":"HDO Global Trade"},"image":{"@id":"https:\/\/hdotrade.com\/#\/schema\/logo\/image\/"}}]}},"_links":{"self":[{"href":"https:\/\/hdotrade.com\/es\/wp-json\/wp\/v2\/product\/13390","targetHints":{"allow":["GET"]}}],"collection":[{"href":"https:\/\/hdotrade.com\/es\/wp-json\/wp\/v2\/product"}],"about":[{"href":"https:\/\/hdotrade.com\/es\/wp-json\/wp\/v2\/types\/product"}],"version-history":[{"count":25,"href":"https:\/\/hdotrade.com\/es\/wp-json\/wp\/v2\/product\/13390\/revisions"}],"predecessor-version":[{"id":18060,"href":"https:\/\/hdotrade.com\/es\/wp-json\/wp\/v2\/product\/13390\/revisions\/18060"}],"wp:featuredmedia":[{"embeddable":true,"href":"https:\/\/hdotrade.com\/es\/wp-json\/wp\/v2\/media\/14033"}],"wp:attachment":[{"href":"https:\/\/hdotrade.com\/es\/wp-json\/wp\/v2\/media?parent=13390"}],"wp:term":[{"taxonomy":"product_cat","embeddable":true,"href":"https:\/\/hdotrade.com\/es\/wp-json\/wp\/v2\/product_cat?post=13390"},{"taxonomy":"product_tag","embeddable":true,"href":"https:\/\/hdotrade.com\/es\/wp-json\/wp\/v2\/product_tag?post=13390"}],"curies":[{"name":"wp","href":"https:\/\/api.w.org\/{rel}","templated":true}]}}