{"id":15720,"date":"2022-10-30T11:26:25","date_gmt":"2022-10-30T11:26:25","guid":{"rendered":"https:\/\/hdotrade.com\/?post_type=product&#038;p=15720"},"modified":"2023-03-13T12:33:35","modified_gmt":"2023-03-13T12:33:35","slug":"hallde-vegetable-preparation-machine-rg250-diwash","status":"publish","type":"product","link":"https:\/\/hdotrade.com\/es\/producto\/hallde-vegetable-preparation-machine-rg250-diwash\/","title":{"rendered":"M\u00c1QUINA DE PREPARACI\u00d3N VEGETAL HALLDE RG250 DIWASHRG250 DIWASH"},"content":{"rendered":"<p class=\"preamble\">La m\u00e1quina de preparaci\u00f3n de vegetales RG-250 procesa hasta 1000 porciones por d\u00eda \/<br \/>\n10 kg por minuto. La m\u00e1quina rebana, ralla, tritura, corta en juliana en dados, engarza rodajas y papas fritas en una variedad de dimensiones.<\/p>\n<p>Todas las partes extra\u00edbles del diwash rg250 son aptas para lavavajillas<\/p>\n<p>&nbsp;<\/p>\n<ul>\n<li>Las herramientas de corte para RG-250 diwash est\u00e1n hechas de acero inoxidable y tienen hojas de cuchilla reemplazables<\/li>\n<li>Las herramientas de corte realizan cortes precisos y limpios<\/li>\n<li>La m\u00e1quina tiene un gran cilindro de alimentaci\u00f3n en forma de luna llena<\/li>\n<li>Las piezas de lavado con recubrimiento patentado<br \/>\nHabilitaci\u00f3n del lavavajillas a m\u00e1quina<\/li>\n<li>Las piezas de lavado, en las zonas alimentarias, tienen una superficie lisa que resulta en una fricci\u00f3n m\u00ednima<\/li>\n<li>El uso de RG-250 diwash ahorra mucho tiempo<\/li>\n<li>El dise\u00f1o del mango da un apalancamiento<br \/>\nefecto, Ergo-loop<\/li>\n<li>La eficiente funci\u00f3n start\/stop permite una alimentaci\u00f3n continua<\/li>\n<li>El diwash RG-250 tiene un dise\u00f1o inclinado que facilita la alimentaci\u00f3n<\/li>\n<li>El alimentador de tubo incorporado se utiliza al cortar productos de largo estiramiento como el pepino y el puerro.<\/li>\n<li>La m\u00e1quina hace que la preparaci\u00f3n sea r\u00e1pida y es muy f\u00e1cil de limpiar.<\/li>\n<li>Est\u00e1 equipado con asas que permiten un f\u00e1cil movimiento<\/li>\n<li>Adecuado en una mesa de m\u00e1quina<\/li>\n<li>Seguridad ejemplar<\/li>\n<li>M\u00e1quina robusta de servicio pesado<\/li>\n<\/ul>\n<p>HALLDE\u00a0 M\u00c1QUINA DE PREPARA\u00c7\u00c3O DE VEGETAIS\u00a0 RG250 DIWASH<\/p>","protected":false},"excerpt":{"rendered":"<p>Vegetable Preparation Machine RG-250 diwash processes up to 1000 portions per day\/ 10 kg per minute. The machine slices, grates, shreds, dices cuts julienne, crimping slices and potato chips in a variety of dimensions All removable parts of the rg250 diwash are dishwasher safe &nbsp; Cutting tools for RG-250 diwash are made of Stainless steel [&hellip;]<\/p>","protected":false},"featured_media":15723,"template":"","meta":[],"product_cat":[219],"product_tag":[],"class_list":{"0":"post-15720","1":"product","2":"type-product","3":"status-publish","4":"has-post-thumbnail","6":"product_cat-hdo-global","8":"first","9":"instock","10":"taxable","11":"shipping-taxable","12":"product-type-simple"},"acf":[],"yoast_head":"<!-- This site is optimized with the Yoast SEO plugin v24.1 - https:\/\/yoast.com\/wordpress\/plugins\/seo\/ -->\n<title>HALLDE VEGETABLE PREPARATION MACHINE RG250 DIWASH - HDO Global Trade<\/title>\n<meta name=\"description\" content=\"HALLDE VEGETABLE PREPARATION MACHINE RG250 VEGETABLE CUTTER HALLDE RG250 SEE OUR COMPLETE LINE FOR HALLDE VEGETABLE CUTTER SPARE PARTS DISCS\" \/>\n<meta name=\"robots\" content=\"index, follow, max-snippet:-1, max-image-preview:large, max-video-preview:-1\" \/>\n<link rel=\"canonical\" href=\"https:\/\/hdotrade.com\/es\/producto\/hallde-vegetable-preparation-machine-rg250-diwash\/\" \/>\n<meta property=\"og:locale\" content=\"es_ES\" \/>\n<meta property=\"og:type\" content=\"article\" \/>\n<meta property=\"og:title\" content=\"HALLDE VEGETABLE PREPARATION MACHINE RG250 DIWASH - HDO Global Trade\" \/>\n<meta property=\"og:description\" content=\"HALLDE VEGETABLE PREPARATION MACHINE RG250 VEGETABLE CUTTER HALLDE RG250 SEE OUR COMPLETE LINE FOR HALLDE VEGETABLE CUTTER SPARE PARTS DISCS\" \/>\n<meta property=\"og:url\" content=\"https:\/\/hdotrade.com\/es\/producto\/hallde-vegetable-preparation-machine-rg250-diwash\/\" \/>\n<meta property=\"og:site_name\" content=\"HDO Global Trade\" \/>\n<meta property=\"article:modified_time\" content=\"2023-03-13T12:33:35+00:00\" \/>\n<meta property=\"og:image\" content=\"https:\/\/hdotrade.com\/wp-content\/uploads\/2022\/10\/HALLDE-VEGETABLE-PREPARATION-MACHINE-RG250-DIWASH.png\" \/>\n\t<meta property=\"og:image:width\" content=\"700\" \/>\n\t<meta property=\"og:image:height\" content=\"700\" \/>\n\t<meta property=\"og:image:type\" content=\"image\/png\" \/>\n<meta name=\"twitter:card\" content=\"summary_large_image\" \/>\n<meta name=\"twitter:label1\" content=\"Tiempo de lectura\" \/>\n\t<meta name=\"twitter:data1\" content=\"1 minuto\" \/>\n<script type=\"application\/ld+json\" class=\"yoast-schema-graph\">{\"@context\":\"https:\/\/schema.org\",\"@graph\":[{\"@type\":\"WebPage\",\"@id\":\"https:\/\/hdotrade.com\/product\/hallde-vegetable-preparation-machine-rg250-diwash\/\",\"url\":\"https:\/\/hdotrade.com\/product\/hallde-vegetable-preparation-machine-rg250-diwash\/\",\"name\":\"HALLDE VEGETABLE PREPARATION MACHINE RG250 DIWASH - HDO Global Trade\",\"isPartOf\":{\"@id\":\"https:\/\/hdotrade.com\/#website\"},\"primaryImageOfPage\":{\"@id\":\"https:\/\/hdotrade.com\/product\/hallde-vegetable-preparation-machine-rg250-diwash\/#primaryimage\"},\"image\":{\"@id\":\"https:\/\/hdotrade.com\/product\/hallde-vegetable-preparation-machine-rg250-diwash\/#primaryimage\"},\"thumbnailUrl\":\"https:\/\/hdotrade.com\/wp-content\/uploads\/2022\/10\/HALLDE-VEGETABLE-PREPARATION-MACHINE-RG250-DIWASH.png\",\"datePublished\":\"2022-10-30T11:26:25+00:00\",\"dateModified\":\"2023-03-13T12:33:35+00:00\",\"description\":\"HALLDE VEGETABLE PREPARATION MACHINE RG250 VEGETABLE CUTTER HALLDE RG250 SEE OUR COMPLETE LINE FOR HALLDE VEGETABLE CUTTER SPARE PARTS DISCS\",\"breadcrumb\":{\"@id\":\"https:\/\/hdotrade.com\/product\/hallde-vegetable-preparation-machine-rg250-diwash\/#breadcrumb\"},\"inLanguage\":\"es\",\"potentialAction\":[{\"@type\":\"ReadAction\",\"target\":[\"https:\/\/hdotrade.com\/product\/hallde-vegetable-preparation-machine-rg250-diwash\/\"]}]},{\"@type\":\"ImageObject\",\"inLanguage\":\"es\",\"@id\":\"https:\/\/hdotrade.com\/product\/hallde-vegetable-preparation-machine-rg250-diwash\/#primaryimage\",\"url\":\"https:\/\/hdotrade.com\/wp-content\/uploads\/2022\/10\/HALLDE-VEGETABLE-PREPARATION-MACHINE-RG250-DIWASH.png\",\"contentUrl\":\"https:\/\/hdotrade.com\/wp-content\/uploads\/2022\/10\/HALLDE-VEGETABLE-PREPARATION-MACHINE-RG250-DIWASH.png\",\"width\":700,\"height\":700,\"caption\":\"HALLDE VEGETABLE PREPARATION MACHINE RG250 DIWASH\"},{\"@type\":\"BreadcrumbList\",\"@id\":\"https:\/\/hdotrade.com\/product\/hallde-vegetable-preparation-machine-rg250-diwash\/#breadcrumb\",\"itemListElement\":[{\"@type\":\"ListItem\",\"position\":1,\"name\":\"Home\",\"item\":\"https:\/\/hdotrade.com\/\"},{\"@type\":\"ListItem\",\"position\":2,\"name\":\"Shop\",\"item\":\"https:\/\/hdotrade.com\/shop\/\"},{\"@type\":\"ListItem\",\"position\":3,\"name\":\"HALLDE VEGETABLE PREPARATION MACHINE RG250 DIWASH\"}]},{\"@type\":\"WebSite\",\"@id\":\"https:\/\/hdotrade.com\/#website\",\"url\":\"https:\/\/hdotrade.com\/\",\"name\":\"HDO Global Trade\",\"description\":\"Online store\",\"publisher\":{\"@id\":\"https:\/\/hdotrade.com\/#organization\"},\"potentialAction\":[{\"@type\":\"SearchAction\",\"target\":{\"@type\":\"EntryPoint\",\"urlTemplate\":\"https:\/\/hdotrade.com\/?s={search_term_string}\"},\"query-input\":{\"@type\":\"PropertyValueSpecification\",\"valueRequired\":true,\"valueName\":\"search_term_string\"}}],\"inLanguage\":\"es\"},{\"@type\":\"Organization\",\"@id\":\"https:\/\/hdotrade.com\/#organization\",\"name\":\"HDO Global Trade\",\"url\":\"https:\/\/hdotrade.com\/\",\"logo\":{\"@type\":\"ImageObject\",\"inLanguage\":\"es\",\"@id\":\"https:\/\/hdotrade.com\/#\/schema\/logo\/image\/\",\"url\":\"https:\/\/hdotrade.com\/wp-content\/uploads\/2021\/06\/cropped-cropped-HDO-FINAL-LOGO.png\",\"contentUrl\":\"https:\/\/hdotrade.com\/wp-content\/uploads\/2021\/06\/cropped-cropped-HDO-FINAL-LOGO.png\",\"width\":512,\"height\":511,\"caption\":\"HDO Global Trade\"},\"image\":{\"@id\":\"https:\/\/hdotrade.com\/#\/schema\/logo\/image\/\"}}]}<\/script>\n<!-- \/ Yoast SEO plugin. -->","yoast_head_json":{"title":"HALLDE VEGETABLE PREPARATION MACHINE RG250 DIWASH - HDO Global Trade","description":"HALLDE VEGETABLE PREPARATION MACHINE RG250 VEGETABLE CUTTER HALLDE RG250 SEE OUR COMPLETE LINE FOR HALLDE VEGETABLE CUTTER SPARE PARTS DISCS","robots":{"index":"index","follow":"follow","max-snippet":"max-snippet:-1","max-image-preview":"max-image-preview:large","max-video-preview":"max-video-preview:-1"},"canonical":"https:\/\/hdotrade.com\/es\/producto\/hallde-vegetable-preparation-machine-rg250-diwash\/","og_locale":"es_ES","og_type":"article","og_title":"HALLDE VEGETABLE PREPARATION MACHINE RG250 DIWASH - HDO Global Trade","og_description":"HALLDE VEGETABLE PREPARATION MACHINE RG250 VEGETABLE CUTTER HALLDE RG250 SEE OUR COMPLETE LINE FOR HALLDE VEGETABLE CUTTER SPARE PARTS DISCS","og_url":"https:\/\/hdotrade.com\/es\/producto\/hallde-vegetable-preparation-machine-rg250-diwash\/","og_site_name":"HDO Global Trade","article_modified_time":"2023-03-13T12:33:35+00:00","og_image":[{"width":700,"height":700,"url":"https:\/\/hdotrade.com\/wp-content\/uploads\/2022\/10\/HALLDE-VEGETABLE-PREPARATION-MACHINE-RG250-DIWASH.png","type":"image\/png"}],"twitter_card":"summary_large_image","twitter_misc":{"Tiempo de lectura":"1 minuto"},"schema":{"@context":"https:\/\/schema.org","@graph":[{"@type":"WebPage","@id":"https:\/\/hdotrade.com\/product\/hallde-vegetable-preparation-machine-rg250-diwash\/","url":"https:\/\/hdotrade.com\/product\/hallde-vegetable-preparation-machine-rg250-diwash\/","name":"HALLDE VEGETABLE PREPARATION MACHINE RG250 DIWASH - HDO Global Trade","isPartOf":{"@id":"https:\/\/hdotrade.com\/#website"},"primaryImageOfPage":{"@id":"https:\/\/hdotrade.com\/product\/hallde-vegetable-preparation-machine-rg250-diwash\/#primaryimage"},"image":{"@id":"https:\/\/hdotrade.com\/product\/hallde-vegetable-preparation-machine-rg250-diwash\/#primaryimage"},"thumbnailUrl":"https:\/\/hdotrade.com\/wp-content\/uploads\/2022\/10\/HALLDE-VEGETABLE-PREPARATION-MACHINE-RG250-DIWASH.png","datePublished":"2022-10-30T11:26:25+00:00","dateModified":"2023-03-13T12:33:35+00:00","description":"HALLDE VEGETABLE PREPARATION MACHINE RG250 VEGETABLE CUTTER HALLDE RG250 SEE OUR COMPLETE LINE FOR HALLDE VEGETABLE CUTTER SPARE PARTS DISCS","breadcrumb":{"@id":"https:\/\/hdotrade.com\/product\/hallde-vegetable-preparation-machine-rg250-diwash\/#breadcrumb"},"inLanguage":"es","potentialAction":[{"@type":"ReadAction","target":["https:\/\/hdotrade.com\/product\/hallde-vegetable-preparation-machine-rg250-diwash\/"]}]},{"@type":"ImageObject","inLanguage":"es","@id":"https:\/\/hdotrade.com\/product\/hallde-vegetable-preparation-machine-rg250-diwash\/#primaryimage","url":"https:\/\/hdotrade.com\/wp-content\/uploads\/2022\/10\/HALLDE-VEGETABLE-PREPARATION-MACHINE-RG250-DIWASH.png","contentUrl":"https:\/\/hdotrade.com\/wp-content\/uploads\/2022\/10\/HALLDE-VEGETABLE-PREPARATION-MACHINE-RG250-DIWASH.png","width":700,"height":700,"caption":"HALLDE VEGETABLE PREPARATION MACHINE RG250 DIWASH"},{"@type":"BreadcrumbList","@id":"https:\/\/hdotrade.com\/product\/hallde-vegetable-preparation-machine-rg250-diwash\/#breadcrumb","itemListElement":[{"@type":"ListItem","position":1,"name":"Home","item":"https:\/\/hdotrade.com\/"},{"@type":"ListItem","position":2,"name":"Shop","item":"https:\/\/hdotrade.com\/shop\/"},{"@type":"ListItem","position":3,"name":"HALLDE VEGETABLE PREPARATION MACHINE RG250 DIWASH"}]},{"@type":"WebSite","@id":"https:\/\/hdotrade.com\/#website","url":"https:\/\/hdotrade.com\/","name":"HDO Global Trade","description":"Online store","publisher":{"@id":"https:\/\/hdotrade.com\/#organization"},"potentialAction":[{"@type":"SearchAction","target":{"@type":"EntryPoint","urlTemplate":"https:\/\/hdotrade.com\/?s={search_term_string}"},"query-input":{"@type":"PropertyValueSpecification","valueRequired":true,"valueName":"search_term_string"}}],"inLanguage":"es"},{"@type":"Organization","@id":"https:\/\/hdotrade.com\/#organization","name":"HDO Global Trade","url":"https:\/\/hdotrade.com\/","logo":{"@type":"ImageObject","inLanguage":"es","@id":"https:\/\/hdotrade.com\/#\/schema\/logo\/image\/","url":"https:\/\/hdotrade.com\/wp-content\/uploads\/2021\/06\/cropped-cropped-HDO-FINAL-LOGO.png","contentUrl":"https:\/\/hdotrade.com\/wp-content\/uploads\/2021\/06\/cropped-cropped-HDO-FINAL-LOGO.png","width":512,"height":511,"caption":"HDO Global Trade"},"image":{"@id":"https:\/\/hdotrade.com\/#\/schema\/logo\/image\/"}}]}},"_links":{"self":[{"href":"https:\/\/hdotrade.com\/es\/wp-json\/wp\/v2\/product\/15720","targetHints":{"allow":["GET"]}}],"collection":[{"href":"https:\/\/hdotrade.com\/es\/wp-json\/wp\/v2\/product"}],"about":[{"href":"https:\/\/hdotrade.com\/es\/wp-json\/wp\/v2\/types\/product"}],"version-history":[{"count":4,"href":"https:\/\/hdotrade.com\/es\/wp-json\/wp\/v2\/product\/15720\/revisions"}],"predecessor-version":[{"id":17973,"href":"https:\/\/hdotrade.com\/es\/wp-json\/wp\/v2\/product\/15720\/revisions\/17973"}],"wp:featuredmedia":[{"embeddable":true,"href":"https:\/\/hdotrade.com\/es\/wp-json\/wp\/v2\/media\/15723"}],"wp:attachment":[{"href":"https:\/\/hdotrade.com\/es\/wp-json\/wp\/v2\/media?parent=15720"}],"wp:term":[{"taxonomy":"product_cat","embeddable":true,"href":"https:\/\/hdotrade.com\/es\/wp-json\/wp\/v2\/product_cat?post=15720"},{"taxonomy":"product_tag","embeddable":true,"href":"https:\/\/hdotrade.com\/es\/wp-json\/wp\/v2\/product_tag?post=15720"}],"curies":[{"name":"wp","href":"https:\/\/api.w.org\/{rel}","templated":true}]}}