{"id":18429,"date":"2023-04-26T10:26:03","date_gmt":"2023-04-26T10:26:03","guid":{"rendered":"https:\/\/hdotrade.com\/?post_type=product&#038;p=18429"},"modified":"2023-05-22T12:46:01","modified_gmt":"2023-05-22T12:46:01","slug":"sammic-vegetable-preparation-ca-301-ca-401-high-ejecting","status":"publish","type":"product","link":"https:\/\/hdotrade.com\/es\/producto\/sammic-vegetable-preparation-ca-301-ca-401-high-ejecting\/","title":{"rendered":"SAMMIC VEGETABLE PREPARATION CA-301 CA-401 HIGH EJECTING"},"content":{"rendered":"<p>FOR SAMMIC \u00a0Combi vegetable preparation-food processor CK-401\/411\/402\/412<\/p>\n<p>Combi vegetable preparation-food processor CK-45\/48 V<\/p>\n<p>Vegetable preparation attachment CA-311 VV<\/p>\n<p>Vegetable preparation attachment CA-41<\/p>\n<p>Vegetable preparation attachment CA-411 VV<\/p>\n<p>Vegetable preparation attachment CA-301<\/p>\n<p>Vegetable preparation attachment CA-301 VV<\/p>\n<p>Vegetable preparation attachment CA-31<\/p>\n<p>Vegetable preparation attachment CA-311<\/p>\n<p>Vegetable preparation attachment CA-401<\/p>\n<p>Vegetable preparation attachment CA-401 VV<\/p>\n<p>Vegetable preparation attachment CA-411<\/p>\n<p>Vegetable preparation attachment CA-4V<\/p>\n<p>SAMMIC PREPARA\u00c7\u00c3O VEGETAL CA-301 CA-401 ALTA EJE\u00c7\u00c3O<\/p>","protected":false},"excerpt":{"rendered":"<p>FOR SAMMIC \u00a0Combi vegetable preparation-food processor CK-401\/411\/402\/412 Combi vegetable preparation-food processor CK-45\/48 V Vegetable preparation attachment CA-311 VV Vegetable preparation attachment CA-41 Vegetable preparation attachment CA-411 VV Vegetable preparation attachment CA-301 Vegetable preparation attachment CA-301 VV Vegetable preparation attachment CA-31 Vegetable preparation attachment CA-311 Vegetable preparation attachment CA-401 Vegetable preparation attachment CA-401 VV Vegetable preparation [&hellip;]<\/p>","protected":false},"featured_media":18434,"template":"","meta":[],"product_cat":[142,202],"product_tag":[],"class_list":{"0":"post-18429","1":"product","2":"type-product","3":"status-publish","4":"has-post-thumbnail","6":"product_cat-sammic","7":"product_cat-vegetable-preparation-sammic","9":"first","10":"instock","11":"taxable","12":"shipping-taxable","13":"purchasable","14":"product-type-simple"},"acf":[],"yoast_head":"<!-- This site is optimized with the Yoast SEO plugin v24.1 - https:\/\/yoast.com\/wordpress\/plugins\/seo\/ -->\n<title>SAMMIC VEGETABLE PREPARATION CA-301 CA-401 HIGH EJECTING - HDO Global Trade<\/title>\n<meta name=\"description\" content=\"SAMMIC VEGETABLE PREPARATION CA-301 CA-401 HIGH EJECTING FOR SAMMIC CA-311 VV CA-41 CA-301 CA-311 CA-401 CA-411\" \/>\n<meta name=\"robots\" content=\"index, follow, max-snippet:-1, max-image-preview:large, max-video-preview:-1\" \/>\n<link rel=\"canonical\" href=\"https:\/\/hdotrade.com\/es\/he\/product\/sammic-vegetable-preparation-ca-301-ca-401-high-ejecting\/\" \/>\n<meta property=\"og:locale\" content=\"es_ES\" \/>\n<meta property=\"og:type\" content=\"article\" \/>\n<meta property=\"og:title\" content=\"SAMMIC VEGETABLE PREPARATION CA-301 CA-401 HIGH EJECTING - HDO Global Trade\" \/>\n<meta property=\"og:description\" content=\"SAMMIC VEGETABLE PREPARATION CA-301 CA-401 HIGH EJECTING FOR SAMMIC CA-311 VV CA-41 CA-301 CA-311 CA-401 CA-411\" \/>\n<meta property=\"og:url\" content=\"https:\/\/hdotrade.com\/es\/he\/product\/sammic-vegetable-preparation-ca-301-ca-401-high-ejecting\/\" \/>\n<meta property=\"og:site_name\" content=\"HDO Global Trade\" \/>\n<meta property=\"article:modified_time\" content=\"2023-05-22T12:46:01+00:00\" \/>\n<meta property=\"og:image\" content=\"https:\/\/hdotrade.com\/wp-content\/uploads\/2023\/04\/SAMMIC-VEGETABLE-PREPARATION-CA-301-CA-401-HIGH-EJECTING.png\" \/>\n\t<meta property=\"og:image:width\" content=\"700\" \/>\n\t<meta property=\"og:image:height\" content=\"700\" \/>\n\t<meta property=\"og:image:type\" content=\"image\/png\" \/>\n<meta name=\"twitter:card\" content=\"summary_large_image\" \/>\n<meta name=\"twitter:label1\" content=\"Tiempo de lectura\" \/>\n\t<meta name=\"twitter:data1\" content=\"1 minuto\" \/>\n<script type=\"application\/ld+json\" class=\"yoast-schema-graph\">{\"@context\":\"https:\/\/schema.org\",\"@graph\":[{\"@type\":\"WebPage\",\"@id\":\"https:\/\/hdotrade.com\/he\/product\/sammic-vegetable-preparation-ca-301-ca-401-high-ejecting\/\",\"url\":\"https:\/\/hdotrade.com\/he\/product\/sammic-vegetable-preparation-ca-301-ca-401-high-ejecting\/\",\"name\":\"SAMMIC VEGETABLE PREPARATION CA-301 CA-401 HIGH EJECTING - HDO Global Trade\",\"isPartOf\":{\"@id\":\"https:\/\/hdotrade.com\/#website\"},\"primaryImageOfPage\":{\"@id\":\"https:\/\/hdotrade.com\/he\/product\/sammic-vegetable-preparation-ca-301-ca-401-high-ejecting\/#primaryimage\"},\"image\":{\"@id\":\"https:\/\/hdotrade.com\/he\/product\/sammic-vegetable-preparation-ca-301-ca-401-high-ejecting\/#primaryimage\"},\"thumbnailUrl\":\"https:\/\/hdotrade.com\/wp-content\/uploads\/2023\/04\/SAMMIC-VEGETABLE-PREPARATION-CA-301-CA-401-HIGH-EJECTING.png\",\"datePublished\":\"2023-04-26T10:26:03+00:00\",\"dateModified\":\"2023-05-22T12:46:01+00:00\",\"description\":\"SAMMIC VEGETABLE PREPARATION CA-301 CA-401 HIGH EJECTING FOR SAMMIC CA-311 VV CA-41 CA-301 CA-311 CA-401 CA-411\",\"breadcrumb\":{\"@id\":\"https:\/\/hdotrade.com\/he\/product\/sammic-vegetable-preparation-ca-301-ca-401-high-ejecting\/#breadcrumb\"},\"inLanguage\":\"es\",\"potentialAction\":[{\"@type\":\"ReadAction\",\"target\":[\"https:\/\/hdotrade.com\/he\/product\/sammic-vegetable-preparation-ca-301-ca-401-high-ejecting\/\"]}]},{\"@type\":\"ImageObject\",\"inLanguage\":\"es\",\"@id\":\"https:\/\/hdotrade.com\/he\/product\/sammic-vegetable-preparation-ca-301-ca-401-high-ejecting\/#primaryimage\",\"url\":\"https:\/\/hdotrade.com\/wp-content\/uploads\/2023\/04\/SAMMIC-VEGETABLE-PREPARATION-CA-301-CA-401-HIGH-EJECTING.png\",\"contentUrl\":\"https:\/\/hdotrade.com\/wp-content\/uploads\/2023\/04\/SAMMIC-VEGETABLE-PREPARATION-CA-301-CA-401-HIGH-EJECTING.png\",\"width\":700,\"height\":700,\"caption\":\"SAMMIC VEGETABLE PREPARATION CA-301 CA-401 HIGH EJECTING\"},{\"@type\":\"BreadcrumbList\",\"@id\":\"https:\/\/hdotrade.com\/he\/product\/sammic-vegetable-preparation-ca-301-ca-401-high-ejecting\/#breadcrumb\",\"itemListElement\":[{\"@type\":\"ListItem\",\"position\":1,\"name\":\"Home\",\"item\":\"https:\/\/hdotrade.com\/\"},{\"@type\":\"ListItem\",\"position\":2,\"name\":\"Shop\",\"item\":\"https:\/\/hdotrade.com\/shop\/\"},{\"@type\":\"ListItem\",\"position\":3,\"name\":\"SAMMIC VEGETABLE PREPARATION CA-301 CA-401 HIGH EJECTING\"}]},{\"@type\":\"WebSite\",\"@id\":\"https:\/\/hdotrade.com\/#website\",\"url\":\"https:\/\/hdotrade.com\/\",\"name\":\"HDO Global Trade\",\"description\":\"Online store\",\"publisher\":{\"@id\":\"https:\/\/hdotrade.com\/#organization\"},\"potentialAction\":[{\"@type\":\"SearchAction\",\"target\":{\"@type\":\"EntryPoint\",\"urlTemplate\":\"https:\/\/hdotrade.com\/?s={search_term_string}\"},\"query-input\":{\"@type\":\"PropertyValueSpecification\",\"valueRequired\":true,\"valueName\":\"search_term_string\"}}],\"inLanguage\":\"es\"},{\"@type\":\"Organization\",\"@id\":\"https:\/\/hdotrade.com\/#organization\",\"name\":\"HDO Global Trade\",\"url\":\"https:\/\/hdotrade.com\/\",\"logo\":{\"@type\":\"ImageObject\",\"inLanguage\":\"es\",\"@id\":\"https:\/\/hdotrade.com\/#\/schema\/logo\/image\/\",\"url\":\"https:\/\/hdotrade.com\/wp-content\/uploads\/2021\/06\/cropped-cropped-HDO-FINAL-LOGO.png\",\"contentUrl\":\"https:\/\/hdotrade.com\/wp-content\/uploads\/2021\/06\/cropped-cropped-HDO-FINAL-LOGO.png\",\"width\":512,\"height\":511,\"caption\":\"HDO Global Trade\"},\"image\":{\"@id\":\"https:\/\/hdotrade.com\/#\/schema\/logo\/image\/\"}}]}<\/script>\n<!-- \/ Yoast SEO plugin. -->","yoast_head_json":{"title":"SAMMIC VEGETABLE PREPARATION CA-301 CA-401 HIGH EJECTING - HDO Global Trade","description":"SAMMIC VEGETABLE PREPARATION CA-301 CA-401 HIGH EJECTING FOR SAMMIC CA-311 VV CA-41 CA-301 CA-311 CA-401 CA-411","robots":{"index":"index","follow":"follow","max-snippet":"max-snippet:-1","max-image-preview":"max-image-preview:large","max-video-preview":"max-video-preview:-1"},"canonical":"https:\/\/hdotrade.com\/es\/he\/product\/sammic-vegetable-preparation-ca-301-ca-401-high-ejecting\/","og_locale":"es_ES","og_type":"article","og_title":"SAMMIC VEGETABLE PREPARATION CA-301 CA-401 HIGH EJECTING - HDO Global Trade","og_description":"SAMMIC VEGETABLE PREPARATION CA-301 CA-401 HIGH EJECTING FOR SAMMIC CA-311 VV CA-41 CA-301 CA-311 CA-401 CA-411","og_url":"https:\/\/hdotrade.com\/es\/he\/product\/sammic-vegetable-preparation-ca-301-ca-401-high-ejecting\/","og_site_name":"HDO Global Trade","article_modified_time":"2023-05-22T12:46:01+00:00","og_image":[{"width":700,"height":700,"url":"https:\/\/hdotrade.com\/wp-content\/uploads\/2023\/04\/SAMMIC-VEGETABLE-PREPARATION-CA-301-CA-401-HIGH-EJECTING.png","type":"image\/png"}],"twitter_card":"summary_large_image","twitter_misc":{"Tiempo de lectura":"1 minuto"},"schema":{"@context":"https:\/\/schema.org","@graph":[{"@type":"WebPage","@id":"https:\/\/hdotrade.com\/he\/product\/sammic-vegetable-preparation-ca-301-ca-401-high-ejecting\/","url":"https:\/\/hdotrade.com\/he\/product\/sammic-vegetable-preparation-ca-301-ca-401-high-ejecting\/","name":"SAMMIC VEGETABLE PREPARATION CA-301 CA-401 HIGH EJECTING - HDO Global Trade","isPartOf":{"@id":"https:\/\/hdotrade.com\/#website"},"primaryImageOfPage":{"@id":"https:\/\/hdotrade.com\/he\/product\/sammic-vegetable-preparation-ca-301-ca-401-high-ejecting\/#primaryimage"},"image":{"@id":"https:\/\/hdotrade.com\/he\/product\/sammic-vegetable-preparation-ca-301-ca-401-high-ejecting\/#primaryimage"},"thumbnailUrl":"https:\/\/hdotrade.com\/wp-content\/uploads\/2023\/04\/SAMMIC-VEGETABLE-PREPARATION-CA-301-CA-401-HIGH-EJECTING.png","datePublished":"2023-04-26T10:26:03+00:00","dateModified":"2023-05-22T12:46:01+00:00","description":"SAMMIC VEGETABLE PREPARATION CA-301 CA-401 HIGH EJECTING FOR SAMMIC CA-311 VV CA-41 CA-301 CA-311 CA-401 CA-411","breadcrumb":{"@id":"https:\/\/hdotrade.com\/he\/product\/sammic-vegetable-preparation-ca-301-ca-401-high-ejecting\/#breadcrumb"},"inLanguage":"es","potentialAction":[{"@type":"ReadAction","target":["https:\/\/hdotrade.com\/he\/product\/sammic-vegetable-preparation-ca-301-ca-401-high-ejecting\/"]}]},{"@type":"ImageObject","inLanguage":"es","@id":"https:\/\/hdotrade.com\/he\/product\/sammic-vegetable-preparation-ca-301-ca-401-high-ejecting\/#primaryimage","url":"https:\/\/hdotrade.com\/wp-content\/uploads\/2023\/04\/SAMMIC-VEGETABLE-PREPARATION-CA-301-CA-401-HIGH-EJECTING.png","contentUrl":"https:\/\/hdotrade.com\/wp-content\/uploads\/2023\/04\/SAMMIC-VEGETABLE-PREPARATION-CA-301-CA-401-HIGH-EJECTING.png","width":700,"height":700,"caption":"SAMMIC VEGETABLE PREPARATION CA-301 CA-401 HIGH EJECTING"},{"@type":"BreadcrumbList","@id":"https:\/\/hdotrade.com\/he\/product\/sammic-vegetable-preparation-ca-301-ca-401-high-ejecting\/#breadcrumb","itemListElement":[{"@type":"ListItem","position":1,"name":"Home","item":"https:\/\/hdotrade.com\/"},{"@type":"ListItem","position":2,"name":"Shop","item":"https:\/\/hdotrade.com\/shop\/"},{"@type":"ListItem","position":3,"name":"SAMMIC VEGETABLE PREPARATION CA-301 CA-401 HIGH EJECTING"}]},{"@type":"WebSite","@id":"https:\/\/hdotrade.com\/#website","url":"https:\/\/hdotrade.com\/","name":"HDO Global Trade","description":"Online store","publisher":{"@id":"https:\/\/hdotrade.com\/#organization"},"potentialAction":[{"@type":"SearchAction","target":{"@type":"EntryPoint","urlTemplate":"https:\/\/hdotrade.com\/?s={search_term_string}"},"query-input":{"@type":"PropertyValueSpecification","valueRequired":true,"valueName":"search_term_string"}}],"inLanguage":"es"},{"@type":"Organization","@id":"https:\/\/hdotrade.com\/#organization","name":"HDO Global Trade","url":"https:\/\/hdotrade.com\/","logo":{"@type":"ImageObject","inLanguage":"es","@id":"https:\/\/hdotrade.com\/#\/schema\/logo\/image\/","url":"https:\/\/hdotrade.com\/wp-content\/uploads\/2021\/06\/cropped-cropped-HDO-FINAL-LOGO.png","contentUrl":"https:\/\/hdotrade.com\/wp-content\/uploads\/2021\/06\/cropped-cropped-HDO-FINAL-LOGO.png","width":512,"height":511,"caption":"HDO Global Trade"},"image":{"@id":"https:\/\/hdotrade.com\/#\/schema\/logo\/image\/"}}]}},"_links":{"self":[{"href":"https:\/\/hdotrade.com\/es\/wp-json\/wp\/v2\/product\/18429","targetHints":{"allow":["GET"]}}],"collection":[{"href":"https:\/\/hdotrade.com\/es\/wp-json\/wp\/v2\/product"}],"about":[{"href":"https:\/\/hdotrade.com\/es\/wp-json\/wp\/v2\/types\/product"}],"version-history":[{"count":5,"href":"https:\/\/hdotrade.com\/es\/wp-json\/wp\/v2\/product\/18429\/revisions"}],"predecessor-version":[{"id":18835,"href":"https:\/\/hdotrade.com\/es\/wp-json\/wp\/v2\/product\/18429\/revisions\/18835"}],"wp:featuredmedia":[{"embeddable":true,"href":"https:\/\/hdotrade.com\/es\/wp-json\/wp\/v2\/media\/18434"}],"wp:attachment":[{"href":"https:\/\/hdotrade.com\/es\/wp-json\/wp\/v2\/media?parent=18429"}],"wp:term":[{"taxonomy":"product_cat","embeddable":true,"href":"https:\/\/hdotrade.com\/es\/wp-json\/wp\/v2\/product_cat?post=18429"},{"taxonomy":"product_tag","embeddable":true,"href":"https:\/\/hdotrade.com\/es\/wp-json\/wp\/v2\/product_tag?post=18429"}],"curies":[{"name":"wp","href":"https:\/\/api.w.org\/{rel}","templated":true}]}}