{"id":18499,"date":"2023-04-30T10:24:47","date_gmt":"2023-04-30T10:24:47","guid":{"rendered":"https:\/\/hdotrade.com\/?post_type=product&#038;p=18499"},"modified":"2023-05-22T12:44:20","modified_gmt":"2023-05-22T12:44:20","slug":"sammic-porable-liquidiser-xm-50-arm-blade-xm%e2%80%9150-d60","status":"publish","type":"product","link":"https:\/\/hdotrade.com\/es\/producto\/sammic-porable-liquidiser-xm-50-arm-blade-xm%e2%80%9150-d60\/","title":{"rendered":"SAMMIC PORABLE LIQUIDISER XM-50 ARM BLADE XM\u201150 D:60"},"content":{"rendered":"<p>FOR SAMMIC PORABLE LIQUIDISER\/ HAND MIXER XM50 RANGE<\/p>\n<p>SAMMIC LIQUIDIFICADOR PORT\u00c1TIL XM-50 L\u00c2MINA DE BRA\u00c7O XM-50 D:60<\/p>","protected":false},"excerpt":{"rendered":"<p>FOR SAMMIC PORABLE LIQUIDISER\/ HAND MIXER XM50 RANGE SAMMIC LIQUIDIFICADOR PORT\u00c1TIL XM-50 L\u00c2MINA DE BRA\u00c7O XM-50 D:60<\/p>","protected":false},"featured_media":18501,"template":"","meta":[],"product_cat":[142,201],"product_tag":[],"class_list":{"0":"post-18499","1":"product","2":"type-product","3":"status-publish","4":"has-post-thumbnail","6":"product_cat-sammic","7":"product_cat-hand-blender","9":"first","10":"instock","11":"taxable","12":"shipping-taxable","13":"purchasable","14":"product-type-simple"},"acf":[],"yoast_head":"<!-- This site is optimized with the Yoast SEO plugin v24.1 - https:\/\/yoast.com\/wordpress\/plugins\/seo\/ -->\n<title>SAMMIC PORABLE LIQUIDISER XM-50 ARM BLADE XM\u201150 D:60 - HDO Global Trade<\/title>\n<meta name=\"description\" content=\"SAMMIC PORABLE LIQUIDISER XM-50 ARM BLADE XM\u201150 D:60 FOR SAMMIC PORABLE LIQUIDISER\/ HAND MIXER XM50 RANGE SAMMIC SPARE PARTS CODE 4039412\" \/>\n<meta name=\"robots\" content=\"index, follow, max-snippet:-1, max-image-preview:large, max-video-preview:-1\" \/>\n<link rel=\"canonical\" href=\"https:\/\/hdotrade.com\/es\/producto\/sammic-porable-liquidiser-xm-50-arm-blade-xm\u201150-d60\/\" \/>\n<meta property=\"og:locale\" content=\"es_ES\" \/>\n<meta property=\"og:type\" content=\"article\" \/>\n<meta property=\"og:title\" content=\"SAMMIC PORABLE LIQUIDISER XM-50 ARM BLADE XM\u201150 D:60 - HDO Global Trade\" \/>\n<meta property=\"og:description\" content=\"SAMMIC PORABLE LIQUIDISER XM-50 ARM BLADE XM\u201150 D:60 FOR SAMMIC PORABLE LIQUIDISER\/ HAND MIXER XM50 RANGE SAMMIC SPARE PARTS CODE 4039412\" \/>\n<meta property=\"og:url\" content=\"https:\/\/hdotrade.com\/es\/producto\/sammic-porable-liquidiser-xm-50-arm-blade-xm\u201150-d60\/\" \/>\n<meta property=\"og:site_name\" content=\"HDO Global Trade\" \/>\n<meta property=\"article:modified_time\" content=\"2023-05-22T12:44:20+00:00\" \/>\n<meta property=\"og:image\" content=\"https:\/\/hdotrade.com\/wp-content\/uploads\/2023\/04\/SAMMIC-PORABLE-LIQUIDISER-XM-50-ARM-BLADE-XM\u201150-D60.png\" \/>\n\t<meta property=\"og:image:width\" content=\"700\" \/>\n\t<meta property=\"og:image:height\" content=\"700\" \/>\n\t<meta property=\"og:image:type\" content=\"image\/png\" \/>\n<meta name=\"twitter:card\" content=\"summary_large_image\" \/>\n<meta name=\"twitter:label1\" content=\"Tiempo de lectura\" \/>\n\t<meta name=\"twitter:data1\" content=\"1 minuto\" \/>\n<script type=\"application\/ld+json\" class=\"yoast-schema-graph\">{\"@context\":\"https:\/\/schema.org\",\"@graph\":[{\"@type\":\"WebPage\",\"@id\":\"https:\/\/hdotrade.com\/product\/sammic-porable-liquidiser-xm-50-arm-blade-xm%e2%80%9150-d60\/\",\"url\":\"https:\/\/hdotrade.com\/product\/sammic-porable-liquidiser-xm-50-arm-blade-xm%e2%80%9150-d60\/\",\"name\":\"SAMMIC PORABLE LIQUIDISER XM-50 ARM BLADE XM\u201150 D:60 - HDO Global Trade\",\"isPartOf\":{\"@id\":\"https:\/\/hdotrade.com\/#website\"},\"primaryImageOfPage\":{\"@id\":\"https:\/\/hdotrade.com\/product\/sammic-porable-liquidiser-xm-50-arm-blade-xm%e2%80%9150-d60\/#primaryimage\"},\"image\":{\"@id\":\"https:\/\/hdotrade.com\/product\/sammic-porable-liquidiser-xm-50-arm-blade-xm%e2%80%9150-d60\/#primaryimage\"},\"thumbnailUrl\":\"https:\/\/hdotrade.com\/wp-content\/uploads\/2023\/04\/SAMMIC-PORABLE-LIQUIDISER-XM-50-ARM-BLADE-XM\u201150-D60.png\",\"datePublished\":\"2023-04-30T10:24:47+00:00\",\"dateModified\":\"2023-05-22T12:44:20+00:00\",\"description\":\"SAMMIC PORABLE LIQUIDISER XM-50 ARM BLADE XM\u201150 D:60 FOR SAMMIC PORABLE LIQUIDISER\/ HAND MIXER XM50 RANGE SAMMIC SPARE PARTS CODE 4039412\",\"breadcrumb\":{\"@id\":\"https:\/\/hdotrade.com\/product\/sammic-porable-liquidiser-xm-50-arm-blade-xm%e2%80%9150-d60\/#breadcrumb\"},\"inLanguage\":\"es\",\"potentialAction\":[{\"@type\":\"ReadAction\",\"target\":[\"https:\/\/hdotrade.com\/product\/sammic-porable-liquidiser-xm-50-arm-blade-xm%e2%80%9150-d60\/\"]}]},{\"@type\":\"ImageObject\",\"inLanguage\":\"es\",\"@id\":\"https:\/\/hdotrade.com\/product\/sammic-porable-liquidiser-xm-50-arm-blade-xm%e2%80%9150-d60\/#primaryimage\",\"url\":\"https:\/\/hdotrade.com\/wp-content\/uploads\/2023\/04\/SAMMIC-PORABLE-LIQUIDISER-XM-50-ARM-BLADE-XM\u201150-D60.png\",\"contentUrl\":\"https:\/\/hdotrade.com\/wp-content\/uploads\/2023\/04\/SAMMIC-PORABLE-LIQUIDISER-XM-50-ARM-BLADE-XM\u201150-D60.png\",\"width\":700,\"height\":700,\"caption\":\"SAMMIC PORABLE LIQUIDISER XM-50 ARM BLADE XM\u201150 D60\"},{\"@type\":\"BreadcrumbList\",\"@id\":\"https:\/\/hdotrade.com\/product\/sammic-porable-liquidiser-xm-50-arm-blade-xm%e2%80%9150-d60\/#breadcrumb\",\"itemListElement\":[{\"@type\":\"ListItem\",\"position\":1,\"name\":\"Home\",\"item\":\"https:\/\/hdotrade.com\/\"},{\"@type\":\"ListItem\",\"position\":2,\"name\":\"Shop\",\"item\":\"https:\/\/hdotrade.com\/shop\/\"},{\"@type\":\"ListItem\",\"position\":3,\"name\":\"SAMMIC PORABLE LIQUIDISER XM-50 ARM BLADE XM\u201150 D:60\"}]},{\"@type\":\"WebSite\",\"@id\":\"https:\/\/hdotrade.com\/#website\",\"url\":\"https:\/\/hdotrade.com\/\",\"name\":\"HDO Global Trade\",\"description\":\"Online store\",\"publisher\":{\"@id\":\"https:\/\/hdotrade.com\/#organization\"},\"potentialAction\":[{\"@type\":\"SearchAction\",\"target\":{\"@type\":\"EntryPoint\",\"urlTemplate\":\"https:\/\/hdotrade.com\/?s={search_term_string}\"},\"query-input\":{\"@type\":\"PropertyValueSpecification\",\"valueRequired\":true,\"valueName\":\"search_term_string\"}}],\"inLanguage\":\"es\"},{\"@type\":\"Organization\",\"@id\":\"https:\/\/hdotrade.com\/#organization\",\"name\":\"HDO Global Trade\",\"url\":\"https:\/\/hdotrade.com\/\",\"logo\":{\"@type\":\"ImageObject\",\"inLanguage\":\"es\",\"@id\":\"https:\/\/hdotrade.com\/#\/schema\/logo\/image\/\",\"url\":\"https:\/\/hdotrade.com\/wp-content\/uploads\/2021\/06\/cropped-cropped-HDO-FINAL-LOGO.png\",\"contentUrl\":\"https:\/\/hdotrade.com\/wp-content\/uploads\/2021\/06\/cropped-cropped-HDO-FINAL-LOGO.png\",\"width\":512,\"height\":511,\"caption\":\"HDO Global Trade\"},\"image\":{\"@id\":\"https:\/\/hdotrade.com\/#\/schema\/logo\/image\/\"}}]}<\/script>\n<!-- \/ Yoast SEO plugin. -->","yoast_head_json":{"title":"SAMMIC PORABLE LIQUIDISER XM-50 ARM BLADE XM\u201150 D:60 - HDO Global Trade","description":"SAMMIC PORABLE LIQUIDISER XM-50 ARM BLADE XM\u201150 D:60 FOR SAMMIC PORABLE LIQUIDISER\/ HAND MIXER XM50 RANGE SAMMIC SPARE PARTS CODE 4039412","robots":{"index":"index","follow":"follow","max-snippet":"max-snippet:-1","max-image-preview":"max-image-preview:large","max-video-preview":"max-video-preview:-1"},"canonical":"https:\/\/hdotrade.com\/es\/producto\/sammic-porable-liquidiser-xm-50-arm-blade-xm\u201150-d60\/","og_locale":"es_ES","og_type":"article","og_title":"SAMMIC PORABLE LIQUIDISER XM-50 ARM BLADE XM\u201150 D:60 - HDO Global Trade","og_description":"SAMMIC PORABLE LIQUIDISER XM-50 ARM BLADE XM\u201150 D:60 FOR SAMMIC PORABLE LIQUIDISER\/ HAND MIXER XM50 RANGE SAMMIC SPARE PARTS CODE 4039412","og_url":"https:\/\/hdotrade.com\/es\/producto\/sammic-porable-liquidiser-xm-50-arm-blade-xm\u201150-d60\/","og_site_name":"HDO Global Trade","article_modified_time":"2023-05-22T12:44:20+00:00","og_image":[{"width":700,"height":700,"url":"https:\/\/hdotrade.com\/wp-content\/uploads\/2023\/04\/SAMMIC-PORABLE-LIQUIDISER-XM-50-ARM-BLADE-XM\u201150-D60.png","type":"image\/png"}],"twitter_card":"summary_large_image","twitter_misc":{"Tiempo de lectura":"1 minuto"},"schema":{"@context":"https:\/\/schema.org","@graph":[{"@type":"WebPage","@id":"https:\/\/hdotrade.com\/product\/sammic-porable-liquidiser-xm-50-arm-blade-xm%e2%80%9150-d60\/","url":"https:\/\/hdotrade.com\/product\/sammic-porable-liquidiser-xm-50-arm-blade-xm%e2%80%9150-d60\/","name":"SAMMIC PORABLE LIQUIDISER XM-50 ARM BLADE XM\u201150 D:60 - HDO Global Trade","isPartOf":{"@id":"https:\/\/hdotrade.com\/#website"},"primaryImageOfPage":{"@id":"https:\/\/hdotrade.com\/product\/sammic-porable-liquidiser-xm-50-arm-blade-xm%e2%80%9150-d60\/#primaryimage"},"image":{"@id":"https:\/\/hdotrade.com\/product\/sammic-porable-liquidiser-xm-50-arm-blade-xm%e2%80%9150-d60\/#primaryimage"},"thumbnailUrl":"https:\/\/hdotrade.com\/wp-content\/uploads\/2023\/04\/SAMMIC-PORABLE-LIQUIDISER-XM-50-ARM-BLADE-XM\u201150-D60.png","datePublished":"2023-04-30T10:24:47+00:00","dateModified":"2023-05-22T12:44:20+00:00","description":"SAMMIC PORABLE LIQUIDISER XM-50 ARM BLADE XM\u201150 D:60 FOR SAMMIC PORABLE LIQUIDISER\/ HAND MIXER XM50 RANGE SAMMIC SPARE PARTS CODE 4039412","breadcrumb":{"@id":"https:\/\/hdotrade.com\/product\/sammic-porable-liquidiser-xm-50-arm-blade-xm%e2%80%9150-d60\/#breadcrumb"},"inLanguage":"es","potentialAction":[{"@type":"ReadAction","target":["https:\/\/hdotrade.com\/product\/sammic-porable-liquidiser-xm-50-arm-blade-xm%e2%80%9150-d60\/"]}]},{"@type":"ImageObject","inLanguage":"es","@id":"https:\/\/hdotrade.com\/product\/sammic-porable-liquidiser-xm-50-arm-blade-xm%e2%80%9150-d60\/#primaryimage","url":"https:\/\/hdotrade.com\/wp-content\/uploads\/2023\/04\/SAMMIC-PORABLE-LIQUIDISER-XM-50-ARM-BLADE-XM\u201150-D60.png","contentUrl":"https:\/\/hdotrade.com\/wp-content\/uploads\/2023\/04\/SAMMIC-PORABLE-LIQUIDISER-XM-50-ARM-BLADE-XM\u201150-D60.png","width":700,"height":700,"caption":"SAMMIC PORABLE LIQUIDISER XM-50 ARM BLADE XM\u201150 D60"},{"@type":"BreadcrumbList","@id":"https:\/\/hdotrade.com\/product\/sammic-porable-liquidiser-xm-50-arm-blade-xm%e2%80%9150-d60\/#breadcrumb","itemListElement":[{"@type":"ListItem","position":1,"name":"Home","item":"https:\/\/hdotrade.com\/"},{"@type":"ListItem","position":2,"name":"Shop","item":"https:\/\/hdotrade.com\/shop\/"},{"@type":"ListItem","position":3,"name":"SAMMIC PORABLE LIQUIDISER XM-50 ARM BLADE XM\u201150 D:60"}]},{"@type":"WebSite","@id":"https:\/\/hdotrade.com\/#website","url":"https:\/\/hdotrade.com\/","name":"HDO Global Trade","description":"Online store","publisher":{"@id":"https:\/\/hdotrade.com\/#organization"},"potentialAction":[{"@type":"SearchAction","target":{"@type":"EntryPoint","urlTemplate":"https:\/\/hdotrade.com\/?s={search_term_string}"},"query-input":{"@type":"PropertyValueSpecification","valueRequired":true,"valueName":"search_term_string"}}],"inLanguage":"es"},{"@type":"Organization","@id":"https:\/\/hdotrade.com\/#organization","name":"HDO Global Trade","url":"https:\/\/hdotrade.com\/","logo":{"@type":"ImageObject","inLanguage":"es","@id":"https:\/\/hdotrade.com\/#\/schema\/logo\/image\/","url":"https:\/\/hdotrade.com\/wp-content\/uploads\/2021\/06\/cropped-cropped-HDO-FINAL-LOGO.png","contentUrl":"https:\/\/hdotrade.com\/wp-content\/uploads\/2021\/06\/cropped-cropped-HDO-FINAL-LOGO.png","width":512,"height":511,"caption":"HDO Global Trade"},"image":{"@id":"https:\/\/hdotrade.com\/#\/schema\/logo\/image\/"}}]}},"_links":{"self":[{"href":"https:\/\/hdotrade.com\/es\/wp-json\/wp\/v2\/product\/18499","targetHints":{"allow":["GET"]}}],"collection":[{"href":"https:\/\/hdotrade.com\/es\/wp-json\/wp\/v2\/product"}],"about":[{"href":"https:\/\/hdotrade.com\/es\/wp-json\/wp\/v2\/types\/product"}],"version-history":[{"count":4,"href":"https:\/\/hdotrade.com\/es\/wp-json\/wp\/v2\/product\/18499\/revisions"}],"predecessor-version":[{"id":18834,"href":"https:\/\/hdotrade.com\/es\/wp-json\/wp\/v2\/product\/18499\/revisions\/18834"}],"wp:featuredmedia":[{"embeddable":true,"href":"https:\/\/hdotrade.com\/es\/wp-json\/wp\/v2\/media\/18501"}],"wp:attachment":[{"href":"https:\/\/hdotrade.com\/es\/wp-json\/wp\/v2\/media?parent=18499"}],"wp:term":[{"taxonomy":"product_cat","embeddable":true,"href":"https:\/\/hdotrade.com\/es\/wp-json\/wp\/v2\/product_cat?post=18499"},{"taxonomy":"product_tag","embeddable":true,"href":"https:\/\/hdotrade.com\/es\/wp-json\/wp\/v2\/product_tag?post=18499"}],"curies":[{"name":"wp","href":"https:\/\/api.w.org\/{rel}","templated":true}]}}