{"id":2157,"date":"2021-01-02T08:06:50","date_gmt":"2021-01-02T08:06:50","guid":{"rendered":"http:\/\/hdotrade.com\/?post_type=product&#038;p=2157"},"modified":"2023-02-28T12:36:14","modified_gmt":"2023-02-28T12:36:14","slug":"mp450-a-stainless-steel-bell-cover","status":"publish","type":"product","link":"https:\/\/hdotrade.com\/es\/producto\/mp450-a-stainless-steel-bell-cover\/","title":{"rendered":"ROBOT-COUPE TRITURADOR MP450 CUBIERTA DE CAMPANA DE ACERO INOXIDABLE"},"content":{"rendered":"<p>PARA M\u00c1QUINA DE LICUADORAS DE PALO M\u00c1QUINA ROBOT MODELO COUP\u00c9 \u2013 MP350, MP450, MP450A, MP350A, MP350 ULTRA, MP350 ULTRA C, MP450 ULTRA, MP450 ULTRA C, MP 350 V.V, MP 350 V.V.A, MP 350 ULTRA V.V, MP 350 ULTRA V.V.C, MP 450V. V, MP450 V.V.A, MP450 ULTRA V.V, MP 450 ULTRA V.V.C, MP 350 COMBI, MP350 COMBI A, MP 350 ULTRA COMBI, MP 350 ULTRA COMBI C, MP 450 COMBI, MP450 COMBI A, MP 450 COMBI ULTRA, MP 450 COMBI ULTRA C<\/p>\n<p>ROBOT COUPE LIQUIDIFICADOR STICK MP450A TAMPA DE SINO EM A\u00c7O INOXID\u00c1VEL<\/p>","protected":false},"excerpt":{"rendered":"<p>FOR STICK BLENDERS MACHINE ROBOT COUPE MODEL &#8211; MP350,\u00a0 MP450,\u00a0 MP450A, MP350A,\u00a0 MP350 ULTRA,\u00a0 MP350 ULTRA C,\u00a0 MP450 ULTRA,\u00a0 MP450 ULTRA C,\u00a0 MP 350 V.V,\u00a0 MP 350 V.V.A,\u00a0 MP 350 ULTRA V.V,\u00a0 MP 350 ULTRA V.V.C,\u00a0 MP 450V.V,\u00a0 MP450 V.V.A,\u00a0 MP450 ULTRA V.V,\u00a0 MP 450 ULTRA V.V.C,\u00a0 MP 350 COMBI,\u00a0 MP350 COMBI A,\u00a0 MP 350 [&hellip;]<\/p>","protected":false},"featured_media":2213,"template":"","meta":[],"product_cat":[165,187],"product_tag":[],"class_list":{"0":"post-2157","1":"product","2":"type-product","3":"status-publish","4":"has-post-thumbnail","6":"product_cat-robot-coupe","7":"product_cat-stick-blenders-robot-coupe","9":"first","10":"instock","11":"taxable","12":"shipping-taxable","13":"purchasable","14":"product-type-simple"},"acf":[],"yoast_head":"<!-- This site is optimized with the Yoast SEO plugin v24.1 - https:\/\/yoast.com\/wordpress\/plugins\/seo\/ -->\n<title>ROBOT COUPE STICK BLENDER MP450A STAINLESS STEEL BELL COVER - HDO Global Trade<\/title>\n<meta name=\"description\" content=\"ROBOT COUPE 39335 MP450A STAINLESS STEEL BELL COVER FOR STICK BLENDERS MACHINE ROBOT COUPE MODEL - MP350,\u00a0 MP450,\u00a0 MP450A, MP350A,\u00a0 MP350 ULTRA,\u00a0\" \/>\n<meta name=\"robots\" content=\"index, follow, max-snippet:-1, max-image-preview:large, max-video-preview:-1\" \/>\n<link rel=\"canonical\" href=\"https:\/\/hdotrade.com\/es\/producto\/mp450-a-stainless-steel-bell-cover\/\" \/>\n<meta property=\"og:locale\" content=\"es_ES\" \/>\n<meta property=\"og:type\" content=\"article\" \/>\n<meta property=\"og:title\" content=\"ROBOT COUPE STICK BLENDER MP450A STAINLESS STEEL BELL COVER - HDO Global Trade\" \/>\n<meta property=\"og:description\" content=\"ROBOT COUPE 39335 MP450A STAINLESS STEEL BELL COVER FOR STICK BLENDERS MACHINE ROBOT COUPE MODEL - MP350,\u00a0 MP450,\u00a0 MP450A, MP350A,\u00a0 MP350 ULTRA,\u00a0\" \/>\n<meta property=\"og:url\" content=\"https:\/\/hdotrade.com\/es\/producto\/mp450-a-stainless-steel-bell-cover\/\" \/>\n<meta property=\"og:site_name\" content=\"HDO Global Trade\" \/>\n<meta property=\"article:modified_time\" content=\"2023-02-28T12:36:14+00:00\" \/>\n<meta property=\"og:image\" content=\"https:\/\/hdotrade.com\/wp-content\/uploads\/2021\/06\/MP450-A-STAINLESS-STEEL-BELL-COVER-FOR-ROBOT-COUPE-STICK-BLENDERS-39335-2.png\" \/>\n\t<meta property=\"og:image:width\" content=\"500\" \/>\n\t<meta property=\"og:image:height\" content=\"500\" \/>\n\t<meta property=\"og:image:type\" content=\"image\/png\" \/>\n<meta name=\"twitter:card\" content=\"summary_large_image\" \/>\n<meta name=\"twitter:label1\" content=\"Tiempo de lectura\" \/>\n\t<meta name=\"twitter:data1\" content=\"1 minuto\" \/>\n<script type=\"application\/ld+json\" class=\"yoast-schema-graph\">{\"@context\":\"https:\/\/schema.org\",\"@graph\":[{\"@type\":\"WebPage\",\"@id\":\"https:\/\/hdotrade.com\/product\/mp450-a-stainless-steel-bell-cover\/\",\"url\":\"https:\/\/hdotrade.com\/product\/mp450-a-stainless-steel-bell-cover\/\",\"name\":\"ROBOT COUPE STICK BLENDER MP450A STAINLESS STEEL BELL COVER - HDO Global Trade\",\"isPartOf\":{\"@id\":\"https:\/\/hdotrade.com\/#website\"},\"primaryImageOfPage\":{\"@id\":\"https:\/\/hdotrade.com\/product\/mp450-a-stainless-steel-bell-cover\/#primaryimage\"},\"image\":{\"@id\":\"https:\/\/hdotrade.com\/product\/mp450-a-stainless-steel-bell-cover\/#primaryimage\"},\"thumbnailUrl\":\"https:\/\/hdotrade.com\/wp-content\/uploads\/2021\/06\/MP450-A-STAINLESS-STEEL-BELL-COVER-FOR-ROBOT-COUPE-STICK-BLENDERS-39335-2.png\",\"datePublished\":\"2021-01-02T08:06:50+00:00\",\"dateModified\":\"2023-02-28T12:36:14+00:00\",\"description\":\"ROBOT COUPE 39335 MP450A STAINLESS STEEL BELL COVER FOR STICK BLENDERS MACHINE ROBOT COUPE MODEL - MP350,\u00a0 MP450,\u00a0 MP450A, MP350A,\u00a0 MP350 ULTRA,\u00a0\",\"breadcrumb\":{\"@id\":\"https:\/\/hdotrade.com\/product\/mp450-a-stainless-steel-bell-cover\/#breadcrumb\"},\"inLanguage\":\"es\",\"potentialAction\":[{\"@type\":\"ReadAction\",\"target\":[\"https:\/\/hdotrade.com\/product\/mp450-a-stainless-steel-bell-cover\/\"]}]},{\"@type\":\"ImageObject\",\"inLanguage\":\"es\",\"@id\":\"https:\/\/hdotrade.com\/product\/mp450-a-stainless-steel-bell-cover\/#primaryimage\",\"url\":\"https:\/\/hdotrade.com\/wp-content\/uploads\/2021\/06\/MP450-A-STAINLESS-STEEL-BELL-COVER-FOR-ROBOT-COUPE-STICK-BLENDERS-39335-2.png\",\"contentUrl\":\"https:\/\/hdotrade.com\/wp-content\/uploads\/2021\/06\/MP450-A-STAINLESS-STEEL-BELL-COVER-FOR-ROBOT-COUPE-STICK-BLENDERS-39335-2.png\",\"width\":500,\"height\":500,\"caption\":\"MP450-A-STAINLESS-STEEL-BELL-COVER-FOR-ROBOT-COUPE-STICK-BLENDERS\"},{\"@type\":\"BreadcrumbList\",\"@id\":\"https:\/\/hdotrade.com\/product\/mp450-a-stainless-steel-bell-cover\/#breadcrumb\",\"itemListElement\":[{\"@type\":\"ListItem\",\"position\":1,\"name\":\"Home\",\"item\":\"https:\/\/hdotrade.com\/\"},{\"@type\":\"ListItem\",\"position\":2,\"name\":\"Shop\",\"item\":\"https:\/\/hdotrade.com\/shop\/\"},{\"@type\":\"ListItem\",\"position\":3,\"name\":\"ROBOT COUPE STICK BLENDER MP450A STAINLESS STEEL BELL COVER\"}]},{\"@type\":\"WebSite\",\"@id\":\"https:\/\/hdotrade.com\/#website\",\"url\":\"https:\/\/hdotrade.com\/\",\"name\":\"HDO Global Trade\",\"description\":\"Online store\",\"publisher\":{\"@id\":\"https:\/\/hdotrade.com\/#organization\"},\"potentialAction\":[{\"@type\":\"SearchAction\",\"target\":{\"@type\":\"EntryPoint\",\"urlTemplate\":\"https:\/\/hdotrade.com\/?s={search_term_string}\"},\"query-input\":{\"@type\":\"PropertyValueSpecification\",\"valueRequired\":true,\"valueName\":\"search_term_string\"}}],\"inLanguage\":\"es\"},{\"@type\":\"Organization\",\"@id\":\"https:\/\/hdotrade.com\/#organization\",\"name\":\"HDO Global Trade\",\"url\":\"https:\/\/hdotrade.com\/\",\"logo\":{\"@type\":\"ImageObject\",\"inLanguage\":\"es\",\"@id\":\"https:\/\/hdotrade.com\/#\/schema\/logo\/image\/\",\"url\":\"https:\/\/hdotrade.com\/wp-content\/uploads\/2021\/06\/cropped-cropped-HDO-FINAL-LOGO.png\",\"contentUrl\":\"https:\/\/hdotrade.com\/wp-content\/uploads\/2021\/06\/cropped-cropped-HDO-FINAL-LOGO.png\",\"width\":512,\"height\":511,\"caption\":\"HDO Global Trade\"},\"image\":{\"@id\":\"https:\/\/hdotrade.com\/#\/schema\/logo\/image\/\"}}]}<\/script>\n<!-- \/ Yoast SEO plugin. -->","yoast_head_json":{"title":"ROBOT COUPE STICK BLENDER MP450A STAINLESS STEEL BELL COVER - HDO Global Trade","description":"ROBOT COUPE 39335 MP450A STAINLESS STEEL BELL COVER FOR STICK BLENDERS MACHINE ROBOT COUPE MODEL - MP350,\u00a0 MP450,\u00a0 MP450A, MP350A,\u00a0 MP350 ULTRA,\u00a0","robots":{"index":"index","follow":"follow","max-snippet":"max-snippet:-1","max-image-preview":"max-image-preview:large","max-video-preview":"max-video-preview:-1"},"canonical":"https:\/\/hdotrade.com\/es\/producto\/mp450-a-stainless-steel-bell-cover\/","og_locale":"es_ES","og_type":"article","og_title":"ROBOT COUPE STICK BLENDER MP450A STAINLESS STEEL BELL COVER - HDO Global Trade","og_description":"ROBOT COUPE 39335 MP450A STAINLESS STEEL BELL COVER FOR STICK BLENDERS MACHINE ROBOT COUPE MODEL - MP350,\u00a0 MP450,\u00a0 MP450A, MP350A,\u00a0 MP350 ULTRA,\u00a0","og_url":"https:\/\/hdotrade.com\/es\/producto\/mp450-a-stainless-steel-bell-cover\/","og_site_name":"HDO Global Trade","article_modified_time":"2023-02-28T12:36:14+00:00","og_image":[{"width":500,"height":500,"url":"https:\/\/hdotrade.com\/wp-content\/uploads\/2021\/06\/MP450-A-STAINLESS-STEEL-BELL-COVER-FOR-ROBOT-COUPE-STICK-BLENDERS-39335-2.png","type":"image\/png"}],"twitter_card":"summary_large_image","twitter_misc":{"Tiempo de lectura":"1 minuto"},"schema":{"@context":"https:\/\/schema.org","@graph":[{"@type":"WebPage","@id":"https:\/\/hdotrade.com\/product\/mp450-a-stainless-steel-bell-cover\/","url":"https:\/\/hdotrade.com\/product\/mp450-a-stainless-steel-bell-cover\/","name":"ROBOT COUPE STICK BLENDER MP450A STAINLESS STEEL BELL COVER - HDO Global Trade","isPartOf":{"@id":"https:\/\/hdotrade.com\/#website"},"primaryImageOfPage":{"@id":"https:\/\/hdotrade.com\/product\/mp450-a-stainless-steel-bell-cover\/#primaryimage"},"image":{"@id":"https:\/\/hdotrade.com\/product\/mp450-a-stainless-steel-bell-cover\/#primaryimage"},"thumbnailUrl":"https:\/\/hdotrade.com\/wp-content\/uploads\/2021\/06\/MP450-A-STAINLESS-STEEL-BELL-COVER-FOR-ROBOT-COUPE-STICK-BLENDERS-39335-2.png","datePublished":"2021-01-02T08:06:50+00:00","dateModified":"2023-02-28T12:36:14+00:00","description":"ROBOT COUPE 39335 MP450A STAINLESS STEEL BELL COVER FOR STICK BLENDERS MACHINE ROBOT COUPE MODEL - MP350,\u00a0 MP450,\u00a0 MP450A, MP350A,\u00a0 MP350 ULTRA,\u00a0","breadcrumb":{"@id":"https:\/\/hdotrade.com\/product\/mp450-a-stainless-steel-bell-cover\/#breadcrumb"},"inLanguage":"es","potentialAction":[{"@type":"ReadAction","target":["https:\/\/hdotrade.com\/product\/mp450-a-stainless-steel-bell-cover\/"]}]},{"@type":"ImageObject","inLanguage":"es","@id":"https:\/\/hdotrade.com\/product\/mp450-a-stainless-steel-bell-cover\/#primaryimage","url":"https:\/\/hdotrade.com\/wp-content\/uploads\/2021\/06\/MP450-A-STAINLESS-STEEL-BELL-COVER-FOR-ROBOT-COUPE-STICK-BLENDERS-39335-2.png","contentUrl":"https:\/\/hdotrade.com\/wp-content\/uploads\/2021\/06\/MP450-A-STAINLESS-STEEL-BELL-COVER-FOR-ROBOT-COUPE-STICK-BLENDERS-39335-2.png","width":500,"height":500,"caption":"MP450-A-STAINLESS-STEEL-BELL-COVER-FOR-ROBOT-COUPE-STICK-BLENDERS"},{"@type":"BreadcrumbList","@id":"https:\/\/hdotrade.com\/product\/mp450-a-stainless-steel-bell-cover\/#breadcrumb","itemListElement":[{"@type":"ListItem","position":1,"name":"Home","item":"https:\/\/hdotrade.com\/"},{"@type":"ListItem","position":2,"name":"Shop","item":"https:\/\/hdotrade.com\/shop\/"},{"@type":"ListItem","position":3,"name":"ROBOT COUPE STICK BLENDER MP450A STAINLESS STEEL BELL COVER"}]},{"@type":"WebSite","@id":"https:\/\/hdotrade.com\/#website","url":"https:\/\/hdotrade.com\/","name":"HDO Global Trade","description":"Online store","publisher":{"@id":"https:\/\/hdotrade.com\/#organization"},"potentialAction":[{"@type":"SearchAction","target":{"@type":"EntryPoint","urlTemplate":"https:\/\/hdotrade.com\/?s={search_term_string}"},"query-input":{"@type":"PropertyValueSpecification","valueRequired":true,"valueName":"search_term_string"}}],"inLanguage":"es"},{"@type":"Organization","@id":"https:\/\/hdotrade.com\/#organization","name":"HDO Global Trade","url":"https:\/\/hdotrade.com\/","logo":{"@type":"ImageObject","inLanguage":"es","@id":"https:\/\/hdotrade.com\/#\/schema\/logo\/image\/","url":"https:\/\/hdotrade.com\/wp-content\/uploads\/2021\/06\/cropped-cropped-HDO-FINAL-LOGO.png","contentUrl":"https:\/\/hdotrade.com\/wp-content\/uploads\/2021\/06\/cropped-cropped-HDO-FINAL-LOGO.png","width":512,"height":511,"caption":"HDO Global Trade"},"image":{"@id":"https:\/\/hdotrade.com\/#\/schema\/logo\/image\/"}}]}},"_links":{"self":[{"href":"https:\/\/hdotrade.com\/es\/wp-json\/wp\/v2\/product\/2157","targetHints":{"allow":["GET"]}}],"collection":[{"href":"https:\/\/hdotrade.com\/es\/wp-json\/wp\/v2\/product"}],"about":[{"href":"https:\/\/hdotrade.com\/es\/wp-json\/wp\/v2\/types\/product"}],"version-history":[{"count":6,"href":"https:\/\/hdotrade.com\/es\/wp-json\/wp\/v2\/product\/2157\/revisions"}],"predecessor-version":[{"id":17824,"href":"https:\/\/hdotrade.com\/es\/wp-json\/wp\/v2\/product\/2157\/revisions\/17824"}],"wp:featuredmedia":[{"embeddable":true,"href":"https:\/\/hdotrade.com\/es\/wp-json\/wp\/v2\/media\/2213"}],"wp:attachment":[{"href":"https:\/\/hdotrade.com\/es\/wp-json\/wp\/v2\/media?parent=2157"}],"wp:term":[{"taxonomy":"product_cat","embeddable":true,"href":"https:\/\/hdotrade.com\/es\/wp-json\/wp\/v2\/product_cat?post=2157"},{"taxonomy":"product_tag","embeddable":true,"href":"https:\/\/hdotrade.com\/es\/wp-json\/wp\/v2\/product_tag?post=2157"}],"curies":[{"name":"wp","href":"https:\/\/api.w.org\/{rel}","templated":true}]}}