{"id":5079,"date":"2021-08-05T20:07:32","date_gmt":"2021-08-05T20:07:32","guid":{"rendered":"http:\/\/hdotrade.com\/?post_type=product&#038;p=5079"},"modified":"2023-05-25T12:40:22","modified_gmt":"2023-05-25T12:40:22","slug":"sirman-hand-held-mixer-strain-relief-for-ciclone-vortex","status":"publish","type":"product","link":"https:\/\/hdotrade.com\/es\/producto\/sirman-hand-held-mixer-strain-relief-for-ciclone-vortex\/","title":{"rendered":"SIRMAN ALIVIO DE TENSI\u00d3N DEL MEZCLADOR DE MANO PARA CICLONA\/V\u00d3RTICE"},"content":{"rendered":"<p>SIRMAN ALIVIO DE TENSI\u00d3N DEL MEZCLADOR DE MANO PARA CICLONA\/V\u00d3RTICE<\/p>\n<p>PARA LA M\u00c1QUINA SIRMAN<\/p>\n<p>MEZCLADOR DE MANO<\/p>\n<p>VORTEX 43 \/ VORTEX 43 VV CE ,\u00a0 VORTEX 55 \/ VORTEX 55 VV CE ,\u00a0 \u00a0VORTEX 75 \/ VORTEX 75 VV CE ,\u00a0 \u00a0CICLONE 20 CE ,\u00a0 \u00a0CICLONE 28 CE ,\u00a0 CICLONE 36 CE ,\u00a0 CICLONE 20 VV CE ,\u00a0 \u00a0CICLONE 28 VV CE ,\u00a0 \u00a0 CICLONE 36 VV CEVORTEX 43 VT CE\u00a0 , VORTEX 55 VT CE\u00a0 ,\u00a0 VORTEX 75 VT CE\u00a0 ,\u00a0 \u00a0CICLONE 20 ETL 110\/60\u00a0 ,\u00a0 CICLONE 28 ETL 110\/60\u00a0 ,\u00a0 \u00a0CICLONE 36 ETL 110\/60\u00a0 ,\u00a0 \u00a0, VORTEX 43 VT ETL 110\/60 ,\u00a0 VORTEX 55 VT ETL 110\/60 ,\u00a0 VORTEX 75 VT ETL 110\/60 ,\u00a0 \u00a0CICLONE 28 VV ETL 110\/60 ,\u00a0 \u00a0 CICLONE 36 VV ETL 110\/60\u00a0 ,\u00a0 CICLONE 20 VV ETL 110\/60\u00a0 ,\u00a0 \u00a0VORTEX 43 CE &#8211; from 2018.08\u00a0 ,\u00a0 \u00a0VORTEX 43 VT CE &#8211; from 2018.08\u00a0 ,\u00a0 \u00a0VORTEX 55 VT CE &#8211; from 2018.08 ,\u00a0 VORTEX 55 CE &#8211; from 2018.08 ,\u00a0 VORTEX 75 CE &#8211; from 2018.08\u00a0 ,\u00a0 \u00a0VORTEX 75 VT CE &#8211; from 2018.08\u00a0 ,\u00a0 VORTEX 43 VT ETL 110\/60 &#8211; from 2018.08\u00a0 ,\u00a0 \u00a0VORTEX 55 VT ETL 110\/60 &#8211; from 2018.08\u00a0 ,\u00a0 \u00a0VORTEX 75 VT ETL 110\/60 &#8211; from 2018.08 ,\u00a0 CICLONE 20 CE &#8211; from 2018.10\u00a0 ,\u00a0 \u00a0CICLONE 28 CE &#8211; from 2018.10\u00a0 ,\u00a0 \u00a0CICLONE 36 CE &#8211; from 2018.10\u00a0 ,\u00a0 \u00a0CICLONE 20 VT CE &#8211; from 2018.10\u00a0 ,\u00a0 CICLONE 28 VT CE &#8211; from 2018.10\u00a0 ,\u00a0 \u00a0CICLONE 36 VT CE &#8211; from 2018.10\u00a0 ,\u00a0 \u00a0CICLONE 20 110\/60 &#8211; from 2018.10 ,\u00a0 \u00a0CICLONE 28 110\/60 &#8211; from 2018.10\u00a0 ,\u00a0 \u00a0CICLONE 36 110\/60 &#8211; from 2018.10 ,\u00a0 \u00a0CICLONE 20 VT 110\/60 &#8211; from 2018.10\u00a0 ,\u00a0 \u00a0CICLONE 28 VT 110\/60 &#8211; from 2018.10 ,\u00a0 \u00a0CICLONE 36 VT 110\/60 &#8211; from 2018.10 ,\u00a0 \u00a0CICLONE 36 ETL 110\/60 &#8211; from 2018.10\u00a0 ,\u00a0 \u00a0CICLONE 28 ETL 110\/60 &#8211; from 2018.10\u00a0 ,\u00a0 \u00a0CICLONE 20 ETL 110\/60 &#8211; from 2018.10<\/p>\n<p>SIRMAN MISTURADOR DE M\u00c3O COM AL\u00cdVIO DE TENS\u00c3O PARA CICLONE\/VORTEX<\/p>\n<p>&nbsp;<\/p>","protected":false},"excerpt":{"rendered":"<p>SIRMAN HAND HELD MIXER STRAIN RELIEF FOR CICLONE\/VORTEX FOR SIRMAN MACHINE HAND HELD MIXER VORTEX 43 \/ VORTEX 43 VV CE ,\u00a0 VORTEX 55 \/ VORTEX 55 VV CE ,\u00a0 \u00a0VORTEX 75 \/ VORTEX 75 VV CE ,\u00a0 \u00a0CICLONE 20 CE ,\u00a0 \u00a0CICLONE 28 CE ,\u00a0 CICLONE 36 CE ,\u00a0 CICLONE 20 VV CE ,\u00a0 [&hellip;]<\/p>","protected":false},"featured_media":5086,"template":"","meta":[],"product_cat":[143],"product_tag":[],"class_list":{"0":"post-5079","1":"product","2":"type-product","3":"status-publish","4":"has-post-thumbnail","6":"product_cat-sirman","8":"first","9":"outofstock","10":"taxable","11":"shipping-taxable","12":"product-type-simple"},"acf":[],"yoast_head":"<!-- This site is optimized with the Yoast SEO plugin v24.1 - https:\/\/yoast.com\/wordpress\/plugins\/seo\/ -->\n<title>SIRMAN HAND HELD MIXER STRAIN RELIEF FOR CICLONE\/VORTEX - HDO Global Trade<\/title>\n<meta name=\"description\" content=\"SIRMAN HAND HELD MIXER STRAIN RELIEF FOR CICLONE\/VORTEXFOR MACHINE PASSACAVO SEE OUR COMPLETE LINE FOR SIRMAN SPARE PARTS &amp; ACCESSORIES\" \/>\n<meta name=\"robots\" content=\"index, follow, max-snippet:-1, max-image-preview:large, max-video-preview:-1\" \/>\n<link rel=\"canonical\" href=\"https:\/\/hdotrade.com\/es\/producto\/sirman-hand-held-mixer-strain-relief-for-ciclone-vortex\/\" \/>\n<meta property=\"og:locale\" content=\"es_ES\" \/>\n<meta property=\"og:type\" content=\"article\" \/>\n<meta property=\"og:title\" content=\"SIRMAN HAND HELD MIXER STRAIN RELIEF FOR CICLONE\/VORTEX - HDO Global Trade\" \/>\n<meta property=\"og:description\" content=\"SIRMAN HAND HELD MIXER STRAIN RELIEF FOR CICLONE\/VORTEXFOR MACHINE PASSACAVO SEE OUR COMPLETE LINE FOR SIRMAN SPARE PARTS &amp; ACCESSORIES\" \/>\n<meta property=\"og:url\" content=\"https:\/\/hdotrade.com\/es\/producto\/sirman-hand-held-mixer-strain-relief-for-ciclone-vortex\/\" \/>\n<meta property=\"og:site_name\" content=\"HDO Global Trade\" \/>\n<meta property=\"article:modified_time\" content=\"2023-05-25T12:40:22+00:00\" \/>\n<meta property=\"og:image\" content=\"https:\/\/hdotrade.com\/wp-content\/uploads\/2021\/08\/SIRMAN-HAND-HELD-MIXER-STRAIN-RELIEF-FOR-CICLONEVORTEX.png\" \/>\n\t<meta property=\"og:image:width\" content=\"500\" \/>\n\t<meta property=\"og:image:height\" content=\"500\" \/>\n\t<meta property=\"og:image:type\" content=\"image\/png\" \/>\n<meta name=\"twitter:card\" content=\"summary_large_image\" \/>\n<meta name=\"twitter:label1\" content=\"Tiempo de lectura\" \/>\n\t<meta name=\"twitter:data1\" content=\"2 minutos\" \/>\n<script type=\"application\/ld+json\" class=\"yoast-schema-graph\">{\"@context\":\"https:\/\/schema.org\",\"@graph\":[{\"@type\":\"WebPage\",\"@id\":\"https:\/\/hdotrade.com\/product\/sirman-hand-held-mixer-strain-relief-for-ciclone-vortex\/\",\"url\":\"https:\/\/hdotrade.com\/product\/sirman-hand-held-mixer-strain-relief-for-ciclone-vortex\/\",\"name\":\"SIRMAN HAND HELD MIXER STRAIN RELIEF FOR CICLONE\/VORTEX - HDO Global Trade\",\"isPartOf\":{\"@id\":\"https:\/\/hdotrade.com\/#website\"},\"primaryImageOfPage\":{\"@id\":\"https:\/\/hdotrade.com\/product\/sirman-hand-held-mixer-strain-relief-for-ciclone-vortex\/#primaryimage\"},\"image\":{\"@id\":\"https:\/\/hdotrade.com\/product\/sirman-hand-held-mixer-strain-relief-for-ciclone-vortex\/#primaryimage\"},\"thumbnailUrl\":\"https:\/\/hdotrade.com\/wp-content\/uploads\/2021\/08\/SIRMAN-HAND-HELD-MIXER-STRAIN-RELIEF-FOR-CICLONEVORTEX.png\",\"datePublished\":\"2021-08-05T20:07:32+00:00\",\"dateModified\":\"2023-05-25T12:40:22+00:00\",\"description\":\"SIRMAN HAND HELD MIXER STRAIN RELIEF FOR CICLONE\/VORTEXFOR MACHINE PASSACAVO SEE OUR COMPLETE LINE FOR SIRMAN SPARE PARTS & ACCESSORIES\",\"breadcrumb\":{\"@id\":\"https:\/\/hdotrade.com\/product\/sirman-hand-held-mixer-strain-relief-for-ciclone-vortex\/#breadcrumb\"},\"inLanguage\":\"es\",\"potentialAction\":[{\"@type\":\"ReadAction\",\"target\":[\"https:\/\/hdotrade.com\/product\/sirman-hand-held-mixer-strain-relief-for-ciclone-vortex\/\"]}]},{\"@type\":\"ImageObject\",\"inLanguage\":\"es\",\"@id\":\"https:\/\/hdotrade.com\/product\/sirman-hand-held-mixer-strain-relief-for-ciclone-vortex\/#primaryimage\",\"url\":\"https:\/\/hdotrade.com\/wp-content\/uploads\/2021\/08\/SIRMAN-HAND-HELD-MIXER-STRAIN-RELIEF-FOR-CICLONEVORTEX.png\",\"contentUrl\":\"https:\/\/hdotrade.com\/wp-content\/uploads\/2021\/08\/SIRMAN-HAND-HELD-MIXER-STRAIN-RELIEF-FOR-CICLONEVORTEX.png\",\"width\":500,\"height\":500,\"caption\":\"SIRMAN HAND HELD MIXER STRAIN RELIEF FOR CICLONEVORTEX\"},{\"@type\":\"BreadcrumbList\",\"@id\":\"https:\/\/hdotrade.com\/product\/sirman-hand-held-mixer-strain-relief-for-ciclone-vortex\/#breadcrumb\",\"itemListElement\":[{\"@type\":\"ListItem\",\"position\":1,\"name\":\"Home\",\"item\":\"https:\/\/hdotrade.com\/\"},{\"@type\":\"ListItem\",\"position\":2,\"name\":\"Shop\",\"item\":\"https:\/\/hdotrade.com\/shop\/\"},{\"@type\":\"ListItem\",\"position\":3,\"name\":\"SIRMAN HAND HELD MIXER STRAIN RELIEF FOR CICLONE\/VORTEX\"}]},{\"@type\":\"WebSite\",\"@id\":\"https:\/\/hdotrade.com\/#website\",\"url\":\"https:\/\/hdotrade.com\/\",\"name\":\"HDO Global Trade\",\"description\":\"Online store\",\"publisher\":{\"@id\":\"https:\/\/hdotrade.com\/#organization\"},\"potentialAction\":[{\"@type\":\"SearchAction\",\"target\":{\"@type\":\"EntryPoint\",\"urlTemplate\":\"https:\/\/hdotrade.com\/?s={search_term_string}\"},\"query-input\":{\"@type\":\"PropertyValueSpecification\",\"valueRequired\":true,\"valueName\":\"search_term_string\"}}],\"inLanguage\":\"es\"},{\"@type\":\"Organization\",\"@id\":\"https:\/\/hdotrade.com\/#organization\",\"name\":\"HDO Global Trade\",\"url\":\"https:\/\/hdotrade.com\/\",\"logo\":{\"@type\":\"ImageObject\",\"inLanguage\":\"es\",\"@id\":\"https:\/\/hdotrade.com\/#\/schema\/logo\/image\/\",\"url\":\"https:\/\/hdotrade.com\/wp-content\/uploads\/2021\/06\/cropped-cropped-HDO-FINAL-LOGO.png\",\"contentUrl\":\"https:\/\/hdotrade.com\/wp-content\/uploads\/2021\/06\/cropped-cropped-HDO-FINAL-LOGO.png\",\"width\":512,\"height\":511,\"caption\":\"HDO Global Trade\"},\"image\":{\"@id\":\"https:\/\/hdotrade.com\/#\/schema\/logo\/image\/\"}}]}<\/script>\n<!-- \/ Yoast SEO plugin. -->","yoast_head_json":{"title":"SIRMAN HAND HELD MIXER STRAIN RELIEF FOR CICLONE\/VORTEX - HDO Global Trade","description":"SIRMAN HAND HELD MIXER STRAIN RELIEF FOR CICLONE\/VORTEXFOR MACHINE PASSACAVO SEE OUR COMPLETE LINE FOR SIRMAN SPARE PARTS & ACCESSORIES","robots":{"index":"index","follow":"follow","max-snippet":"max-snippet:-1","max-image-preview":"max-image-preview:large","max-video-preview":"max-video-preview:-1"},"canonical":"https:\/\/hdotrade.com\/es\/producto\/sirman-hand-held-mixer-strain-relief-for-ciclone-vortex\/","og_locale":"es_ES","og_type":"article","og_title":"SIRMAN HAND HELD MIXER STRAIN RELIEF FOR CICLONE\/VORTEX - HDO Global Trade","og_description":"SIRMAN HAND HELD MIXER STRAIN RELIEF FOR CICLONE\/VORTEXFOR MACHINE PASSACAVO SEE OUR COMPLETE LINE FOR SIRMAN SPARE PARTS & ACCESSORIES","og_url":"https:\/\/hdotrade.com\/es\/producto\/sirman-hand-held-mixer-strain-relief-for-ciclone-vortex\/","og_site_name":"HDO Global Trade","article_modified_time":"2023-05-25T12:40:22+00:00","og_image":[{"width":500,"height":500,"url":"https:\/\/hdotrade.com\/wp-content\/uploads\/2021\/08\/SIRMAN-HAND-HELD-MIXER-STRAIN-RELIEF-FOR-CICLONEVORTEX.png","type":"image\/png"}],"twitter_card":"summary_large_image","twitter_misc":{"Tiempo de lectura":"2 minutos"},"schema":{"@context":"https:\/\/schema.org","@graph":[{"@type":"WebPage","@id":"https:\/\/hdotrade.com\/product\/sirman-hand-held-mixer-strain-relief-for-ciclone-vortex\/","url":"https:\/\/hdotrade.com\/product\/sirman-hand-held-mixer-strain-relief-for-ciclone-vortex\/","name":"SIRMAN HAND HELD MIXER STRAIN RELIEF FOR CICLONE\/VORTEX - HDO Global Trade","isPartOf":{"@id":"https:\/\/hdotrade.com\/#website"},"primaryImageOfPage":{"@id":"https:\/\/hdotrade.com\/product\/sirman-hand-held-mixer-strain-relief-for-ciclone-vortex\/#primaryimage"},"image":{"@id":"https:\/\/hdotrade.com\/product\/sirman-hand-held-mixer-strain-relief-for-ciclone-vortex\/#primaryimage"},"thumbnailUrl":"https:\/\/hdotrade.com\/wp-content\/uploads\/2021\/08\/SIRMAN-HAND-HELD-MIXER-STRAIN-RELIEF-FOR-CICLONEVORTEX.png","datePublished":"2021-08-05T20:07:32+00:00","dateModified":"2023-05-25T12:40:22+00:00","description":"SIRMAN HAND HELD MIXER STRAIN RELIEF FOR CICLONE\/VORTEXFOR MACHINE PASSACAVO SEE OUR COMPLETE LINE FOR SIRMAN SPARE PARTS & ACCESSORIES","breadcrumb":{"@id":"https:\/\/hdotrade.com\/product\/sirman-hand-held-mixer-strain-relief-for-ciclone-vortex\/#breadcrumb"},"inLanguage":"es","potentialAction":[{"@type":"ReadAction","target":["https:\/\/hdotrade.com\/product\/sirman-hand-held-mixer-strain-relief-for-ciclone-vortex\/"]}]},{"@type":"ImageObject","inLanguage":"es","@id":"https:\/\/hdotrade.com\/product\/sirman-hand-held-mixer-strain-relief-for-ciclone-vortex\/#primaryimage","url":"https:\/\/hdotrade.com\/wp-content\/uploads\/2021\/08\/SIRMAN-HAND-HELD-MIXER-STRAIN-RELIEF-FOR-CICLONEVORTEX.png","contentUrl":"https:\/\/hdotrade.com\/wp-content\/uploads\/2021\/08\/SIRMAN-HAND-HELD-MIXER-STRAIN-RELIEF-FOR-CICLONEVORTEX.png","width":500,"height":500,"caption":"SIRMAN HAND HELD MIXER STRAIN RELIEF FOR CICLONEVORTEX"},{"@type":"BreadcrumbList","@id":"https:\/\/hdotrade.com\/product\/sirman-hand-held-mixer-strain-relief-for-ciclone-vortex\/#breadcrumb","itemListElement":[{"@type":"ListItem","position":1,"name":"Home","item":"https:\/\/hdotrade.com\/"},{"@type":"ListItem","position":2,"name":"Shop","item":"https:\/\/hdotrade.com\/shop\/"},{"@type":"ListItem","position":3,"name":"SIRMAN HAND HELD MIXER STRAIN RELIEF FOR CICLONE\/VORTEX"}]},{"@type":"WebSite","@id":"https:\/\/hdotrade.com\/#website","url":"https:\/\/hdotrade.com\/","name":"HDO Global Trade","description":"Online store","publisher":{"@id":"https:\/\/hdotrade.com\/#organization"},"potentialAction":[{"@type":"SearchAction","target":{"@type":"EntryPoint","urlTemplate":"https:\/\/hdotrade.com\/?s={search_term_string}"},"query-input":{"@type":"PropertyValueSpecification","valueRequired":true,"valueName":"search_term_string"}}],"inLanguage":"es"},{"@type":"Organization","@id":"https:\/\/hdotrade.com\/#organization","name":"HDO Global Trade","url":"https:\/\/hdotrade.com\/","logo":{"@type":"ImageObject","inLanguage":"es","@id":"https:\/\/hdotrade.com\/#\/schema\/logo\/image\/","url":"https:\/\/hdotrade.com\/wp-content\/uploads\/2021\/06\/cropped-cropped-HDO-FINAL-LOGO.png","contentUrl":"https:\/\/hdotrade.com\/wp-content\/uploads\/2021\/06\/cropped-cropped-HDO-FINAL-LOGO.png","width":512,"height":511,"caption":"HDO Global Trade"},"image":{"@id":"https:\/\/hdotrade.com\/#\/schema\/logo\/image\/"}}]}},"_links":{"self":[{"href":"https:\/\/hdotrade.com\/es\/wp-json\/wp\/v2\/product\/5079","targetHints":{"allow":["GET"]}}],"collection":[{"href":"https:\/\/hdotrade.com\/es\/wp-json\/wp\/v2\/product"}],"about":[{"href":"https:\/\/hdotrade.com\/es\/wp-json\/wp\/v2\/types\/product"}],"version-history":[{"count":8,"href":"https:\/\/hdotrade.com\/es\/wp-json\/wp\/v2\/product\/5079\/revisions"}],"predecessor-version":[{"id":18920,"href":"https:\/\/hdotrade.com\/es\/wp-json\/wp\/v2\/product\/5079\/revisions\/18920"}],"wp:featuredmedia":[{"embeddable":true,"href":"https:\/\/hdotrade.com\/es\/wp-json\/wp\/v2\/media\/5086"}],"wp:attachment":[{"href":"https:\/\/hdotrade.com\/es\/wp-json\/wp\/v2\/media?parent=5079"}],"wp:term":[{"taxonomy":"product_cat","embeddable":true,"href":"https:\/\/hdotrade.com\/es\/wp-json\/wp\/v2\/product_cat?post=5079"},{"taxonomy":"product_tag","embeddable":true,"href":"https:\/\/hdotrade.com\/es\/wp-json\/wp\/v2\/product_tag?post=5079"}],"curies":[{"name":"wp","href":"https:\/\/api.w.org\/{rel}","templated":true}]}}