{"id":8240,"date":"2021-09-25T19:36:36","date_gmt":"2021-09-25T19:36:36","guid":{"rendered":"http:\/\/hdotrade.com\/?post_type=product&#038;p=8240"},"modified":"2023-04-18T10:49:08","modified_gmt":"2023-04-18T10:49:08","slug":"sammic-vegetable-preparation-lever-set-ca-301","status":"publish","type":"product","link":"https:\/\/hdotrade.com\/es\/producto\/sammic-vegetable-preparation-lever-set-ca-301\/","title":{"rendered":"JUEGO DE PALANCA DE PREPARACI\u00d3N VEGETAL SAMMIC CA-301"},"content":{"rendered":"<p>PARA EL MODELO DE M\u00c1QUINA DE PREPARACI\u00d3N VEGETAL SAMMIC CK-301\/311\/302\/312,CA-301 ,CA-301VV, CA-311VV<\/p>\n<p>CK-301\/311\/302\/312 , CA301,\u00a0 CA31,\u00a0 CA311 ,<\/p>\n<p>SAMMIC ALAVANCA DA MAQUINA DE PREPARA\u00c7\u00c3O VEGETAL SET CA-301<\/p>","protected":false},"excerpt":{"rendered":"<p>FOR SAMMIC VEGETABLE PREPARATION MACHINE MODEL CK-301\/311\/302\/312 , CA301,\u00a0 CA31,\u00a0 CA311 , SAMMIC ALAVANCA DA MAQUINA DE PREPARA\u00c7\u00c3O VEGETAL SET CA-301<\/p>","protected":false},"featured_media":8245,"template":"","meta":[],"product_cat":[142],"product_tag":[],"class_list":{"0":"post-8240","1":"product","2":"type-product","3":"status-publish","4":"has-post-thumbnail","6":"product_cat-sammic","8":"first","9":"outofstock","10":"taxable","11":"shipping-taxable","12":"purchasable","13":"product-type-simple"},"acf":[],"yoast_head":"<!-- This site is optimized with the Yoast SEO plugin v24.1 - https:\/\/yoast.com\/wordpress\/plugins\/seo\/ -->\n<title>SAMMIC VEGETABLE PREPARATION LEVER SET CA-301 - HDO Global Trade<\/title>\n<meta name=\"description\" content=\"SAMMIC VEGETABLE PREPARATION MACHINE LEVER SET CA-301 SEE OUR COMPLETE LINE FOR SAMMIC SPARE PARTS &amp; ACCESSORIES\" \/>\n<meta name=\"robots\" content=\"index, follow, max-snippet:-1, max-image-preview:large, max-video-preview:-1\" \/>\n<link rel=\"canonical\" href=\"https:\/\/hdotrade.com\/es\/producto\/sammic-vegetable-preparation-lever-set-ca-301\/\" \/>\n<meta property=\"og:locale\" content=\"es_ES\" \/>\n<meta property=\"og:type\" content=\"article\" \/>\n<meta property=\"og:title\" content=\"SAMMIC VEGETABLE PREPARATION LEVER SET CA-301 - HDO Global Trade\" \/>\n<meta property=\"og:description\" content=\"SAMMIC VEGETABLE PREPARATION MACHINE LEVER SET CA-301 SEE OUR COMPLETE LINE FOR SAMMIC SPARE PARTS &amp; ACCESSORIES\" \/>\n<meta property=\"og:url\" content=\"https:\/\/hdotrade.com\/es\/producto\/sammic-vegetable-preparation-lever-set-ca-301\/\" \/>\n<meta property=\"og:site_name\" content=\"HDO Global Trade\" \/>\n<meta property=\"article:modified_time\" content=\"2023-04-18T10:49:08+00:00\" \/>\n<meta property=\"og:image\" content=\"https:\/\/hdotrade.com\/wp-content\/uploads\/2021\/09\/SAMMIC-VEGETABLE-PREPARATION-LEVER-SET-CA-301-1.png\" \/>\n\t<meta property=\"og:image:width\" content=\"500\" \/>\n\t<meta property=\"og:image:height\" content=\"500\" \/>\n\t<meta property=\"og:image:type\" content=\"image\/png\" \/>\n<meta name=\"twitter:card\" content=\"summary_large_image\" \/>\n<meta name=\"twitter:label1\" content=\"Tiempo de lectura\" \/>\n\t<meta name=\"twitter:data1\" content=\"1 minuto\" \/>\n<script type=\"application\/ld+json\" class=\"yoast-schema-graph\">{\"@context\":\"https:\/\/schema.org\",\"@graph\":[{\"@type\":\"WebPage\",\"@id\":\"https:\/\/hdotrade.com\/product\/sammic-vegetable-preparation-lever-set-ca-301\/\",\"url\":\"https:\/\/hdotrade.com\/product\/sammic-vegetable-preparation-lever-set-ca-301\/\",\"name\":\"SAMMIC VEGETABLE PREPARATION LEVER SET CA-301 - HDO Global Trade\",\"isPartOf\":{\"@id\":\"https:\/\/hdotrade.com\/#website\"},\"primaryImageOfPage\":{\"@id\":\"https:\/\/hdotrade.com\/product\/sammic-vegetable-preparation-lever-set-ca-301\/#primaryimage\"},\"image\":{\"@id\":\"https:\/\/hdotrade.com\/product\/sammic-vegetable-preparation-lever-set-ca-301\/#primaryimage\"},\"thumbnailUrl\":\"https:\/\/hdotrade.com\/wp-content\/uploads\/2021\/09\/SAMMIC-VEGETABLE-PREPARATION-LEVER-SET-CA-301-1.png\",\"datePublished\":\"2021-09-25T19:36:36+00:00\",\"dateModified\":\"2023-04-18T10:49:08+00:00\",\"description\":\"SAMMIC VEGETABLE PREPARATION MACHINE LEVER SET CA-301 SEE OUR COMPLETE LINE FOR SAMMIC SPARE PARTS & ACCESSORIES\",\"breadcrumb\":{\"@id\":\"https:\/\/hdotrade.com\/product\/sammic-vegetable-preparation-lever-set-ca-301\/#breadcrumb\"},\"inLanguage\":\"es\",\"potentialAction\":[{\"@type\":\"ReadAction\",\"target\":[\"https:\/\/hdotrade.com\/product\/sammic-vegetable-preparation-lever-set-ca-301\/\"]}]},{\"@type\":\"ImageObject\",\"inLanguage\":\"es\",\"@id\":\"https:\/\/hdotrade.com\/product\/sammic-vegetable-preparation-lever-set-ca-301\/#primaryimage\",\"url\":\"https:\/\/hdotrade.com\/wp-content\/uploads\/2021\/09\/SAMMIC-VEGETABLE-PREPARATION-LEVER-SET-CA-301-1.png\",\"contentUrl\":\"https:\/\/hdotrade.com\/wp-content\/uploads\/2021\/09\/SAMMIC-VEGETABLE-PREPARATION-LEVER-SET-CA-301-1.png\",\"width\":500,\"height\":500,\"caption\":\"SAMMIC VEGETABLE PREPARATION LEVER SET CA-301 (1)\"},{\"@type\":\"BreadcrumbList\",\"@id\":\"https:\/\/hdotrade.com\/product\/sammic-vegetable-preparation-lever-set-ca-301\/#breadcrumb\",\"itemListElement\":[{\"@type\":\"ListItem\",\"position\":1,\"name\":\"Home\",\"item\":\"https:\/\/hdotrade.com\/\"},{\"@type\":\"ListItem\",\"position\":2,\"name\":\"Shop\",\"item\":\"https:\/\/hdotrade.com\/shop\/\"},{\"@type\":\"ListItem\",\"position\":3,\"name\":\"SAMMIC VEGETABLE PREPARATION LEVER SET CA-301\"}]},{\"@type\":\"WebSite\",\"@id\":\"https:\/\/hdotrade.com\/#website\",\"url\":\"https:\/\/hdotrade.com\/\",\"name\":\"HDO Global Trade\",\"description\":\"Online store\",\"publisher\":{\"@id\":\"https:\/\/hdotrade.com\/#organization\"},\"potentialAction\":[{\"@type\":\"SearchAction\",\"target\":{\"@type\":\"EntryPoint\",\"urlTemplate\":\"https:\/\/hdotrade.com\/?s={search_term_string}\"},\"query-input\":{\"@type\":\"PropertyValueSpecification\",\"valueRequired\":true,\"valueName\":\"search_term_string\"}}],\"inLanguage\":\"es\"},{\"@type\":\"Organization\",\"@id\":\"https:\/\/hdotrade.com\/#organization\",\"name\":\"HDO Global Trade\",\"url\":\"https:\/\/hdotrade.com\/\",\"logo\":{\"@type\":\"ImageObject\",\"inLanguage\":\"es\",\"@id\":\"https:\/\/hdotrade.com\/#\/schema\/logo\/image\/\",\"url\":\"https:\/\/hdotrade.com\/wp-content\/uploads\/2021\/06\/cropped-cropped-HDO-FINAL-LOGO.png\",\"contentUrl\":\"https:\/\/hdotrade.com\/wp-content\/uploads\/2021\/06\/cropped-cropped-HDO-FINAL-LOGO.png\",\"width\":512,\"height\":511,\"caption\":\"HDO Global Trade\"},\"image\":{\"@id\":\"https:\/\/hdotrade.com\/#\/schema\/logo\/image\/\"}}]}<\/script>\n<!-- \/ Yoast SEO plugin. -->","yoast_head_json":{"title":"SAMMIC VEGETABLE PREPARATION LEVER SET CA-301 - HDO Global Trade","description":"SAMMIC VEGETABLE PREPARATION MACHINE LEVER SET CA-301 SEE OUR COMPLETE LINE FOR SAMMIC SPARE PARTS & ACCESSORIES","robots":{"index":"index","follow":"follow","max-snippet":"max-snippet:-1","max-image-preview":"max-image-preview:large","max-video-preview":"max-video-preview:-1"},"canonical":"https:\/\/hdotrade.com\/es\/producto\/sammic-vegetable-preparation-lever-set-ca-301\/","og_locale":"es_ES","og_type":"article","og_title":"SAMMIC VEGETABLE PREPARATION LEVER SET CA-301 - HDO Global Trade","og_description":"SAMMIC VEGETABLE PREPARATION MACHINE LEVER SET CA-301 SEE OUR COMPLETE LINE FOR SAMMIC SPARE PARTS & ACCESSORIES","og_url":"https:\/\/hdotrade.com\/es\/producto\/sammic-vegetable-preparation-lever-set-ca-301\/","og_site_name":"HDO Global Trade","article_modified_time":"2023-04-18T10:49:08+00:00","og_image":[{"width":500,"height":500,"url":"https:\/\/hdotrade.com\/wp-content\/uploads\/2021\/09\/SAMMIC-VEGETABLE-PREPARATION-LEVER-SET-CA-301-1.png","type":"image\/png"}],"twitter_card":"summary_large_image","twitter_misc":{"Tiempo de lectura":"1 minuto"},"schema":{"@context":"https:\/\/schema.org","@graph":[{"@type":"WebPage","@id":"https:\/\/hdotrade.com\/product\/sammic-vegetable-preparation-lever-set-ca-301\/","url":"https:\/\/hdotrade.com\/product\/sammic-vegetable-preparation-lever-set-ca-301\/","name":"SAMMIC VEGETABLE PREPARATION LEVER SET CA-301 - HDO Global Trade","isPartOf":{"@id":"https:\/\/hdotrade.com\/#website"},"primaryImageOfPage":{"@id":"https:\/\/hdotrade.com\/product\/sammic-vegetable-preparation-lever-set-ca-301\/#primaryimage"},"image":{"@id":"https:\/\/hdotrade.com\/product\/sammic-vegetable-preparation-lever-set-ca-301\/#primaryimage"},"thumbnailUrl":"https:\/\/hdotrade.com\/wp-content\/uploads\/2021\/09\/SAMMIC-VEGETABLE-PREPARATION-LEVER-SET-CA-301-1.png","datePublished":"2021-09-25T19:36:36+00:00","dateModified":"2023-04-18T10:49:08+00:00","description":"SAMMIC VEGETABLE PREPARATION MACHINE LEVER SET CA-301 SEE OUR COMPLETE LINE FOR SAMMIC SPARE PARTS & ACCESSORIES","breadcrumb":{"@id":"https:\/\/hdotrade.com\/product\/sammic-vegetable-preparation-lever-set-ca-301\/#breadcrumb"},"inLanguage":"es","potentialAction":[{"@type":"ReadAction","target":["https:\/\/hdotrade.com\/product\/sammic-vegetable-preparation-lever-set-ca-301\/"]}]},{"@type":"ImageObject","inLanguage":"es","@id":"https:\/\/hdotrade.com\/product\/sammic-vegetable-preparation-lever-set-ca-301\/#primaryimage","url":"https:\/\/hdotrade.com\/wp-content\/uploads\/2021\/09\/SAMMIC-VEGETABLE-PREPARATION-LEVER-SET-CA-301-1.png","contentUrl":"https:\/\/hdotrade.com\/wp-content\/uploads\/2021\/09\/SAMMIC-VEGETABLE-PREPARATION-LEVER-SET-CA-301-1.png","width":500,"height":500,"caption":"SAMMIC VEGETABLE PREPARATION LEVER SET CA-301 (1)"},{"@type":"BreadcrumbList","@id":"https:\/\/hdotrade.com\/product\/sammic-vegetable-preparation-lever-set-ca-301\/#breadcrumb","itemListElement":[{"@type":"ListItem","position":1,"name":"Home","item":"https:\/\/hdotrade.com\/"},{"@type":"ListItem","position":2,"name":"Shop","item":"https:\/\/hdotrade.com\/shop\/"},{"@type":"ListItem","position":3,"name":"SAMMIC VEGETABLE PREPARATION LEVER SET CA-301"}]},{"@type":"WebSite","@id":"https:\/\/hdotrade.com\/#website","url":"https:\/\/hdotrade.com\/","name":"HDO Global Trade","description":"Online store","publisher":{"@id":"https:\/\/hdotrade.com\/#organization"},"potentialAction":[{"@type":"SearchAction","target":{"@type":"EntryPoint","urlTemplate":"https:\/\/hdotrade.com\/?s={search_term_string}"},"query-input":{"@type":"PropertyValueSpecification","valueRequired":true,"valueName":"search_term_string"}}],"inLanguage":"es"},{"@type":"Organization","@id":"https:\/\/hdotrade.com\/#organization","name":"HDO Global Trade","url":"https:\/\/hdotrade.com\/","logo":{"@type":"ImageObject","inLanguage":"es","@id":"https:\/\/hdotrade.com\/#\/schema\/logo\/image\/","url":"https:\/\/hdotrade.com\/wp-content\/uploads\/2021\/06\/cropped-cropped-HDO-FINAL-LOGO.png","contentUrl":"https:\/\/hdotrade.com\/wp-content\/uploads\/2021\/06\/cropped-cropped-HDO-FINAL-LOGO.png","width":512,"height":511,"caption":"HDO Global Trade"},"image":{"@id":"https:\/\/hdotrade.com\/#\/schema\/logo\/image\/"}}]}},"_links":{"self":[{"href":"https:\/\/hdotrade.com\/es\/wp-json\/wp\/v2\/product\/8240","targetHints":{"allow":["GET"]}}],"collection":[{"href":"https:\/\/hdotrade.com\/es\/wp-json\/wp\/v2\/product"}],"about":[{"href":"https:\/\/hdotrade.com\/es\/wp-json\/wp\/v2\/types\/product"}],"version-history":[{"count":6,"href":"https:\/\/hdotrade.com\/es\/wp-json\/wp\/v2\/product\/8240\/revisions"}],"predecessor-version":[{"id":18320,"href":"https:\/\/hdotrade.com\/es\/wp-json\/wp\/v2\/product\/8240\/revisions\/18320"}],"wp:featuredmedia":[{"embeddable":true,"href":"https:\/\/hdotrade.com\/es\/wp-json\/wp\/v2\/media\/8245"}],"wp:attachment":[{"href":"https:\/\/hdotrade.com\/es\/wp-json\/wp\/v2\/media?parent=8240"}],"wp:term":[{"taxonomy":"product_cat","embeddable":true,"href":"https:\/\/hdotrade.com\/es\/wp-json\/wp\/v2\/product_cat?post=8240"},{"taxonomy":"product_tag","embeddable":true,"href":"https:\/\/hdotrade.com\/es\/wp-json\/wp\/v2\/product_tag?post=8240"}],"curies":[{"name":"wp","href":"https:\/\/api.w.org\/{rel}","templated":true}]}}