{"id":12122,"date":"2021-01-03T18:05:57","date_gmt":"2021-01-03T18:05:57","guid":{"rendered":"http:\/\/hdotrade.com\/?post_type=product&#038;p=12122"},"modified":"2025-04-05T17:51:24","modified_gmt":"2025-04-05T17:51:24","slug":"robot-coupe-immersion-blender-whip-mp-combi","status":"publish","type":"product","link":"https:\/\/hdotrade.com\/fr\/produit\/robot-coupe-immersion-blender-whip-mp-combi\/","title":{"rendered":"ROBOT-COUP\u00c9 M\u00c9LANGEUR \u00c0 IMMERSION WHIP MP COMBI"},"content":{"rendered":"<p>POUR ROBOT COUP\u00c9 M\u00c9LANGEUR \u00c0 IMMERSION<\/p>\n<p>MP350 COMBI ULTRA<\/p>\n<p>MP450 COMBI ULTRA<\/p>\n<p>MP450FW ULTRA<\/p>\n<p>ROBOT COUPE MISTURADOR DE IMERS\u00c3O WHIP MP COMBI<\/p>","protected":false},"excerpt":{"rendered":"<p>FOR ROBOT COUPE IMMERSION BLENDER MP350 COMBI ULTRA MP450 COMBI ULTRA MP450FW ULTRA ROBOT COUPE MISTURADOR DE IMERS\u00c3O WHIP MP COMBI<\/p>","protected":false},"featured_media":12226,"template":"","meta":[],"product_cat":[165,187],"product_tag":[],"class_list":{"0":"post-12122","1":"product","2":"type-product","3":"status-publish","4":"has-post-thumbnail","6":"product_cat-robot-coupe","7":"product_cat-stick-blenders-robot-coupe","9":"first","10":"instock","11":"taxable","12":"shipping-taxable","13":"purchasable","14":"product-type-simple"},"acf":[],"yoast_head":"<!-- This site is optimized with the Yoast SEO plugin v24.1 - https:\/\/yoast.com\/wordpress\/plugins\/seo\/ -->\n<title>ROBOT-COUPE IMMERSION BLENDER WHIP MP COMBI - HDO Global Trade<\/title>\n<meta name=\"description\" content=\"ROBOT-COUPE IMMERSION BLENDER WHIP MP COMBI FOR ROBOT COUPE IMMERSION BLENDER MP350 COMBI ULTRA MP450 COMBI ULTRA MP450FW ULTRA\" \/>\n<meta name=\"robots\" content=\"index, follow, max-snippet:-1, max-image-preview:large, max-video-preview:-1\" \/>\n<link rel=\"canonical\" href=\"https:\/\/hdotrade.com\/fr\/produit\/robot-coupe-immersion-blender-whip-mp-combi\/\" \/>\n<meta property=\"og:locale\" content=\"fr_FR\" \/>\n<meta property=\"og:type\" content=\"article\" \/>\n<meta property=\"og:title\" content=\"ROBOT-COUPE IMMERSION BLENDER WHIP MP COMBI - HDO Global Trade\" \/>\n<meta property=\"og:description\" content=\"ROBOT-COUPE IMMERSION BLENDER WHIP MP COMBI FOR ROBOT COUPE IMMERSION BLENDER MP350 COMBI ULTRA MP450 COMBI ULTRA MP450FW ULTRA\" \/>\n<meta property=\"og:url\" content=\"https:\/\/hdotrade.com\/fr\/produit\/robot-coupe-immersion-blender-whip-mp-combi\/\" \/>\n<meta property=\"og:site_name\" content=\"HDO Global Trade\" \/>\n<meta property=\"article:modified_time\" content=\"2025-04-05T17:51:24+00:00\" \/>\n<meta property=\"og:image\" content=\"https:\/\/hdotrade.com\/wp-content\/uploads\/2022\/03\/ROBOT-COUPE-IMMERSION-BLENDER-WHIP-MP-COMBI.png\" \/>\n\t<meta property=\"og:image:width\" content=\"500\" \/>\n\t<meta property=\"og:image:height\" content=\"500\" \/>\n\t<meta property=\"og:image:type\" content=\"image\/png\" \/>\n<meta name=\"twitter:card\" content=\"summary_large_image\" \/>\n<meta name=\"twitter:label1\" content=\"Dur\u00e9e de lecture estim\u00e9e\" \/>\n\t<meta name=\"twitter:data1\" content=\"1 minute\" \/>\n<script type=\"application\/ld+json\" class=\"yoast-schema-graph\">{\"@context\":\"https:\/\/schema.org\",\"@graph\":[{\"@type\":\"WebPage\",\"@id\":\"https:\/\/hdotrade.com\/product\/robot-coupe-immersion-blender-whip-mp-combi\/\",\"url\":\"https:\/\/hdotrade.com\/product\/robot-coupe-immersion-blender-whip-mp-combi\/\",\"name\":\"ROBOT-COUPE IMMERSION BLENDER WHIP MP COMBI - HDO Global Trade\",\"isPartOf\":{\"@id\":\"https:\/\/hdotrade.com\/#website\"},\"primaryImageOfPage\":{\"@id\":\"https:\/\/hdotrade.com\/product\/robot-coupe-immersion-blender-whip-mp-combi\/#primaryimage\"},\"image\":{\"@id\":\"https:\/\/hdotrade.com\/product\/robot-coupe-immersion-blender-whip-mp-combi\/#primaryimage\"},\"thumbnailUrl\":\"https:\/\/hdotrade.com\/wp-content\/uploads\/2022\/03\/ROBOT-COUPE-IMMERSION-BLENDER-WHIP-MP-COMBI.png\",\"datePublished\":\"2021-01-03T18:05:57+00:00\",\"dateModified\":\"2025-04-05T17:51:24+00:00\",\"description\":\"ROBOT-COUPE IMMERSION BLENDER WHIP MP COMBI FOR ROBOT COUPE IMMERSION BLENDER MP350 COMBI ULTRA MP450 COMBI ULTRA MP450FW ULTRA\",\"breadcrumb\":{\"@id\":\"https:\/\/hdotrade.com\/product\/robot-coupe-immersion-blender-whip-mp-combi\/#breadcrumb\"},\"inLanguage\":\"fr-FR\",\"potentialAction\":[{\"@type\":\"ReadAction\",\"target\":[\"https:\/\/hdotrade.com\/product\/robot-coupe-immersion-blender-whip-mp-combi\/\"]}]},{\"@type\":\"ImageObject\",\"inLanguage\":\"fr-FR\",\"@id\":\"https:\/\/hdotrade.com\/product\/robot-coupe-immersion-blender-whip-mp-combi\/#primaryimage\",\"url\":\"https:\/\/hdotrade.com\/wp-content\/uploads\/2022\/03\/ROBOT-COUPE-IMMERSION-BLENDER-WHIP-MP-COMBI.png\",\"contentUrl\":\"https:\/\/hdotrade.com\/wp-content\/uploads\/2022\/03\/ROBOT-COUPE-IMMERSION-BLENDER-WHIP-MP-COMBI.png\",\"width\":500,\"height\":500,\"caption\":\"ROBOT COUPE IMMERSION BLENDER WHIP MP COMBI 27210\"},{\"@type\":\"BreadcrumbList\",\"@id\":\"https:\/\/hdotrade.com\/product\/robot-coupe-immersion-blender-whip-mp-combi\/#breadcrumb\",\"itemListElement\":[{\"@type\":\"ListItem\",\"position\":1,\"name\":\"Home\",\"item\":\"https:\/\/hdotrade.com\/\"},{\"@type\":\"ListItem\",\"position\":2,\"name\":\"Shop\",\"item\":\"https:\/\/hdotrade.com\/shop\/\"},{\"@type\":\"ListItem\",\"position\":3,\"name\":\"ROBOT-COUPE IMMERSION BLENDER WHIP MP COMBI\"}]},{\"@type\":\"WebSite\",\"@id\":\"https:\/\/hdotrade.com\/#website\",\"url\":\"https:\/\/hdotrade.com\/\",\"name\":\"HDO Global Trade\",\"description\":\"Online store\",\"publisher\":{\"@id\":\"https:\/\/hdotrade.com\/#organization\"},\"potentialAction\":[{\"@type\":\"SearchAction\",\"target\":{\"@type\":\"EntryPoint\",\"urlTemplate\":\"https:\/\/hdotrade.com\/?s={search_term_string}\"},\"query-input\":{\"@type\":\"PropertyValueSpecification\",\"valueRequired\":true,\"valueName\":\"search_term_string\"}}],\"inLanguage\":\"fr-FR\"},{\"@type\":\"Organization\",\"@id\":\"https:\/\/hdotrade.com\/#organization\",\"name\":\"HDO Global Trade\",\"url\":\"https:\/\/hdotrade.com\/\",\"logo\":{\"@type\":\"ImageObject\",\"inLanguage\":\"fr-FR\",\"@id\":\"https:\/\/hdotrade.com\/#\/schema\/logo\/image\/\",\"url\":\"https:\/\/hdotrade.com\/wp-content\/uploads\/2021\/06\/cropped-cropped-HDO-FINAL-LOGO.png\",\"contentUrl\":\"https:\/\/hdotrade.com\/wp-content\/uploads\/2021\/06\/cropped-cropped-HDO-FINAL-LOGO.png\",\"width\":512,\"height\":511,\"caption\":\"HDO Global Trade\"},\"image\":{\"@id\":\"https:\/\/hdotrade.com\/#\/schema\/logo\/image\/\"}}]}<\/script>\n<!-- \/ Yoast SEO plugin. -->","yoast_head_json":{"title":"ROBOT-COUPE IMMERSION BLENDER WHIP MP COMBI - HDO Global Trade","description":"ROBOT-COUPE IMMERSION BLENDER WHIP MP COMBI FOR ROBOT COUPE IMMERSION BLENDER MP350 COMBI ULTRA MP450 COMBI ULTRA MP450FW ULTRA","robots":{"index":"index","follow":"follow","max-snippet":"max-snippet:-1","max-image-preview":"max-image-preview:large","max-video-preview":"max-video-preview:-1"},"canonical":"https:\/\/hdotrade.com\/fr\/produit\/robot-coupe-immersion-blender-whip-mp-combi\/","og_locale":"fr_FR","og_type":"article","og_title":"ROBOT-COUPE IMMERSION BLENDER WHIP MP COMBI - HDO Global Trade","og_description":"ROBOT-COUPE IMMERSION BLENDER WHIP MP COMBI FOR ROBOT COUPE IMMERSION BLENDER MP350 COMBI ULTRA MP450 COMBI ULTRA MP450FW ULTRA","og_url":"https:\/\/hdotrade.com\/fr\/produit\/robot-coupe-immersion-blender-whip-mp-combi\/","og_site_name":"HDO Global Trade","article_modified_time":"2025-04-05T17:51:24+00:00","og_image":[{"width":500,"height":500,"url":"https:\/\/hdotrade.com\/wp-content\/uploads\/2022\/03\/ROBOT-COUPE-IMMERSION-BLENDER-WHIP-MP-COMBI.png","type":"image\/png"}],"twitter_card":"summary_large_image","twitter_misc":{"Dur\u00e9e de lecture estim\u00e9e":"1 minute"},"schema":{"@context":"https:\/\/schema.org","@graph":[{"@type":"WebPage","@id":"https:\/\/hdotrade.com\/product\/robot-coupe-immersion-blender-whip-mp-combi\/","url":"https:\/\/hdotrade.com\/product\/robot-coupe-immersion-blender-whip-mp-combi\/","name":"ROBOT-COUPE IMMERSION BLENDER WHIP MP COMBI - HDO Global Trade","isPartOf":{"@id":"https:\/\/hdotrade.com\/#website"},"primaryImageOfPage":{"@id":"https:\/\/hdotrade.com\/product\/robot-coupe-immersion-blender-whip-mp-combi\/#primaryimage"},"image":{"@id":"https:\/\/hdotrade.com\/product\/robot-coupe-immersion-blender-whip-mp-combi\/#primaryimage"},"thumbnailUrl":"https:\/\/hdotrade.com\/wp-content\/uploads\/2022\/03\/ROBOT-COUPE-IMMERSION-BLENDER-WHIP-MP-COMBI.png","datePublished":"2021-01-03T18:05:57+00:00","dateModified":"2025-04-05T17:51:24+00:00","description":"ROBOT-COUPE IMMERSION BLENDER WHIP MP COMBI FOR ROBOT COUPE IMMERSION BLENDER MP350 COMBI ULTRA MP450 COMBI ULTRA MP450FW ULTRA","breadcrumb":{"@id":"https:\/\/hdotrade.com\/product\/robot-coupe-immersion-blender-whip-mp-combi\/#breadcrumb"},"inLanguage":"fr-FR","potentialAction":[{"@type":"ReadAction","target":["https:\/\/hdotrade.com\/product\/robot-coupe-immersion-blender-whip-mp-combi\/"]}]},{"@type":"ImageObject","inLanguage":"fr-FR","@id":"https:\/\/hdotrade.com\/product\/robot-coupe-immersion-blender-whip-mp-combi\/#primaryimage","url":"https:\/\/hdotrade.com\/wp-content\/uploads\/2022\/03\/ROBOT-COUPE-IMMERSION-BLENDER-WHIP-MP-COMBI.png","contentUrl":"https:\/\/hdotrade.com\/wp-content\/uploads\/2022\/03\/ROBOT-COUPE-IMMERSION-BLENDER-WHIP-MP-COMBI.png","width":500,"height":500,"caption":"ROBOT COUPE IMMERSION BLENDER WHIP MP COMBI 27210"},{"@type":"BreadcrumbList","@id":"https:\/\/hdotrade.com\/product\/robot-coupe-immersion-blender-whip-mp-combi\/#breadcrumb","itemListElement":[{"@type":"ListItem","position":1,"name":"Home","item":"https:\/\/hdotrade.com\/"},{"@type":"ListItem","position":2,"name":"Shop","item":"https:\/\/hdotrade.com\/shop\/"},{"@type":"ListItem","position":3,"name":"ROBOT-COUPE IMMERSION BLENDER WHIP MP COMBI"}]},{"@type":"WebSite","@id":"https:\/\/hdotrade.com\/#website","url":"https:\/\/hdotrade.com\/","name":"HDO Global Trade","description":"Online store","publisher":{"@id":"https:\/\/hdotrade.com\/#organization"},"potentialAction":[{"@type":"SearchAction","target":{"@type":"EntryPoint","urlTemplate":"https:\/\/hdotrade.com\/?s={search_term_string}"},"query-input":{"@type":"PropertyValueSpecification","valueRequired":true,"valueName":"search_term_string"}}],"inLanguage":"fr-FR"},{"@type":"Organization","@id":"https:\/\/hdotrade.com\/#organization","name":"HDO Global Trade","url":"https:\/\/hdotrade.com\/","logo":{"@type":"ImageObject","inLanguage":"fr-FR","@id":"https:\/\/hdotrade.com\/#\/schema\/logo\/image\/","url":"https:\/\/hdotrade.com\/wp-content\/uploads\/2021\/06\/cropped-cropped-HDO-FINAL-LOGO.png","contentUrl":"https:\/\/hdotrade.com\/wp-content\/uploads\/2021\/06\/cropped-cropped-HDO-FINAL-LOGO.png","width":512,"height":511,"caption":"HDO Global Trade"},"image":{"@id":"https:\/\/hdotrade.com\/#\/schema\/logo\/image\/"}}]}},"_links":{"self":[{"href":"https:\/\/hdotrade.com\/fr\/wp-json\/wp\/v2\/product\/12122","targetHints":{"allow":["GET"]}}],"collection":[{"href":"https:\/\/hdotrade.com\/fr\/wp-json\/wp\/v2\/product"}],"about":[{"href":"https:\/\/hdotrade.com\/fr\/wp-json\/wp\/v2\/types\/product"}],"version-history":[{"count":7,"href":"https:\/\/hdotrade.com\/fr\/wp-json\/wp\/v2\/product\/12122\/revisions"}],"predecessor-version":[{"id":17799,"href":"https:\/\/hdotrade.com\/fr\/wp-json\/wp\/v2\/product\/12122\/revisions\/17799"}],"wp:featuredmedia":[{"embeddable":true,"href":"https:\/\/hdotrade.com\/fr\/wp-json\/wp\/v2\/media\/12226"}],"wp:attachment":[{"href":"https:\/\/hdotrade.com\/fr\/wp-json\/wp\/v2\/media?parent=12122"}],"wp:term":[{"taxonomy":"product_cat","embeddable":true,"href":"https:\/\/hdotrade.com\/fr\/wp-json\/wp\/v2\/product_cat?post=12122"},{"taxonomy":"product_tag","embeddable":true,"href":"https:\/\/hdotrade.com\/fr\/wp-json\/wp\/v2\/product_tag?post=12122"}],"curies":[{"name":"wp","href":"https:\/\/api.w.org\/{rel}","templated":true}]}}