{"id":12130,"date":"2021-03-03T18:28:51","date_gmt":"2021-03-03T18:28:51","guid":{"rendered":"http:\/\/hdotrade.com\/?post_type=product&#038;p=12130"},"modified":"2023-02-23T13:52:03","modified_gmt":"2023-02-23T13:52:03","slug":"robot-coupe-complete-reinforced-stainless-steel-bell-cover","status":"publish","type":"product","link":"https:\/\/hdotrade.com\/fr\/produit\/robot-coupe-complete-reinforced-stainless-steel-bell-cover\/","title":{"rendered":"ROBOT-COUP\u00c9 COUVERCLE DE CLOCHE EN ACIER INOXYDABLE RENFORC\u00c9 COMPLET"},"content":{"rendered":"<p>POUR ROBOT COUP\u00c9 STICK BLENDER \u2013 MP800 TURBO C<\/p>\n<p>ROBOT COUPE TAMPA COMPLETA DA CAMP\u00c2NULA EM A\u00c7O INOXID\u00c1VEL REFOR\u00c7ADO<\/p>","protected":false},"excerpt":{"rendered":"<p>FOR ROBOT COUPE STICK BLENDER &#8211; MP800 TURBO C ROBOT COUPE TAMPA COMPLETA DA CAMP\u00c2NULA EM A\u00c7O INOXID\u00c1VEL REFOR\u00c7ADO<\/p>","protected":false},"featured_media":12230,"template":"","meta":[],"product_cat":[165,187],"product_tag":[],"class_list":{"0":"post-12130","1":"product","2":"type-product","3":"status-publish","4":"has-post-thumbnail","6":"product_cat-robot-coupe","7":"product_cat-stick-blenders-robot-coupe","9":"first","10":"instock","11":"taxable","12":"shipping-taxable","13":"purchasable","14":"product-type-simple"},"acf":[],"yoast_head":"<!-- This site is optimized with the Yoast SEO plugin v24.1 - https:\/\/yoast.com\/wordpress\/plugins\/seo\/ -->\n<title>ROBOT-COUPE COMPLETE REINFORCED STAINLESS STEEL BELL COVER - HDO Global Trade<\/title>\n<meta name=\"description\" content=\"ROBOT COUPE 89241 COMPLETE REINFORCED STAINLESS STEEL BELL COVER FOR ROBOT COUPE STICK BLENDER - MP800 TURBO C\" \/>\n<meta name=\"robots\" content=\"index, follow, max-snippet:-1, max-image-preview:large, max-video-preview:-1\" \/>\n<link rel=\"canonical\" href=\"https:\/\/hdotrade.com\/fr\/produit\/robot-coupe-complete-reinforced-stainless-steel-bell-cover\/\" \/>\n<meta property=\"og:locale\" content=\"fr_FR\" \/>\n<meta property=\"og:type\" content=\"article\" \/>\n<meta property=\"og:title\" content=\"ROBOT-COUPE COMPLETE REINFORCED STAINLESS STEEL BELL COVER - HDO Global Trade\" \/>\n<meta property=\"og:description\" content=\"ROBOT COUPE 89241 COMPLETE REINFORCED STAINLESS STEEL BELL COVER FOR ROBOT COUPE STICK BLENDER - MP800 TURBO C\" \/>\n<meta property=\"og:url\" content=\"https:\/\/hdotrade.com\/fr\/produit\/robot-coupe-complete-reinforced-stainless-steel-bell-cover\/\" \/>\n<meta property=\"og:site_name\" content=\"HDO Global Trade\" \/>\n<meta property=\"article:modified_time\" content=\"2023-02-23T13:52:03+00:00\" \/>\n<meta property=\"og:image\" content=\"https:\/\/hdotrade.com\/wp-content\/uploads\/2022\/03\/ROBOT-COUPE-MP-800-TURBO-COMPLETE-REINFORCED-STAINLESS-STEEL-BELL-COVER-scaled.jpg\" \/>\n\t<meta property=\"og:image:width\" content=\"2560\" \/>\n\t<meta property=\"og:image:height\" content=\"1709\" \/>\n\t<meta property=\"og:image:type\" content=\"image\/jpeg\" \/>\n<meta name=\"twitter:card\" content=\"summary_large_image\" \/>\n<meta name=\"twitter:label1\" content=\"Dur\u00e9e de lecture estim\u00e9e\" \/>\n\t<meta name=\"twitter:data1\" content=\"1 minute\" \/>\n<script type=\"application\/ld+json\" class=\"yoast-schema-graph\">{\"@context\":\"https:\/\/schema.org\",\"@graph\":[{\"@type\":\"WebPage\",\"@id\":\"https:\/\/hdotrade.com\/product\/robot-coupe-complete-reinforced-stainless-steel-bell-cover\/\",\"url\":\"https:\/\/hdotrade.com\/product\/robot-coupe-complete-reinforced-stainless-steel-bell-cover\/\",\"name\":\"ROBOT-COUPE COMPLETE REINFORCED STAINLESS STEEL BELL COVER - HDO Global Trade\",\"isPartOf\":{\"@id\":\"https:\/\/hdotrade.com\/#website\"},\"primaryImageOfPage\":{\"@id\":\"https:\/\/hdotrade.com\/product\/robot-coupe-complete-reinforced-stainless-steel-bell-cover\/#primaryimage\"},\"image\":{\"@id\":\"https:\/\/hdotrade.com\/product\/robot-coupe-complete-reinforced-stainless-steel-bell-cover\/#primaryimage\"},\"thumbnailUrl\":\"https:\/\/hdotrade.com\/wp-content\/uploads\/2022\/03\/ROBOT-COUPE-MP-800-TURBO-COMPLETE-REINFORCED-STAINLESS-STEEL-BELL-COVER-scaled.jpg\",\"datePublished\":\"2021-03-03T18:28:51+00:00\",\"dateModified\":\"2023-02-23T13:52:03+00:00\",\"description\":\"ROBOT COUPE 89241 COMPLETE REINFORCED STAINLESS STEEL BELL COVER FOR ROBOT COUPE STICK BLENDER - MP800 TURBO C\",\"breadcrumb\":{\"@id\":\"https:\/\/hdotrade.com\/product\/robot-coupe-complete-reinforced-stainless-steel-bell-cover\/#breadcrumb\"},\"inLanguage\":\"fr-FR\",\"potentialAction\":[{\"@type\":\"ReadAction\",\"target\":[\"https:\/\/hdotrade.com\/product\/robot-coupe-complete-reinforced-stainless-steel-bell-cover\/\"]}]},{\"@type\":\"ImageObject\",\"inLanguage\":\"fr-FR\",\"@id\":\"https:\/\/hdotrade.com\/product\/robot-coupe-complete-reinforced-stainless-steel-bell-cover\/#primaryimage\",\"url\":\"https:\/\/hdotrade.com\/wp-content\/uploads\/2022\/03\/ROBOT-COUPE-MP-800-TURBO-COMPLETE-REINFORCED-STAINLESS-STEEL-BELL-COVER-scaled.jpg\",\"contentUrl\":\"https:\/\/hdotrade.com\/wp-content\/uploads\/2022\/03\/ROBOT-COUPE-MP-800-TURBO-COMPLETE-REINFORCED-STAINLESS-STEEL-BELL-COVER-scaled.jpg\",\"width\":2560,\"height\":1709,\"caption\":\"ROBOT COUPE MP 800 TURBO COMPLETE REINFORCED STAINLESS STEEL BELL COVER ROBOT-COUPE 89241\"},{\"@type\":\"BreadcrumbList\",\"@id\":\"https:\/\/hdotrade.com\/product\/robot-coupe-complete-reinforced-stainless-steel-bell-cover\/#breadcrumb\",\"itemListElement\":[{\"@type\":\"ListItem\",\"position\":1,\"name\":\"Home\",\"item\":\"https:\/\/hdotrade.com\/\"},{\"@type\":\"ListItem\",\"position\":2,\"name\":\"Shop\",\"item\":\"https:\/\/hdotrade.com\/shop\/\"},{\"@type\":\"ListItem\",\"position\":3,\"name\":\"ROBOT-COUPE COMPLETE REINFORCED STAINLESS STEEL BELL COVER\"}]},{\"@type\":\"WebSite\",\"@id\":\"https:\/\/hdotrade.com\/#website\",\"url\":\"https:\/\/hdotrade.com\/\",\"name\":\"HDO Global Trade\",\"description\":\"Online store\",\"publisher\":{\"@id\":\"https:\/\/hdotrade.com\/#organization\"},\"potentialAction\":[{\"@type\":\"SearchAction\",\"target\":{\"@type\":\"EntryPoint\",\"urlTemplate\":\"https:\/\/hdotrade.com\/?s={search_term_string}\"},\"query-input\":{\"@type\":\"PropertyValueSpecification\",\"valueRequired\":true,\"valueName\":\"search_term_string\"}}],\"inLanguage\":\"fr-FR\"},{\"@type\":\"Organization\",\"@id\":\"https:\/\/hdotrade.com\/#organization\",\"name\":\"HDO Global Trade\",\"url\":\"https:\/\/hdotrade.com\/\",\"logo\":{\"@type\":\"ImageObject\",\"inLanguage\":\"fr-FR\",\"@id\":\"https:\/\/hdotrade.com\/#\/schema\/logo\/image\/\",\"url\":\"https:\/\/hdotrade.com\/wp-content\/uploads\/2021\/06\/cropped-cropped-HDO-FINAL-LOGO.png\",\"contentUrl\":\"https:\/\/hdotrade.com\/wp-content\/uploads\/2021\/06\/cropped-cropped-HDO-FINAL-LOGO.png\",\"width\":512,\"height\":511,\"caption\":\"HDO Global Trade\"},\"image\":{\"@id\":\"https:\/\/hdotrade.com\/#\/schema\/logo\/image\/\"}}]}<\/script>\n<!-- \/ Yoast SEO plugin. -->","yoast_head_json":{"title":"ROBOT-COUPE COMPLETE REINFORCED STAINLESS STEEL BELL COVER - HDO Global Trade","description":"ROBOT COUPE 89241 COMPLETE REINFORCED STAINLESS STEEL BELL COVER FOR ROBOT COUPE STICK BLENDER - MP800 TURBO C","robots":{"index":"index","follow":"follow","max-snippet":"max-snippet:-1","max-image-preview":"max-image-preview:large","max-video-preview":"max-video-preview:-1"},"canonical":"https:\/\/hdotrade.com\/fr\/produit\/robot-coupe-complete-reinforced-stainless-steel-bell-cover\/","og_locale":"fr_FR","og_type":"article","og_title":"ROBOT-COUPE COMPLETE REINFORCED STAINLESS STEEL BELL COVER - HDO Global Trade","og_description":"ROBOT COUPE 89241 COMPLETE REINFORCED STAINLESS STEEL BELL COVER FOR ROBOT COUPE STICK BLENDER - MP800 TURBO C","og_url":"https:\/\/hdotrade.com\/fr\/produit\/robot-coupe-complete-reinforced-stainless-steel-bell-cover\/","og_site_name":"HDO Global Trade","article_modified_time":"2023-02-23T13:52:03+00:00","og_image":[{"width":2560,"height":1709,"url":"https:\/\/hdotrade.com\/wp-content\/uploads\/2022\/03\/ROBOT-COUPE-MP-800-TURBO-COMPLETE-REINFORCED-STAINLESS-STEEL-BELL-COVER-scaled.jpg","type":"image\/jpeg"}],"twitter_card":"summary_large_image","twitter_misc":{"Dur\u00e9e de lecture estim\u00e9e":"1 minute"},"schema":{"@context":"https:\/\/schema.org","@graph":[{"@type":"WebPage","@id":"https:\/\/hdotrade.com\/product\/robot-coupe-complete-reinforced-stainless-steel-bell-cover\/","url":"https:\/\/hdotrade.com\/product\/robot-coupe-complete-reinforced-stainless-steel-bell-cover\/","name":"ROBOT-COUPE COMPLETE REINFORCED STAINLESS STEEL BELL COVER - HDO Global Trade","isPartOf":{"@id":"https:\/\/hdotrade.com\/#website"},"primaryImageOfPage":{"@id":"https:\/\/hdotrade.com\/product\/robot-coupe-complete-reinforced-stainless-steel-bell-cover\/#primaryimage"},"image":{"@id":"https:\/\/hdotrade.com\/product\/robot-coupe-complete-reinforced-stainless-steel-bell-cover\/#primaryimage"},"thumbnailUrl":"https:\/\/hdotrade.com\/wp-content\/uploads\/2022\/03\/ROBOT-COUPE-MP-800-TURBO-COMPLETE-REINFORCED-STAINLESS-STEEL-BELL-COVER-scaled.jpg","datePublished":"2021-03-03T18:28:51+00:00","dateModified":"2023-02-23T13:52:03+00:00","description":"ROBOT COUPE 89241 COMPLETE REINFORCED STAINLESS STEEL BELL COVER FOR ROBOT COUPE STICK BLENDER - MP800 TURBO C","breadcrumb":{"@id":"https:\/\/hdotrade.com\/product\/robot-coupe-complete-reinforced-stainless-steel-bell-cover\/#breadcrumb"},"inLanguage":"fr-FR","potentialAction":[{"@type":"ReadAction","target":["https:\/\/hdotrade.com\/product\/robot-coupe-complete-reinforced-stainless-steel-bell-cover\/"]}]},{"@type":"ImageObject","inLanguage":"fr-FR","@id":"https:\/\/hdotrade.com\/product\/robot-coupe-complete-reinforced-stainless-steel-bell-cover\/#primaryimage","url":"https:\/\/hdotrade.com\/wp-content\/uploads\/2022\/03\/ROBOT-COUPE-MP-800-TURBO-COMPLETE-REINFORCED-STAINLESS-STEEL-BELL-COVER-scaled.jpg","contentUrl":"https:\/\/hdotrade.com\/wp-content\/uploads\/2022\/03\/ROBOT-COUPE-MP-800-TURBO-COMPLETE-REINFORCED-STAINLESS-STEEL-BELL-COVER-scaled.jpg","width":2560,"height":1709,"caption":"ROBOT COUPE MP 800 TURBO COMPLETE REINFORCED STAINLESS STEEL BELL COVER ROBOT-COUPE 89241"},{"@type":"BreadcrumbList","@id":"https:\/\/hdotrade.com\/product\/robot-coupe-complete-reinforced-stainless-steel-bell-cover\/#breadcrumb","itemListElement":[{"@type":"ListItem","position":1,"name":"Home","item":"https:\/\/hdotrade.com\/"},{"@type":"ListItem","position":2,"name":"Shop","item":"https:\/\/hdotrade.com\/shop\/"},{"@type":"ListItem","position":3,"name":"ROBOT-COUPE COMPLETE REINFORCED STAINLESS STEEL BELL COVER"}]},{"@type":"WebSite","@id":"https:\/\/hdotrade.com\/#website","url":"https:\/\/hdotrade.com\/","name":"HDO Global Trade","description":"Online store","publisher":{"@id":"https:\/\/hdotrade.com\/#organization"},"potentialAction":[{"@type":"SearchAction","target":{"@type":"EntryPoint","urlTemplate":"https:\/\/hdotrade.com\/?s={search_term_string}"},"query-input":{"@type":"PropertyValueSpecification","valueRequired":true,"valueName":"search_term_string"}}],"inLanguage":"fr-FR"},{"@type":"Organization","@id":"https:\/\/hdotrade.com\/#organization","name":"HDO Global Trade","url":"https:\/\/hdotrade.com\/","logo":{"@type":"ImageObject","inLanguage":"fr-FR","@id":"https:\/\/hdotrade.com\/#\/schema\/logo\/image\/","url":"https:\/\/hdotrade.com\/wp-content\/uploads\/2021\/06\/cropped-cropped-HDO-FINAL-LOGO.png","contentUrl":"https:\/\/hdotrade.com\/wp-content\/uploads\/2021\/06\/cropped-cropped-HDO-FINAL-LOGO.png","width":512,"height":511,"caption":"HDO Global Trade"},"image":{"@id":"https:\/\/hdotrade.com\/#\/schema\/logo\/image\/"}}]}},"_links":{"self":[{"href":"https:\/\/hdotrade.com\/fr\/wp-json\/wp\/v2\/product\/12130","targetHints":{"allow":["GET"]}}],"collection":[{"href":"https:\/\/hdotrade.com\/fr\/wp-json\/wp\/v2\/product"}],"about":[{"href":"https:\/\/hdotrade.com\/fr\/wp-json\/wp\/v2\/types\/product"}],"version-history":[{"count":7,"href":"https:\/\/hdotrade.com\/fr\/wp-json\/wp\/v2\/product\/12130\/revisions"}],"predecessor-version":[{"id":17795,"href":"https:\/\/hdotrade.com\/fr\/wp-json\/wp\/v2\/product\/12130\/revisions\/17795"}],"wp:featuredmedia":[{"embeddable":true,"href":"https:\/\/hdotrade.com\/fr\/wp-json\/wp\/v2\/media\/12230"}],"wp:attachment":[{"href":"https:\/\/hdotrade.com\/fr\/wp-json\/wp\/v2\/media?parent=12130"}],"wp:term":[{"taxonomy":"product_cat","embeddable":true,"href":"https:\/\/hdotrade.com\/fr\/wp-json\/wp\/v2\/product_cat?post=12130"},{"taxonomy":"product_tag","embeddable":true,"href":"https:\/\/hdotrade.com\/fr\/wp-json\/wp\/v2\/product_tag?post=12130"}],"curies":[{"name":"wp","href":"https:\/\/api.w.org\/{rel}","templated":true}]}}