{"id":13622,"date":"2022-06-20T17:47:41","date_gmt":"2022-06-20T17:47:41","guid":{"rendered":"http:\/\/hdotrade.com\/?post_type=product&#038;p=13622"},"modified":"2023-09-26T15:14:08","modified_gmt":"2023-09-26T15:14:08","slug":"zanussi-protection-filter","status":"publish","type":"product","link":"https:\/\/hdotrade.com\/fr\/produit\/zanussi-protection-filter\/","title":{"rendered":"ZANUSSI HOTTE DYPE FILTRE DE PROTECTION LAVE-VAISSELLE"},"content":{"rendered":"<p>POUR ZANUSSI ELECTROLUX LAVE-VAISSELLE MOD\u00c8LE HOTTE TYPE LAVE-VAISSELLE \u2013 NHT8 , KHT8, ZHT8I , AHT8I , EHT8I , ZHT8TI , EHT8TI<\/p>\n<p>ZANUSSI HOOD DYPE FILTRO DE PROTE\u00c7\u00c3O DA M\u00c1QUINA DE LAVAR LOU\u00c7A<\/p>","protected":false},"excerpt":{"rendered":"<p>FOR ZANUSSI ELECTROLUX DISHWASHER MODEL HOOD DYPE DISHWASHER NHT8 , KHT8 , EHT8 , ZHT8I , AHT8I , EHT8I , ZHT8TI , EHT8TI ZANUSSI HOOD DYPE FILTRO DE PROTE\u00c7\u00c3O DA M\u00c1QUINA DE LAVAR LOU\u00c7A<\/p>","protected":false},"featured_media":14046,"template":"","meta":[],"product_cat":[47,217,204],"product_tag":[],"class_list":{"0":"post-13622","1":"product","2":"type-product","3":"status-publish","4":"has-post-thumbnail","6":"product_cat-electrolux-professional","7":"product_cat-zanussi","8":"product_cat-dishwasher","10":"first","11":"instock","12":"taxable","13":"shipping-taxable","14":"purchasable","15":"product-type-simple"},"acf":[],"yoast_head":"<!-- This site is optimized with the Yoast SEO plugin v24.1 - https:\/\/yoast.com\/wordpress\/plugins\/seo\/ -->\n<title>ZANUSSI HOOD DYPE DISHWASHER PROTECTION FILTER - HDO Global Trade<\/title>\n<meta name=\"description\" content=\"ZANUSSI HOOD DYPE DISHWASHER PROTECTION FILTER SPARE PARTS FOR ZANUSSI HOOD DYPE DISHWASHER NHT8 KHT8 EHT8 ZHT8I AHT8I EHT8I ZHT8TI EHT8TI\" \/>\n<meta name=\"robots\" content=\"index, follow, max-snippet:-1, max-image-preview:large, max-video-preview:-1\" \/>\n<link rel=\"canonical\" href=\"https:\/\/hdotrade.com\/fr\/produit\/zanussi-protection-filter\/\" \/>\n<meta property=\"og:locale\" content=\"fr_FR\" \/>\n<meta property=\"og:type\" content=\"article\" \/>\n<meta property=\"og:title\" content=\"ZANUSSI HOOD DYPE DISHWASHER PROTECTION FILTER - HDO Global Trade\" \/>\n<meta property=\"og:description\" content=\"ZANUSSI HOOD DYPE DISHWASHER PROTECTION FILTER SPARE PARTS FOR ZANUSSI HOOD DYPE DISHWASHER NHT8 KHT8 EHT8 ZHT8I AHT8I EHT8I ZHT8TI EHT8TI\" \/>\n<meta property=\"og:url\" content=\"https:\/\/hdotrade.com\/fr\/produit\/zanussi-protection-filter\/\" \/>\n<meta property=\"og:site_name\" content=\"HDO Global Trade\" \/>\n<meta property=\"article:modified_time\" content=\"2023-09-26T15:14:08+00:00\" \/>\n<meta property=\"og:image\" content=\"https:\/\/hdotrade.com\/wp-content\/uploads\/2022\/06\/ZANUSSI-HOOD-DYPE-DISHWASHER-PROTECTION-FILTER.png\" \/>\n\t<meta property=\"og:image:width\" content=\"700\" \/>\n\t<meta property=\"og:image:height\" content=\"700\" \/>\n\t<meta property=\"og:image:type\" content=\"image\/png\" \/>\n<meta name=\"twitter:card\" content=\"summary_large_image\" \/>\n<meta name=\"twitter:label1\" content=\"Dur\u00e9e de lecture estim\u00e9e\" \/>\n\t<meta name=\"twitter:data1\" content=\"1 minute\" \/>\n<script type=\"application\/ld+json\" class=\"yoast-schema-graph\">{\"@context\":\"https:\/\/schema.org\",\"@graph\":[{\"@type\":\"WebPage\",\"@id\":\"https:\/\/hdotrade.com\/product\/zanussi-protection-filter\/\",\"url\":\"https:\/\/hdotrade.com\/product\/zanussi-protection-filter\/\",\"name\":\"ZANUSSI HOOD DYPE DISHWASHER PROTECTION FILTER - HDO Global Trade\",\"isPartOf\":{\"@id\":\"https:\/\/hdotrade.com\/#website\"},\"primaryImageOfPage\":{\"@id\":\"https:\/\/hdotrade.com\/product\/zanussi-protection-filter\/#primaryimage\"},\"image\":{\"@id\":\"https:\/\/hdotrade.com\/product\/zanussi-protection-filter\/#primaryimage\"},\"thumbnailUrl\":\"https:\/\/hdotrade.com\/wp-content\/uploads\/2022\/06\/ZANUSSI-HOOD-DYPE-DISHWASHER-PROTECTION-FILTER.png\",\"datePublished\":\"2022-06-20T17:47:41+00:00\",\"dateModified\":\"2023-09-26T15:14:08+00:00\",\"description\":\"ZANUSSI HOOD DYPE DISHWASHER PROTECTION FILTER SPARE PARTS FOR ZANUSSI HOOD DYPE DISHWASHER NHT8 KHT8 EHT8 ZHT8I AHT8I EHT8I ZHT8TI EHT8TI\",\"breadcrumb\":{\"@id\":\"https:\/\/hdotrade.com\/product\/zanussi-protection-filter\/#breadcrumb\"},\"inLanguage\":\"fr-FR\",\"potentialAction\":[{\"@type\":\"ReadAction\",\"target\":[\"https:\/\/hdotrade.com\/product\/zanussi-protection-filter\/\"]}]},{\"@type\":\"ImageObject\",\"inLanguage\":\"fr-FR\",\"@id\":\"https:\/\/hdotrade.com\/product\/zanussi-protection-filter\/#primaryimage\",\"url\":\"https:\/\/hdotrade.com\/wp-content\/uploads\/2022\/06\/ZANUSSI-HOOD-DYPE-DISHWASHER-PROTECTION-FILTER.png\",\"contentUrl\":\"https:\/\/hdotrade.com\/wp-content\/uploads\/2022\/06\/ZANUSSI-HOOD-DYPE-DISHWASHER-PROTECTION-FILTER.png\",\"width\":700,\"height\":700,\"caption\":\"ZANUSSI HOOD DYPE DISHWASHER PROTECTION FILTER\"},{\"@type\":\"BreadcrumbList\",\"@id\":\"https:\/\/hdotrade.com\/product\/zanussi-protection-filter\/#breadcrumb\",\"itemListElement\":[{\"@type\":\"ListItem\",\"position\":1,\"name\":\"Home\",\"item\":\"https:\/\/hdotrade.com\/\"},{\"@type\":\"ListItem\",\"position\":2,\"name\":\"Shop\",\"item\":\"https:\/\/hdotrade.com\/shop\/\"},{\"@type\":\"ListItem\",\"position\":3,\"name\":\"ZANUSSI HOOD DYPE DISHWASHER PROTECTION FILTER\"}]},{\"@type\":\"WebSite\",\"@id\":\"https:\/\/hdotrade.com\/#website\",\"url\":\"https:\/\/hdotrade.com\/\",\"name\":\"HDO Global Trade\",\"description\":\"Online store\",\"publisher\":{\"@id\":\"https:\/\/hdotrade.com\/#organization\"},\"potentialAction\":[{\"@type\":\"SearchAction\",\"target\":{\"@type\":\"EntryPoint\",\"urlTemplate\":\"https:\/\/hdotrade.com\/?s={search_term_string}\"},\"query-input\":{\"@type\":\"PropertyValueSpecification\",\"valueRequired\":true,\"valueName\":\"search_term_string\"}}],\"inLanguage\":\"fr-FR\"},{\"@type\":\"Organization\",\"@id\":\"https:\/\/hdotrade.com\/#organization\",\"name\":\"HDO Global Trade\",\"url\":\"https:\/\/hdotrade.com\/\",\"logo\":{\"@type\":\"ImageObject\",\"inLanguage\":\"fr-FR\",\"@id\":\"https:\/\/hdotrade.com\/#\/schema\/logo\/image\/\",\"url\":\"https:\/\/hdotrade.com\/wp-content\/uploads\/2021\/06\/cropped-cropped-HDO-FINAL-LOGO.png\",\"contentUrl\":\"https:\/\/hdotrade.com\/wp-content\/uploads\/2021\/06\/cropped-cropped-HDO-FINAL-LOGO.png\",\"width\":512,\"height\":511,\"caption\":\"HDO Global Trade\"},\"image\":{\"@id\":\"https:\/\/hdotrade.com\/#\/schema\/logo\/image\/\"}}]}<\/script>\n<!-- \/ Yoast SEO plugin. -->","yoast_head_json":{"title":"ZANUSSI HOOD DYPE DISHWASHER PROTECTION FILTER - HDO Global Trade","description":"ZANUSSI HOOD DYPE DISHWASHER PROTECTION FILTER SPARE PARTS FOR ZANUSSI HOOD DYPE DISHWASHER NHT8 KHT8 EHT8 ZHT8I AHT8I EHT8I ZHT8TI EHT8TI","robots":{"index":"index","follow":"follow","max-snippet":"max-snippet:-1","max-image-preview":"max-image-preview:large","max-video-preview":"max-video-preview:-1"},"canonical":"https:\/\/hdotrade.com\/fr\/produit\/zanussi-protection-filter\/","og_locale":"fr_FR","og_type":"article","og_title":"ZANUSSI HOOD DYPE DISHWASHER PROTECTION FILTER - HDO Global Trade","og_description":"ZANUSSI HOOD DYPE DISHWASHER PROTECTION FILTER SPARE PARTS FOR ZANUSSI HOOD DYPE DISHWASHER NHT8 KHT8 EHT8 ZHT8I AHT8I EHT8I ZHT8TI EHT8TI","og_url":"https:\/\/hdotrade.com\/fr\/produit\/zanussi-protection-filter\/","og_site_name":"HDO Global Trade","article_modified_time":"2023-09-26T15:14:08+00:00","og_image":[{"width":700,"height":700,"url":"https:\/\/hdotrade.com\/wp-content\/uploads\/2022\/06\/ZANUSSI-HOOD-DYPE-DISHWASHER-PROTECTION-FILTER.png","type":"image\/png"}],"twitter_card":"summary_large_image","twitter_misc":{"Dur\u00e9e de lecture estim\u00e9e":"1 minute"},"schema":{"@context":"https:\/\/schema.org","@graph":[{"@type":"WebPage","@id":"https:\/\/hdotrade.com\/product\/zanussi-protection-filter\/","url":"https:\/\/hdotrade.com\/product\/zanussi-protection-filter\/","name":"ZANUSSI HOOD DYPE DISHWASHER PROTECTION FILTER - HDO Global Trade","isPartOf":{"@id":"https:\/\/hdotrade.com\/#website"},"primaryImageOfPage":{"@id":"https:\/\/hdotrade.com\/product\/zanussi-protection-filter\/#primaryimage"},"image":{"@id":"https:\/\/hdotrade.com\/product\/zanussi-protection-filter\/#primaryimage"},"thumbnailUrl":"https:\/\/hdotrade.com\/wp-content\/uploads\/2022\/06\/ZANUSSI-HOOD-DYPE-DISHWASHER-PROTECTION-FILTER.png","datePublished":"2022-06-20T17:47:41+00:00","dateModified":"2023-09-26T15:14:08+00:00","description":"ZANUSSI HOOD DYPE DISHWASHER PROTECTION FILTER SPARE PARTS FOR ZANUSSI HOOD DYPE DISHWASHER NHT8 KHT8 EHT8 ZHT8I AHT8I EHT8I ZHT8TI EHT8TI","breadcrumb":{"@id":"https:\/\/hdotrade.com\/product\/zanussi-protection-filter\/#breadcrumb"},"inLanguage":"fr-FR","potentialAction":[{"@type":"ReadAction","target":["https:\/\/hdotrade.com\/product\/zanussi-protection-filter\/"]}]},{"@type":"ImageObject","inLanguage":"fr-FR","@id":"https:\/\/hdotrade.com\/product\/zanussi-protection-filter\/#primaryimage","url":"https:\/\/hdotrade.com\/wp-content\/uploads\/2022\/06\/ZANUSSI-HOOD-DYPE-DISHWASHER-PROTECTION-FILTER.png","contentUrl":"https:\/\/hdotrade.com\/wp-content\/uploads\/2022\/06\/ZANUSSI-HOOD-DYPE-DISHWASHER-PROTECTION-FILTER.png","width":700,"height":700,"caption":"ZANUSSI HOOD DYPE DISHWASHER PROTECTION FILTER"},{"@type":"BreadcrumbList","@id":"https:\/\/hdotrade.com\/product\/zanussi-protection-filter\/#breadcrumb","itemListElement":[{"@type":"ListItem","position":1,"name":"Home","item":"https:\/\/hdotrade.com\/"},{"@type":"ListItem","position":2,"name":"Shop","item":"https:\/\/hdotrade.com\/shop\/"},{"@type":"ListItem","position":3,"name":"ZANUSSI HOOD DYPE DISHWASHER PROTECTION FILTER"}]},{"@type":"WebSite","@id":"https:\/\/hdotrade.com\/#website","url":"https:\/\/hdotrade.com\/","name":"HDO Global Trade","description":"Online store","publisher":{"@id":"https:\/\/hdotrade.com\/#organization"},"potentialAction":[{"@type":"SearchAction","target":{"@type":"EntryPoint","urlTemplate":"https:\/\/hdotrade.com\/?s={search_term_string}"},"query-input":{"@type":"PropertyValueSpecification","valueRequired":true,"valueName":"search_term_string"}}],"inLanguage":"fr-FR"},{"@type":"Organization","@id":"https:\/\/hdotrade.com\/#organization","name":"HDO Global Trade","url":"https:\/\/hdotrade.com\/","logo":{"@type":"ImageObject","inLanguage":"fr-FR","@id":"https:\/\/hdotrade.com\/#\/schema\/logo\/image\/","url":"https:\/\/hdotrade.com\/wp-content\/uploads\/2021\/06\/cropped-cropped-HDO-FINAL-LOGO.png","contentUrl":"https:\/\/hdotrade.com\/wp-content\/uploads\/2021\/06\/cropped-cropped-HDO-FINAL-LOGO.png","width":512,"height":511,"caption":"HDO Global Trade"},"image":{"@id":"https:\/\/hdotrade.com\/#\/schema\/logo\/image\/"}}]}},"_links":{"self":[{"href":"https:\/\/hdotrade.com\/fr\/wp-json\/wp\/v2\/product\/13622","targetHints":{"allow":["GET"]}}],"collection":[{"href":"https:\/\/hdotrade.com\/fr\/wp-json\/wp\/v2\/product"}],"about":[{"href":"https:\/\/hdotrade.com\/fr\/wp-json\/wp\/v2\/types\/product"}],"version-history":[{"count":7,"href":"https:\/\/hdotrade.com\/fr\/wp-json\/wp\/v2\/product\/13622\/revisions"}],"predecessor-version":[{"id":18050,"href":"https:\/\/hdotrade.com\/fr\/wp-json\/wp\/v2\/product\/13622\/revisions\/18050"}],"wp:featuredmedia":[{"embeddable":true,"href":"https:\/\/hdotrade.com\/fr\/wp-json\/wp\/v2\/media\/14046"}],"wp:attachment":[{"href":"https:\/\/hdotrade.com\/fr\/wp-json\/wp\/v2\/media?parent=13622"}],"wp:term":[{"taxonomy":"product_cat","embeddable":true,"href":"https:\/\/hdotrade.com\/fr\/wp-json\/wp\/v2\/product_cat?post=13622"},{"taxonomy":"product_tag","embeddable":true,"href":"https:\/\/hdotrade.com\/fr\/wp-json\/wp\/v2\/product_tag?post=13622"}],"curies":[{"name":"wp","href":"https:\/\/api.w.org\/{rel}","templated":true}]}}