{"id":14195,"date":"2022-09-06T19:23:32","date_gmt":"2022-09-06T19:23:32","guid":{"rendered":"http:\/\/hdotrade.com\/?post_type=product&#038;p=14195"},"modified":"2025-08-15T09:59:11","modified_gmt":"2025-08-15T09:59:11","slug":"hallde-12mm-15-32-vegetable-cutter-soft-slicer-disc-rg100","status":"publish","type":"product","link":"https:\/\/hdotrade.com\/fr\/produit\/hallde-12mm-15-32-vegetable-cutter-soft-slicer-disc-rg100\/","title":{"rendered":"HALLDE 12MM (15\/32\u00a0\u00bb) COUPE-L\u00c9GUMES DISQUE DE TRANCHEUSE SOUPLE RG100"},"content":{"rendered":"<p>Tranches de l\u00e9gumes mous, fruits, champignons, etc. Utilis\u00e9 de pr\u00e9f\u00e9rence<br \/>\nlors du d\u00e9coupage en d\u00e9s de produits mous, en combinaison avec un d\u00e9s appropri\u00e9<br \/>\nGrid.<\/p>\n<p>USE ON HALLDE MACHINE &#8211; RG100 , RG50<\/p>","protected":false},"excerpt":{"rendered":"<p>Slices soft vegetables, fruits, mushrooms etc. Preferably used when dicing soft products, in combination with a suitable Dicing Grid. USE ON HALLDE MACHINE &#8211; RG100 , RG50<\/p>","protected":false},"featured_media":18163,"template":"","meta":[],"product_cat":[16],"product_tag":[],"class_list":{"0":"post-14195","1":"product","2":"type-product","3":"status-publish","4":"has-post-thumbnail","6":"product_cat-sem-categoria","8":"first","9":"instock","10":"taxable","11":"shipping-taxable","12":"product-type-simple"},"acf":[],"yoast_head":"<!-- This site is optimized with the Yoast SEO plugin v24.1 - https:\/\/yoast.com\/wordpress\/plugins\/seo\/ -->\n<title>HALLDE 12MM (15\/32&quot;) VEGETABLE CUTTER SOFT SLICER DISC RG100 - HDO Global Trade<\/title>\n<meta name=\"description\" content=\"HALLDE 12MM (15\/32&quot;) VEGETABLE CUTTER SOFT SLICER DISC RG100 RG50 SUITABLE FOR HOBART FP100 HALLDE SPARE PARTS\" \/>\n<meta name=\"robots\" content=\"index, follow, max-snippet:-1, max-image-preview:large, max-video-preview:-1\" \/>\n<link rel=\"canonical\" href=\"https:\/\/hdotrade.com\/fr\/produit\/hallde-12mm-15-32-vegetable-cutter-soft-slicer-disc-rg100\/\" \/>\n<meta property=\"og:locale\" content=\"fr_FR\" \/>\n<meta property=\"og:type\" content=\"article\" \/>\n<meta property=\"og:title\" content=\"HALLDE 12MM (15\/32&quot;) VEGETABLE CUTTER SOFT SLICER DISC RG100 - HDO Global Trade\" \/>\n<meta property=\"og:description\" content=\"HALLDE 12MM (15\/32&quot;) VEGETABLE CUTTER SOFT SLICER DISC RG100 RG50 SUITABLE FOR HOBART FP100 HALLDE SPARE PARTS\" \/>\n<meta property=\"og:url\" content=\"https:\/\/hdotrade.com\/fr\/produit\/hallde-12mm-15-32-vegetable-cutter-soft-slicer-disc-rg100\/\" \/>\n<meta property=\"og:site_name\" content=\"HDO Global Trade\" \/>\n<meta property=\"article:modified_time\" content=\"2025-08-15T09:59:11+00:00\" \/>\n<meta property=\"og:image\" content=\"https:\/\/hdotrade.com\/wp-content\/uploads\/2022\/09\/HALLDE-12MM-1533-VEGETABLE-CUTTER-SOFT-SLICER-DISC-RG100.png\" \/>\n\t<meta property=\"og:image:width\" content=\"1600\" \/>\n\t<meta property=\"og:image:height\" content=\"1600\" \/>\n\t<meta property=\"og:image:type\" content=\"image\/png\" \/>\n<meta name=\"twitter:card\" content=\"summary_large_image\" \/>\n<meta name=\"twitter:label1\" content=\"Dur\u00e9e de lecture estim\u00e9e\" \/>\n\t<meta name=\"twitter:data1\" content=\"1 minute\" \/>\n<script type=\"application\/ld+json\" class=\"yoast-schema-graph\">{\"@context\":\"https:\/\/schema.org\",\"@graph\":[{\"@type\":\"WebPage\",\"@id\":\"https:\/\/hdotrade.com\/product\/hallde-12mm-15-32-vegetable-cutter-soft-slicer-disc-rg100\/\",\"url\":\"https:\/\/hdotrade.com\/product\/hallde-12mm-15-32-vegetable-cutter-soft-slicer-disc-rg100\/\",\"name\":\"HALLDE 12MM (15\/32\\\") VEGETABLE CUTTER SOFT SLICER DISC RG100 - HDO Global Trade\",\"isPartOf\":{\"@id\":\"https:\/\/hdotrade.com\/#website\"},\"primaryImageOfPage\":{\"@id\":\"https:\/\/hdotrade.com\/product\/hallde-12mm-15-32-vegetable-cutter-soft-slicer-disc-rg100\/#primaryimage\"},\"image\":{\"@id\":\"https:\/\/hdotrade.com\/product\/hallde-12mm-15-32-vegetable-cutter-soft-slicer-disc-rg100\/#primaryimage\"},\"thumbnailUrl\":\"https:\/\/hdotrade.com\/wp-content\/uploads\/2022\/09\/HALLDE-12MM-1533-VEGETABLE-CUTTER-SOFT-SLICER-DISC-RG100.png\",\"datePublished\":\"2022-09-06T19:23:32+00:00\",\"dateModified\":\"2025-08-15T09:59:11+00:00\",\"description\":\"HALLDE 12MM (15\/32\\\") VEGETABLE CUTTER SOFT SLICER DISC RG100 RG50 SUITABLE FOR HOBART FP100 HALLDE SPARE PARTS\",\"breadcrumb\":{\"@id\":\"https:\/\/hdotrade.com\/product\/hallde-12mm-15-32-vegetable-cutter-soft-slicer-disc-rg100\/#breadcrumb\"},\"inLanguage\":\"fr-FR\",\"potentialAction\":[{\"@type\":\"ReadAction\",\"target\":[\"https:\/\/hdotrade.com\/product\/hallde-12mm-15-32-vegetable-cutter-soft-slicer-disc-rg100\/\"]}]},{\"@type\":\"ImageObject\",\"inLanguage\":\"fr-FR\",\"@id\":\"https:\/\/hdotrade.com\/product\/hallde-12mm-15-32-vegetable-cutter-soft-slicer-disc-rg100\/#primaryimage\",\"url\":\"https:\/\/hdotrade.com\/wp-content\/uploads\/2022\/09\/HALLDE-12MM-1533-VEGETABLE-CUTTER-SOFT-SLICER-DISC-RG100.png\",\"contentUrl\":\"https:\/\/hdotrade.com\/wp-content\/uploads\/2022\/09\/HALLDE-12MM-1533-VEGETABLE-CUTTER-SOFT-SLICER-DISC-RG100.png\",\"width\":1600,\"height\":1600},{\"@type\":\"BreadcrumbList\",\"@id\":\"https:\/\/hdotrade.com\/product\/hallde-12mm-15-32-vegetable-cutter-soft-slicer-disc-rg100\/#breadcrumb\",\"itemListElement\":[{\"@type\":\"ListItem\",\"position\":1,\"name\":\"Home\",\"item\":\"https:\/\/hdotrade.com\/\"},{\"@type\":\"ListItem\",\"position\":2,\"name\":\"Shop\",\"item\":\"https:\/\/hdotrade.com\/shop\/\"},{\"@type\":\"ListItem\",\"position\":3,\"name\":\"HALLDE 12MM (15\/32&#8243;) VEGETABLE CUTTER SOFT SLICER DISC RG100\"}]},{\"@type\":\"WebSite\",\"@id\":\"https:\/\/hdotrade.com\/#website\",\"url\":\"https:\/\/hdotrade.com\/\",\"name\":\"HDO Global Trade\",\"description\":\"Online store\",\"publisher\":{\"@id\":\"https:\/\/hdotrade.com\/#organization\"},\"potentialAction\":[{\"@type\":\"SearchAction\",\"target\":{\"@type\":\"EntryPoint\",\"urlTemplate\":\"https:\/\/hdotrade.com\/?s={search_term_string}\"},\"query-input\":{\"@type\":\"PropertyValueSpecification\",\"valueRequired\":true,\"valueName\":\"search_term_string\"}}],\"inLanguage\":\"fr-FR\"},{\"@type\":\"Organization\",\"@id\":\"https:\/\/hdotrade.com\/#organization\",\"name\":\"HDO Global Trade\",\"url\":\"https:\/\/hdotrade.com\/\",\"logo\":{\"@type\":\"ImageObject\",\"inLanguage\":\"fr-FR\",\"@id\":\"https:\/\/hdotrade.com\/#\/schema\/logo\/image\/\",\"url\":\"https:\/\/hdotrade.com\/wp-content\/uploads\/2021\/06\/cropped-cropped-HDO-FINAL-LOGO.png\",\"contentUrl\":\"https:\/\/hdotrade.com\/wp-content\/uploads\/2021\/06\/cropped-cropped-HDO-FINAL-LOGO.png\",\"width\":512,\"height\":511,\"caption\":\"HDO Global Trade\"},\"image\":{\"@id\":\"https:\/\/hdotrade.com\/#\/schema\/logo\/image\/\"}}]}<\/script>\n<!-- \/ Yoast SEO plugin. -->","yoast_head_json":{"title":"HALLDE 12MM (15\/32\") VEGETABLE CUTTER SOFT SLICER DISC RG100 - HDO Global Trade","description":"HALLDE 12MM (15\/32\") VEGETABLE CUTTER SOFT SLICER DISC RG100 RG50 SUITABLE FOR HOBART FP100 HALLDE SPARE PARTS","robots":{"index":"index","follow":"follow","max-snippet":"max-snippet:-1","max-image-preview":"max-image-preview:large","max-video-preview":"max-video-preview:-1"},"canonical":"https:\/\/hdotrade.com\/fr\/produit\/hallde-12mm-15-32-vegetable-cutter-soft-slicer-disc-rg100\/","og_locale":"fr_FR","og_type":"article","og_title":"HALLDE 12MM (15\/32\") VEGETABLE CUTTER SOFT SLICER DISC RG100 - HDO Global Trade","og_description":"HALLDE 12MM (15\/32\") VEGETABLE CUTTER SOFT SLICER DISC RG100 RG50 SUITABLE FOR HOBART FP100 HALLDE SPARE PARTS","og_url":"https:\/\/hdotrade.com\/fr\/produit\/hallde-12mm-15-32-vegetable-cutter-soft-slicer-disc-rg100\/","og_site_name":"HDO Global Trade","article_modified_time":"2025-08-15T09:59:11+00:00","og_image":[{"width":1600,"height":1600,"url":"https:\/\/hdotrade.com\/wp-content\/uploads\/2022\/09\/HALLDE-12MM-1533-VEGETABLE-CUTTER-SOFT-SLICER-DISC-RG100.png","type":"image\/png"}],"twitter_card":"summary_large_image","twitter_misc":{"Dur\u00e9e de lecture estim\u00e9e":"1 minute"},"schema":{"@context":"https:\/\/schema.org","@graph":[{"@type":"WebPage","@id":"https:\/\/hdotrade.com\/product\/hallde-12mm-15-32-vegetable-cutter-soft-slicer-disc-rg100\/","url":"https:\/\/hdotrade.com\/product\/hallde-12mm-15-32-vegetable-cutter-soft-slicer-disc-rg100\/","name":"HALLDE 12MM (15\/32\") VEGETABLE CUTTER SOFT SLICER DISC RG100 - HDO Global Trade","isPartOf":{"@id":"https:\/\/hdotrade.com\/#website"},"primaryImageOfPage":{"@id":"https:\/\/hdotrade.com\/product\/hallde-12mm-15-32-vegetable-cutter-soft-slicer-disc-rg100\/#primaryimage"},"image":{"@id":"https:\/\/hdotrade.com\/product\/hallde-12mm-15-32-vegetable-cutter-soft-slicer-disc-rg100\/#primaryimage"},"thumbnailUrl":"https:\/\/hdotrade.com\/wp-content\/uploads\/2022\/09\/HALLDE-12MM-1533-VEGETABLE-CUTTER-SOFT-SLICER-DISC-RG100.png","datePublished":"2022-09-06T19:23:32+00:00","dateModified":"2025-08-15T09:59:11+00:00","description":"HALLDE 12MM (15\/32\") VEGETABLE CUTTER SOFT SLICER DISC RG100 RG50 SUITABLE FOR HOBART FP100 HALLDE SPARE PARTS","breadcrumb":{"@id":"https:\/\/hdotrade.com\/product\/hallde-12mm-15-32-vegetable-cutter-soft-slicer-disc-rg100\/#breadcrumb"},"inLanguage":"fr-FR","potentialAction":[{"@type":"ReadAction","target":["https:\/\/hdotrade.com\/product\/hallde-12mm-15-32-vegetable-cutter-soft-slicer-disc-rg100\/"]}]},{"@type":"ImageObject","inLanguage":"fr-FR","@id":"https:\/\/hdotrade.com\/product\/hallde-12mm-15-32-vegetable-cutter-soft-slicer-disc-rg100\/#primaryimage","url":"https:\/\/hdotrade.com\/wp-content\/uploads\/2022\/09\/HALLDE-12MM-1533-VEGETABLE-CUTTER-SOFT-SLICER-DISC-RG100.png","contentUrl":"https:\/\/hdotrade.com\/wp-content\/uploads\/2022\/09\/HALLDE-12MM-1533-VEGETABLE-CUTTER-SOFT-SLICER-DISC-RG100.png","width":1600,"height":1600},{"@type":"BreadcrumbList","@id":"https:\/\/hdotrade.com\/product\/hallde-12mm-15-32-vegetable-cutter-soft-slicer-disc-rg100\/#breadcrumb","itemListElement":[{"@type":"ListItem","position":1,"name":"Home","item":"https:\/\/hdotrade.com\/"},{"@type":"ListItem","position":2,"name":"Shop","item":"https:\/\/hdotrade.com\/shop\/"},{"@type":"ListItem","position":3,"name":"HALLDE 12MM (15\/32&#8243;) VEGETABLE CUTTER SOFT SLICER DISC RG100"}]},{"@type":"WebSite","@id":"https:\/\/hdotrade.com\/#website","url":"https:\/\/hdotrade.com\/","name":"HDO Global Trade","description":"Online store","publisher":{"@id":"https:\/\/hdotrade.com\/#organization"},"potentialAction":[{"@type":"SearchAction","target":{"@type":"EntryPoint","urlTemplate":"https:\/\/hdotrade.com\/?s={search_term_string}"},"query-input":{"@type":"PropertyValueSpecification","valueRequired":true,"valueName":"search_term_string"}}],"inLanguage":"fr-FR"},{"@type":"Organization","@id":"https:\/\/hdotrade.com\/#organization","name":"HDO Global Trade","url":"https:\/\/hdotrade.com\/","logo":{"@type":"ImageObject","inLanguage":"fr-FR","@id":"https:\/\/hdotrade.com\/#\/schema\/logo\/image\/","url":"https:\/\/hdotrade.com\/wp-content\/uploads\/2021\/06\/cropped-cropped-HDO-FINAL-LOGO.png","contentUrl":"https:\/\/hdotrade.com\/wp-content\/uploads\/2021\/06\/cropped-cropped-HDO-FINAL-LOGO.png","width":512,"height":511,"caption":"HDO Global Trade"},"image":{"@id":"https:\/\/hdotrade.com\/#\/schema\/logo\/image\/"}}]}},"_links":{"self":[{"href":"https:\/\/hdotrade.com\/fr\/wp-json\/wp\/v2\/product\/14195","targetHints":{"allow":["GET"]}}],"collection":[{"href":"https:\/\/hdotrade.com\/fr\/wp-json\/wp\/v2\/product"}],"about":[{"href":"https:\/\/hdotrade.com\/fr\/wp-json\/wp\/v2\/types\/product"}],"version-history":[{"count":7,"href":"https:\/\/hdotrade.com\/fr\/wp-json\/wp\/v2\/product\/14195\/revisions"}],"predecessor-version":[{"id":14198,"href":"https:\/\/hdotrade.com\/fr\/wp-json\/wp\/v2\/product\/14195\/revisions\/14198"}],"wp:featuredmedia":[{"embeddable":true,"href":"https:\/\/hdotrade.com\/fr\/wp-json\/wp\/v2\/media\/18163"}],"wp:attachment":[{"href":"https:\/\/hdotrade.com\/fr\/wp-json\/wp\/v2\/media?parent=14195"}],"wp:term":[{"taxonomy":"product_cat","embeddable":true,"href":"https:\/\/hdotrade.com\/fr\/wp-json\/wp\/v2\/product_cat?post=14195"},{"taxonomy":"product_tag","embeddable":true,"href":"https:\/\/hdotrade.com\/fr\/wp-json\/wp\/v2\/product_tag?post=14195"}],"curies":[{"name":"wp","href":"https:\/\/api.w.org\/{rel}","templated":true}]}}