{"id":14201,"date":"2022-09-06T19:28:35","date_gmt":"2022-09-06T19:28:35","guid":{"rendered":"http:\/\/hdotrade.com\/?post_type=product&#038;p=14201"},"modified":"2025-08-15T10:01:09","modified_gmt":"2025-08-15T10:01:09","slug":"14201","status":"publish","type":"product","link":"https:\/\/hdotrade.com\/fr\/produit\/14201\/","title":{"rendered":"COUPE DE L\u00c9GUMES HALLDE GRILLE DE COUPE DE L\u00c9GUMES 10MM (3\/8\u00a0\u00bb)"},"content":{"rendered":"<p>COUPE DE L\u00c9GUMES HALLDE GRILLE DE COUPE DE L\u00c9GUMES 10MM (3\/8\u00a0\u00bb)<\/p>\n<p>UTILISATION SUR HELLDE MACHINE \u2013 RG50 , RG100 , RG200 , RG250<\/p>\n<p>Pi\u00e8ces d\u00e9tach\u00e9es Hallde -83292<\/p>\n<p>HALLDE CORTADOR DE LEGUMES 10MM (3\/8&#8243;) GRELHA DE CORTE DE LEGUMES<\/p>","protected":false},"excerpt":{"rendered":"<p>HALLDE VEGETABLE CUTTER 10MM (3\/8&#8243;) VEGETABLE CUTTER DICING GRID USE ON HELLDE MACHINE &#8211; RG50 , RG100 , RG200 , RG250 Hallde spare parts -83292 HALLDE CORTADOR DE LEGUMES 10MM (3\/8&#8243;) GRELHA DE CORTE DE LEGUMES<\/p>","protected":false},"featured_media":14492,"template":"","meta":[],"product_cat":[219],"product_tag":[],"class_list":{"0":"post-14201","1":"product","2":"type-product","3":"status-publish","4":"has-post-thumbnail","6":"product_cat-hdo-global","8":"first","9":"instock","10":"taxable","11":"shipping-taxable","12":"product-type-simple"},"acf":[],"yoast_head":"<!-- This site is optimized with the Yoast SEO plugin v24.1 - https:\/\/yoast.com\/wordpress\/plugins\/seo\/ -->\n<title>HALLDE VEGETABLE CUTTER 10MM (3\/8&quot;) VEGETABLE CUTTER DICING GRID - HDO Global Trade<\/title>\n<meta name=\"description\" content=\"HALLDE 10MM (3\/8&quot;) VEGETABLE CUTTER DICING GRID USE ON HELLDE MACHINE - RG50 RG100 RG200 RG250 SUITABLE FOR HOBART MACHINE FP100 FP150 FP250\" \/>\n<meta name=\"robots\" content=\"index, follow, max-snippet:-1, max-image-preview:large, max-video-preview:-1\" \/>\n<link rel=\"canonical\" href=\"https:\/\/hdotrade.com\/fr\/produit\/14201\/\" \/>\n<meta property=\"og:locale\" content=\"fr_FR\" \/>\n<meta property=\"og:type\" content=\"article\" \/>\n<meta property=\"og:title\" content=\"HALLDE VEGETABLE CUTTER 10MM (3\/8&quot;) VEGETABLE CUTTER DICING GRID - HDO Global Trade\" \/>\n<meta property=\"og:description\" content=\"HALLDE 10MM (3\/8&quot;) VEGETABLE CUTTER DICING GRID USE ON HELLDE MACHINE - RG50 RG100 RG200 RG250 SUITABLE FOR HOBART MACHINE FP100 FP150 FP250\" \/>\n<meta property=\"og:url\" content=\"https:\/\/hdotrade.com\/fr\/produit\/14201\/\" \/>\n<meta property=\"og:site_name\" content=\"HDO Global Trade\" \/>\n<meta property=\"article:modified_time\" content=\"2025-08-15T10:01:09+00:00\" \/>\n<meta property=\"og:image\" content=\"https:\/\/hdotrade.com\/wp-content\/uploads\/2022\/09\/HALLDE-10MM-38-VEGETABLE-CUTTER-DICING-GRID.png\" \/>\n\t<meta property=\"og:image:width\" content=\"700\" \/>\n\t<meta property=\"og:image:height\" content=\"700\" \/>\n\t<meta property=\"og:image:type\" content=\"image\/png\" \/>\n<meta name=\"twitter:card\" content=\"summary_large_image\" \/>\n<meta name=\"twitter:label1\" content=\"Dur\u00e9e de lecture estim\u00e9e\" \/>\n\t<meta name=\"twitter:data1\" content=\"1 minute\" \/>\n<script type=\"application\/ld+json\" class=\"yoast-schema-graph\">{\"@context\":\"https:\/\/schema.org\",\"@graph\":[{\"@type\":\"WebPage\",\"@id\":\"https:\/\/hdotrade.com\/product\/14201\/\",\"url\":\"https:\/\/hdotrade.com\/product\/14201\/\",\"name\":\"HALLDE VEGETABLE CUTTER 10MM (3\/8\\\") VEGETABLE CUTTER DICING GRID - HDO Global Trade\",\"isPartOf\":{\"@id\":\"https:\/\/hdotrade.com\/#website\"},\"primaryImageOfPage\":{\"@id\":\"https:\/\/hdotrade.com\/product\/14201\/#primaryimage\"},\"image\":{\"@id\":\"https:\/\/hdotrade.com\/product\/14201\/#primaryimage\"},\"thumbnailUrl\":\"https:\/\/hdotrade.com\/wp-content\/uploads\/2022\/09\/HALLDE-10MM-38-VEGETABLE-CUTTER-DICING-GRID.png\",\"datePublished\":\"2022-09-06T19:28:35+00:00\",\"dateModified\":\"2025-08-15T10:01:09+00:00\",\"description\":\"HALLDE 10MM (3\/8\\\") VEGETABLE CUTTER DICING GRID USE ON HELLDE MACHINE - RG50 RG100 RG200 RG250 SUITABLE FOR HOBART MACHINE FP100 FP150 FP250\",\"breadcrumb\":{\"@id\":\"https:\/\/hdotrade.com\/product\/14201\/#breadcrumb\"},\"inLanguage\":\"fr-FR\",\"potentialAction\":[{\"@type\":\"ReadAction\",\"target\":[\"https:\/\/hdotrade.com\/product\/14201\/\"]}]},{\"@type\":\"ImageObject\",\"inLanguage\":\"fr-FR\",\"@id\":\"https:\/\/hdotrade.com\/product\/14201\/#primaryimage\",\"url\":\"https:\/\/hdotrade.com\/wp-content\/uploads\/2022\/09\/HALLDE-10MM-38-VEGETABLE-CUTTER-DICING-GRID.png\",\"contentUrl\":\"https:\/\/hdotrade.com\/wp-content\/uploads\/2022\/09\/HALLDE-10MM-38-VEGETABLE-CUTTER-DICING-GRID.png\",\"width\":700,\"height\":700,\"caption\":\"HALLDE 10MM (38) VEGETABLE CUTTER DICING GRID\"},{\"@type\":\"BreadcrumbList\",\"@id\":\"https:\/\/hdotrade.com\/product\/14201\/#breadcrumb\",\"itemListElement\":[{\"@type\":\"ListItem\",\"position\":1,\"name\":\"Home\",\"item\":\"https:\/\/hdotrade.com\/\"},{\"@type\":\"ListItem\",\"position\":2,\"name\":\"Shop\",\"item\":\"https:\/\/hdotrade.com\/shop\/\"},{\"@type\":\"ListItem\",\"position\":3,\"name\":\"HALLDE VEGETABLE CUTTER 10MM (3\/8&#8243;) VEGETABLE CUTTER DICING GRID\"}]},{\"@type\":\"WebSite\",\"@id\":\"https:\/\/hdotrade.com\/#website\",\"url\":\"https:\/\/hdotrade.com\/\",\"name\":\"HDO Global Trade\",\"description\":\"Online store\",\"publisher\":{\"@id\":\"https:\/\/hdotrade.com\/#organization\"},\"potentialAction\":[{\"@type\":\"SearchAction\",\"target\":{\"@type\":\"EntryPoint\",\"urlTemplate\":\"https:\/\/hdotrade.com\/?s={search_term_string}\"},\"query-input\":{\"@type\":\"PropertyValueSpecification\",\"valueRequired\":true,\"valueName\":\"search_term_string\"}}],\"inLanguage\":\"fr-FR\"},{\"@type\":\"Organization\",\"@id\":\"https:\/\/hdotrade.com\/#organization\",\"name\":\"HDO Global Trade\",\"url\":\"https:\/\/hdotrade.com\/\",\"logo\":{\"@type\":\"ImageObject\",\"inLanguage\":\"fr-FR\",\"@id\":\"https:\/\/hdotrade.com\/#\/schema\/logo\/image\/\",\"url\":\"https:\/\/hdotrade.com\/wp-content\/uploads\/2021\/06\/cropped-cropped-HDO-FINAL-LOGO.png\",\"contentUrl\":\"https:\/\/hdotrade.com\/wp-content\/uploads\/2021\/06\/cropped-cropped-HDO-FINAL-LOGO.png\",\"width\":512,\"height\":511,\"caption\":\"HDO Global Trade\"},\"image\":{\"@id\":\"https:\/\/hdotrade.com\/#\/schema\/logo\/image\/\"}}]}<\/script>\n<!-- \/ Yoast SEO plugin. -->","yoast_head_json":{"title":"HALLDE VEGETABLE CUTTER 10MM (3\/8\") VEGETABLE CUTTER DICING GRID - HDO Global Trade","description":"HALLDE 10MM (3\/8\") VEGETABLE CUTTER DICING GRID USE ON HELLDE MACHINE - RG50 RG100 RG200 RG250 SUITABLE FOR HOBART MACHINE FP100 FP150 FP250","robots":{"index":"index","follow":"follow","max-snippet":"max-snippet:-1","max-image-preview":"max-image-preview:large","max-video-preview":"max-video-preview:-1"},"canonical":"https:\/\/hdotrade.com\/fr\/produit\/14201\/","og_locale":"fr_FR","og_type":"article","og_title":"HALLDE VEGETABLE CUTTER 10MM (3\/8\") VEGETABLE CUTTER DICING GRID - HDO Global Trade","og_description":"HALLDE 10MM (3\/8\") VEGETABLE CUTTER DICING GRID USE ON HELLDE MACHINE - RG50 RG100 RG200 RG250 SUITABLE FOR HOBART MACHINE FP100 FP150 FP250","og_url":"https:\/\/hdotrade.com\/fr\/produit\/14201\/","og_site_name":"HDO Global Trade","article_modified_time":"2025-08-15T10:01:09+00:00","og_image":[{"width":700,"height":700,"url":"https:\/\/hdotrade.com\/wp-content\/uploads\/2022\/09\/HALLDE-10MM-38-VEGETABLE-CUTTER-DICING-GRID.png","type":"image\/png"}],"twitter_card":"summary_large_image","twitter_misc":{"Dur\u00e9e de lecture estim\u00e9e":"1 minute"},"schema":{"@context":"https:\/\/schema.org","@graph":[{"@type":"WebPage","@id":"https:\/\/hdotrade.com\/product\/14201\/","url":"https:\/\/hdotrade.com\/product\/14201\/","name":"HALLDE VEGETABLE CUTTER 10MM (3\/8\") VEGETABLE CUTTER DICING GRID - HDO Global Trade","isPartOf":{"@id":"https:\/\/hdotrade.com\/#website"},"primaryImageOfPage":{"@id":"https:\/\/hdotrade.com\/product\/14201\/#primaryimage"},"image":{"@id":"https:\/\/hdotrade.com\/product\/14201\/#primaryimage"},"thumbnailUrl":"https:\/\/hdotrade.com\/wp-content\/uploads\/2022\/09\/HALLDE-10MM-38-VEGETABLE-CUTTER-DICING-GRID.png","datePublished":"2022-09-06T19:28:35+00:00","dateModified":"2025-08-15T10:01:09+00:00","description":"HALLDE 10MM (3\/8\") VEGETABLE CUTTER DICING GRID USE ON HELLDE MACHINE - RG50 RG100 RG200 RG250 SUITABLE FOR HOBART MACHINE FP100 FP150 FP250","breadcrumb":{"@id":"https:\/\/hdotrade.com\/product\/14201\/#breadcrumb"},"inLanguage":"fr-FR","potentialAction":[{"@type":"ReadAction","target":["https:\/\/hdotrade.com\/product\/14201\/"]}]},{"@type":"ImageObject","inLanguage":"fr-FR","@id":"https:\/\/hdotrade.com\/product\/14201\/#primaryimage","url":"https:\/\/hdotrade.com\/wp-content\/uploads\/2022\/09\/HALLDE-10MM-38-VEGETABLE-CUTTER-DICING-GRID.png","contentUrl":"https:\/\/hdotrade.com\/wp-content\/uploads\/2022\/09\/HALLDE-10MM-38-VEGETABLE-CUTTER-DICING-GRID.png","width":700,"height":700,"caption":"HALLDE 10MM (38) VEGETABLE CUTTER DICING GRID"},{"@type":"BreadcrumbList","@id":"https:\/\/hdotrade.com\/product\/14201\/#breadcrumb","itemListElement":[{"@type":"ListItem","position":1,"name":"Home","item":"https:\/\/hdotrade.com\/"},{"@type":"ListItem","position":2,"name":"Shop","item":"https:\/\/hdotrade.com\/shop\/"},{"@type":"ListItem","position":3,"name":"HALLDE VEGETABLE CUTTER 10MM (3\/8&#8243;) VEGETABLE CUTTER DICING GRID"}]},{"@type":"WebSite","@id":"https:\/\/hdotrade.com\/#website","url":"https:\/\/hdotrade.com\/","name":"HDO Global Trade","description":"Online store","publisher":{"@id":"https:\/\/hdotrade.com\/#organization"},"potentialAction":[{"@type":"SearchAction","target":{"@type":"EntryPoint","urlTemplate":"https:\/\/hdotrade.com\/?s={search_term_string}"},"query-input":{"@type":"PropertyValueSpecification","valueRequired":true,"valueName":"search_term_string"}}],"inLanguage":"fr-FR"},{"@type":"Organization","@id":"https:\/\/hdotrade.com\/#organization","name":"HDO Global Trade","url":"https:\/\/hdotrade.com\/","logo":{"@type":"ImageObject","inLanguage":"fr-FR","@id":"https:\/\/hdotrade.com\/#\/schema\/logo\/image\/","url":"https:\/\/hdotrade.com\/wp-content\/uploads\/2021\/06\/cropped-cropped-HDO-FINAL-LOGO.png","contentUrl":"https:\/\/hdotrade.com\/wp-content\/uploads\/2021\/06\/cropped-cropped-HDO-FINAL-LOGO.png","width":512,"height":511,"caption":"HDO Global Trade"},"image":{"@id":"https:\/\/hdotrade.com\/#\/schema\/logo\/image\/"}}]}},"_links":{"self":[{"href":"https:\/\/hdotrade.com\/fr\/wp-json\/wp\/v2\/product\/14201","targetHints":{"allow":["GET"]}}],"collection":[{"href":"https:\/\/hdotrade.com\/fr\/wp-json\/wp\/v2\/product"}],"about":[{"href":"https:\/\/hdotrade.com\/fr\/wp-json\/wp\/v2\/types\/product"}],"version-history":[{"count":12,"href":"https:\/\/hdotrade.com\/fr\/wp-json\/wp\/v2\/product\/14201\/revisions"}],"predecessor-version":[{"id":18015,"href":"https:\/\/hdotrade.com\/fr\/wp-json\/wp\/v2\/product\/14201\/revisions\/18015"}],"wp:featuredmedia":[{"embeddable":true,"href":"https:\/\/hdotrade.com\/fr\/wp-json\/wp\/v2\/media\/14492"}],"wp:attachment":[{"href":"https:\/\/hdotrade.com\/fr\/wp-json\/wp\/v2\/media?parent=14201"}],"wp:term":[{"taxonomy":"product_cat","embeddable":true,"href":"https:\/\/hdotrade.com\/fr\/wp-json\/wp\/v2\/product_cat?post=14201"},{"taxonomy":"product_tag","embeddable":true,"href":"https:\/\/hdotrade.com\/fr\/wp-json\/wp\/v2\/product_tag?post=14201"}],"curies":[{"name":"wp","href":"https:\/\/api.w.org\/{rel}","templated":true}]}}