{"id":14216,"date":"2022-09-06T19:52:19","date_gmt":"2022-09-06T19:52:19","guid":{"rendered":"http:\/\/hdotrade.com\/?post_type=product&#038;p=14216"},"modified":"2025-08-15T10:24:02","modified_gmt":"2025-08-15T10:24:02","slug":"hallde-12mm-15-32-vegetable-cutter-dicing-grid-low-12x12mm","status":"publish","type":"product","link":"https:\/\/hdotrade.com\/fr\/produit\/hallde-12mm-15-32-vegetable-cutter-dicing-grid-low-12x12mm\/","title":{"rendered":"HALLDE 12MM (15\/32\u00a0\u00bb) GRILLE DE COUPE DE L\u00c9GUMES BASSE 12X12MM"},"content":{"rendered":"<p>Hellde Slices soft For vegetables, fruits, mushrooms etc. Preferably used<br \/>\nlors du d\u00e9coupage en d\u00e9s de produits mous, en combinaison avec un d\u00e9s appropri\u00e9<br \/>\nGrid.<\/p>\n<p>USE ON HALLDE MACHINE &#8211; RG100 , RG50<\/p>\n<p>HALLDE 12MM (15\/32&#8243;) CORTADOR DE VEGATAIS ,GRELHA DE CORTE BAIXA 12X12MM<\/p>","protected":false},"excerpt":{"rendered":"<p>Hellde Slices soft For vegetables, fruits, mushrooms etc. Preferably used when dicing soft products, in combination with a suitable Dicing Grid. USE ON HALLDE MACHINE &#8211; RG100 , RG50 HALLDE 12MM (15\/32&#8243;) CORTADOR DE VEGATAIS ,GRELHA DE CORTE BAIXA 12X12MM<\/p>","protected":false},"featured_media":0,"template":"","meta":[],"product_cat":[16],"product_tag":[],"class_list":{"0":"post-14216","1":"product","2":"type-product","3":"status-publish","5":"product_cat-sem-categoria","7":"first","8":"instock","9":"taxable","10":"shipping-taxable","11":"product-type-simple"},"acf":[],"yoast_head":"<!-- This site is optimized with the Yoast SEO plugin v24.1 - https:\/\/yoast.com\/wordpress\/plugins\/seo\/ -->\n<title>HALLDE 12MM (15\/32&quot;) VEGETABLE CUTTER DICING GRID LOW 12X12MM - HDO Global Trade<\/title>\n<meta name=\"robots\" content=\"index, follow, max-snippet:-1, max-image-preview:large, max-video-preview:-1\" \/>\n<link rel=\"canonical\" href=\"https:\/\/hdotrade.com\/fr\/produit\/hallde-12mm-15-32-vegetable-cutter-dicing-grid-low-12x12mm\/\" \/>\n<meta property=\"og:locale\" content=\"fr_FR\" \/>\n<meta property=\"og:type\" content=\"article\" \/>\n<meta property=\"og:title\" content=\"HALLDE 12MM (15\/32&quot;) VEGETABLE CUTTER DICING GRID LOW 12X12MM - HDO Global Trade\" \/>\n<meta property=\"og:description\" content=\"Hellde Slices soft For vegetables, fruits, mushrooms etc. Preferably used when dicing soft products, in combination with a suitable Dicing Grid. USE ON HALLDE MACHINE &#8211; RG100 , RG50 HALLDE 12MM (15\/32&#8243;) CORTADOR DE VEGATAIS ,GRELHA DE CORTE BAIXA 12X12MM\" \/>\n<meta property=\"og:url\" content=\"https:\/\/hdotrade.com\/fr\/produit\/hallde-12mm-15-32-vegetable-cutter-dicing-grid-low-12x12mm\/\" \/>\n<meta property=\"og:site_name\" content=\"HDO Global Trade\" \/>\n<meta property=\"article:modified_time\" content=\"2025-08-15T10:24:02+00:00\" \/>\n<meta name=\"twitter:card\" content=\"summary_large_image\" \/>\n<meta name=\"twitter:label1\" content=\"Dur\u00e9e de lecture estim\u00e9e\" \/>\n\t<meta name=\"twitter:data1\" content=\"1 minute\" \/>\n<script type=\"application\/ld+json\" class=\"yoast-schema-graph\">{\"@context\":\"https:\/\/schema.org\",\"@graph\":[{\"@type\":\"WebPage\",\"@id\":\"https:\/\/hdotrade.com\/product\/hallde-12mm-15-32-vegetable-cutter-dicing-grid-low-12x12mm\/\",\"url\":\"https:\/\/hdotrade.com\/product\/hallde-12mm-15-32-vegetable-cutter-dicing-grid-low-12x12mm\/\",\"name\":\"HALLDE 12MM (15\/32\\\") VEGETABLE CUTTER DICING GRID LOW 12X12MM - HDO Global Trade\",\"isPartOf\":{\"@id\":\"https:\/\/hdotrade.com\/#website\"},\"datePublished\":\"2022-09-06T19:52:19+00:00\",\"dateModified\":\"2025-08-15T10:24:02+00:00\",\"breadcrumb\":{\"@id\":\"https:\/\/hdotrade.com\/product\/hallde-12mm-15-32-vegetable-cutter-dicing-grid-low-12x12mm\/#breadcrumb\"},\"inLanguage\":\"fr-FR\",\"potentialAction\":[{\"@type\":\"ReadAction\",\"target\":[\"https:\/\/hdotrade.com\/product\/hallde-12mm-15-32-vegetable-cutter-dicing-grid-low-12x12mm\/\"]}]},{\"@type\":\"BreadcrumbList\",\"@id\":\"https:\/\/hdotrade.com\/product\/hallde-12mm-15-32-vegetable-cutter-dicing-grid-low-12x12mm\/#breadcrumb\",\"itemListElement\":[{\"@type\":\"ListItem\",\"position\":1,\"name\":\"Home\",\"item\":\"https:\/\/hdotrade.com\/\"},{\"@type\":\"ListItem\",\"position\":2,\"name\":\"Shop\",\"item\":\"https:\/\/hdotrade.com\/shop\/\"},{\"@type\":\"ListItem\",\"position\":3,\"name\":\"HALLDE 12MM (15\/32&#8243;) VEGETABLE CUTTER DICING GRID LOW 12X12MM\"}]},{\"@type\":\"WebSite\",\"@id\":\"https:\/\/hdotrade.com\/#website\",\"url\":\"https:\/\/hdotrade.com\/\",\"name\":\"HDO Global Trade\",\"description\":\"Online store\",\"publisher\":{\"@id\":\"https:\/\/hdotrade.com\/#organization\"},\"potentialAction\":[{\"@type\":\"SearchAction\",\"target\":{\"@type\":\"EntryPoint\",\"urlTemplate\":\"https:\/\/hdotrade.com\/?s={search_term_string}\"},\"query-input\":{\"@type\":\"PropertyValueSpecification\",\"valueRequired\":true,\"valueName\":\"search_term_string\"}}],\"inLanguage\":\"fr-FR\"},{\"@type\":\"Organization\",\"@id\":\"https:\/\/hdotrade.com\/#organization\",\"name\":\"HDO Global Trade\",\"url\":\"https:\/\/hdotrade.com\/\",\"logo\":{\"@type\":\"ImageObject\",\"inLanguage\":\"fr-FR\",\"@id\":\"https:\/\/hdotrade.com\/#\/schema\/logo\/image\/\",\"url\":\"https:\/\/hdotrade.com\/wp-content\/uploads\/2021\/06\/cropped-cropped-HDO-FINAL-LOGO.png\",\"contentUrl\":\"https:\/\/hdotrade.com\/wp-content\/uploads\/2021\/06\/cropped-cropped-HDO-FINAL-LOGO.png\",\"width\":512,\"height\":511,\"caption\":\"HDO Global Trade\"},\"image\":{\"@id\":\"https:\/\/hdotrade.com\/#\/schema\/logo\/image\/\"}}]}<\/script>\n<!-- \/ Yoast SEO plugin. -->","yoast_head_json":{"title":"HALLDE 12MM (15\/32\") VEGETABLE CUTTER DICING GRID LOW 12X12MM - HDO Global Trade","robots":{"index":"index","follow":"follow","max-snippet":"max-snippet:-1","max-image-preview":"max-image-preview:large","max-video-preview":"max-video-preview:-1"},"canonical":"https:\/\/hdotrade.com\/fr\/produit\/hallde-12mm-15-32-vegetable-cutter-dicing-grid-low-12x12mm\/","og_locale":"fr_FR","og_type":"article","og_title":"HALLDE 12MM (15\/32\") VEGETABLE CUTTER DICING GRID LOW 12X12MM - HDO Global Trade","og_description":"Hellde Slices soft For vegetables, fruits, mushrooms etc. Preferably used when dicing soft products, in combination with a suitable Dicing Grid. USE ON HALLDE MACHINE &#8211; RG100 , RG50 HALLDE 12MM (15\/32&#8243;) CORTADOR DE VEGATAIS ,GRELHA DE CORTE BAIXA 12X12MM","og_url":"https:\/\/hdotrade.com\/fr\/produit\/hallde-12mm-15-32-vegetable-cutter-dicing-grid-low-12x12mm\/","og_site_name":"HDO Global Trade","article_modified_time":"2025-08-15T10:24:02+00:00","twitter_card":"summary_large_image","twitter_misc":{"Dur\u00e9e de lecture estim\u00e9e":"1 minute"},"schema":{"@context":"https:\/\/schema.org","@graph":[{"@type":"WebPage","@id":"https:\/\/hdotrade.com\/product\/hallde-12mm-15-32-vegetable-cutter-dicing-grid-low-12x12mm\/","url":"https:\/\/hdotrade.com\/product\/hallde-12mm-15-32-vegetable-cutter-dicing-grid-low-12x12mm\/","name":"HALLDE 12MM (15\/32\") VEGETABLE CUTTER DICING GRID LOW 12X12MM - HDO Global Trade","isPartOf":{"@id":"https:\/\/hdotrade.com\/#website"},"datePublished":"2022-09-06T19:52:19+00:00","dateModified":"2025-08-15T10:24:02+00:00","breadcrumb":{"@id":"https:\/\/hdotrade.com\/product\/hallde-12mm-15-32-vegetable-cutter-dicing-grid-low-12x12mm\/#breadcrumb"},"inLanguage":"fr-FR","potentialAction":[{"@type":"ReadAction","target":["https:\/\/hdotrade.com\/product\/hallde-12mm-15-32-vegetable-cutter-dicing-grid-low-12x12mm\/"]}]},{"@type":"BreadcrumbList","@id":"https:\/\/hdotrade.com\/product\/hallde-12mm-15-32-vegetable-cutter-dicing-grid-low-12x12mm\/#breadcrumb","itemListElement":[{"@type":"ListItem","position":1,"name":"Home","item":"https:\/\/hdotrade.com\/"},{"@type":"ListItem","position":2,"name":"Shop","item":"https:\/\/hdotrade.com\/shop\/"},{"@type":"ListItem","position":3,"name":"HALLDE 12MM (15\/32&#8243;) VEGETABLE CUTTER DICING GRID LOW 12X12MM"}]},{"@type":"WebSite","@id":"https:\/\/hdotrade.com\/#website","url":"https:\/\/hdotrade.com\/","name":"HDO Global Trade","description":"Online store","publisher":{"@id":"https:\/\/hdotrade.com\/#organization"},"potentialAction":[{"@type":"SearchAction","target":{"@type":"EntryPoint","urlTemplate":"https:\/\/hdotrade.com\/?s={search_term_string}"},"query-input":{"@type":"PropertyValueSpecification","valueRequired":true,"valueName":"search_term_string"}}],"inLanguage":"fr-FR"},{"@type":"Organization","@id":"https:\/\/hdotrade.com\/#organization","name":"HDO Global Trade","url":"https:\/\/hdotrade.com\/","logo":{"@type":"ImageObject","inLanguage":"fr-FR","@id":"https:\/\/hdotrade.com\/#\/schema\/logo\/image\/","url":"https:\/\/hdotrade.com\/wp-content\/uploads\/2021\/06\/cropped-cropped-HDO-FINAL-LOGO.png","contentUrl":"https:\/\/hdotrade.com\/wp-content\/uploads\/2021\/06\/cropped-cropped-HDO-FINAL-LOGO.png","width":512,"height":511,"caption":"HDO Global Trade"},"image":{"@id":"https:\/\/hdotrade.com\/#\/schema\/logo\/image\/"}}]}},"_links":{"self":[{"href":"https:\/\/hdotrade.com\/fr\/wp-json\/wp\/v2\/product\/14216","targetHints":{"allow":["GET"]}}],"collection":[{"href":"https:\/\/hdotrade.com\/fr\/wp-json\/wp\/v2\/product"}],"about":[{"href":"https:\/\/hdotrade.com\/fr\/wp-json\/wp\/v2\/types\/product"}],"version-history":[{"count":5,"href":"https:\/\/hdotrade.com\/fr\/wp-json\/wp\/v2\/product\/14216\/revisions"}],"predecessor-version":[{"id":18012,"href":"https:\/\/hdotrade.com\/fr\/wp-json\/wp\/v2\/product\/14216\/revisions\/18012"}],"wp:attachment":[{"href":"https:\/\/hdotrade.com\/fr\/wp-json\/wp\/v2\/media?parent=14216"}],"wp:term":[{"taxonomy":"product_cat","embeddable":true,"href":"https:\/\/hdotrade.com\/fr\/wp-json\/wp\/v2\/product_cat?post=14216"},{"taxonomy":"product_tag","embeddable":true,"href":"https:\/\/hdotrade.com\/fr\/wp-json\/wp\/v2\/product_tag?post=14216"}],"curies":[{"name":"wp","href":"https:\/\/api.w.org\/{rel}","templated":true}]}}