{"id":15720,"date":"2022-10-30T11:26:25","date_gmt":"2022-10-30T11:26:25","guid":{"rendered":"https:\/\/hdotrade.com\/?post_type=product&#038;p=15720"},"modified":"2023-03-13T12:33:35","modified_gmt":"2023-03-13T12:33:35","slug":"hallde-vegetable-preparation-machine-rg250-diwash","status":"publish","type":"product","link":"https:\/\/hdotrade.com\/fr\/produit\/hallde-vegetable-preparation-machine-rg250-diwash\/","title":{"rendered":"HALLDE MACHINE DE PR\u00c9PARATION DE L\u00c9GUMES RG250 DIWASH"},"content":{"rendered":"<p class=\"preamble\">Machine de pr\u00e9paration de l\u00e9gumes RG-250 diwash traite jusqu\u2019\u00e0 1000 portions par jour \/<br \/>\n10 kg par minute. La machine tranche, r\u00e2pe, d\u00e9chiquette, coupe en d\u00e9s la julienne, les tranches \u00e0 sertir et les croustilles dans une vari\u00e9t\u00e9 de dimensions<\/p>\n<p>Toutes les pi\u00e8ces amovibles du rg250 diwash vont au lave-vaisselle<\/p>\n<p>&nbsp;<\/p>\n<ul>\n<li>Les outils de coupe pour le diwash RG-250 sont en acier inoxydable et ont des lames de couteaux rempla\u00e7ables<\/li>\n<li>Les outils de coupe font des coupes pr\u00e9cises et nettes<\/li>\n<li>La machine a un grand cylindre d\u2019alimentation en forme de pleine lune<\/li>\n<li>Les pi\u00e8ces de lavage avec rev\u00eatement brevet\u00e9<br \/>\nActivation du lavage de la vaisselle en machine<\/li>\n<li>Les pi\u00e8ces de lavage, dans les zones alimentaires, ont une surface lisse qui se traduit par un frottement minimal<\/li>\n<li>L\u2019utilisation du DIWASH RG-250 permet de gagner beaucoup de temps<\/li>\n<li>La conception de la poign\u00e9e donne un effet de levier<br \/>\neffect, Ergo-loop<\/li>\n<li>La fonction de d\u00e9marrage\/arr\u00eat efficace permet une alimentation continue<\/li>\n<li>RG-250 diwash a une conception inclin\u00e9e qui le rend facile \u00e0 alimenter<\/li>\n<li>Le chargeur tubulaire int\u00e9gr\u00e9 est utilis\u00e9 lors de la coupe de produits \u00e9tir\u00e9s tels que le concombre et le poireau.<\/li>\n<li>La machine rend la pr\u00e9paration rapide et tr\u00e8s facile \u00e0 nettoyer.<\/li>\n<li>Il est \u00e9quip\u00e9 de poign\u00e9es qui permettent un d\u00e9placement facile<\/li>\n<li>Adecuado en una mesa de m\u00e1quina<\/li>\n<li>S\u00e9curit\u00e9 exemplaire<\/li>\n<li>Machine robuste \u00e0 usage intensif<\/li>\n<\/ul>\n<p>HALLDE\u00a0 M\u00c1QUINA DE PREPARA\u00c7\u00c3O DE VEGETAIS\u00a0 RG250 DIWASH<\/p>","protected":false},"excerpt":{"rendered":"<p>Vegetable Preparation Machine RG-250 diwash processes up to 1000 portions per day\/ 10 kg per minute. The machine slices, grates, shreds, dices cuts julienne, crimping slices and potato chips in a variety of dimensions All removable parts of the rg250 diwash are dishwasher safe &nbsp; Cutting tools for RG-250 diwash are made of Stainless steel [&hellip;]<\/p>","protected":false},"featured_media":15723,"template":"","meta":[],"product_cat":[219],"product_tag":[],"class_list":{"0":"post-15720","1":"product","2":"type-product","3":"status-publish","4":"has-post-thumbnail","6":"product_cat-hdo-global","8":"first","9":"instock","10":"taxable","11":"shipping-taxable","12":"product-type-simple"},"acf":[],"yoast_head":"<!-- This site is optimized with the Yoast SEO plugin v24.1 - https:\/\/yoast.com\/wordpress\/plugins\/seo\/ -->\n<title>HALLDE VEGETABLE PREPARATION MACHINE RG250 DIWASH - HDO Global Trade<\/title>\n<meta name=\"description\" content=\"HALLDE VEGETABLE PREPARATION MACHINE RG250 VEGETABLE CUTTER HALLDE RG250 SEE OUR COMPLETE LINE FOR HALLDE VEGETABLE CUTTER SPARE PARTS DISCS\" \/>\n<meta name=\"robots\" content=\"index, follow, max-snippet:-1, max-image-preview:large, max-video-preview:-1\" \/>\n<link rel=\"canonical\" href=\"https:\/\/hdotrade.com\/fr\/produit\/hallde-vegetable-preparation-machine-rg250-diwash\/\" \/>\n<meta property=\"og:locale\" content=\"fr_FR\" \/>\n<meta property=\"og:type\" content=\"article\" \/>\n<meta property=\"og:title\" content=\"HALLDE VEGETABLE PREPARATION MACHINE RG250 DIWASH - HDO Global Trade\" \/>\n<meta property=\"og:description\" content=\"HALLDE VEGETABLE PREPARATION MACHINE RG250 VEGETABLE CUTTER HALLDE RG250 SEE OUR COMPLETE LINE FOR HALLDE VEGETABLE CUTTER SPARE PARTS DISCS\" \/>\n<meta property=\"og:url\" content=\"https:\/\/hdotrade.com\/fr\/produit\/hallde-vegetable-preparation-machine-rg250-diwash\/\" \/>\n<meta property=\"og:site_name\" content=\"HDO Global Trade\" \/>\n<meta property=\"article:modified_time\" content=\"2023-03-13T12:33:35+00:00\" \/>\n<meta property=\"og:image\" content=\"https:\/\/hdotrade.com\/wp-content\/uploads\/2022\/10\/HALLDE-VEGETABLE-PREPARATION-MACHINE-RG250-DIWASH.png\" \/>\n\t<meta property=\"og:image:width\" content=\"700\" \/>\n\t<meta property=\"og:image:height\" content=\"700\" \/>\n\t<meta property=\"og:image:type\" content=\"image\/png\" \/>\n<meta name=\"twitter:card\" content=\"summary_large_image\" \/>\n<meta name=\"twitter:label1\" content=\"Dur\u00e9e de lecture estim\u00e9e\" \/>\n\t<meta name=\"twitter:data1\" content=\"1 minute\" \/>\n<script type=\"application\/ld+json\" class=\"yoast-schema-graph\">{\"@context\":\"https:\/\/schema.org\",\"@graph\":[{\"@type\":\"WebPage\",\"@id\":\"https:\/\/hdotrade.com\/product\/hallde-vegetable-preparation-machine-rg250-diwash\/\",\"url\":\"https:\/\/hdotrade.com\/product\/hallde-vegetable-preparation-machine-rg250-diwash\/\",\"name\":\"HALLDE VEGETABLE PREPARATION MACHINE RG250 DIWASH - HDO Global Trade\",\"isPartOf\":{\"@id\":\"https:\/\/hdotrade.com\/#website\"},\"primaryImageOfPage\":{\"@id\":\"https:\/\/hdotrade.com\/product\/hallde-vegetable-preparation-machine-rg250-diwash\/#primaryimage\"},\"image\":{\"@id\":\"https:\/\/hdotrade.com\/product\/hallde-vegetable-preparation-machine-rg250-diwash\/#primaryimage\"},\"thumbnailUrl\":\"https:\/\/hdotrade.com\/wp-content\/uploads\/2022\/10\/HALLDE-VEGETABLE-PREPARATION-MACHINE-RG250-DIWASH.png\",\"datePublished\":\"2022-10-30T11:26:25+00:00\",\"dateModified\":\"2023-03-13T12:33:35+00:00\",\"description\":\"HALLDE VEGETABLE PREPARATION MACHINE RG250 VEGETABLE CUTTER HALLDE RG250 SEE OUR COMPLETE LINE FOR HALLDE VEGETABLE CUTTER SPARE PARTS DISCS\",\"breadcrumb\":{\"@id\":\"https:\/\/hdotrade.com\/product\/hallde-vegetable-preparation-machine-rg250-diwash\/#breadcrumb\"},\"inLanguage\":\"fr-FR\",\"potentialAction\":[{\"@type\":\"ReadAction\",\"target\":[\"https:\/\/hdotrade.com\/product\/hallde-vegetable-preparation-machine-rg250-diwash\/\"]}]},{\"@type\":\"ImageObject\",\"inLanguage\":\"fr-FR\",\"@id\":\"https:\/\/hdotrade.com\/product\/hallde-vegetable-preparation-machine-rg250-diwash\/#primaryimage\",\"url\":\"https:\/\/hdotrade.com\/wp-content\/uploads\/2022\/10\/HALLDE-VEGETABLE-PREPARATION-MACHINE-RG250-DIWASH.png\",\"contentUrl\":\"https:\/\/hdotrade.com\/wp-content\/uploads\/2022\/10\/HALLDE-VEGETABLE-PREPARATION-MACHINE-RG250-DIWASH.png\",\"width\":700,\"height\":700,\"caption\":\"HALLDE VEGETABLE PREPARATION MACHINE RG250 DIWASH\"},{\"@type\":\"BreadcrumbList\",\"@id\":\"https:\/\/hdotrade.com\/product\/hallde-vegetable-preparation-machine-rg250-diwash\/#breadcrumb\",\"itemListElement\":[{\"@type\":\"ListItem\",\"position\":1,\"name\":\"Home\",\"item\":\"https:\/\/hdotrade.com\/\"},{\"@type\":\"ListItem\",\"position\":2,\"name\":\"Shop\",\"item\":\"https:\/\/hdotrade.com\/shop\/\"},{\"@type\":\"ListItem\",\"position\":3,\"name\":\"HALLDE VEGETABLE PREPARATION MACHINE RG250 DIWASH\"}]},{\"@type\":\"WebSite\",\"@id\":\"https:\/\/hdotrade.com\/#website\",\"url\":\"https:\/\/hdotrade.com\/\",\"name\":\"HDO Global Trade\",\"description\":\"Online store\",\"publisher\":{\"@id\":\"https:\/\/hdotrade.com\/#organization\"},\"potentialAction\":[{\"@type\":\"SearchAction\",\"target\":{\"@type\":\"EntryPoint\",\"urlTemplate\":\"https:\/\/hdotrade.com\/?s={search_term_string}\"},\"query-input\":{\"@type\":\"PropertyValueSpecification\",\"valueRequired\":true,\"valueName\":\"search_term_string\"}}],\"inLanguage\":\"fr-FR\"},{\"@type\":\"Organization\",\"@id\":\"https:\/\/hdotrade.com\/#organization\",\"name\":\"HDO Global Trade\",\"url\":\"https:\/\/hdotrade.com\/\",\"logo\":{\"@type\":\"ImageObject\",\"inLanguage\":\"fr-FR\",\"@id\":\"https:\/\/hdotrade.com\/#\/schema\/logo\/image\/\",\"url\":\"https:\/\/hdotrade.com\/wp-content\/uploads\/2021\/06\/cropped-cropped-HDO-FINAL-LOGO.png\",\"contentUrl\":\"https:\/\/hdotrade.com\/wp-content\/uploads\/2021\/06\/cropped-cropped-HDO-FINAL-LOGO.png\",\"width\":512,\"height\":511,\"caption\":\"HDO Global Trade\"},\"image\":{\"@id\":\"https:\/\/hdotrade.com\/#\/schema\/logo\/image\/\"}}]}<\/script>\n<!-- \/ Yoast SEO plugin. -->","yoast_head_json":{"title":"HALLDE VEGETABLE PREPARATION MACHINE RG250 DIWASH - HDO Global Trade","description":"HALLDE VEGETABLE PREPARATION MACHINE RG250 VEGETABLE CUTTER HALLDE RG250 SEE OUR COMPLETE LINE FOR HALLDE VEGETABLE CUTTER SPARE PARTS DISCS","robots":{"index":"index","follow":"follow","max-snippet":"max-snippet:-1","max-image-preview":"max-image-preview:large","max-video-preview":"max-video-preview:-1"},"canonical":"https:\/\/hdotrade.com\/fr\/produit\/hallde-vegetable-preparation-machine-rg250-diwash\/","og_locale":"fr_FR","og_type":"article","og_title":"HALLDE VEGETABLE PREPARATION MACHINE RG250 DIWASH - HDO Global Trade","og_description":"HALLDE VEGETABLE PREPARATION MACHINE RG250 VEGETABLE CUTTER HALLDE RG250 SEE OUR COMPLETE LINE FOR HALLDE VEGETABLE CUTTER SPARE PARTS DISCS","og_url":"https:\/\/hdotrade.com\/fr\/produit\/hallde-vegetable-preparation-machine-rg250-diwash\/","og_site_name":"HDO Global Trade","article_modified_time":"2023-03-13T12:33:35+00:00","og_image":[{"width":700,"height":700,"url":"https:\/\/hdotrade.com\/wp-content\/uploads\/2022\/10\/HALLDE-VEGETABLE-PREPARATION-MACHINE-RG250-DIWASH.png","type":"image\/png"}],"twitter_card":"summary_large_image","twitter_misc":{"Dur\u00e9e de lecture estim\u00e9e":"1 minute"},"schema":{"@context":"https:\/\/schema.org","@graph":[{"@type":"WebPage","@id":"https:\/\/hdotrade.com\/product\/hallde-vegetable-preparation-machine-rg250-diwash\/","url":"https:\/\/hdotrade.com\/product\/hallde-vegetable-preparation-machine-rg250-diwash\/","name":"HALLDE VEGETABLE PREPARATION MACHINE RG250 DIWASH - HDO Global Trade","isPartOf":{"@id":"https:\/\/hdotrade.com\/#website"},"primaryImageOfPage":{"@id":"https:\/\/hdotrade.com\/product\/hallde-vegetable-preparation-machine-rg250-diwash\/#primaryimage"},"image":{"@id":"https:\/\/hdotrade.com\/product\/hallde-vegetable-preparation-machine-rg250-diwash\/#primaryimage"},"thumbnailUrl":"https:\/\/hdotrade.com\/wp-content\/uploads\/2022\/10\/HALLDE-VEGETABLE-PREPARATION-MACHINE-RG250-DIWASH.png","datePublished":"2022-10-30T11:26:25+00:00","dateModified":"2023-03-13T12:33:35+00:00","description":"HALLDE VEGETABLE PREPARATION MACHINE RG250 VEGETABLE CUTTER HALLDE RG250 SEE OUR COMPLETE LINE FOR HALLDE VEGETABLE CUTTER SPARE PARTS DISCS","breadcrumb":{"@id":"https:\/\/hdotrade.com\/product\/hallde-vegetable-preparation-machine-rg250-diwash\/#breadcrumb"},"inLanguage":"fr-FR","potentialAction":[{"@type":"ReadAction","target":["https:\/\/hdotrade.com\/product\/hallde-vegetable-preparation-machine-rg250-diwash\/"]}]},{"@type":"ImageObject","inLanguage":"fr-FR","@id":"https:\/\/hdotrade.com\/product\/hallde-vegetable-preparation-machine-rg250-diwash\/#primaryimage","url":"https:\/\/hdotrade.com\/wp-content\/uploads\/2022\/10\/HALLDE-VEGETABLE-PREPARATION-MACHINE-RG250-DIWASH.png","contentUrl":"https:\/\/hdotrade.com\/wp-content\/uploads\/2022\/10\/HALLDE-VEGETABLE-PREPARATION-MACHINE-RG250-DIWASH.png","width":700,"height":700,"caption":"HALLDE VEGETABLE PREPARATION MACHINE RG250 DIWASH"},{"@type":"BreadcrumbList","@id":"https:\/\/hdotrade.com\/product\/hallde-vegetable-preparation-machine-rg250-diwash\/#breadcrumb","itemListElement":[{"@type":"ListItem","position":1,"name":"Home","item":"https:\/\/hdotrade.com\/"},{"@type":"ListItem","position":2,"name":"Shop","item":"https:\/\/hdotrade.com\/shop\/"},{"@type":"ListItem","position":3,"name":"HALLDE VEGETABLE PREPARATION MACHINE RG250 DIWASH"}]},{"@type":"WebSite","@id":"https:\/\/hdotrade.com\/#website","url":"https:\/\/hdotrade.com\/","name":"HDO Global Trade","description":"Online store","publisher":{"@id":"https:\/\/hdotrade.com\/#organization"},"potentialAction":[{"@type":"SearchAction","target":{"@type":"EntryPoint","urlTemplate":"https:\/\/hdotrade.com\/?s={search_term_string}"},"query-input":{"@type":"PropertyValueSpecification","valueRequired":true,"valueName":"search_term_string"}}],"inLanguage":"fr-FR"},{"@type":"Organization","@id":"https:\/\/hdotrade.com\/#organization","name":"HDO Global Trade","url":"https:\/\/hdotrade.com\/","logo":{"@type":"ImageObject","inLanguage":"fr-FR","@id":"https:\/\/hdotrade.com\/#\/schema\/logo\/image\/","url":"https:\/\/hdotrade.com\/wp-content\/uploads\/2021\/06\/cropped-cropped-HDO-FINAL-LOGO.png","contentUrl":"https:\/\/hdotrade.com\/wp-content\/uploads\/2021\/06\/cropped-cropped-HDO-FINAL-LOGO.png","width":512,"height":511,"caption":"HDO Global Trade"},"image":{"@id":"https:\/\/hdotrade.com\/#\/schema\/logo\/image\/"}}]}},"_links":{"self":[{"href":"https:\/\/hdotrade.com\/fr\/wp-json\/wp\/v2\/product\/15720","targetHints":{"allow":["GET"]}}],"collection":[{"href":"https:\/\/hdotrade.com\/fr\/wp-json\/wp\/v2\/product"}],"about":[{"href":"https:\/\/hdotrade.com\/fr\/wp-json\/wp\/v2\/types\/product"}],"version-history":[{"count":4,"href":"https:\/\/hdotrade.com\/fr\/wp-json\/wp\/v2\/product\/15720\/revisions"}],"predecessor-version":[{"id":17973,"href":"https:\/\/hdotrade.com\/fr\/wp-json\/wp\/v2\/product\/15720\/revisions\/17973"}],"wp:featuredmedia":[{"embeddable":true,"href":"https:\/\/hdotrade.com\/fr\/wp-json\/wp\/v2\/media\/15723"}],"wp:attachment":[{"href":"https:\/\/hdotrade.com\/fr\/wp-json\/wp\/v2\/media?parent=15720"}],"wp:term":[{"taxonomy":"product_cat","embeddable":true,"href":"https:\/\/hdotrade.com\/fr\/wp-json\/wp\/v2\/product_cat?post=15720"},{"taxonomy":"product_tag","embeddable":true,"href":"https:\/\/hdotrade.com\/fr\/wp-json\/wp\/v2\/product_tag?post=15720"}],"curies":[{"name":"wp","href":"https:\/\/api.w.org\/{rel}","templated":true}]}}