{"id":17031,"date":"2022-12-27T17:02:57","date_gmt":"2022-12-27T17:02:57","guid":{"rendered":"https:\/\/hdotrade.com\/?post_type=product&#038;p=17031"},"modified":"2023-04-19T12:05:59","modified_gmt":"2023-04-19T12:05:59","slug":"sirman-juicer-mercurio-apolo-modul-squeezer-cone-for-lemon","status":"publish","type":"product","link":"https:\/\/hdotrade.com\/fr\/produit\/sirman-juicer-mercurio-apolo-modul-squeezer-cone-for-lemon\/","title":{"rendered":"SIRMAN C\u00d4NE DE PRESSE-AGRUMES  POUR CITRON"},"content":{"rendered":"<p>POUR LA CENTRIFUGEUSE SIRMAN<\/p>\n<ul>\n<li>MERCURIO<\/li>\n<li>APOLO<\/li>\n<li>MODUL<\/li>\n<\/ul>\n<p>CITRONS DE POMME DE PIN SIRMAN<\/p>\n<p>CODE PI\u00c8CES D\u00c9TACH\u00c9ES SIRMAN IB4000735<\/p>\n<p>ESPREMEDOR SIRMAN CONE ESPREMEDOR PARA LIM\u00c3O<\/p>","protected":false},"excerpt":{"rendered":"<p>FOR SIRMAN JUICER MACHINE MERCURIO APOLO MODUL SIRMAN PIGNA LIMONI SIRMAN SPARE PARTS CODE IB4000735 ESPREMEDOR SIRMAN CONE ESPREMEDOR PARA LIM\u00c3O<\/p>","protected":false},"featured_media":17036,"template":"","meta":[],"product_cat":[143],"product_tag":[],"class_list":{"0":"post-17031","1":"product","2":"type-product","3":"status-publish","4":"has-post-thumbnail","6":"product_cat-sirman","8":"first","9":"instock","10":"taxable","11":"shipping-taxable","12":"purchasable","13":"product-type-simple"},"acf":[],"yoast_head":"<!-- This site is optimized with the Yoast SEO plugin v24.1 - https:\/\/yoast.com\/wordpress\/plugins\/seo\/ -->\n<title>SIRMAN JUICER SQUEEZER CONE FOR LEMON - HDO Global Trade<\/title>\n<meta name=\"description\" content=\"SIRMAN JUICER SQUEEZER CONE FOR LEMON FOR SIRMAN JUICER MACHINE\u00a0MERCURIOAPOLOMODUL SEE OUR COMPLETE LINE FOR SIRMAN SPARE PARTS\" \/>\n<meta name=\"robots\" content=\"index, follow, max-snippet:-1, max-image-preview:large, max-video-preview:-1\" \/>\n<link rel=\"canonical\" href=\"https:\/\/hdotrade.com\/fr\/produit\/sirman-juicer-mercurio-apolo-modul-squeezer-cone-for-lemon\/\" \/>\n<meta property=\"og:locale\" content=\"fr_FR\" \/>\n<meta property=\"og:type\" content=\"article\" \/>\n<meta property=\"og:title\" content=\"SIRMAN JUICER SQUEEZER CONE FOR LEMON - HDO Global Trade\" \/>\n<meta property=\"og:description\" content=\"SIRMAN JUICER SQUEEZER CONE FOR LEMON FOR SIRMAN JUICER MACHINE\u00a0MERCURIOAPOLOMODUL SEE OUR COMPLETE LINE FOR SIRMAN SPARE PARTS\" \/>\n<meta property=\"og:url\" content=\"https:\/\/hdotrade.com\/fr\/produit\/sirman-juicer-mercurio-apolo-modul-squeezer-cone-for-lemon\/\" \/>\n<meta property=\"og:site_name\" content=\"HDO Global Trade\" \/>\n<meta property=\"article:modified_time\" content=\"2023-04-19T12:05:59+00:00\" \/>\n<meta property=\"og:image\" content=\"https:\/\/hdotrade.com\/wp-content\/uploads\/2022\/12\/SIRMAN-JUICER-SQUEEZER-CONE-FOR-LEMON.png\" \/>\n\t<meta property=\"og:image:width\" content=\"700\" \/>\n\t<meta property=\"og:image:height\" content=\"700\" \/>\n\t<meta property=\"og:image:type\" content=\"image\/png\" \/>\n<meta name=\"twitter:card\" content=\"summary_large_image\" \/>\n<meta name=\"twitter:label1\" content=\"Dur\u00e9e de lecture estim\u00e9e\" \/>\n\t<meta name=\"twitter:data1\" content=\"1 minute\" \/>\n<script type=\"application\/ld+json\" class=\"yoast-schema-graph\">{\"@context\":\"https:\/\/schema.org\",\"@graph\":[{\"@type\":\"WebPage\",\"@id\":\"https:\/\/hdotrade.com\/product\/sirman-juicer-mercurio-apolo-modul-squeezer-cone-for-lemon\/\",\"url\":\"https:\/\/hdotrade.com\/product\/sirman-juicer-mercurio-apolo-modul-squeezer-cone-for-lemon\/\",\"name\":\"SIRMAN JUICER SQUEEZER CONE FOR LEMON - HDO Global Trade\",\"isPartOf\":{\"@id\":\"https:\/\/hdotrade.com\/#website\"},\"primaryImageOfPage\":{\"@id\":\"https:\/\/hdotrade.com\/product\/sirman-juicer-mercurio-apolo-modul-squeezer-cone-for-lemon\/#primaryimage\"},\"image\":{\"@id\":\"https:\/\/hdotrade.com\/product\/sirman-juicer-mercurio-apolo-modul-squeezer-cone-for-lemon\/#primaryimage\"},\"thumbnailUrl\":\"https:\/\/hdotrade.com\/wp-content\/uploads\/2022\/12\/SIRMAN-JUICER-SQUEEZER-CONE-FOR-LEMON.png\",\"datePublished\":\"2022-12-27T17:02:57+00:00\",\"dateModified\":\"2023-04-19T12:05:59+00:00\",\"description\":\"SIRMAN JUICER SQUEEZER CONE FOR LEMON FOR SIRMAN JUICER MACHINE\u00a0MERCURIOAPOLOMODUL SEE OUR COMPLETE LINE FOR SIRMAN SPARE PARTS\",\"breadcrumb\":{\"@id\":\"https:\/\/hdotrade.com\/product\/sirman-juicer-mercurio-apolo-modul-squeezer-cone-for-lemon\/#breadcrumb\"},\"inLanguage\":\"fr-FR\",\"potentialAction\":[{\"@type\":\"ReadAction\",\"target\":[\"https:\/\/hdotrade.com\/product\/sirman-juicer-mercurio-apolo-modul-squeezer-cone-for-lemon\/\"]}]},{\"@type\":\"ImageObject\",\"inLanguage\":\"fr-FR\",\"@id\":\"https:\/\/hdotrade.com\/product\/sirman-juicer-mercurio-apolo-modul-squeezer-cone-for-lemon\/#primaryimage\",\"url\":\"https:\/\/hdotrade.com\/wp-content\/uploads\/2022\/12\/SIRMAN-JUICER-SQUEEZER-CONE-FOR-LEMON.png\",\"contentUrl\":\"https:\/\/hdotrade.com\/wp-content\/uploads\/2022\/12\/SIRMAN-JUICER-SQUEEZER-CONE-FOR-LEMON.png\",\"width\":700,\"height\":700,\"caption\":\"SIRMAN JUICER SQUEEZER CONE FOR LEMON\"},{\"@type\":\"BreadcrumbList\",\"@id\":\"https:\/\/hdotrade.com\/product\/sirman-juicer-mercurio-apolo-modul-squeezer-cone-for-lemon\/#breadcrumb\",\"itemListElement\":[{\"@type\":\"ListItem\",\"position\":1,\"name\":\"Home\",\"item\":\"https:\/\/hdotrade.com\/\"},{\"@type\":\"ListItem\",\"position\":2,\"name\":\"Shop\",\"item\":\"https:\/\/hdotrade.com\/shop\/\"},{\"@type\":\"ListItem\",\"position\":3,\"name\":\"SIRMAN JUICER SQUEEZER CONE FOR LEMON\"}]},{\"@type\":\"WebSite\",\"@id\":\"https:\/\/hdotrade.com\/#website\",\"url\":\"https:\/\/hdotrade.com\/\",\"name\":\"HDO Global Trade\",\"description\":\"Online store\",\"publisher\":{\"@id\":\"https:\/\/hdotrade.com\/#organization\"},\"potentialAction\":[{\"@type\":\"SearchAction\",\"target\":{\"@type\":\"EntryPoint\",\"urlTemplate\":\"https:\/\/hdotrade.com\/?s={search_term_string}\"},\"query-input\":{\"@type\":\"PropertyValueSpecification\",\"valueRequired\":true,\"valueName\":\"search_term_string\"}}],\"inLanguage\":\"fr-FR\"},{\"@type\":\"Organization\",\"@id\":\"https:\/\/hdotrade.com\/#organization\",\"name\":\"HDO Global Trade\",\"url\":\"https:\/\/hdotrade.com\/\",\"logo\":{\"@type\":\"ImageObject\",\"inLanguage\":\"fr-FR\",\"@id\":\"https:\/\/hdotrade.com\/#\/schema\/logo\/image\/\",\"url\":\"https:\/\/hdotrade.com\/wp-content\/uploads\/2021\/06\/cropped-cropped-HDO-FINAL-LOGO.png\",\"contentUrl\":\"https:\/\/hdotrade.com\/wp-content\/uploads\/2021\/06\/cropped-cropped-HDO-FINAL-LOGO.png\",\"width\":512,\"height\":511,\"caption\":\"HDO Global Trade\"},\"image\":{\"@id\":\"https:\/\/hdotrade.com\/#\/schema\/logo\/image\/\"}}]}<\/script>\n<!-- \/ Yoast SEO plugin. -->","yoast_head_json":{"title":"SIRMAN JUICER SQUEEZER CONE FOR LEMON - HDO Global Trade","description":"SIRMAN JUICER SQUEEZER CONE FOR LEMON FOR SIRMAN JUICER MACHINE\u00a0MERCURIOAPOLOMODUL SEE OUR COMPLETE LINE FOR SIRMAN SPARE PARTS","robots":{"index":"index","follow":"follow","max-snippet":"max-snippet:-1","max-image-preview":"max-image-preview:large","max-video-preview":"max-video-preview:-1"},"canonical":"https:\/\/hdotrade.com\/fr\/produit\/sirman-juicer-mercurio-apolo-modul-squeezer-cone-for-lemon\/","og_locale":"fr_FR","og_type":"article","og_title":"SIRMAN JUICER SQUEEZER CONE FOR LEMON - HDO Global Trade","og_description":"SIRMAN JUICER SQUEEZER CONE FOR LEMON FOR SIRMAN JUICER MACHINE\u00a0MERCURIOAPOLOMODUL SEE OUR COMPLETE LINE FOR SIRMAN SPARE PARTS","og_url":"https:\/\/hdotrade.com\/fr\/produit\/sirman-juicer-mercurio-apolo-modul-squeezer-cone-for-lemon\/","og_site_name":"HDO Global Trade","article_modified_time":"2023-04-19T12:05:59+00:00","og_image":[{"width":700,"height":700,"url":"https:\/\/hdotrade.com\/wp-content\/uploads\/2022\/12\/SIRMAN-JUICER-SQUEEZER-CONE-FOR-LEMON.png","type":"image\/png"}],"twitter_card":"summary_large_image","twitter_misc":{"Dur\u00e9e de lecture estim\u00e9e":"1 minute"},"schema":{"@context":"https:\/\/schema.org","@graph":[{"@type":"WebPage","@id":"https:\/\/hdotrade.com\/product\/sirman-juicer-mercurio-apolo-modul-squeezer-cone-for-lemon\/","url":"https:\/\/hdotrade.com\/product\/sirman-juicer-mercurio-apolo-modul-squeezer-cone-for-lemon\/","name":"SIRMAN JUICER SQUEEZER CONE FOR LEMON - HDO Global Trade","isPartOf":{"@id":"https:\/\/hdotrade.com\/#website"},"primaryImageOfPage":{"@id":"https:\/\/hdotrade.com\/product\/sirman-juicer-mercurio-apolo-modul-squeezer-cone-for-lemon\/#primaryimage"},"image":{"@id":"https:\/\/hdotrade.com\/product\/sirman-juicer-mercurio-apolo-modul-squeezer-cone-for-lemon\/#primaryimage"},"thumbnailUrl":"https:\/\/hdotrade.com\/wp-content\/uploads\/2022\/12\/SIRMAN-JUICER-SQUEEZER-CONE-FOR-LEMON.png","datePublished":"2022-12-27T17:02:57+00:00","dateModified":"2023-04-19T12:05:59+00:00","description":"SIRMAN JUICER SQUEEZER CONE FOR LEMON FOR SIRMAN JUICER MACHINE\u00a0MERCURIOAPOLOMODUL SEE OUR COMPLETE LINE FOR SIRMAN SPARE PARTS","breadcrumb":{"@id":"https:\/\/hdotrade.com\/product\/sirman-juicer-mercurio-apolo-modul-squeezer-cone-for-lemon\/#breadcrumb"},"inLanguage":"fr-FR","potentialAction":[{"@type":"ReadAction","target":["https:\/\/hdotrade.com\/product\/sirman-juicer-mercurio-apolo-modul-squeezer-cone-for-lemon\/"]}]},{"@type":"ImageObject","inLanguage":"fr-FR","@id":"https:\/\/hdotrade.com\/product\/sirman-juicer-mercurio-apolo-modul-squeezer-cone-for-lemon\/#primaryimage","url":"https:\/\/hdotrade.com\/wp-content\/uploads\/2022\/12\/SIRMAN-JUICER-SQUEEZER-CONE-FOR-LEMON.png","contentUrl":"https:\/\/hdotrade.com\/wp-content\/uploads\/2022\/12\/SIRMAN-JUICER-SQUEEZER-CONE-FOR-LEMON.png","width":700,"height":700,"caption":"SIRMAN JUICER SQUEEZER CONE FOR LEMON"},{"@type":"BreadcrumbList","@id":"https:\/\/hdotrade.com\/product\/sirman-juicer-mercurio-apolo-modul-squeezer-cone-for-lemon\/#breadcrumb","itemListElement":[{"@type":"ListItem","position":1,"name":"Home","item":"https:\/\/hdotrade.com\/"},{"@type":"ListItem","position":2,"name":"Shop","item":"https:\/\/hdotrade.com\/shop\/"},{"@type":"ListItem","position":3,"name":"SIRMAN JUICER SQUEEZER CONE FOR LEMON"}]},{"@type":"WebSite","@id":"https:\/\/hdotrade.com\/#website","url":"https:\/\/hdotrade.com\/","name":"HDO Global Trade","description":"Online store","publisher":{"@id":"https:\/\/hdotrade.com\/#organization"},"potentialAction":[{"@type":"SearchAction","target":{"@type":"EntryPoint","urlTemplate":"https:\/\/hdotrade.com\/?s={search_term_string}"},"query-input":{"@type":"PropertyValueSpecification","valueRequired":true,"valueName":"search_term_string"}}],"inLanguage":"fr-FR"},{"@type":"Organization","@id":"https:\/\/hdotrade.com\/#organization","name":"HDO Global Trade","url":"https:\/\/hdotrade.com\/","logo":{"@type":"ImageObject","inLanguage":"fr-FR","@id":"https:\/\/hdotrade.com\/#\/schema\/logo\/image\/","url":"https:\/\/hdotrade.com\/wp-content\/uploads\/2021\/06\/cropped-cropped-HDO-FINAL-LOGO.png","contentUrl":"https:\/\/hdotrade.com\/wp-content\/uploads\/2021\/06\/cropped-cropped-HDO-FINAL-LOGO.png","width":512,"height":511,"caption":"HDO Global Trade"},"image":{"@id":"https:\/\/hdotrade.com\/#\/schema\/logo\/image\/"}}]}},"_links":{"self":[{"href":"https:\/\/hdotrade.com\/fr\/wp-json\/wp\/v2\/product\/17031","targetHints":{"allow":["GET"]}}],"collection":[{"href":"https:\/\/hdotrade.com\/fr\/wp-json\/wp\/v2\/product"}],"about":[{"href":"https:\/\/hdotrade.com\/fr\/wp-json\/wp\/v2\/types\/product"}],"version-history":[{"count":5,"href":"https:\/\/hdotrade.com\/fr\/wp-json\/wp\/v2\/product\/17031\/revisions"}],"predecessor-version":[{"id":18345,"href":"https:\/\/hdotrade.com\/fr\/wp-json\/wp\/v2\/product\/17031\/revisions\/18345"}],"wp:featuredmedia":[{"embeddable":true,"href":"https:\/\/hdotrade.com\/fr\/wp-json\/wp\/v2\/media\/17036"}],"wp:attachment":[{"href":"https:\/\/hdotrade.com\/fr\/wp-json\/wp\/v2\/media?parent=17031"}],"wp:term":[{"taxonomy":"product_cat","embeddable":true,"href":"https:\/\/hdotrade.com\/fr\/wp-json\/wp\/v2\/product_cat?post=17031"},{"taxonomy":"product_tag","embeddable":true,"href":"https:\/\/hdotrade.com\/fr\/wp-json\/wp\/v2\/product_tag?post=17031"}],"curies":[{"name":"wp","href":"https:\/\/api.w.org\/{rel}","templated":true}]}}