{"id":2147,"date":"2021-06-19T19:06:04","date_gmt":"2021-06-19T19:06:04","guid":{"rendered":"http:\/\/hdotrade.com\/?post_type=product&#038;p=2147"},"modified":"2023-02-23T13:34:16","modified_gmt":"2023-02-23T13:34:16","slug":"mp600-230v-circ-board","status":"publish","type":"product","link":"https:\/\/hdotrade.com\/fr\/produit\/mp600-230v-circ-board\/","title":{"rendered":"ROBOT-COUP\u00c9 MELANGEUR A BATONS MP600 MP800 TURBO 230V CARTE DE CIRCUIT IMPRIM\u00c9"},"content":{"rendered":"<p>POUR ROBOT COUP\u00c9POUR ROBOT COUP\u00c9 STICK BLENDERS MOD\u00c8LE DE MACHINE<\/p>\n<p>MP600 ,\u00a0 MP600A , MP600ULTRA , MP800 TURBO<\/p>\n<p>ROBOT-COUPE STICK\u00a0 LIQUIDIFICADORES MP600 MP800 TURBO 230V PLACA DE CIRCUITO<\/p>","protected":false},"excerpt":{"rendered":"<p>FOR ROBOT COUPE STICK BLENDERS MACHINE MODEL MP600 ,\u00a0 MP600A , MP600ULTRA , MP800 TURBO ROBOT-COUPE STICK\u00a0 LIQUIDIFICADORES MP600 MP800 TURBO 230V PLACA DE CIRCUITO<\/p>","protected":false},"featured_media":2220,"template":"","meta":[],"product_cat":[165,187],"product_tag":[],"class_list":{"0":"post-2147","1":"product","2":"type-product","3":"status-publish","4":"has-post-thumbnail","6":"product_cat-robot-coupe","7":"product_cat-stick-blenders-robot-coupe","9":"first","10":"instock","11":"taxable","12":"shipping-taxable","13":"purchasable","14":"product-type-simple"},"acf":[],"yoast_head":"<!-- This site is optimized with the Yoast SEO plugin v24.1 - https:\/\/yoast.com\/wordpress\/plugins\/seo\/ -->\n<title>ROBOT-COUPE STICK BLENDERS MP600 MP800 TURBO 230V CIRC BOARD - HDO Global Trade<\/title>\n<meta name=\"description\" content=\"MP600 230V CIRC BOARD CODE 69406 FOR ROBOT COUPE STICK BLENDER MACHINE MODEL - MP600 MP600 A MP600 ULTRA MP800 TURBO ROBOT COUPE CODE 89428\" \/>\n<meta name=\"robots\" content=\"index, follow, max-snippet:-1, max-image-preview:large, max-video-preview:-1\" \/>\n<link rel=\"canonical\" href=\"https:\/\/hdotrade.com\/fr\/produit\/mp600-230v-circ-board\/\" \/>\n<meta property=\"og:locale\" content=\"fr_FR\" \/>\n<meta property=\"og:type\" content=\"article\" \/>\n<meta property=\"og:title\" content=\"ROBOT-COUPE STICK BLENDERS MP600 MP800 TURBO 230V CIRC BOARD - HDO Global Trade\" \/>\n<meta property=\"og:description\" content=\"MP600 230V CIRC BOARD CODE 69406 FOR ROBOT COUPE STICK BLENDER MACHINE MODEL - MP600 MP600 A MP600 ULTRA MP800 TURBO ROBOT COUPE CODE 89428\" \/>\n<meta property=\"og:url\" content=\"https:\/\/hdotrade.com\/fr\/produit\/mp600-230v-circ-board\/\" \/>\n<meta property=\"og:site_name\" content=\"HDO Global Trade\" \/>\n<meta property=\"article:modified_time\" content=\"2023-02-23T13:34:16+00:00\" \/>\n<meta property=\"og:image\" content=\"https:\/\/hdotrade.com\/wp-content\/uploads\/2021\/06\/MPC-230V-CIRC-BOARD-FOR-ROBOT-COUPE-STICK-BLENDERS-89406-1.png\" \/>\n\t<meta property=\"og:image:width\" content=\"500\" \/>\n\t<meta property=\"og:image:height\" content=\"500\" \/>\n\t<meta property=\"og:image:type\" content=\"image\/png\" \/>\n<meta name=\"twitter:card\" content=\"summary_large_image\" \/>\n<meta name=\"twitter:label1\" content=\"Dur\u00e9e de lecture estim\u00e9e\" \/>\n\t<meta name=\"twitter:data1\" content=\"1 minute\" \/>\n<script type=\"application\/ld+json\" class=\"yoast-schema-graph\">{\"@context\":\"https:\/\/schema.org\",\"@graph\":[{\"@type\":\"WebPage\",\"@id\":\"https:\/\/hdotrade.com\/product\/mp600-230v-circ-board\/\",\"url\":\"https:\/\/hdotrade.com\/product\/mp600-230v-circ-board\/\",\"name\":\"ROBOT-COUPE STICK BLENDERS MP600 MP800 TURBO 230V CIRC BOARD - HDO Global Trade\",\"isPartOf\":{\"@id\":\"https:\/\/hdotrade.com\/#website\"},\"primaryImageOfPage\":{\"@id\":\"https:\/\/hdotrade.com\/product\/mp600-230v-circ-board\/#primaryimage\"},\"image\":{\"@id\":\"https:\/\/hdotrade.com\/product\/mp600-230v-circ-board\/#primaryimage\"},\"thumbnailUrl\":\"https:\/\/hdotrade.com\/wp-content\/uploads\/2021\/06\/MPC-230V-CIRC-BOARD-FOR-ROBOT-COUPE-STICK-BLENDERS-89406-1.png\",\"datePublished\":\"2021-06-19T19:06:04+00:00\",\"dateModified\":\"2023-02-23T13:34:16+00:00\",\"description\":\"MP600 230V CIRC BOARD CODE 69406 FOR ROBOT COUPE STICK BLENDER MACHINE MODEL - MP600 MP600 A MP600 ULTRA MP800 TURBO ROBOT COUPE CODE 89428\",\"breadcrumb\":{\"@id\":\"https:\/\/hdotrade.com\/product\/mp600-230v-circ-board\/#breadcrumb\"},\"inLanguage\":\"fr-FR\",\"potentialAction\":[{\"@type\":\"ReadAction\",\"target\":[\"https:\/\/hdotrade.com\/product\/mp600-230v-circ-board\/\"]}]},{\"@type\":\"ImageObject\",\"inLanguage\":\"fr-FR\",\"@id\":\"https:\/\/hdotrade.com\/product\/mp600-230v-circ-board\/#primaryimage\",\"url\":\"https:\/\/hdotrade.com\/wp-content\/uploads\/2021\/06\/MPC-230V-CIRC-BOARD-FOR-ROBOT-COUPE-STICK-BLENDERS-89406-1.png\",\"contentUrl\":\"https:\/\/hdotrade.com\/wp-content\/uploads\/2021\/06\/MPC-230V-CIRC-BOARD-FOR-ROBOT-COUPE-STICK-BLENDERS-89406-1.png\",\"width\":500,\"height\":500,\"caption\":\"MPC 230V CIRC BOARD FOR ROBOT COUPE STICK BLENDERS 89406\"},{\"@type\":\"BreadcrumbList\",\"@id\":\"https:\/\/hdotrade.com\/product\/mp600-230v-circ-board\/#breadcrumb\",\"itemListElement\":[{\"@type\":\"ListItem\",\"position\":1,\"name\":\"Home\",\"item\":\"https:\/\/hdotrade.com\/\"},{\"@type\":\"ListItem\",\"position\":2,\"name\":\"Shop\",\"item\":\"https:\/\/hdotrade.com\/shop\/\"},{\"@type\":\"ListItem\",\"position\":3,\"name\":\"ROBOT-COUPE STICK BLENDERS MP600 MP800 TURBO 230V CIRC BOARD\"}]},{\"@type\":\"WebSite\",\"@id\":\"https:\/\/hdotrade.com\/#website\",\"url\":\"https:\/\/hdotrade.com\/\",\"name\":\"HDO Global Trade\",\"description\":\"Online store\",\"publisher\":{\"@id\":\"https:\/\/hdotrade.com\/#organization\"},\"potentialAction\":[{\"@type\":\"SearchAction\",\"target\":{\"@type\":\"EntryPoint\",\"urlTemplate\":\"https:\/\/hdotrade.com\/?s={search_term_string}\"},\"query-input\":{\"@type\":\"PropertyValueSpecification\",\"valueRequired\":true,\"valueName\":\"search_term_string\"}}],\"inLanguage\":\"fr-FR\"},{\"@type\":\"Organization\",\"@id\":\"https:\/\/hdotrade.com\/#organization\",\"name\":\"HDO Global Trade\",\"url\":\"https:\/\/hdotrade.com\/\",\"logo\":{\"@type\":\"ImageObject\",\"inLanguage\":\"fr-FR\",\"@id\":\"https:\/\/hdotrade.com\/#\/schema\/logo\/image\/\",\"url\":\"https:\/\/hdotrade.com\/wp-content\/uploads\/2021\/06\/cropped-cropped-HDO-FINAL-LOGO.png\",\"contentUrl\":\"https:\/\/hdotrade.com\/wp-content\/uploads\/2021\/06\/cropped-cropped-HDO-FINAL-LOGO.png\",\"width\":512,\"height\":511,\"caption\":\"HDO Global Trade\"},\"image\":{\"@id\":\"https:\/\/hdotrade.com\/#\/schema\/logo\/image\/\"}}]}<\/script>\n<!-- \/ Yoast SEO plugin. -->","yoast_head_json":{"title":"ROBOT-COUPE STICK BLENDERS MP600 MP800 TURBO 230V CIRC BOARD - HDO Global Trade","description":"MP600 230V CIRC BOARD CODE 69406 FOR ROBOT COUPE STICK BLENDER MACHINE MODEL - MP600 MP600 A MP600 ULTRA MP800 TURBO ROBOT COUPE CODE 89428","robots":{"index":"index","follow":"follow","max-snippet":"max-snippet:-1","max-image-preview":"max-image-preview:large","max-video-preview":"max-video-preview:-1"},"canonical":"https:\/\/hdotrade.com\/fr\/produit\/mp600-230v-circ-board\/","og_locale":"fr_FR","og_type":"article","og_title":"ROBOT-COUPE STICK BLENDERS MP600 MP800 TURBO 230V CIRC BOARD - HDO Global Trade","og_description":"MP600 230V CIRC BOARD CODE 69406 FOR ROBOT COUPE STICK BLENDER MACHINE MODEL - MP600 MP600 A MP600 ULTRA MP800 TURBO ROBOT COUPE CODE 89428","og_url":"https:\/\/hdotrade.com\/fr\/produit\/mp600-230v-circ-board\/","og_site_name":"HDO Global Trade","article_modified_time":"2023-02-23T13:34:16+00:00","og_image":[{"width":500,"height":500,"url":"https:\/\/hdotrade.com\/wp-content\/uploads\/2021\/06\/MPC-230V-CIRC-BOARD-FOR-ROBOT-COUPE-STICK-BLENDERS-89406-1.png","type":"image\/png"}],"twitter_card":"summary_large_image","twitter_misc":{"Dur\u00e9e de lecture estim\u00e9e":"1 minute"},"schema":{"@context":"https:\/\/schema.org","@graph":[{"@type":"WebPage","@id":"https:\/\/hdotrade.com\/product\/mp600-230v-circ-board\/","url":"https:\/\/hdotrade.com\/product\/mp600-230v-circ-board\/","name":"ROBOT-COUPE STICK BLENDERS MP600 MP800 TURBO 230V CIRC BOARD - HDO Global Trade","isPartOf":{"@id":"https:\/\/hdotrade.com\/#website"},"primaryImageOfPage":{"@id":"https:\/\/hdotrade.com\/product\/mp600-230v-circ-board\/#primaryimage"},"image":{"@id":"https:\/\/hdotrade.com\/product\/mp600-230v-circ-board\/#primaryimage"},"thumbnailUrl":"https:\/\/hdotrade.com\/wp-content\/uploads\/2021\/06\/MPC-230V-CIRC-BOARD-FOR-ROBOT-COUPE-STICK-BLENDERS-89406-1.png","datePublished":"2021-06-19T19:06:04+00:00","dateModified":"2023-02-23T13:34:16+00:00","description":"MP600 230V CIRC BOARD CODE 69406 FOR ROBOT COUPE STICK BLENDER MACHINE MODEL - MP600 MP600 A MP600 ULTRA MP800 TURBO ROBOT COUPE CODE 89428","breadcrumb":{"@id":"https:\/\/hdotrade.com\/product\/mp600-230v-circ-board\/#breadcrumb"},"inLanguage":"fr-FR","potentialAction":[{"@type":"ReadAction","target":["https:\/\/hdotrade.com\/product\/mp600-230v-circ-board\/"]}]},{"@type":"ImageObject","inLanguage":"fr-FR","@id":"https:\/\/hdotrade.com\/product\/mp600-230v-circ-board\/#primaryimage","url":"https:\/\/hdotrade.com\/wp-content\/uploads\/2021\/06\/MPC-230V-CIRC-BOARD-FOR-ROBOT-COUPE-STICK-BLENDERS-89406-1.png","contentUrl":"https:\/\/hdotrade.com\/wp-content\/uploads\/2021\/06\/MPC-230V-CIRC-BOARD-FOR-ROBOT-COUPE-STICK-BLENDERS-89406-1.png","width":500,"height":500,"caption":"MPC 230V CIRC BOARD FOR ROBOT COUPE STICK BLENDERS 89406"},{"@type":"BreadcrumbList","@id":"https:\/\/hdotrade.com\/product\/mp600-230v-circ-board\/#breadcrumb","itemListElement":[{"@type":"ListItem","position":1,"name":"Home","item":"https:\/\/hdotrade.com\/"},{"@type":"ListItem","position":2,"name":"Shop","item":"https:\/\/hdotrade.com\/shop\/"},{"@type":"ListItem","position":3,"name":"ROBOT-COUPE STICK BLENDERS MP600 MP800 TURBO 230V CIRC BOARD"}]},{"@type":"WebSite","@id":"https:\/\/hdotrade.com\/#website","url":"https:\/\/hdotrade.com\/","name":"HDO Global Trade","description":"Online store","publisher":{"@id":"https:\/\/hdotrade.com\/#organization"},"potentialAction":[{"@type":"SearchAction","target":{"@type":"EntryPoint","urlTemplate":"https:\/\/hdotrade.com\/?s={search_term_string}"},"query-input":{"@type":"PropertyValueSpecification","valueRequired":true,"valueName":"search_term_string"}}],"inLanguage":"fr-FR"},{"@type":"Organization","@id":"https:\/\/hdotrade.com\/#organization","name":"HDO Global Trade","url":"https:\/\/hdotrade.com\/","logo":{"@type":"ImageObject","inLanguage":"fr-FR","@id":"https:\/\/hdotrade.com\/#\/schema\/logo\/image\/","url":"https:\/\/hdotrade.com\/wp-content\/uploads\/2021\/06\/cropped-cropped-HDO-FINAL-LOGO.png","contentUrl":"https:\/\/hdotrade.com\/wp-content\/uploads\/2021\/06\/cropped-cropped-HDO-FINAL-LOGO.png","width":512,"height":511,"caption":"HDO Global Trade"},"image":{"@id":"https:\/\/hdotrade.com\/#\/schema\/logo\/image\/"}}]}},"_links":{"self":[{"href":"https:\/\/hdotrade.com\/fr\/wp-json\/wp\/v2\/product\/2147","targetHints":{"allow":["GET"]}}],"collection":[{"href":"https:\/\/hdotrade.com\/fr\/wp-json\/wp\/v2\/product"}],"about":[{"href":"https:\/\/hdotrade.com\/fr\/wp-json\/wp\/v2\/types\/product"}],"version-history":[{"count":7,"href":"https:\/\/hdotrade.com\/fr\/wp-json\/wp\/v2\/product\/2147\/revisions"}],"predecessor-version":[{"id":17789,"href":"https:\/\/hdotrade.com\/fr\/wp-json\/wp\/v2\/product\/2147\/revisions\/17789"}],"wp:featuredmedia":[{"embeddable":true,"href":"https:\/\/hdotrade.com\/fr\/wp-json\/wp\/v2\/media\/2220"}],"wp:attachment":[{"href":"https:\/\/hdotrade.com\/fr\/wp-json\/wp\/v2\/media?parent=2147"}],"wp:term":[{"taxonomy":"product_cat","embeddable":true,"href":"https:\/\/hdotrade.com\/fr\/wp-json\/wp\/v2\/product_cat?post=2147"},{"taxonomy":"product_tag","embeddable":true,"href":"https:\/\/hdotrade.com\/fr\/wp-json\/wp\/v2\/product_tag?post=2147"}],"curies":[{"name":"wp","href":"https:\/\/api.w.org\/{rel}","templated":true}]}}