{"id":2176,"date":"2021-06-20T12:50:40","date_gmt":"2021-06-20T12:50:40","guid":{"rendered":"http:\/\/hdotrade.com\/?post_type=product&#038;p=2176"},"modified":"2022-02-28T13:13:48","modified_gmt":"2022-02-28T13:13:48","slug":"mp-cmp-handle-screw","status":"publish","type":"product","link":"https:\/\/hdotrade.com\/fr\/produit\/mp-cmp-handle-screw\/","title":{"rendered":"ROBOT COUPE M\u00c9LANGEURS \u00c0 B\u00c2TONS MP \/ CMP VIS DE POIGN\u00c9E"},"content":{"rendered":"<p>POUR MELANGEUR BATONS MACHINE ROBOT MOD\u00c8LE COUP\u00c9<\/p>\n<p>MP350, MP350A MP350ULTRA , MP450,\u00a0 MP450A, MP450 ULTRA , MP350V.V , MP 350 VV A, MP 350 Ultra V.V., MP 450 V.V., MP 450 VV A,\u00a0 MP 450 Ultra V.V., MP 350 Combi, MP 350 Combi A, MP 350 Ultra Combi, MP350 COMBI ULTRA C , MP 450 Combi ,MP 450 Combi A, MP 450 FW , MP 450 Ultra FW XL, MP550, MP550 ULTRA\u00a0 , MP550A, MP600, MP600A<\/p>\n<p>&nbsp;<\/p>\n<p>&nbsp;<\/p>\n<p>&nbsp;<\/p>\n<p>&nbsp;<\/p>\n<p>&nbsp;<\/p>\n<p>&nbsp;<\/p>\n<p>&nbsp;<\/p>\n<p>&nbsp;<\/p>\n<p>&nbsp;<\/p>\n<p>&nbsp;<\/p>\n<p>&nbsp;<\/p>\n<p>&nbsp;<\/p>\n<p>&nbsp;<\/p>\n<p>&nbsp;<\/p>\n<p>&nbsp;<\/p>\n<p>&nbsp;<\/p>\n<p>&nbsp;<\/p>\n<p>&nbsp;<\/p>","protected":false},"excerpt":{"rendered":"<p>FOR STICK BLENDERS MACHINE ROBOT COUPE MODEL MP350, MP350A MP350ULTRA , MP450,\u00a0 MP450A, MP450 ULTRA , MP350V.V , MP 350 VV A, MP 350 Ultra V.V., MP 450 V.V., MP 450 VV A,\u00a0 MP 450 Ultra V.V., MP 350 Combi, MP 350 Combi A, MP 350 Ultra Combi, MP350 COMBI ULTRA C , MP 450 [&hellip;]<\/p>","protected":false},"featured_media":0,"template":"","meta":[],"product_cat":[165],"product_tag":[],"class_list":{"0":"post-2176","1":"product","2":"type-product","3":"status-publish","5":"product_cat-robot-coupe","7":"first","8":"instock","9":"taxable","10":"shipping-taxable","11":"purchasable","12":"product-type-simple"},"acf":[],"yoast_head":"<!-- This site is optimized with the Yoast SEO plugin v24.1 - https:\/\/yoast.com\/wordpress\/plugins\/seo\/ -->\n<title>ROBOT COUPE STICK BLENDERS MP\/CMP HANDLE SCREW - HDO Global Trade<\/title>\n<meta name=\"description\" content=\"ROBOT COUPE 89532 STICK BLENDERS MP\/CMP HANDLE SCREW FOR -MP350, MP350A MP350ULTRA , MP450,\u00a0 MP450A, MP550 , MP600 SPARE PARTS FOR ROBOT COUPE\" \/>\n<meta name=\"robots\" content=\"index, follow, max-snippet:-1, max-image-preview:large, max-video-preview:-1\" \/>\n<link rel=\"canonical\" href=\"https:\/\/hdotrade.com\/fr\/it\/prodotto\/mp-cmp-handle-screw\/\" \/>\n<meta property=\"og:locale\" content=\"fr_FR\" \/>\n<meta property=\"og:type\" content=\"article\" \/>\n<meta property=\"og:title\" content=\"ROBOT COUPE STICK BLENDERS MP\/CMP HANDLE SCREW - HDO Global Trade\" \/>\n<meta property=\"og:description\" content=\"ROBOT COUPE 89532 STICK BLENDERS MP\/CMP HANDLE SCREW FOR -MP350, MP350A MP350ULTRA , MP450,\u00a0 MP450A, MP550 , MP600 SPARE PARTS FOR ROBOT COUPE\" \/>\n<meta property=\"og:url\" content=\"https:\/\/hdotrade.com\/fr\/it\/prodotto\/mp-cmp-handle-screw\/\" \/>\n<meta property=\"og:site_name\" content=\"HDO Global Trade\" \/>\n<meta property=\"article:modified_time\" content=\"2022-02-28T13:13:48+00:00\" \/>\n<meta name=\"twitter:card\" content=\"summary_large_image\" \/>\n<meta name=\"twitter:label1\" content=\"Dur\u00e9e de lecture estim\u00e9e\" \/>\n\t<meta name=\"twitter:data1\" content=\"1 minute\" \/>\n<script type=\"application\/ld+json\" class=\"yoast-schema-graph\">{\"@context\":\"https:\/\/schema.org\",\"@graph\":[{\"@type\":\"WebPage\",\"@id\":\"https:\/\/hdotrade.com\/it\/prodotto\/mp-cmp-handle-screw\/\",\"url\":\"https:\/\/hdotrade.com\/it\/prodotto\/mp-cmp-handle-screw\/\",\"name\":\"ROBOT COUPE STICK BLENDERS MP\/CMP HANDLE SCREW - HDO Global Trade\",\"isPartOf\":{\"@id\":\"https:\/\/hdotrade.com\/#website\"},\"datePublished\":\"2021-06-20T12:50:40+00:00\",\"dateModified\":\"2022-02-28T13:13:48+00:00\",\"description\":\"ROBOT COUPE 89532 STICK BLENDERS MP\/CMP HANDLE SCREW FOR -MP350, MP350A MP350ULTRA , MP450,\u00a0 MP450A, MP550 , MP600 SPARE PARTS FOR ROBOT COUPE\",\"breadcrumb\":{\"@id\":\"https:\/\/hdotrade.com\/it\/prodotto\/mp-cmp-handle-screw\/#breadcrumb\"},\"inLanguage\":\"fr-FR\",\"potentialAction\":[{\"@type\":\"ReadAction\",\"target\":[\"https:\/\/hdotrade.com\/it\/prodotto\/mp-cmp-handle-screw\/\"]}]},{\"@type\":\"BreadcrumbList\",\"@id\":\"https:\/\/hdotrade.com\/it\/prodotto\/mp-cmp-handle-screw\/#breadcrumb\",\"itemListElement\":[{\"@type\":\"ListItem\",\"position\":1,\"name\":\"Home\",\"item\":\"https:\/\/hdotrade.com\/\"},{\"@type\":\"ListItem\",\"position\":2,\"name\":\"Shop\",\"item\":\"https:\/\/hdotrade.com\/shop\/\"},{\"@type\":\"ListItem\",\"position\":3,\"name\":\"ROBOT COUPE STICK BLENDERS MP\/CMP HANDLE SCREW\"}]},{\"@type\":\"WebSite\",\"@id\":\"https:\/\/hdotrade.com\/#website\",\"url\":\"https:\/\/hdotrade.com\/\",\"name\":\"HDO Global Trade\",\"description\":\"Online store\",\"publisher\":{\"@id\":\"https:\/\/hdotrade.com\/#organization\"},\"potentialAction\":[{\"@type\":\"SearchAction\",\"target\":{\"@type\":\"EntryPoint\",\"urlTemplate\":\"https:\/\/hdotrade.com\/?s={search_term_string}\"},\"query-input\":{\"@type\":\"PropertyValueSpecification\",\"valueRequired\":true,\"valueName\":\"search_term_string\"}}],\"inLanguage\":\"fr-FR\"},{\"@type\":\"Organization\",\"@id\":\"https:\/\/hdotrade.com\/#organization\",\"name\":\"HDO Global Trade\",\"url\":\"https:\/\/hdotrade.com\/\",\"logo\":{\"@type\":\"ImageObject\",\"inLanguage\":\"fr-FR\",\"@id\":\"https:\/\/hdotrade.com\/#\/schema\/logo\/image\/\",\"url\":\"https:\/\/hdotrade.com\/wp-content\/uploads\/2021\/06\/cropped-cropped-HDO-FINAL-LOGO.png\",\"contentUrl\":\"https:\/\/hdotrade.com\/wp-content\/uploads\/2021\/06\/cropped-cropped-HDO-FINAL-LOGO.png\",\"width\":512,\"height\":511,\"caption\":\"HDO Global Trade\"},\"image\":{\"@id\":\"https:\/\/hdotrade.com\/#\/schema\/logo\/image\/\"}}]}<\/script>\n<!-- \/ Yoast SEO plugin. -->","yoast_head_json":{"title":"ROBOT COUPE STICK BLENDERS MP\/CMP HANDLE SCREW - HDO Global Trade","description":"ROBOT COUPE 89532 STICK BLENDERS MP\/CMP HANDLE SCREW FOR -MP350, MP350A MP350ULTRA , MP450,\u00a0 MP450A, MP550 , MP600 SPARE PARTS FOR ROBOT COUPE","robots":{"index":"index","follow":"follow","max-snippet":"max-snippet:-1","max-image-preview":"max-image-preview:large","max-video-preview":"max-video-preview:-1"},"canonical":"https:\/\/hdotrade.com\/fr\/it\/prodotto\/mp-cmp-handle-screw\/","og_locale":"fr_FR","og_type":"article","og_title":"ROBOT COUPE STICK BLENDERS MP\/CMP HANDLE SCREW - HDO Global Trade","og_description":"ROBOT COUPE 89532 STICK BLENDERS MP\/CMP HANDLE SCREW FOR -MP350, MP350A MP350ULTRA , MP450,\u00a0 MP450A, MP550 , MP600 SPARE PARTS FOR ROBOT COUPE","og_url":"https:\/\/hdotrade.com\/fr\/it\/prodotto\/mp-cmp-handle-screw\/","og_site_name":"HDO Global Trade","article_modified_time":"2022-02-28T13:13:48+00:00","twitter_card":"summary_large_image","twitter_misc":{"Dur\u00e9e de lecture estim\u00e9e":"1 minute"},"schema":{"@context":"https:\/\/schema.org","@graph":[{"@type":"WebPage","@id":"https:\/\/hdotrade.com\/it\/prodotto\/mp-cmp-handle-screw\/","url":"https:\/\/hdotrade.com\/it\/prodotto\/mp-cmp-handle-screw\/","name":"ROBOT COUPE STICK BLENDERS MP\/CMP HANDLE SCREW - HDO Global Trade","isPartOf":{"@id":"https:\/\/hdotrade.com\/#website"},"datePublished":"2021-06-20T12:50:40+00:00","dateModified":"2022-02-28T13:13:48+00:00","description":"ROBOT COUPE 89532 STICK BLENDERS MP\/CMP HANDLE SCREW FOR -MP350, MP350A MP350ULTRA , MP450,\u00a0 MP450A, MP550 , MP600 SPARE PARTS FOR ROBOT COUPE","breadcrumb":{"@id":"https:\/\/hdotrade.com\/it\/prodotto\/mp-cmp-handle-screw\/#breadcrumb"},"inLanguage":"fr-FR","potentialAction":[{"@type":"ReadAction","target":["https:\/\/hdotrade.com\/it\/prodotto\/mp-cmp-handle-screw\/"]}]},{"@type":"BreadcrumbList","@id":"https:\/\/hdotrade.com\/it\/prodotto\/mp-cmp-handle-screw\/#breadcrumb","itemListElement":[{"@type":"ListItem","position":1,"name":"Home","item":"https:\/\/hdotrade.com\/"},{"@type":"ListItem","position":2,"name":"Shop","item":"https:\/\/hdotrade.com\/shop\/"},{"@type":"ListItem","position":3,"name":"ROBOT COUPE STICK BLENDERS MP\/CMP HANDLE SCREW"}]},{"@type":"WebSite","@id":"https:\/\/hdotrade.com\/#website","url":"https:\/\/hdotrade.com\/","name":"HDO Global Trade","description":"Online store","publisher":{"@id":"https:\/\/hdotrade.com\/#organization"},"potentialAction":[{"@type":"SearchAction","target":{"@type":"EntryPoint","urlTemplate":"https:\/\/hdotrade.com\/?s={search_term_string}"},"query-input":{"@type":"PropertyValueSpecification","valueRequired":true,"valueName":"search_term_string"}}],"inLanguage":"fr-FR"},{"@type":"Organization","@id":"https:\/\/hdotrade.com\/#organization","name":"HDO Global Trade","url":"https:\/\/hdotrade.com\/","logo":{"@type":"ImageObject","inLanguage":"fr-FR","@id":"https:\/\/hdotrade.com\/#\/schema\/logo\/image\/","url":"https:\/\/hdotrade.com\/wp-content\/uploads\/2021\/06\/cropped-cropped-HDO-FINAL-LOGO.png","contentUrl":"https:\/\/hdotrade.com\/wp-content\/uploads\/2021\/06\/cropped-cropped-HDO-FINAL-LOGO.png","width":512,"height":511,"caption":"HDO Global Trade"},"image":{"@id":"https:\/\/hdotrade.com\/#\/schema\/logo\/image\/"}}]}},"_links":{"self":[{"href":"https:\/\/hdotrade.com\/fr\/wp-json\/wp\/v2\/product\/2176","targetHints":{"allow":["GET"]}}],"collection":[{"href":"https:\/\/hdotrade.com\/fr\/wp-json\/wp\/v2\/product"}],"about":[{"href":"https:\/\/hdotrade.com\/fr\/wp-json\/wp\/v2\/types\/product"}],"version-history":[{"count":3,"href":"https:\/\/hdotrade.com\/fr\/wp-json\/wp\/v2\/product\/2176\/revisions"}],"predecessor-version":[{"id":11932,"href":"https:\/\/hdotrade.com\/fr\/wp-json\/wp\/v2\/product\/2176\/revisions\/11932"}],"wp:attachment":[{"href":"https:\/\/hdotrade.com\/fr\/wp-json\/wp\/v2\/media?parent=2176"}],"wp:term":[{"taxonomy":"product_cat","embeddable":true,"href":"https:\/\/hdotrade.com\/fr\/wp-json\/wp\/v2\/product_cat?post=2176"},{"taxonomy":"product_tag","embeddable":true,"href":"https:\/\/hdotrade.com\/fr\/wp-json\/wp\/v2\/product_tag?post=2176"}],"curies":[{"name":"wp","href":"https:\/\/api.w.org\/{rel}","templated":true}]}}