{"id":2588,"date":"2021-06-30T09:47:02","date_gmt":"2021-06-30T09:47:02","guid":{"rendered":"http:\/\/hdotrade.com\/?post_type=product&#038;p=2588"},"modified":"2023-05-15T11:50:40","modified_gmt":"2023-05-15T11:50:40","slug":"cordless-hand-mixer-dynamix-nomad-160","status":"publish","type":"product","link":"https:\/\/hdotrade.com\/fr\/produit\/cordless-hand-mixer-dynamix-nomad-160\/","title":{"rendered":"M\u00c9LANGEUR \u00c0 MAIN SANS FIL DYNAMIX NOMAD 160"},"content":{"rendered":"<p>DYNAMIC M\u00c9LANGEUR \u00c0 MAIN SANS FIL DYNAMIX NOMAD 160<\/p>\n<ul>\n<li>Output max 2000 mAh \/ -12Vdc<\/li>\n<li>Speed 10 000 R.P.M<\/li>\n<li>Voltage 12 Vdc<\/li>\n<li>Total length 450 mm<\/li>\n<li>Shaft length 160 mm<\/li>\n<li>Appliance diameter 110 mm<\/li>\n<li>Actual weight 1,1kg \/ 1,9Kg<\/li>\n<\/ul>\n<p>MISTURADOR DE M\u00c3OS SEM FIO DYNAMIX NOMAD 160<\/p>","protected":false},"excerpt":{"rendered":"<p>DYNAMIC MIXER CORDLESS HAND MIXER DYNAMIX NOMAD 160 Output max 2000 mAh \/ -12Vdc Speed 10 000 R.P.M Voltage 12 Vdc Total length 450 mm Shaft length 160 mm Appliance diameter 110 mm Actual weight 1,1kg \/ 1,9Kg MISTURADOR DE M\u00c3OS SEM FIO DYNAMIX NOMAD 160<\/p>","protected":false},"featured_media":2589,"template":"","meta":[],"product_cat":[41,49,154],"product_tag":[],"class_list":{"0":"post-2588","1":"product","2":"type-product","3":"status-publish","4":"has-post-thumbnail","6":"product_cat-dynamic","7":"product_cat-mixer-dynamic","8":"product_cat-dynamix-range","10":"first","11":"instock","12":"taxable","13":"shipping-taxable","14":"purchasable","15":"product-type-simple"},"acf":[],"yoast_head":"<!-- This site is optimized with the Yoast SEO plugin v24.1 - https:\/\/yoast.com\/wordpress\/plugins\/seo\/ -->\n<title>CORDLESS HAND MIXER DYNAMIX NOMAD 160 - HDO Global Trade<\/title>\n<meta name=\"description\" content=\"CORDLESS HAND MIXER DYNAMIX NOMAD DYNAMIC MIXER MX130 SEE OUR COMPLETE LINE FOR DYNAMIC SPARE PARTS &amp; ACCESSORIES\" \/>\n<meta name=\"robots\" content=\"index, follow, max-snippet:-1, max-image-preview:large, max-video-preview:-1\" \/>\n<link rel=\"canonical\" href=\"https:\/\/hdotrade.com\/fr\/produit\/cordless-hand-mixer-dynamix-nomad-160\/\" \/>\n<meta property=\"og:locale\" content=\"fr_FR\" \/>\n<meta property=\"og:type\" content=\"article\" \/>\n<meta property=\"og:title\" content=\"CORDLESS HAND MIXER DYNAMIX NOMAD 160 - HDO Global Trade\" \/>\n<meta property=\"og:description\" content=\"CORDLESS HAND MIXER DYNAMIX NOMAD DYNAMIC MIXER MX130 SEE OUR COMPLETE LINE FOR DYNAMIC SPARE PARTS &amp; ACCESSORIES\" \/>\n<meta property=\"og:url\" content=\"https:\/\/hdotrade.com\/fr\/produit\/cordless-hand-mixer-dynamix-nomad-160\/\" \/>\n<meta property=\"og:site_name\" content=\"HDO Global Trade\" \/>\n<meta property=\"article:modified_time\" content=\"2023-05-15T11:50:40+00:00\" \/>\n<meta property=\"og:image\" content=\"https:\/\/hdotrade.com\/wp-content\/uploads\/2021\/06\/CORDLESS-HAND-MIXER-DYNAMIX-NOMAD-160.png\" \/>\n\t<meta property=\"og:image:width\" content=\"500\" \/>\n\t<meta property=\"og:image:height\" content=\"500\" \/>\n\t<meta property=\"og:image:type\" content=\"image\/png\" \/>\n<meta name=\"twitter:card\" content=\"summary_large_image\" \/>\n<meta name=\"twitter:label1\" content=\"Dur\u00e9e de lecture estim\u00e9e\" \/>\n\t<meta name=\"twitter:data1\" content=\"1 minute\" \/>\n<script type=\"application\/ld+json\" class=\"yoast-schema-graph\">{\"@context\":\"https:\/\/schema.org\",\"@graph\":[{\"@type\":\"WebPage\",\"@id\":\"https:\/\/hdotrade.com\/product\/cordless-hand-mixer-dynamix-nomad-160\/\",\"url\":\"https:\/\/hdotrade.com\/product\/cordless-hand-mixer-dynamix-nomad-160\/\",\"name\":\"CORDLESS HAND MIXER DYNAMIX NOMAD 160 - HDO Global Trade\",\"isPartOf\":{\"@id\":\"https:\/\/hdotrade.com\/#website\"},\"primaryImageOfPage\":{\"@id\":\"https:\/\/hdotrade.com\/product\/cordless-hand-mixer-dynamix-nomad-160\/#primaryimage\"},\"image\":{\"@id\":\"https:\/\/hdotrade.com\/product\/cordless-hand-mixer-dynamix-nomad-160\/#primaryimage\"},\"thumbnailUrl\":\"https:\/\/hdotrade.com\/wp-content\/uploads\/2021\/06\/CORDLESS-HAND-MIXER-DYNAMIX-NOMAD-160.png\",\"datePublished\":\"2021-06-30T09:47:02+00:00\",\"dateModified\":\"2023-05-15T11:50:40+00:00\",\"description\":\"CORDLESS HAND MIXER DYNAMIX NOMAD DYNAMIC MIXER MX130 SEE OUR COMPLETE LINE FOR DYNAMIC SPARE PARTS & ACCESSORIES\",\"breadcrumb\":{\"@id\":\"https:\/\/hdotrade.com\/product\/cordless-hand-mixer-dynamix-nomad-160\/#breadcrumb\"},\"inLanguage\":\"fr-FR\",\"potentialAction\":[{\"@type\":\"ReadAction\",\"target\":[\"https:\/\/hdotrade.com\/product\/cordless-hand-mixer-dynamix-nomad-160\/\"]}]},{\"@type\":\"ImageObject\",\"inLanguage\":\"fr-FR\",\"@id\":\"https:\/\/hdotrade.com\/product\/cordless-hand-mixer-dynamix-nomad-160\/#primaryimage\",\"url\":\"https:\/\/hdotrade.com\/wp-content\/uploads\/2021\/06\/CORDLESS-HAND-MIXER-DYNAMIX-NOMAD-160.png\",\"contentUrl\":\"https:\/\/hdotrade.com\/wp-content\/uploads\/2021\/06\/CORDLESS-HAND-MIXER-DYNAMIX-NOMAD-160.png\",\"width\":500,\"height\":500,\"caption\":\"CORDLESS-HAND-MIXER-DYNAMIX-NOMAD-160\"},{\"@type\":\"BreadcrumbList\",\"@id\":\"https:\/\/hdotrade.com\/product\/cordless-hand-mixer-dynamix-nomad-160\/#breadcrumb\",\"itemListElement\":[{\"@type\":\"ListItem\",\"position\":1,\"name\":\"Home\",\"item\":\"https:\/\/hdotrade.com\/\"},{\"@type\":\"ListItem\",\"position\":2,\"name\":\"Shop\",\"item\":\"https:\/\/hdotrade.com\/shop\/\"},{\"@type\":\"ListItem\",\"position\":3,\"name\":\"CORDLESS HAND MIXER DYNAMIX NOMAD 160\"}]},{\"@type\":\"WebSite\",\"@id\":\"https:\/\/hdotrade.com\/#website\",\"url\":\"https:\/\/hdotrade.com\/\",\"name\":\"HDO Global Trade\",\"description\":\"Online store\",\"publisher\":{\"@id\":\"https:\/\/hdotrade.com\/#organization\"},\"potentialAction\":[{\"@type\":\"SearchAction\",\"target\":{\"@type\":\"EntryPoint\",\"urlTemplate\":\"https:\/\/hdotrade.com\/?s={search_term_string}\"},\"query-input\":{\"@type\":\"PropertyValueSpecification\",\"valueRequired\":true,\"valueName\":\"search_term_string\"}}],\"inLanguage\":\"fr-FR\"},{\"@type\":\"Organization\",\"@id\":\"https:\/\/hdotrade.com\/#organization\",\"name\":\"HDO Global Trade\",\"url\":\"https:\/\/hdotrade.com\/\",\"logo\":{\"@type\":\"ImageObject\",\"inLanguage\":\"fr-FR\",\"@id\":\"https:\/\/hdotrade.com\/#\/schema\/logo\/image\/\",\"url\":\"https:\/\/hdotrade.com\/wp-content\/uploads\/2021\/06\/cropped-cropped-HDO-FINAL-LOGO.png\",\"contentUrl\":\"https:\/\/hdotrade.com\/wp-content\/uploads\/2021\/06\/cropped-cropped-HDO-FINAL-LOGO.png\",\"width\":512,\"height\":511,\"caption\":\"HDO Global Trade\"},\"image\":{\"@id\":\"https:\/\/hdotrade.com\/#\/schema\/logo\/image\/\"}}]}<\/script>\n<!-- \/ Yoast SEO plugin. -->","yoast_head_json":{"title":"CORDLESS HAND MIXER DYNAMIX NOMAD 160 - HDO Global Trade","description":"CORDLESS HAND MIXER DYNAMIX NOMAD DYNAMIC MIXER MX130 SEE OUR COMPLETE LINE FOR DYNAMIC SPARE PARTS & ACCESSORIES","robots":{"index":"index","follow":"follow","max-snippet":"max-snippet:-1","max-image-preview":"max-image-preview:large","max-video-preview":"max-video-preview:-1"},"canonical":"https:\/\/hdotrade.com\/fr\/produit\/cordless-hand-mixer-dynamix-nomad-160\/","og_locale":"fr_FR","og_type":"article","og_title":"CORDLESS HAND MIXER DYNAMIX NOMAD 160 - HDO Global Trade","og_description":"CORDLESS HAND MIXER DYNAMIX NOMAD DYNAMIC MIXER MX130 SEE OUR COMPLETE LINE FOR DYNAMIC SPARE PARTS & ACCESSORIES","og_url":"https:\/\/hdotrade.com\/fr\/produit\/cordless-hand-mixer-dynamix-nomad-160\/","og_site_name":"HDO Global Trade","article_modified_time":"2023-05-15T11:50:40+00:00","og_image":[{"width":500,"height":500,"url":"https:\/\/hdotrade.com\/wp-content\/uploads\/2021\/06\/CORDLESS-HAND-MIXER-DYNAMIX-NOMAD-160.png","type":"image\/png"}],"twitter_card":"summary_large_image","twitter_misc":{"Dur\u00e9e de lecture estim\u00e9e":"1 minute"},"schema":{"@context":"https:\/\/schema.org","@graph":[{"@type":"WebPage","@id":"https:\/\/hdotrade.com\/product\/cordless-hand-mixer-dynamix-nomad-160\/","url":"https:\/\/hdotrade.com\/product\/cordless-hand-mixer-dynamix-nomad-160\/","name":"CORDLESS HAND MIXER DYNAMIX NOMAD 160 - HDO Global Trade","isPartOf":{"@id":"https:\/\/hdotrade.com\/#website"},"primaryImageOfPage":{"@id":"https:\/\/hdotrade.com\/product\/cordless-hand-mixer-dynamix-nomad-160\/#primaryimage"},"image":{"@id":"https:\/\/hdotrade.com\/product\/cordless-hand-mixer-dynamix-nomad-160\/#primaryimage"},"thumbnailUrl":"https:\/\/hdotrade.com\/wp-content\/uploads\/2021\/06\/CORDLESS-HAND-MIXER-DYNAMIX-NOMAD-160.png","datePublished":"2021-06-30T09:47:02+00:00","dateModified":"2023-05-15T11:50:40+00:00","description":"CORDLESS HAND MIXER DYNAMIX NOMAD DYNAMIC MIXER MX130 SEE OUR COMPLETE LINE FOR DYNAMIC SPARE PARTS & ACCESSORIES","breadcrumb":{"@id":"https:\/\/hdotrade.com\/product\/cordless-hand-mixer-dynamix-nomad-160\/#breadcrumb"},"inLanguage":"fr-FR","potentialAction":[{"@type":"ReadAction","target":["https:\/\/hdotrade.com\/product\/cordless-hand-mixer-dynamix-nomad-160\/"]}]},{"@type":"ImageObject","inLanguage":"fr-FR","@id":"https:\/\/hdotrade.com\/product\/cordless-hand-mixer-dynamix-nomad-160\/#primaryimage","url":"https:\/\/hdotrade.com\/wp-content\/uploads\/2021\/06\/CORDLESS-HAND-MIXER-DYNAMIX-NOMAD-160.png","contentUrl":"https:\/\/hdotrade.com\/wp-content\/uploads\/2021\/06\/CORDLESS-HAND-MIXER-DYNAMIX-NOMAD-160.png","width":500,"height":500,"caption":"CORDLESS-HAND-MIXER-DYNAMIX-NOMAD-160"},{"@type":"BreadcrumbList","@id":"https:\/\/hdotrade.com\/product\/cordless-hand-mixer-dynamix-nomad-160\/#breadcrumb","itemListElement":[{"@type":"ListItem","position":1,"name":"Home","item":"https:\/\/hdotrade.com\/"},{"@type":"ListItem","position":2,"name":"Shop","item":"https:\/\/hdotrade.com\/shop\/"},{"@type":"ListItem","position":3,"name":"CORDLESS HAND MIXER DYNAMIX NOMAD 160"}]},{"@type":"WebSite","@id":"https:\/\/hdotrade.com\/#website","url":"https:\/\/hdotrade.com\/","name":"HDO Global Trade","description":"Online store","publisher":{"@id":"https:\/\/hdotrade.com\/#organization"},"potentialAction":[{"@type":"SearchAction","target":{"@type":"EntryPoint","urlTemplate":"https:\/\/hdotrade.com\/?s={search_term_string}"},"query-input":{"@type":"PropertyValueSpecification","valueRequired":true,"valueName":"search_term_string"}}],"inLanguage":"fr-FR"},{"@type":"Organization","@id":"https:\/\/hdotrade.com\/#organization","name":"HDO Global Trade","url":"https:\/\/hdotrade.com\/","logo":{"@type":"ImageObject","inLanguage":"fr-FR","@id":"https:\/\/hdotrade.com\/#\/schema\/logo\/image\/","url":"https:\/\/hdotrade.com\/wp-content\/uploads\/2021\/06\/cropped-cropped-HDO-FINAL-LOGO.png","contentUrl":"https:\/\/hdotrade.com\/wp-content\/uploads\/2021\/06\/cropped-cropped-HDO-FINAL-LOGO.png","width":512,"height":511,"caption":"HDO Global Trade"},"image":{"@id":"https:\/\/hdotrade.com\/#\/schema\/logo\/image\/"}}]}},"_links":{"self":[{"href":"https:\/\/hdotrade.com\/fr\/wp-json\/wp\/v2\/product\/2588","targetHints":{"allow":["GET"]}}],"collection":[{"href":"https:\/\/hdotrade.com\/fr\/wp-json\/wp\/v2\/product"}],"about":[{"href":"https:\/\/hdotrade.com\/fr\/wp-json\/wp\/v2\/types\/product"}],"version-history":[{"count":3,"href":"https:\/\/hdotrade.com\/fr\/wp-json\/wp\/v2\/product\/2588\/revisions"}],"predecessor-version":[{"id":18681,"href":"https:\/\/hdotrade.com\/fr\/wp-json\/wp\/v2\/product\/2588\/revisions\/18681"}],"wp:featuredmedia":[{"embeddable":true,"href":"https:\/\/hdotrade.com\/fr\/wp-json\/wp\/v2\/media\/2589"}],"wp:attachment":[{"href":"https:\/\/hdotrade.com\/fr\/wp-json\/wp\/v2\/media?parent=2588"}],"wp:term":[{"taxonomy":"product_cat","embeddable":true,"href":"https:\/\/hdotrade.com\/fr\/wp-json\/wp\/v2\/product_cat?post=2588"},{"taxonomy":"product_tag","embeddable":true,"href":"https:\/\/hdotrade.com\/fr\/wp-json\/wp\/v2\/product_tag?post=2588"}],"curies":[{"name":"wp","href":"https:\/\/api.w.org\/{rel}","templated":true}]}}