{"id":2843,"date":"2021-07-06T13:06:21","date_gmt":"2021-07-06T13:06:21","guid":{"rendered":"http:\/\/hdotrade.com\/?post_type=product&#038;p=2843"},"modified":"2023-05-09T12:32:59","modified_gmt":"2023-05-09T12:32:59","slug":"dynamic-mixer-hand-mixer-smx-blender-turbo","status":"publish","type":"product","link":"https:\/\/hdotrade.com\/fr\/produit\/dynamic-mixer-hand-mixer-smx-blender-turbo\/","title":{"rendered":"DYNAMIC M\u00c9LANGEUR \u00c0 MAIN  M\u00c9LANGEUR TURBO"},"content":{"rendered":"<div>DYNAMIC M\u00c9LANGEUR \u00c0 MAIN  M\u00c9LANGEUR TURBO<\/div>\n<ul>\n<li class=\"ProductMain-quantity-title\">40 to 100 L<\/li>\n<li>Output max 1000 W<\/li>\n<li>Speed \u00a011 000 R.P.M<\/li>\n<li>Voltage 220 &#8211; 240 V<\/li>\n<li>Shaft length 580 mm<\/li>\n<\/ul>\n<p>DYNAMIC MISTURADOR\u00a0 MANUALSMX LIQUIDIFICADOR TURBO<\/p>\n<div class=\"ProductMain-quantity-list\">\n<div class=\"ProductMain-features-list\"><\/div>\n<\/div>","protected":false},"excerpt":{"rendered":"<p>DYNAMIC MIXER HAND MIXER SMX BLENDER TURBO 40 to 100 L Output max 1000 W Speed \u00a011 000 R.P.M Voltage 220 &#8211; 240 V Shaft length 580 mm DYNAMIC MISTURADOR\u00a0 MANUALSMX LIQUIDIFICADOR TURBO<\/p>","protected":false},"featured_media":2847,"template":"","meta":[],"product_cat":[41,49,155],"product_tag":[],"class_list":{"0":"post-2843","1":"product","2":"type-product","3":"status-publish","4":"has-post-thumbnail","6":"product_cat-dynamic","7":"product_cat-mixer-dynamic","8":"product_cat-smx-range","10":"first","11":"instock","12":"taxable","13":"shipping-taxable","14":"product-type-simple"},"acf":[],"yoast_head":"<!-- This site is optimized with the Yoast SEO plugin v24.1 - https:\/\/yoast.com\/wordpress\/plugins\/seo\/ -->\n<title>DYNAMIC MIXER HAND MIXER SMX BLENDER TURBO - HDO Global Trade<\/title>\n<meta name=\"description\" content=\"DYNAMIC MIXER HAND MIXER SMX BLENDER TURBO MX125T- SEE OUR COMPLETE LINE FOR DYNAMIC MIXER SPARE PARTS &amp; ACCESSORIES\" \/>\n<meta name=\"robots\" content=\"index, follow, max-snippet:-1, max-image-preview:large, max-video-preview:-1\" \/>\n<link rel=\"canonical\" href=\"https:\/\/hdotrade.com\/fr\/produit\/dynamic-mixer-hand-mixer-smx-blender-turbo\/\" \/>\n<meta property=\"og:locale\" content=\"fr_FR\" \/>\n<meta property=\"og:type\" content=\"article\" \/>\n<meta property=\"og:title\" content=\"DYNAMIC MIXER HAND MIXER SMX BLENDER TURBO - HDO Global Trade\" \/>\n<meta property=\"og:description\" content=\"DYNAMIC MIXER HAND MIXER SMX BLENDER TURBO MX125T- SEE OUR COMPLETE LINE FOR DYNAMIC MIXER SPARE PARTS &amp; ACCESSORIES\" \/>\n<meta property=\"og:url\" content=\"https:\/\/hdotrade.com\/fr\/produit\/dynamic-mixer-hand-mixer-smx-blender-turbo\/\" \/>\n<meta property=\"og:site_name\" content=\"HDO Global Trade\" \/>\n<meta property=\"article:modified_time\" content=\"2023-05-09T12:32:59+00:00\" \/>\n<meta property=\"og:image\" content=\"https:\/\/hdotrade.com\/wp-content\/uploads\/2021\/07\/DYNAMIC-MIXER-HAND-MIXER-SMX-BLENDER-TURBO.png\" \/>\n\t<meta property=\"og:image:width\" content=\"500\" \/>\n\t<meta property=\"og:image:height\" content=\"500\" \/>\n\t<meta property=\"og:image:type\" content=\"image\/png\" \/>\n<meta name=\"twitter:card\" content=\"summary_large_image\" \/>\n<meta name=\"twitter:label1\" content=\"Dur\u00e9e de lecture estim\u00e9e\" \/>\n\t<meta name=\"twitter:data1\" content=\"1 minute\" \/>\n<script type=\"application\/ld+json\" class=\"yoast-schema-graph\">{\"@context\":\"https:\/\/schema.org\",\"@graph\":[{\"@type\":\"WebPage\",\"@id\":\"https:\/\/hdotrade.com\/product\/dynamic-mixer-hand-mixer-smx-blender-turbo\/\",\"url\":\"https:\/\/hdotrade.com\/product\/dynamic-mixer-hand-mixer-smx-blender-turbo\/\",\"name\":\"DYNAMIC MIXER HAND MIXER SMX BLENDER TURBO - HDO Global Trade\",\"isPartOf\":{\"@id\":\"https:\/\/hdotrade.com\/#website\"},\"primaryImageOfPage\":{\"@id\":\"https:\/\/hdotrade.com\/product\/dynamic-mixer-hand-mixer-smx-blender-turbo\/#primaryimage\"},\"image\":{\"@id\":\"https:\/\/hdotrade.com\/product\/dynamic-mixer-hand-mixer-smx-blender-turbo\/#primaryimage\"},\"thumbnailUrl\":\"https:\/\/hdotrade.com\/wp-content\/uploads\/2021\/07\/DYNAMIC-MIXER-HAND-MIXER-SMX-BLENDER-TURBO.png\",\"datePublished\":\"2021-07-06T13:06:21+00:00\",\"dateModified\":\"2023-05-09T12:32:59+00:00\",\"description\":\"DYNAMIC MIXER HAND MIXER SMX BLENDER TURBO MX125T- SEE OUR COMPLETE LINE FOR DYNAMIC MIXER SPARE PARTS & ACCESSORIES\",\"breadcrumb\":{\"@id\":\"https:\/\/hdotrade.com\/product\/dynamic-mixer-hand-mixer-smx-blender-turbo\/#breadcrumb\"},\"inLanguage\":\"fr-FR\",\"potentialAction\":[{\"@type\":\"ReadAction\",\"target\":[\"https:\/\/hdotrade.com\/product\/dynamic-mixer-hand-mixer-smx-blender-turbo\/\"]}]},{\"@type\":\"ImageObject\",\"inLanguage\":\"fr-FR\",\"@id\":\"https:\/\/hdotrade.com\/product\/dynamic-mixer-hand-mixer-smx-blender-turbo\/#primaryimage\",\"url\":\"https:\/\/hdotrade.com\/wp-content\/uploads\/2021\/07\/DYNAMIC-MIXER-HAND-MIXER-SMX-BLENDER-TURBO.png\",\"contentUrl\":\"https:\/\/hdotrade.com\/wp-content\/uploads\/2021\/07\/DYNAMIC-MIXER-HAND-MIXER-SMX-BLENDER-TURBO.png\",\"width\":500,\"height\":500,\"caption\":\"DYNAMIC MIXER HAND MIXER SMX BLENDER TURBO\"},{\"@type\":\"BreadcrumbList\",\"@id\":\"https:\/\/hdotrade.com\/product\/dynamic-mixer-hand-mixer-smx-blender-turbo\/#breadcrumb\",\"itemListElement\":[{\"@type\":\"ListItem\",\"position\":1,\"name\":\"Home\",\"item\":\"https:\/\/hdotrade.com\/\"},{\"@type\":\"ListItem\",\"position\":2,\"name\":\"Shop\",\"item\":\"https:\/\/hdotrade.com\/shop\/\"},{\"@type\":\"ListItem\",\"position\":3,\"name\":\"DYNAMIC MIXER HAND MIXER SMX BLENDER TURBO\"}]},{\"@type\":\"WebSite\",\"@id\":\"https:\/\/hdotrade.com\/#website\",\"url\":\"https:\/\/hdotrade.com\/\",\"name\":\"HDO Global Trade\",\"description\":\"Online store\",\"publisher\":{\"@id\":\"https:\/\/hdotrade.com\/#organization\"},\"potentialAction\":[{\"@type\":\"SearchAction\",\"target\":{\"@type\":\"EntryPoint\",\"urlTemplate\":\"https:\/\/hdotrade.com\/?s={search_term_string}\"},\"query-input\":{\"@type\":\"PropertyValueSpecification\",\"valueRequired\":true,\"valueName\":\"search_term_string\"}}],\"inLanguage\":\"fr-FR\"},{\"@type\":\"Organization\",\"@id\":\"https:\/\/hdotrade.com\/#organization\",\"name\":\"HDO Global Trade\",\"url\":\"https:\/\/hdotrade.com\/\",\"logo\":{\"@type\":\"ImageObject\",\"inLanguage\":\"fr-FR\",\"@id\":\"https:\/\/hdotrade.com\/#\/schema\/logo\/image\/\",\"url\":\"https:\/\/hdotrade.com\/wp-content\/uploads\/2021\/06\/cropped-cropped-HDO-FINAL-LOGO.png\",\"contentUrl\":\"https:\/\/hdotrade.com\/wp-content\/uploads\/2021\/06\/cropped-cropped-HDO-FINAL-LOGO.png\",\"width\":512,\"height\":511,\"caption\":\"HDO Global Trade\"},\"image\":{\"@id\":\"https:\/\/hdotrade.com\/#\/schema\/logo\/image\/\"}}]}<\/script>\n<!-- \/ Yoast SEO plugin. -->","yoast_head_json":{"title":"DYNAMIC MIXER HAND MIXER SMX BLENDER TURBO - HDO Global Trade","description":"DYNAMIC MIXER HAND MIXER SMX BLENDER TURBO MX125T- SEE OUR COMPLETE LINE FOR DYNAMIC MIXER SPARE PARTS & ACCESSORIES","robots":{"index":"index","follow":"follow","max-snippet":"max-snippet:-1","max-image-preview":"max-image-preview:large","max-video-preview":"max-video-preview:-1"},"canonical":"https:\/\/hdotrade.com\/fr\/produit\/dynamic-mixer-hand-mixer-smx-blender-turbo\/","og_locale":"fr_FR","og_type":"article","og_title":"DYNAMIC MIXER HAND MIXER SMX BLENDER TURBO - HDO Global Trade","og_description":"DYNAMIC MIXER HAND MIXER SMX BLENDER TURBO MX125T- SEE OUR COMPLETE LINE FOR DYNAMIC MIXER SPARE PARTS & ACCESSORIES","og_url":"https:\/\/hdotrade.com\/fr\/produit\/dynamic-mixer-hand-mixer-smx-blender-turbo\/","og_site_name":"HDO Global Trade","article_modified_time":"2023-05-09T12:32:59+00:00","og_image":[{"width":500,"height":500,"url":"https:\/\/hdotrade.com\/wp-content\/uploads\/2021\/07\/DYNAMIC-MIXER-HAND-MIXER-SMX-BLENDER-TURBO.png","type":"image\/png"}],"twitter_card":"summary_large_image","twitter_misc":{"Dur\u00e9e de lecture estim\u00e9e":"1 minute"},"schema":{"@context":"https:\/\/schema.org","@graph":[{"@type":"WebPage","@id":"https:\/\/hdotrade.com\/product\/dynamic-mixer-hand-mixer-smx-blender-turbo\/","url":"https:\/\/hdotrade.com\/product\/dynamic-mixer-hand-mixer-smx-blender-turbo\/","name":"DYNAMIC MIXER HAND MIXER SMX BLENDER TURBO - HDO Global Trade","isPartOf":{"@id":"https:\/\/hdotrade.com\/#website"},"primaryImageOfPage":{"@id":"https:\/\/hdotrade.com\/product\/dynamic-mixer-hand-mixer-smx-blender-turbo\/#primaryimage"},"image":{"@id":"https:\/\/hdotrade.com\/product\/dynamic-mixer-hand-mixer-smx-blender-turbo\/#primaryimage"},"thumbnailUrl":"https:\/\/hdotrade.com\/wp-content\/uploads\/2021\/07\/DYNAMIC-MIXER-HAND-MIXER-SMX-BLENDER-TURBO.png","datePublished":"2021-07-06T13:06:21+00:00","dateModified":"2023-05-09T12:32:59+00:00","description":"DYNAMIC MIXER HAND MIXER SMX BLENDER TURBO MX125T- SEE OUR COMPLETE LINE FOR DYNAMIC MIXER SPARE PARTS & ACCESSORIES","breadcrumb":{"@id":"https:\/\/hdotrade.com\/product\/dynamic-mixer-hand-mixer-smx-blender-turbo\/#breadcrumb"},"inLanguage":"fr-FR","potentialAction":[{"@type":"ReadAction","target":["https:\/\/hdotrade.com\/product\/dynamic-mixer-hand-mixer-smx-blender-turbo\/"]}]},{"@type":"ImageObject","inLanguage":"fr-FR","@id":"https:\/\/hdotrade.com\/product\/dynamic-mixer-hand-mixer-smx-blender-turbo\/#primaryimage","url":"https:\/\/hdotrade.com\/wp-content\/uploads\/2021\/07\/DYNAMIC-MIXER-HAND-MIXER-SMX-BLENDER-TURBO.png","contentUrl":"https:\/\/hdotrade.com\/wp-content\/uploads\/2021\/07\/DYNAMIC-MIXER-HAND-MIXER-SMX-BLENDER-TURBO.png","width":500,"height":500,"caption":"DYNAMIC MIXER HAND MIXER SMX BLENDER TURBO"},{"@type":"BreadcrumbList","@id":"https:\/\/hdotrade.com\/product\/dynamic-mixer-hand-mixer-smx-blender-turbo\/#breadcrumb","itemListElement":[{"@type":"ListItem","position":1,"name":"Home","item":"https:\/\/hdotrade.com\/"},{"@type":"ListItem","position":2,"name":"Shop","item":"https:\/\/hdotrade.com\/shop\/"},{"@type":"ListItem","position":3,"name":"DYNAMIC MIXER HAND MIXER SMX BLENDER TURBO"}]},{"@type":"WebSite","@id":"https:\/\/hdotrade.com\/#website","url":"https:\/\/hdotrade.com\/","name":"HDO Global Trade","description":"Online store","publisher":{"@id":"https:\/\/hdotrade.com\/#organization"},"potentialAction":[{"@type":"SearchAction","target":{"@type":"EntryPoint","urlTemplate":"https:\/\/hdotrade.com\/?s={search_term_string}"},"query-input":{"@type":"PropertyValueSpecification","valueRequired":true,"valueName":"search_term_string"}}],"inLanguage":"fr-FR"},{"@type":"Organization","@id":"https:\/\/hdotrade.com\/#organization","name":"HDO Global Trade","url":"https:\/\/hdotrade.com\/","logo":{"@type":"ImageObject","inLanguage":"fr-FR","@id":"https:\/\/hdotrade.com\/#\/schema\/logo\/image\/","url":"https:\/\/hdotrade.com\/wp-content\/uploads\/2021\/06\/cropped-cropped-HDO-FINAL-LOGO.png","contentUrl":"https:\/\/hdotrade.com\/wp-content\/uploads\/2021\/06\/cropped-cropped-HDO-FINAL-LOGO.png","width":512,"height":511,"caption":"HDO Global Trade"},"image":{"@id":"https:\/\/hdotrade.com\/#\/schema\/logo\/image\/"}}]}},"_links":{"self":[{"href":"https:\/\/hdotrade.com\/fr\/wp-json\/wp\/v2\/product\/2843","targetHints":{"allow":["GET"]}}],"collection":[{"href":"https:\/\/hdotrade.com\/fr\/wp-json\/wp\/v2\/product"}],"about":[{"href":"https:\/\/hdotrade.com\/fr\/wp-json\/wp\/v2\/types\/product"}],"version-history":[{"count":4,"href":"https:\/\/hdotrade.com\/fr\/wp-json\/wp\/v2\/product\/2843\/revisions"}],"predecessor-version":[{"id":18612,"href":"https:\/\/hdotrade.com\/fr\/wp-json\/wp\/v2\/product\/2843\/revisions\/18612"}],"wp:featuredmedia":[{"embeddable":true,"href":"https:\/\/hdotrade.com\/fr\/wp-json\/wp\/v2\/media\/2847"}],"wp:attachment":[{"href":"https:\/\/hdotrade.com\/fr\/wp-json\/wp\/v2\/media?parent=2843"}],"wp:term":[{"taxonomy":"product_cat","embeddable":true,"href":"https:\/\/hdotrade.com\/fr\/wp-json\/wp\/v2\/product_cat?post=2843"},{"taxonomy":"product_tag","embeddable":true,"href":"https:\/\/hdotrade.com\/fr\/wp-json\/wp\/v2\/product_tag?post=2843"}],"curies":[{"name":"wp","href":"https:\/\/api.w.org\/{rel}","templated":true}]}}