{"id":3733,"date":"2021-07-22T09:34:52","date_gmt":"2021-07-22T09:34:52","guid":{"rendered":"http:\/\/hdotrade.com\/?post_type=product&#038;p=3733"},"modified":"2023-05-08T11:19:07","modified_gmt":"2023-05-08T11:19:07","slug":"dynamic-top-housing-orange-plastic-piece","status":"publish","type":"product","link":"https:\/\/hdotrade.com\/fr\/produit\/dynamic-top-housing-orange-plastic-piece\/","title":{"rendered":"DYNAMIC SMX SARIE STRUCTURE TOP ORANGE MORCEAU DE PLASTIQUE"},"content":{"rendered":"<p>BO\u00ceTIER SUP\u00c9RIEUR DYNAMIC PI\u00c8CE EN PLASTIQUE ORANGE<\/p>\n<p>POUR DYNAMIC MACHINE<\/p>\n<ul>\n<li>SMX 600E (MX002)<\/li>\n<li>MX 700E (MX040)<\/li>\n<li>SMX 800E (MX001)<\/li>\n<li>SMX BLENDER (MX125)<\/li>\n<li>SMX 600 DSC<\/li>\n<li>SMX 800 DSC<\/li>\n<\/ul>\n<p>DYNAMIC SMX SARIE PE\u00c7A DE PL\u00c1STICO LARANJA DA CARCA\u00c7A SUPERIOR<\/p>\n<p>&nbsp;<\/p>","protected":false},"excerpt":{"rendered":"<p>DYNAMIC TOP HOUSING ORANGE PLASTIC PIECE FOR DYNAMIC MACHINE SMX 600E (MX002) MX 700E (MX040) SMX 800E (MX001) SMX BLENDER (MX125) SMX 600 DSC SMX 800 DSC DYNAMIC SMX SARIE PE\u00c7A DE PL\u00c1STICO LARANJA DA CARCA\u00c7A SUPERIOR &nbsp;<\/p>","protected":false},"featured_media":3735,"template":"","meta":[],"product_cat":[41,49,155],"product_tag":[],"class_list":{"0":"post-3733","1":"product","2":"type-product","3":"status-publish","4":"has-post-thumbnail","6":"product_cat-dynamic","7":"product_cat-mixer-dynamic","8":"product_cat-smx-range","10":"first","11":"instock","12":"taxable","13":"shipping-taxable","14":"product-type-simple"},"acf":[],"yoast_head":"<!-- This site is optimized with the Yoast SEO plugin v24.1 - https:\/\/yoast.com\/wordpress\/plugins\/seo\/ -->\n<title>DYNAMIC SMX SARIE TOP HOUSING ORANGE PLASTIC PIECE - HDO Global Trade<\/title>\n<meta name=\"description\" content=\"DYNAMIC SMX SARIE TOP HOUSING ORANGE PLASTIC PIECE 45706 - SEE OUR COMPLETE LINE FOR DYNAMIC MIXER SMX RANGE SPARE PARTS &amp; ACCESSORIES\" \/>\n<meta name=\"robots\" content=\"index, follow, max-snippet:-1, max-image-preview:large, max-video-preview:-1\" \/>\n<link rel=\"canonical\" href=\"https:\/\/hdotrade.com\/fr\/produit\/dynamic-top-housing-orange-plastic-piece\/\" \/>\n<meta property=\"og:locale\" content=\"fr_FR\" \/>\n<meta property=\"og:type\" content=\"article\" \/>\n<meta property=\"og:title\" content=\"DYNAMIC SMX SARIE TOP HOUSING ORANGE PLASTIC PIECE - HDO Global Trade\" \/>\n<meta property=\"og:description\" content=\"DYNAMIC SMX SARIE TOP HOUSING ORANGE PLASTIC PIECE 45706 - SEE OUR COMPLETE LINE FOR DYNAMIC MIXER SMX RANGE SPARE PARTS &amp; ACCESSORIES\" \/>\n<meta property=\"og:url\" content=\"https:\/\/hdotrade.com\/fr\/produit\/dynamic-top-housing-orange-plastic-piece\/\" \/>\n<meta property=\"og:site_name\" content=\"HDO Global Trade\" \/>\n<meta property=\"article:modified_time\" content=\"2023-05-08T11:19:07+00:00\" \/>\n<meta property=\"og:image\" content=\"https:\/\/hdotrade.com\/wp-content\/uploads\/2021\/07\/TOP-HOUSING-ORANGE-PLASTIC-PIECE-45706.png\" \/>\n\t<meta property=\"og:image:width\" content=\"500\" \/>\n\t<meta property=\"og:image:height\" content=\"500\" \/>\n\t<meta property=\"og:image:type\" content=\"image\/png\" \/>\n<meta name=\"twitter:card\" content=\"summary_large_image\" \/>\n<meta name=\"twitter:label1\" content=\"Dur\u00e9e de lecture estim\u00e9e\" \/>\n\t<meta name=\"twitter:data1\" content=\"1 minute\" \/>\n<script type=\"application\/ld+json\" class=\"yoast-schema-graph\">{\"@context\":\"https:\/\/schema.org\",\"@graph\":[{\"@type\":\"WebPage\",\"@id\":\"https:\/\/hdotrade.com\/product\/dynamic-top-housing-orange-plastic-piece\/\",\"url\":\"https:\/\/hdotrade.com\/product\/dynamic-top-housing-orange-plastic-piece\/\",\"name\":\"DYNAMIC SMX SARIE TOP HOUSING ORANGE PLASTIC PIECE - HDO Global Trade\",\"isPartOf\":{\"@id\":\"https:\/\/hdotrade.com\/#website\"},\"primaryImageOfPage\":{\"@id\":\"https:\/\/hdotrade.com\/product\/dynamic-top-housing-orange-plastic-piece\/#primaryimage\"},\"image\":{\"@id\":\"https:\/\/hdotrade.com\/product\/dynamic-top-housing-orange-plastic-piece\/#primaryimage\"},\"thumbnailUrl\":\"https:\/\/hdotrade.com\/wp-content\/uploads\/2021\/07\/TOP-HOUSING-ORANGE-PLASTIC-PIECE-45706.png\",\"datePublished\":\"2021-07-22T09:34:52+00:00\",\"dateModified\":\"2023-05-08T11:19:07+00:00\",\"description\":\"DYNAMIC SMX SARIE TOP HOUSING ORANGE PLASTIC PIECE 45706 - SEE OUR COMPLETE LINE FOR DYNAMIC MIXER SMX RANGE SPARE PARTS & ACCESSORIES\",\"breadcrumb\":{\"@id\":\"https:\/\/hdotrade.com\/product\/dynamic-top-housing-orange-plastic-piece\/#breadcrumb\"},\"inLanguage\":\"fr-FR\",\"potentialAction\":[{\"@type\":\"ReadAction\",\"target\":[\"https:\/\/hdotrade.com\/product\/dynamic-top-housing-orange-plastic-piece\/\"]}]},{\"@type\":\"ImageObject\",\"inLanguage\":\"fr-FR\",\"@id\":\"https:\/\/hdotrade.com\/product\/dynamic-top-housing-orange-plastic-piece\/#primaryimage\",\"url\":\"https:\/\/hdotrade.com\/wp-content\/uploads\/2021\/07\/TOP-HOUSING-ORANGE-PLASTIC-PIECE-45706.png\",\"contentUrl\":\"https:\/\/hdotrade.com\/wp-content\/uploads\/2021\/07\/TOP-HOUSING-ORANGE-PLASTIC-PIECE-45706.png\",\"width\":500,\"height\":500,\"caption\":\"TOP-HOUSING-ORANGE-PLASTIC-PIECE-45706\"},{\"@type\":\"BreadcrumbList\",\"@id\":\"https:\/\/hdotrade.com\/product\/dynamic-top-housing-orange-plastic-piece\/#breadcrumb\",\"itemListElement\":[{\"@type\":\"ListItem\",\"position\":1,\"name\":\"Home\",\"item\":\"https:\/\/hdotrade.com\/\"},{\"@type\":\"ListItem\",\"position\":2,\"name\":\"Shop\",\"item\":\"https:\/\/hdotrade.com\/shop\/\"},{\"@type\":\"ListItem\",\"position\":3,\"name\":\"DYNAMIC SMX SARIE TOP HOUSING ORANGE PLASTIC PIECE\"}]},{\"@type\":\"WebSite\",\"@id\":\"https:\/\/hdotrade.com\/#website\",\"url\":\"https:\/\/hdotrade.com\/\",\"name\":\"HDO Global Trade\",\"description\":\"Online store\",\"publisher\":{\"@id\":\"https:\/\/hdotrade.com\/#organization\"},\"potentialAction\":[{\"@type\":\"SearchAction\",\"target\":{\"@type\":\"EntryPoint\",\"urlTemplate\":\"https:\/\/hdotrade.com\/?s={search_term_string}\"},\"query-input\":{\"@type\":\"PropertyValueSpecification\",\"valueRequired\":true,\"valueName\":\"search_term_string\"}}],\"inLanguage\":\"fr-FR\"},{\"@type\":\"Organization\",\"@id\":\"https:\/\/hdotrade.com\/#organization\",\"name\":\"HDO Global Trade\",\"url\":\"https:\/\/hdotrade.com\/\",\"logo\":{\"@type\":\"ImageObject\",\"inLanguage\":\"fr-FR\",\"@id\":\"https:\/\/hdotrade.com\/#\/schema\/logo\/image\/\",\"url\":\"https:\/\/hdotrade.com\/wp-content\/uploads\/2021\/06\/cropped-cropped-HDO-FINAL-LOGO.png\",\"contentUrl\":\"https:\/\/hdotrade.com\/wp-content\/uploads\/2021\/06\/cropped-cropped-HDO-FINAL-LOGO.png\",\"width\":512,\"height\":511,\"caption\":\"HDO Global Trade\"},\"image\":{\"@id\":\"https:\/\/hdotrade.com\/#\/schema\/logo\/image\/\"}}]}<\/script>\n<!-- \/ Yoast SEO plugin. -->","yoast_head_json":{"title":"DYNAMIC SMX SARIE TOP HOUSING ORANGE PLASTIC PIECE - HDO Global Trade","description":"DYNAMIC SMX SARIE TOP HOUSING ORANGE PLASTIC PIECE 45706 - SEE OUR COMPLETE LINE FOR DYNAMIC MIXER SMX RANGE SPARE PARTS & ACCESSORIES","robots":{"index":"index","follow":"follow","max-snippet":"max-snippet:-1","max-image-preview":"max-image-preview:large","max-video-preview":"max-video-preview:-1"},"canonical":"https:\/\/hdotrade.com\/fr\/produit\/dynamic-top-housing-orange-plastic-piece\/","og_locale":"fr_FR","og_type":"article","og_title":"DYNAMIC SMX SARIE TOP HOUSING ORANGE PLASTIC PIECE - HDO Global Trade","og_description":"DYNAMIC SMX SARIE TOP HOUSING ORANGE PLASTIC PIECE 45706 - SEE OUR COMPLETE LINE FOR DYNAMIC MIXER SMX RANGE SPARE PARTS & ACCESSORIES","og_url":"https:\/\/hdotrade.com\/fr\/produit\/dynamic-top-housing-orange-plastic-piece\/","og_site_name":"HDO Global Trade","article_modified_time":"2023-05-08T11:19:07+00:00","og_image":[{"width":500,"height":500,"url":"https:\/\/hdotrade.com\/wp-content\/uploads\/2021\/07\/TOP-HOUSING-ORANGE-PLASTIC-PIECE-45706.png","type":"image\/png"}],"twitter_card":"summary_large_image","twitter_misc":{"Dur\u00e9e de lecture estim\u00e9e":"1 minute"},"schema":{"@context":"https:\/\/schema.org","@graph":[{"@type":"WebPage","@id":"https:\/\/hdotrade.com\/product\/dynamic-top-housing-orange-plastic-piece\/","url":"https:\/\/hdotrade.com\/product\/dynamic-top-housing-orange-plastic-piece\/","name":"DYNAMIC SMX SARIE TOP HOUSING ORANGE PLASTIC PIECE - HDO Global Trade","isPartOf":{"@id":"https:\/\/hdotrade.com\/#website"},"primaryImageOfPage":{"@id":"https:\/\/hdotrade.com\/product\/dynamic-top-housing-orange-plastic-piece\/#primaryimage"},"image":{"@id":"https:\/\/hdotrade.com\/product\/dynamic-top-housing-orange-plastic-piece\/#primaryimage"},"thumbnailUrl":"https:\/\/hdotrade.com\/wp-content\/uploads\/2021\/07\/TOP-HOUSING-ORANGE-PLASTIC-PIECE-45706.png","datePublished":"2021-07-22T09:34:52+00:00","dateModified":"2023-05-08T11:19:07+00:00","description":"DYNAMIC SMX SARIE TOP HOUSING ORANGE PLASTIC PIECE 45706 - SEE OUR COMPLETE LINE FOR DYNAMIC MIXER SMX RANGE SPARE PARTS & ACCESSORIES","breadcrumb":{"@id":"https:\/\/hdotrade.com\/product\/dynamic-top-housing-orange-plastic-piece\/#breadcrumb"},"inLanguage":"fr-FR","potentialAction":[{"@type":"ReadAction","target":["https:\/\/hdotrade.com\/product\/dynamic-top-housing-orange-plastic-piece\/"]}]},{"@type":"ImageObject","inLanguage":"fr-FR","@id":"https:\/\/hdotrade.com\/product\/dynamic-top-housing-orange-plastic-piece\/#primaryimage","url":"https:\/\/hdotrade.com\/wp-content\/uploads\/2021\/07\/TOP-HOUSING-ORANGE-PLASTIC-PIECE-45706.png","contentUrl":"https:\/\/hdotrade.com\/wp-content\/uploads\/2021\/07\/TOP-HOUSING-ORANGE-PLASTIC-PIECE-45706.png","width":500,"height":500,"caption":"TOP-HOUSING-ORANGE-PLASTIC-PIECE-45706"},{"@type":"BreadcrumbList","@id":"https:\/\/hdotrade.com\/product\/dynamic-top-housing-orange-plastic-piece\/#breadcrumb","itemListElement":[{"@type":"ListItem","position":1,"name":"Home","item":"https:\/\/hdotrade.com\/"},{"@type":"ListItem","position":2,"name":"Shop","item":"https:\/\/hdotrade.com\/shop\/"},{"@type":"ListItem","position":3,"name":"DYNAMIC SMX SARIE TOP HOUSING ORANGE PLASTIC PIECE"}]},{"@type":"WebSite","@id":"https:\/\/hdotrade.com\/#website","url":"https:\/\/hdotrade.com\/","name":"HDO Global Trade","description":"Online store","publisher":{"@id":"https:\/\/hdotrade.com\/#organization"},"potentialAction":[{"@type":"SearchAction","target":{"@type":"EntryPoint","urlTemplate":"https:\/\/hdotrade.com\/?s={search_term_string}"},"query-input":{"@type":"PropertyValueSpecification","valueRequired":true,"valueName":"search_term_string"}}],"inLanguage":"fr-FR"},{"@type":"Organization","@id":"https:\/\/hdotrade.com\/#organization","name":"HDO Global Trade","url":"https:\/\/hdotrade.com\/","logo":{"@type":"ImageObject","inLanguage":"fr-FR","@id":"https:\/\/hdotrade.com\/#\/schema\/logo\/image\/","url":"https:\/\/hdotrade.com\/wp-content\/uploads\/2021\/06\/cropped-cropped-HDO-FINAL-LOGO.png","contentUrl":"https:\/\/hdotrade.com\/wp-content\/uploads\/2021\/06\/cropped-cropped-HDO-FINAL-LOGO.png","width":512,"height":511,"caption":"HDO Global Trade"},"image":{"@id":"https:\/\/hdotrade.com\/#\/schema\/logo\/image\/"}}]}},"_links":{"self":[{"href":"https:\/\/hdotrade.com\/fr\/wp-json\/wp\/v2\/product\/3733","targetHints":{"allow":["GET"]}}],"collection":[{"href":"https:\/\/hdotrade.com\/fr\/wp-json\/wp\/v2\/product"}],"about":[{"href":"https:\/\/hdotrade.com\/fr\/wp-json\/wp\/v2\/types\/product"}],"version-history":[{"count":2,"href":"https:\/\/hdotrade.com\/fr\/wp-json\/wp\/v2\/product\/3733\/revisions"}],"predecessor-version":[{"id":18552,"href":"https:\/\/hdotrade.com\/fr\/wp-json\/wp\/v2\/product\/3733\/revisions\/18552"}],"wp:featuredmedia":[{"embeddable":true,"href":"https:\/\/hdotrade.com\/fr\/wp-json\/wp\/v2\/media\/3735"}],"wp:attachment":[{"href":"https:\/\/hdotrade.com\/fr\/wp-json\/wp\/v2\/media?parent=3733"}],"wp:term":[{"taxonomy":"product_cat","embeddable":true,"href":"https:\/\/hdotrade.com\/fr\/wp-json\/wp\/v2\/product_cat?post=3733"},{"taxonomy":"product_tag","embeddable":true,"href":"https:\/\/hdotrade.com\/fr\/wp-json\/wp\/v2\/product_tag?post=3733"}],"curies":[{"name":"wp","href":"https:\/\/api.w.org\/{rel}","templated":true}]}}