{"id":4044,"date":"2021-07-27T20:56:35","date_gmt":"2021-07-27T20:56:35","guid":{"rendered":"http:\/\/hdotrade.com\/?post_type=product&#038;p=4044"},"modified":"2022-01-02T15:33:11","modified_gmt":"2022-01-02T15:33:11","slug":"dynamic-mixer-handle-screws-3","status":"publish","type":"product","link":"https:\/\/hdotrade.com\/fr\/produit\/dynamic-mixer-handle-screws-3\/","title":{"rendered":"DYNAMIC VIS DE POIGN\u00c9E DE M\u00c9LANGEUR (3)"},"content":{"rendered":"<p>DYNAMIC VIS DE POIGN\u00c9E DE M\u00c9LANGEUR (3)<\/p>\n<p>POUR DYNAMIC MACHINE<\/p>\n<ul>\n<li>DYNAMIC VIS DE POIGN\u00c9E DE M\u00c9LANGEUR (3)<\/li>\n<li>CUTTER BOWL DYNAMIX (AC518)<\/li>\n<li>MD95 (MX010)<\/li>\n<li>JUNIOR MX225 (MX020)<\/li>\n<li>BM JUNIOR DMX 225 AND COMBI 225 (AC100)<\/li>\n<li>CUTTER BOWL JUNIOR\u00a0 (AC104)<\/li>\n<li>JUNIOR WHISK MIXER\u00a0 (FT005)<\/li>\n<li>SENIOR MX 300 (MX007)<\/li>\n<li>BM SENIOR (AC005)<\/li>\n<li>MULTI-FUNCTION FOOD PREP (9170 DISC FOR CUBE , DISC FOR FRENCH FRIES) (9036 SLICING DISC)<\/li>\n<\/ul>\n<p>&nbsp;<\/p>","protected":false},"excerpt":{"rendered":"<p>DYNAMIC MIXER HANDLE SCREWS (3) FOR DYNAMIC MACHINE DYNAMIC MIXER HANDLE SCREWS (3) CUTTER BOWL DYNAMIX (AC518) MD95 (MX010) JUNIOR MX225 (MX020) BM JUNIOR DMX 225 AND COMBI 225 (AC100) CUTTER BOWL JUNIOR\u00a0 (AC104) JUNIOR WHISK MIXER\u00a0 (FT005) SENIOR MX 300 (MX007) BM SENIOR (AC005) MULTI-FUNCTION FOOD PREP (9170 DISC FOR CUBE , DISC FOR [&hellip;]<\/p>","protected":false},"featured_media":0,"template":"","meta":[],"product_cat":[41,49,156,158],"product_tag":[],"class_list":{"0":"post-4044","1":"product","2":"type-product","3":"status-publish","5":"product_cat-dynamic","6":"product_cat-mixer-dynamic","7":"product_cat-junior-range","8":"product_cat-senior-range","10":"first","11":"outofstock","12":"taxable","13":"shipping-taxable","14":"purchasable","15":"product-type-simple"},"acf":[],"yoast_head":"<!-- This site is optimized with the Yoast SEO plugin v24.1 - https:\/\/yoast.com\/wordpress\/plugins\/seo\/ -->\n<title>DYNAMIC MIXER HANDLE SCREWS (3) - HDO Global Trade<\/title>\n<meta name=\"description\" content=\"DYNAMIC MIXER HANDLE SCREWS (3) DYNAMIC CODE 9502 - SEE OUR COMPLETE LINE FOR DYNAMIC MIXER SPARE PARTS &amp; ACCESSORIES\" \/>\n<meta name=\"robots\" content=\"index, follow, max-snippet:-1, max-image-preview:large, max-video-preview:-1\" \/>\n<link rel=\"canonical\" href=\"https:\/\/hdotrade.com\/fr\/produit\/dynamic-mixer-handle-screws-3\/\" \/>\n<meta property=\"og:locale\" content=\"fr_FR\" \/>\n<meta property=\"og:type\" content=\"article\" \/>\n<meta property=\"og:title\" content=\"DYNAMIC MIXER HANDLE SCREWS (3) - HDO Global Trade\" \/>\n<meta property=\"og:description\" content=\"DYNAMIC MIXER HANDLE SCREWS (3) DYNAMIC CODE 9502 - SEE OUR COMPLETE LINE FOR DYNAMIC MIXER SPARE PARTS &amp; ACCESSORIES\" \/>\n<meta property=\"og:url\" content=\"https:\/\/hdotrade.com\/fr\/produit\/dynamic-mixer-handle-screws-3\/\" \/>\n<meta property=\"og:site_name\" content=\"HDO Global Trade\" \/>\n<meta property=\"article:modified_time\" content=\"2022-01-02T15:33:11+00:00\" \/>\n<meta name=\"twitter:card\" content=\"summary_large_image\" \/>\n<meta name=\"twitter:label1\" content=\"Dur\u00e9e de lecture estim\u00e9e\" \/>\n\t<meta name=\"twitter:data1\" content=\"1 minute\" \/>\n<script type=\"application\/ld+json\" class=\"yoast-schema-graph\">{\"@context\":\"https:\/\/schema.org\",\"@graph\":[{\"@type\":\"WebPage\",\"@id\":\"https:\/\/hdotrade.com\/product\/dynamic-mixer-handle-screws-3\/\",\"url\":\"https:\/\/hdotrade.com\/product\/dynamic-mixer-handle-screws-3\/\",\"name\":\"DYNAMIC MIXER HANDLE SCREWS (3) - HDO Global Trade\",\"isPartOf\":{\"@id\":\"https:\/\/hdotrade.com\/#website\"},\"datePublished\":\"2021-07-27T20:56:35+00:00\",\"dateModified\":\"2022-01-02T15:33:11+00:00\",\"description\":\"DYNAMIC MIXER HANDLE SCREWS (3) DYNAMIC CODE 9502 - SEE OUR COMPLETE LINE FOR DYNAMIC MIXER SPARE PARTS & ACCESSORIES\",\"breadcrumb\":{\"@id\":\"https:\/\/hdotrade.com\/product\/dynamic-mixer-handle-screws-3\/#breadcrumb\"},\"inLanguage\":\"fr-FR\",\"potentialAction\":[{\"@type\":\"ReadAction\",\"target\":[\"https:\/\/hdotrade.com\/product\/dynamic-mixer-handle-screws-3\/\"]}]},{\"@type\":\"BreadcrumbList\",\"@id\":\"https:\/\/hdotrade.com\/product\/dynamic-mixer-handle-screws-3\/#breadcrumb\",\"itemListElement\":[{\"@type\":\"ListItem\",\"position\":1,\"name\":\"Home\",\"item\":\"https:\/\/hdotrade.com\/\"},{\"@type\":\"ListItem\",\"position\":2,\"name\":\"Shop\",\"item\":\"https:\/\/hdotrade.com\/shop\/\"},{\"@type\":\"ListItem\",\"position\":3,\"name\":\"DYNAMIC MIXER HANDLE SCREWS (3)\"}]},{\"@type\":\"WebSite\",\"@id\":\"https:\/\/hdotrade.com\/#website\",\"url\":\"https:\/\/hdotrade.com\/\",\"name\":\"HDO Global Trade\",\"description\":\"Online store\",\"publisher\":{\"@id\":\"https:\/\/hdotrade.com\/#organization\"},\"potentialAction\":[{\"@type\":\"SearchAction\",\"target\":{\"@type\":\"EntryPoint\",\"urlTemplate\":\"https:\/\/hdotrade.com\/?s={search_term_string}\"},\"query-input\":{\"@type\":\"PropertyValueSpecification\",\"valueRequired\":true,\"valueName\":\"search_term_string\"}}],\"inLanguage\":\"fr-FR\"},{\"@type\":\"Organization\",\"@id\":\"https:\/\/hdotrade.com\/#organization\",\"name\":\"HDO Global Trade\",\"url\":\"https:\/\/hdotrade.com\/\",\"logo\":{\"@type\":\"ImageObject\",\"inLanguage\":\"fr-FR\",\"@id\":\"https:\/\/hdotrade.com\/#\/schema\/logo\/image\/\",\"url\":\"https:\/\/hdotrade.com\/wp-content\/uploads\/2021\/06\/cropped-cropped-HDO-FINAL-LOGO.png\",\"contentUrl\":\"https:\/\/hdotrade.com\/wp-content\/uploads\/2021\/06\/cropped-cropped-HDO-FINAL-LOGO.png\",\"width\":512,\"height\":511,\"caption\":\"HDO Global Trade\"},\"image\":{\"@id\":\"https:\/\/hdotrade.com\/#\/schema\/logo\/image\/\"}}]}<\/script>\n<!-- \/ Yoast SEO plugin. -->","yoast_head_json":{"title":"DYNAMIC MIXER HANDLE SCREWS (3) - HDO Global Trade","description":"DYNAMIC MIXER HANDLE SCREWS (3) DYNAMIC CODE 9502 - SEE OUR COMPLETE LINE FOR DYNAMIC MIXER SPARE PARTS & ACCESSORIES","robots":{"index":"index","follow":"follow","max-snippet":"max-snippet:-1","max-image-preview":"max-image-preview:large","max-video-preview":"max-video-preview:-1"},"canonical":"https:\/\/hdotrade.com\/fr\/produit\/dynamic-mixer-handle-screws-3\/","og_locale":"fr_FR","og_type":"article","og_title":"DYNAMIC MIXER HANDLE SCREWS (3) - HDO Global Trade","og_description":"DYNAMIC MIXER HANDLE SCREWS (3) DYNAMIC CODE 9502 - SEE OUR COMPLETE LINE FOR DYNAMIC MIXER SPARE PARTS & ACCESSORIES","og_url":"https:\/\/hdotrade.com\/fr\/produit\/dynamic-mixer-handle-screws-3\/","og_site_name":"HDO Global Trade","article_modified_time":"2022-01-02T15:33:11+00:00","twitter_card":"summary_large_image","twitter_misc":{"Dur\u00e9e de lecture estim\u00e9e":"1 minute"},"schema":{"@context":"https:\/\/schema.org","@graph":[{"@type":"WebPage","@id":"https:\/\/hdotrade.com\/product\/dynamic-mixer-handle-screws-3\/","url":"https:\/\/hdotrade.com\/product\/dynamic-mixer-handle-screws-3\/","name":"DYNAMIC MIXER HANDLE SCREWS (3) - HDO Global Trade","isPartOf":{"@id":"https:\/\/hdotrade.com\/#website"},"datePublished":"2021-07-27T20:56:35+00:00","dateModified":"2022-01-02T15:33:11+00:00","description":"DYNAMIC MIXER HANDLE SCREWS (3) DYNAMIC CODE 9502 - SEE OUR COMPLETE LINE FOR DYNAMIC MIXER SPARE PARTS & ACCESSORIES","breadcrumb":{"@id":"https:\/\/hdotrade.com\/product\/dynamic-mixer-handle-screws-3\/#breadcrumb"},"inLanguage":"fr-FR","potentialAction":[{"@type":"ReadAction","target":["https:\/\/hdotrade.com\/product\/dynamic-mixer-handle-screws-3\/"]}]},{"@type":"BreadcrumbList","@id":"https:\/\/hdotrade.com\/product\/dynamic-mixer-handle-screws-3\/#breadcrumb","itemListElement":[{"@type":"ListItem","position":1,"name":"Home","item":"https:\/\/hdotrade.com\/"},{"@type":"ListItem","position":2,"name":"Shop","item":"https:\/\/hdotrade.com\/shop\/"},{"@type":"ListItem","position":3,"name":"DYNAMIC MIXER HANDLE SCREWS (3)"}]},{"@type":"WebSite","@id":"https:\/\/hdotrade.com\/#website","url":"https:\/\/hdotrade.com\/","name":"HDO Global Trade","description":"Online store","publisher":{"@id":"https:\/\/hdotrade.com\/#organization"},"potentialAction":[{"@type":"SearchAction","target":{"@type":"EntryPoint","urlTemplate":"https:\/\/hdotrade.com\/?s={search_term_string}"},"query-input":{"@type":"PropertyValueSpecification","valueRequired":true,"valueName":"search_term_string"}}],"inLanguage":"fr-FR"},{"@type":"Organization","@id":"https:\/\/hdotrade.com\/#organization","name":"HDO Global Trade","url":"https:\/\/hdotrade.com\/","logo":{"@type":"ImageObject","inLanguage":"fr-FR","@id":"https:\/\/hdotrade.com\/#\/schema\/logo\/image\/","url":"https:\/\/hdotrade.com\/wp-content\/uploads\/2021\/06\/cropped-cropped-HDO-FINAL-LOGO.png","contentUrl":"https:\/\/hdotrade.com\/wp-content\/uploads\/2021\/06\/cropped-cropped-HDO-FINAL-LOGO.png","width":512,"height":511,"caption":"HDO Global Trade"},"image":{"@id":"https:\/\/hdotrade.com\/#\/schema\/logo\/image\/"}}]}},"_links":{"self":[{"href":"https:\/\/hdotrade.com\/fr\/wp-json\/wp\/v2\/product\/4044","targetHints":{"allow":["GET"]}}],"collection":[{"href":"https:\/\/hdotrade.com\/fr\/wp-json\/wp\/v2\/product"}],"about":[{"href":"https:\/\/hdotrade.com\/fr\/wp-json\/wp\/v2\/types\/product"}],"version-history":[{"count":1,"href":"https:\/\/hdotrade.com\/fr\/wp-json\/wp\/v2\/product\/4044\/revisions"}],"predecessor-version":[{"id":7661,"href":"https:\/\/hdotrade.com\/fr\/wp-json\/wp\/v2\/product\/4044\/revisions\/7661"}],"wp:attachment":[{"href":"https:\/\/hdotrade.com\/fr\/wp-json\/wp\/v2\/media?parent=4044"}],"wp:term":[{"taxonomy":"product_cat","embeddable":true,"href":"https:\/\/hdotrade.com\/fr\/wp-json\/wp\/v2\/product_cat?post=4044"},{"taxonomy":"product_tag","embeddable":true,"href":"https:\/\/hdotrade.com\/fr\/wp-json\/wp\/v2\/product_tag?post=4044"}],"curies":[{"name":"wp","href":"https:\/\/api.w.org\/{rel}","templated":true}]}}