{"id":4176,"date":"2021-07-29T20:20:36","date_gmt":"2021-07-29T20:20:36","guid":{"rendered":"http:\/\/hdotrade.com\/?post_type=product&#038;p=4176"},"modified":"2023-04-24T11:18:44","modified_gmt":"2023-04-24T11:18:44","slug":"dynamic-mixer-lower-bolt","status":"publish","type":"product","link":"https:\/\/hdotrade.com\/fr\/produit\/dynamic-mixer-lower-bolt\/","title":{"rendered":"DYNAMIC BOULON INF\u00c9RIEUR DU M\u00c9LANGEUR"},"content":{"rendered":"<p>DYNAMIC BOULON INF\u00c9RIEUR DU M\u00c9LANGEUR<\/p>\n<ul>\n<li>POUR DYNAMIC MACHINE<\/li>\n<li>BM MASTER (AC001) RICER TOOL MASTER (AC004)<\/li>\n<li>PP300 (PP003)<\/li>\n<li>PP520 (PP001)<\/li>\n<li>RICER TOOL PP (AC220)<\/li>\n<li>MASTER MX410 (MX004)<\/li>\n<li>PP300 (PP003)<\/li>\n<li>PP520 (PP001)<\/li>\n<li>BMPP (AC221)<\/li>\n<\/ul>\n<p>DYNAMIC MIXER PARAFUSO INFERIOR<\/p>","protected":false},"excerpt":{"rendered":"<p>DYNAMIC MIXER LOWER BOLT FOR DYNAMIC MACHINE BM MASTER (AC001) RICER TOOL MASTER (AC004) PP300 (PP003) PP520 (PP001) RICER TOOL PP (AC220) MASTER MX410 (MX004) PP300 (PP003) PP520 (PP001) BMPP (AC221) DYNAMIC MIXER PARAFUSO INFERIOR<\/p>","protected":false},"featured_media":4180,"template":"","meta":[],"product_cat":[41,49,157],"product_tag":[],"class_list":{"0":"post-4176","1":"product","2":"type-product","3":"status-publish","4":"has-post-thumbnail","6":"product_cat-dynamic","7":"product_cat-mixer-dynamic","8":"product_cat-master-range","10":"first","11":"outofstock","12":"taxable","13":"shipping-taxable","14":"purchasable","15":"product-type-simple"},"acf":[],"yoast_head":"<!-- This site is optimized with the Yoast SEO plugin v24.1 - https:\/\/yoast.com\/wordpress\/plugins\/seo\/ -->\n<title>DYNAMIC MIXER LOWER BOLT - HDO Global Trade<\/title>\n<meta name=\"description\" content=\"DYNAMIC MIXER LOWER BOLT FOR DYNAMIC MACHINE BM MASTER (AC001) RICER TOOL MASTER (AC004) PP300 (PP003) PP520 (PP001) RICER TOOL PP (AC220)\" \/>\n<meta name=\"robots\" content=\"index, follow, max-snippet:-1, max-image-preview:large, max-video-preview:-1\" \/>\n<link rel=\"canonical\" href=\"https:\/\/hdotrade.com\/fr\/produit\/dynamic-mixer-lower-bolt\/\" \/>\n<meta property=\"og:locale\" content=\"fr_FR\" \/>\n<meta property=\"og:type\" content=\"article\" \/>\n<meta property=\"og:title\" content=\"DYNAMIC MIXER LOWER BOLT - HDO Global Trade\" \/>\n<meta property=\"og:description\" content=\"DYNAMIC MIXER LOWER BOLT FOR DYNAMIC MACHINE BM MASTER (AC001) RICER TOOL MASTER (AC004) PP300 (PP003) PP520 (PP001) RICER TOOL PP (AC220)\" \/>\n<meta property=\"og:url\" content=\"https:\/\/hdotrade.com\/fr\/produit\/dynamic-mixer-lower-bolt\/\" \/>\n<meta property=\"og:site_name\" content=\"HDO Global Trade\" \/>\n<meta property=\"article:modified_time\" content=\"2023-04-24T11:18:44+00:00\" \/>\n<meta property=\"og:image\" content=\"https:\/\/hdotrade.com\/wp-content\/uploads\/2021\/07\/DYNAMIC-MIXER-LOWER-BOLT-8423.png\" \/>\n\t<meta property=\"og:image:width\" content=\"500\" \/>\n\t<meta property=\"og:image:height\" content=\"500\" \/>\n\t<meta property=\"og:image:type\" content=\"image\/png\" \/>\n<meta name=\"twitter:card\" content=\"summary_large_image\" \/>\n<meta name=\"twitter:label1\" content=\"Dur\u00e9e de lecture estim\u00e9e\" \/>\n\t<meta name=\"twitter:data1\" content=\"1 minute\" \/>\n<script type=\"application\/ld+json\" class=\"yoast-schema-graph\">{\"@context\":\"https:\/\/schema.org\",\"@graph\":[{\"@type\":\"WebPage\",\"@id\":\"https:\/\/hdotrade.com\/product\/dynamic-mixer-lower-bolt\/\",\"url\":\"https:\/\/hdotrade.com\/product\/dynamic-mixer-lower-bolt\/\",\"name\":\"DYNAMIC MIXER LOWER BOLT - HDO Global Trade\",\"isPartOf\":{\"@id\":\"https:\/\/hdotrade.com\/#website\"},\"primaryImageOfPage\":{\"@id\":\"https:\/\/hdotrade.com\/product\/dynamic-mixer-lower-bolt\/#primaryimage\"},\"image\":{\"@id\":\"https:\/\/hdotrade.com\/product\/dynamic-mixer-lower-bolt\/#primaryimage\"},\"thumbnailUrl\":\"https:\/\/hdotrade.com\/wp-content\/uploads\/2021\/07\/DYNAMIC-MIXER-LOWER-BOLT-8423.png\",\"datePublished\":\"2021-07-29T20:20:36+00:00\",\"dateModified\":\"2023-04-24T11:18:44+00:00\",\"description\":\"DYNAMIC MIXER LOWER BOLT FOR DYNAMIC MACHINE BM MASTER (AC001) RICER TOOL MASTER (AC004) PP300 (PP003) PP520 (PP001) RICER TOOL PP (AC220)\",\"breadcrumb\":{\"@id\":\"https:\/\/hdotrade.com\/product\/dynamic-mixer-lower-bolt\/#breadcrumb\"},\"inLanguage\":\"fr-FR\",\"potentialAction\":[{\"@type\":\"ReadAction\",\"target\":[\"https:\/\/hdotrade.com\/product\/dynamic-mixer-lower-bolt\/\"]}]},{\"@type\":\"ImageObject\",\"inLanguage\":\"fr-FR\",\"@id\":\"https:\/\/hdotrade.com\/product\/dynamic-mixer-lower-bolt\/#primaryimage\",\"url\":\"https:\/\/hdotrade.com\/wp-content\/uploads\/2021\/07\/DYNAMIC-MIXER-LOWER-BOLT-8423.png\",\"contentUrl\":\"https:\/\/hdotrade.com\/wp-content\/uploads\/2021\/07\/DYNAMIC-MIXER-LOWER-BOLT-8423.png\",\"width\":500,\"height\":500,\"caption\":\"DYNAMIC-MIXER-LOWER-BOLT-8423\"},{\"@type\":\"BreadcrumbList\",\"@id\":\"https:\/\/hdotrade.com\/product\/dynamic-mixer-lower-bolt\/#breadcrumb\",\"itemListElement\":[{\"@type\":\"ListItem\",\"position\":1,\"name\":\"Home\",\"item\":\"https:\/\/hdotrade.com\/\"},{\"@type\":\"ListItem\",\"position\":2,\"name\":\"Shop\",\"item\":\"https:\/\/hdotrade.com\/shop\/\"},{\"@type\":\"ListItem\",\"position\":3,\"name\":\"DYNAMIC MIXER LOWER BOLT\"}]},{\"@type\":\"WebSite\",\"@id\":\"https:\/\/hdotrade.com\/#website\",\"url\":\"https:\/\/hdotrade.com\/\",\"name\":\"HDO Global Trade\",\"description\":\"Online store\",\"publisher\":{\"@id\":\"https:\/\/hdotrade.com\/#organization\"},\"potentialAction\":[{\"@type\":\"SearchAction\",\"target\":{\"@type\":\"EntryPoint\",\"urlTemplate\":\"https:\/\/hdotrade.com\/?s={search_term_string}\"},\"query-input\":{\"@type\":\"PropertyValueSpecification\",\"valueRequired\":true,\"valueName\":\"search_term_string\"}}],\"inLanguage\":\"fr-FR\"},{\"@type\":\"Organization\",\"@id\":\"https:\/\/hdotrade.com\/#organization\",\"name\":\"HDO Global Trade\",\"url\":\"https:\/\/hdotrade.com\/\",\"logo\":{\"@type\":\"ImageObject\",\"inLanguage\":\"fr-FR\",\"@id\":\"https:\/\/hdotrade.com\/#\/schema\/logo\/image\/\",\"url\":\"https:\/\/hdotrade.com\/wp-content\/uploads\/2021\/06\/cropped-cropped-HDO-FINAL-LOGO.png\",\"contentUrl\":\"https:\/\/hdotrade.com\/wp-content\/uploads\/2021\/06\/cropped-cropped-HDO-FINAL-LOGO.png\",\"width\":512,\"height\":511,\"caption\":\"HDO Global Trade\"},\"image\":{\"@id\":\"https:\/\/hdotrade.com\/#\/schema\/logo\/image\/\"}}]}<\/script>\n<!-- \/ Yoast SEO plugin. -->","yoast_head_json":{"title":"DYNAMIC MIXER LOWER BOLT - HDO Global Trade","description":"DYNAMIC MIXER LOWER BOLT FOR DYNAMIC MACHINE BM MASTER (AC001) RICER TOOL MASTER (AC004) PP300 (PP003) PP520 (PP001) RICER TOOL PP (AC220)","robots":{"index":"index","follow":"follow","max-snippet":"max-snippet:-1","max-image-preview":"max-image-preview:large","max-video-preview":"max-video-preview:-1"},"canonical":"https:\/\/hdotrade.com\/fr\/produit\/dynamic-mixer-lower-bolt\/","og_locale":"fr_FR","og_type":"article","og_title":"DYNAMIC MIXER LOWER BOLT - HDO Global Trade","og_description":"DYNAMIC MIXER LOWER BOLT FOR DYNAMIC MACHINE BM MASTER (AC001) RICER TOOL MASTER (AC004) PP300 (PP003) PP520 (PP001) RICER TOOL PP (AC220)","og_url":"https:\/\/hdotrade.com\/fr\/produit\/dynamic-mixer-lower-bolt\/","og_site_name":"HDO Global Trade","article_modified_time":"2023-04-24T11:18:44+00:00","og_image":[{"width":500,"height":500,"url":"https:\/\/hdotrade.com\/wp-content\/uploads\/2021\/07\/DYNAMIC-MIXER-LOWER-BOLT-8423.png","type":"image\/png"}],"twitter_card":"summary_large_image","twitter_misc":{"Dur\u00e9e de lecture estim\u00e9e":"1 minute"},"schema":{"@context":"https:\/\/schema.org","@graph":[{"@type":"WebPage","@id":"https:\/\/hdotrade.com\/product\/dynamic-mixer-lower-bolt\/","url":"https:\/\/hdotrade.com\/product\/dynamic-mixer-lower-bolt\/","name":"DYNAMIC MIXER LOWER BOLT - HDO Global Trade","isPartOf":{"@id":"https:\/\/hdotrade.com\/#website"},"primaryImageOfPage":{"@id":"https:\/\/hdotrade.com\/product\/dynamic-mixer-lower-bolt\/#primaryimage"},"image":{"@id":"https:\/\/hdotrade.com\/product\/dynamic-mixer-lower-bolt\/#primaryimage"},"thumbnailUrl":"https:\/\/hdotrade.com\/wp-content\/uploads\/2021\/07\/DYNAMIC-MIXER-LOWER-BOLT-8423.png","datePublished":"2021-07-29T20:20:36+00:00","dateModified":"2023-04-24T11:18:44+00:00","description":"DYNAMIC MIXER LOWER BOLT FOR DYNAMIC MACHINE BM MASTER (AC001) RICER TOOL MASTER (AC004) PP300 (PP003) PP520 (PP001) RICER TOOL PP (AC220)","breadcrumb":{"@id":"https:\/\/hdotrade.com\/product\/dynamic-mixer-lower-bolt\/#breadcrumb"},"inLanguage":"fr-FR","potentialAction":[{"@type":"ReadAction","target":["https:\/\/hdotrade.com\/product\/dynamic-mixer-lower-bolt\/"]}]},{"@type":"ImageObject","inLanguage":"fr-FR","@id":"https:\/\/hdotrade.com\/product\/dynamic-mixer-lower-bolt\/#primaryimage","url":"https:\/\/hdotrade.com\/wp-content\/uploads\/2021\/07\/DYNAMIC-MIXER-LOWER-BOLT-8423.png","contentUrl":"https:\/\/hdotrade.com\/wp-content\/uploads\/2021\/07\/DYNAMIC-MIXER-LOWER-BOLT-8423.png","width":500,"height":500,"caption":"DYNAMIC-MIXER-LOWER-BOLT-8423"},{"@type":"BreadcrumbList","@id":"https:\/\/hdotrade.com\/product\/dynamic-mixer-lower-bolt\/#breadcrumb","itemListElement":[{"@type":"ListItem","position":1,"name":"Home","item":"https:\/\/hdotrade.com\/"},{"@type":"ListItem","position":2,"name":"Shop","item":"https:\/\/hdotrade.com\/shop\/"},{"@type":"ListItem","position":3,"name":"DYNAMIC MIXER LOWER BOLT"}]},{"@type":"WebSite","@id":"https:\/\/hdotrade.com\/#website","url":"https:\/\/hdotrade.com\/","name":"HDO Global Trade","description":"Online store","publisher":{"@id":"https:\/\/hdotrade.com\/#organization"},"potentialAction":[{"@type":"SearchAction","target":{"@type":"EntryPoint","urlTemplate":"https:\/\/hdotrade.com\/?s={search_term_string}"},"query-input":{"@type":"PropertyValueSpecification","valueRequired":true,"valueName":"search_term_string"}}],"inLanguage":"fr-FR"},{"@type":"Organization","@id":"https:\/\/hdotrade.com\/#organization","name":"HDO Global Trade","url":"https:\/\/hdotrade.com\/","logo":{"@type":"ImageObject","inLanguage":"fr-FR","@id":"https:\/\/hdotrade.com\/#\/schema\/logo\/image\/","url":"https:\/\/hdotrade.com\/wp-content\/uploads\/2021\/06\/cropped-cropped-HDO-FINAL-LOGO.png","contentUrl":"https:\/\/hdotrade.com\/wp-content\/uploads\/2021\/06\/cropped-cropped-HDO-FINAL-LOGO.png","width":512,"height":511,"caption":"HDO Global Trade"},"image":{"@id":"https:\/\/hdotrade.com\/#\/schema\/logo\/image\/"}}]}},"_links":{"self":[{"href":"https:\/\/hdotrade.com\/fr\/wp-json\/wp\/v2\/product\/4176","targetHints":{"allow":["GET"]}}],"collection":[{"href":"https:\/\/hdotrade.com\/fr\/wp-json\/wp\/v2\/product"}],"about":[{"href":"https:\/\/hdotrade.com\/fr\/wp-json\/wp\/v2\/types\/product"}],"version-history":[{"count":3,"href":"https:\/\/hdotrade.com\/fr\/wp-json\/wp\/v2\/product\/4176\/revisions"}],"predecessor-version":[{"id":18393,"href":"https:\/\/hdotrade.com\/fr\/wp-json\/wp\/v2\/product\/4176\/revisions\/18393"}],"wp:featuredmedia":[{"embeddable":true,"href":"https:\/\/hdotrade.com\/fr\/wp-json\/wp\/v2\/media\/4180"}],"wp:attachment":[{"href":"https:\/\/hdotrade.com\/fr\/wp-json\/wp\/v2\/media?parent=4176"}],"wp:term":[{"taxonomy":"product_cat","embeddable":true,"href":"https:\/\/hdotrade.com\/fr\/wp-json\/wp\/v2\/product_cat?post=4176"},{"taxonomy":"product_tag","embeddable":true,"href":"https:\/\/hdotrade.com\/fr\/wp-json\/wp\/v2\/product_tag?post=4176"}],"curies":[{"name":"wp","href":"https:\/\/api.w.org\/{rel}","templated":true}]}}