{"id":4199,"date":"2021-07-30T11:05:09","date_gmt":"2021-07-30T11:05:09","guid":{"rendered":"http:\/\/hdotrade.com\/?post_type=product&#038;p=4199"},"modified":"2022-01-13T21:37:35","modified_gmt":"2022-01-13T21:37:35","slug":"dynamic-mixer-label","status":"publish","type":"product","link":"https:\/\/hdotrade.com\/fr\/produit\/dynamic-mixer-label\/","title":{"rendered":"DYNAMIC \u00c9TIQUETTE DU M\u00c9LANGEUR"},"content":{"rendered":"<p>DYNAMIC \u00c9TIQUETTE DU M\u00c9LANGEUR<\/p>\n<p>POUR DYNAMIC MACHINE<\/p>\n<ul>\n<li>MD95 (MX010)<\/li>\n<li>JUNIOR MX225 (MX020)<\/li>\n<li>BM JUNIOR DMX 225 AND COMBI 225 (AC100)<\/li>\n<li>JUNIOR WHISK (FT005)<\/li>\n<li>MXP 94 MINI CORDLESS<\/li>\n<li>FTP 94 MINI WHISK CORDLESS<\/li>\n<li>SENIOR MX 300 (MX007)<\/li>\n<li>BM SENIOR (AC005)<\/li>\n<li>MX 91-410 (MX005)<\/li>\n<li>MX91-500 (MX045)<\/li>\n<li>MF 90 &amp; MFAP 90<\/li>\n<li>MASTER WHISK (FT001)]<\/li>\n<li>PP300 (PP003)<\/li>\n<li>PP520 (PP001)<\/li>\n<li>BM\/PP (AC221)<\/li>\n<li>JUICER &#8211; DYNAJUICER (PA001)<\/li>\n<\/ul>","protected":false},"excerpt":{"rendered":"<p>DYNAMIC MIXER LABEL FOR DYNAMIC MACHINE MD95 (MX010) JUNIOR MX225 (MX020) BM JUNIOR DMX 225 AND COMBI 225 (AC100) JUNIOR WHISK (FT005) MXP 94 MINI CORDLESS FTP 94 MINI WHISK CORDLESS SENIOR MX 300 (MX007) BM SENIOR (AC005) MX 91-410 (MX005) MX91-500 (MX045) MF 90 &amp; MFAP 90 MASTER WHISK (FT001)] PP300 (PP003) PP520 (PP001) [&hellip;]<\/p>","protected":false},"featured_media":0,"template":"","meta":[],"product_cat":[41,49,156,157,158,55,107],"product_tag":[],"class_list":{"0":"post-4199","1":"product","2":"type-product","3":"status-publish","5":"product_cat-dynamic","6":"product_cat-mixer-dynamic","7":"product_cat-junior-range","8":"product_cat-master-range","9":"product_cat-senior-range","10":"product_cat-juicer","11":"product_cat-dynajuicer","13":"first","14":"outofstock","15":"taxable","16":"shipping-taxable","17":"purchasable","18":"product-type-simple"},"acf":[],"yoast_head":"<!-- This site is optimized with the Yoast SEO plugin v24.1 - https:\/\/yoast.com\/wordpress\/plugins\/seo\/ -->\n<title>DYNAMIC MIXER LABEL - HDO Global Trade<\/title>\n<meta name=\"description\" content=\"DYNAMIC MIXER LABEL DYNAMIC CODE 1027-FOR MX91 MASTER RANGE SENIOR RANGE SEE OUR COMPLETE LINE FOR DYNAMIC MIXER SPARE PARTS &amp; ACCESSORIES\" \/>\n<meta name=\"robots\" content=\"index, follow, max-snippet:-1, max-image-preview:large, max-video-preview:-1\" \/>\n<link rel=\"canonical\" href=\"https:\/\/hdotrade.com\/fr\/produit\/dynamic-mixer-label\/\" \/>\n<meta property=\"og:locale\" content=\"fr_FR\" \/>\n<meta property=\"og:type\" content=\"article\" \/>\n<meta property=\"og:title\" content=\"DYNAMIC MIXER LABEL - HDO Global Trade\" \/>\n<meta property=\"og:description\" content=\"DYNAMIC MIXER LABEL DYNAMIC CODE 1027-FOR MX91 MASTER RANGE SENIOR RANGE SEE OUR COMPLETE LINE FOR DYNAMIC MIXER SPARE PARTS &amp; ACCESSORIES\" \/>\n<meta property=\"og:url\" content=\"https:\/\/hdotrade.com\/fr\/produit\/dynamic-mixer-label\/\" \/>\n<meta property=\"og:site_name\" content=\"HDO Global Trade\" \/>\n<meta property=\"article:modified_time\" content=\"2022-01-13T21:37:35+00:00\" \/>\n<meta name=\"twitter:card\" content=\"summary_large_image\" \/>\n<meta name=\"twitter:label1\" content=\"Dur\u00e9e de lecture estim\u00e9e\" \/>\n\t<meta name=\"twitter:data1\" content=\"1 minute\" \/>\n<script type=\"application\/ld+json\" class=\"yoast-schema-graph\">{\"@context\":\"https:\/\/schema.org\",\"@graph\":[{\"@type\":\"WebPage\",\"@id\":\"https:\/\/hdotrade.com\/product\/dynamic-mixer-label\/\",\"url\":\"https:\/\/hdotrade.com\/product\/dynamic-mixer-label\/\",\"name\":\"DYNAMIC MIXER LABEL - HDO Global Trade\",\"isPartOf\":{\"@id\":\"https:\/\/hdotrade.com\/#website\"},\"datePublished\":\"2021-07-30T11:05:09+00:00\",\"dateModified\":\"2022-01-13T21:37:35+00:00\",\"description\":\"DYNAMIC MIXER LABEL DYNAMIC CODE 1027-FOR MX91 MASTER RANGE SENIOR RANGE SEE OUR COMPLETE LINE FOR DYNAMIC MIXER SPARE PARTS & ACCESSORIES\",\"breadcrumb\":{\"@id\":\"https:\/\/hdotrade.com\/product\/dynamic-mixer-label\/#breadcrumb\"},\"inLanguage\":\"fr-FR\",\"potentialAction\":[{\"@type\":\"ReadAction\",\"target\":[\"https:\/\/hdotrade.com\/product\/dynamic-mixer-label\/\"]}]},{\"@type\":\"BreadcrumbList\",\"@id\":\"https:\/\/hdotrade.com\/product\/dynamic-mixer-label\/#breadcrumb\",\"itemListElement\":[{\"@type\":\"ListItem\",\"position\":1,\"name\":\"Home\",\"item\":\"https:\/\/hdotrade.com\/\"},{\"@type\":\"ListItem\",\"position\":2,\"name\":\"Shop\",\"item\":\"https:\/\/hdotrade.com\/shop\/\"},{\"@type\":\"ListItem\",\"position\":3,\"name\":\"DYNAMIC MIXER LABEL\"}]},{\"@type\":\"WebSite\",\"@id\":\"https:\/\/hdotrade.com\/#website\",\"url\":\"https:\/\/hdotrade.com\/\",\"name\":\"HDO Global Trade\",\"description\":\"Online store\",\"publisher\":{\"@id\":\"https:\/\/hdotrade.com\/#organization\"},\"potentialAction\":[{\"@type\":\"SearchAction\",\"target\":{\"@type\":\"EntryPoint\",\"urlTemplate\":\"https:\/\/hdotrade.com\/?s={search_term_string}\"},\"query-input\":{\"@type\":\"PropertyValueSpecification\",\"valueRequired\":true,\"valueName\":\"search_term_string\"}}],\"inLanguage\":\"fr-FR\"},{\"@type\":\"Organization\",\"@id\":\"https:\/\/hdotrade.com\/#organization\",\"name\":\"HDO Global Trade\",\"url\":\"https:\/\/hdotrade.com\/\",\"logo\":{\"@type\":\"ImageObject\",\"inLanguage\":\"fr-FR\",\"@id\":\"https:\/\/hdotrade.com\/#\/schema\/logo\/image\/\",\"url\":\"https:\/\/hdotrade.com\/wp-content\/uploads\/2021\/06\/cropped-cropped-HDO-FINAL-LOGO.png\",\"contentUrl\":\"https:\/\/hdotrade.com\/wp-content\/uploads\/2021\/06\/cropped-cropped-HDO-FINAL-LOGO.png\",\"width\":512,\"height\":511,\"caption\":\"HDO Global Trade\"},\"image\":{\"@id\":\"https:\/\/hdotrade.com\/#\/schema\/logo\/image\/\"}}]}<\/script>\n<!-- \/ Yoast SEO plugin. -->","yoast_head_json":{"title":"DYNAMIC MIXER LABEL - HDO Global Trade","description":"DYNAMIC MIXER LABEL DYNAMIC CODE 1027-FOR MX91 MASTER RANGE SENIOR RANGE SEE OUR COMPLETE LINE FOR DYNAMIC MIXER SPARE PARTS & ACCESSORIES","robots":{"index":"index","follow":"follow","max-snippet":"max-snippet:-1","max-image-preview":"max-image-preview:large","max-video-preview":"max-video-preview:-1"},"canonical":"https:\/\/hdotrade.com\/fr\/produit\/dynamic-mixer-label\/","og_locale":"fr_FR","og_type":"article","og_title":"DYNAMIC MIXER LABEL - HDO Global Trade","og_description":"DYNAMIC MIXER LABEL DYNAMIC CODE 1027-FOR MX91 MASTER RANGE SENIOR RANGE SEE OUR COMPLETE LINE FOR DYNAMIC MIXER SPARE PARTS & ACCESSORIES","og_url":"https:\/\/hdotrade.com\/fr\/produit\/dynamic-mixer-label\/","og_site_name":"HDO Global Trade","article_modified_time":"2022-01-13T21:37:35+00:00","twitter_card":"summary_large_image","twitter_misc":{"Dur\u00e9e de lecture estim\u00e9e":"1 minute"},"schema":{"@context":"https:\/\/schema.org","@graph":[{"@type":"WebPage","@id":"https:\/\/hdotrade.com\/product\/dynamic-mixer-label\/","url":"https:\/\/hdotrade.com\/product\/dynamic-mixer-label\/","name":"DYNAMIC MIXER LABEL - HDO Global Trade","isPartOf":{"@id":"https:\/\/hdotrade.com\/#website"},"datePublished":"2021-07-30T11:05:09+00:00","dateModified":"2022-01-13T21:37:35+00:00","description":"DYNAMIC MIXER LABEL DYNAMIC CODE 1027-FOR MX91 MASTER RANGE SENIOR RANGE SEE OUR COMPLETE LINE FOR DYNAMIC MIXER SPARE PARTS & ACCESSORIES","breadcrumb":{"@id":"https:\/\/hdotrade.com\/product\/dynamic-mixer-label\/#breadcrumb"},"inLanguage":"fr-FR","potentialAction":[{"@type":"ReadAction","target":["https:\/\/hdotrade.com\/product\/dynamic-mixer-label\/"]}]},{"@type":"BreadcrumbList","@id":"https:\/\/hdotrade.com\/product\/dynamic-mixer-label\/#breadcrumb","itemListElement":[{"@type":"ListItem","position":1,"name":"Home","item":"https:\/\/hdotrade.com\/"},{"@type":"ListItem","position":2,"name":"Shop","item":"https:\/\/hdotrade.com\/shop\/"},{"@type":"ListItem","position":3,"name":"DYNAMIC MIXER LABEL"}]},{"@type":"WebSite","@id":"https:\/\/hdotrade.com\/#website","url":"https:\/\/hdotrade.com\/","name":"HDO Global Trade","description":"Online store","publisher":{"@id":"https:\/\/hdotrade.com\/#organization"},"potentialAction":[{"@type":"SearchAction","target":{"@type":"EntryPoint","urlTemplate":"https:\/\/hdotrade.com\/?s={search_term_string}"},"query-input":{"@type":"PropertyValueSpecification","valueRequired":true,"valueName":"search_term_string"}}],"inLanguage":"fr-FR"},{"@type":"Organization","@id":"https:\/\/hdotrade.com\/#organization","name":"HDO Global Trade","url":"https:\/\/hdotrade.com\/","logo":{"@type":"ImageObject","inLanguage":"fr-FR","@id":"https:\/\/hdotrade.com\/#\/schema\/logo\/image\/","url":"https:\/\/hdotrade.com\/wp-content\/uploads\/2021\/06\/cropped-cropped-HDO-FINAL-LOGO.png","contentUrl":"https:\/\/hdotrade.com\/wp-content\/uploads\/2021\/06\/cropped-cropped-HDO-FINAL-LOGO.png","width":512,"height":511,"caption":"HDO Global Trade"},"image":{"@id":"https:\/\/hdotrade.com\/#\/schema\/logo\/image\/"}}]}},"_links":{"self":[{"href":"https:\/\/hdotrade.com\/fr\/wp-json\/wp\/v2\/product\/4199","targetHints":{"allow":["GET"]}}],"collection":[{"href":"https:\/\/hdotrade.com\/fr\/wp-json\/wp\/v2\/product"}],"about":[{"href":"https:\/\/hdotrade.com\/fr\/wp-json\/wp\/v2\/types\/product"}],"version-history":[{"count":2,"href":"https:\/\/hdotrade.com\/fr\/wp-json\/wp\/v2\/product\/4199\/revisions"}],"predecessor-version":[{"id":5627,"href":"https:\/\/hdotrade.com\/fr\/wp-json\/wp\/v2\/product\/4199\/revisions\/5627"}],"wp:attachment":[{"href":"https:\/\/hdotrade.com\/fr\/wp-json\/wp\/v2\/media?parent=4199"}],"wp:term":[{"taxonomy":"product_cat","embeddable":true,"href":"https:\/\/hdotrade.com\/fr\/wp-json\/wp\/v2\/product_cat?post=4199"},{"taxonomy":"product_tag","embeddable":true,"href":"https:\/\/hdotrade.com\/fr\/wp-json\/wp\/v2\/product_tag?post=4199"}],"curies":[{"name":"wp","href":"https:\/\/api.w.org\/{rel}","templated":true}]}}