{"id":4212,"date":"2021-07-30T12:00:28","date_gmt":"2021-07-30T12:00:28","guid":{"rendered":"http:\/\/hdotrade.com\/?post_type=product&#038;p=4212"},"modified":"2022-01-13T21:30:18","modified_gmt":"2022-01-13T21:30:18","slug":"dynamic-mixer-equipped-upper-shaft","status":"publish","type":"product","link":"https:\/\/hdotrade.com\/fr\/produit\/dynamic-mixer-equipped-upper-shaft\/","title":{"rendered":"DYNAMIC  ARBRE SUP\u00c9RIEUR \u00c9QUIP\u00c9 D\u2019UN M\u00c9LANGEUR"},"content":{"rendered":"<p>DYNAMIC  ARBRE SUP\u00c9RIEUR \u00c9QUIP\u00c9 D\u2019UN M\u00c9LANGEUR<\/p>\n<p>POUR DYNAMIC MACHINE<\/p>\n<ul>\n<li>SENIOR WHISK (AC007)<\/li>\n<li>WHISK MASTER (AC003)<\/li>\n<li>RICER TOOL MASTER (AC004)<\/li>\n<li>MASTER WHISKS<\/li>\n<li>FM 420 (AC202)<br \/>\nFM 600 (AC200)<br \/>\nFM 700 (AC201)<\/li>\n<li>DYNACUTTER (AC055)<\/li>\n<\/ul>","protected":false},"excerpt":{"rendered":"<p>DYNAMIC MIXER EQUIPPED UPPER SHAFT FOR DYNAMIC MACHINE SENIOR WHISK (AC007) WHISK MASTER (AC003) RICER TOOL MASTER (AC004) MASTER WHISKS FM 420 (AC202) FM 600 (AC200) FM 700 (AC201) DYNACUTTER (AC055)<\/p>","protected":false},"featured_media":0,"template":"","meta":[],"product_cat":[41,49,157,158,150],"product_tag":[],"class_list":{"0":"post-4212","1":"product","2":"type-product","3":"status-publish","5":"product_cat-dynamic","6":"product_cat-mixer-dynamic","7":"product_cat-master-range","8":"product_cat-senior-range","9":"product_cat-dynacutter","11":"first","12":"outofstock","13":"taxable","14":"shipping-taxable","15":"purchasable","16":"product-type-simple"},"acf":[],"yoast_head":"<!-- This site is optimized with the Yoast SEO plugin v24.1 - https:\/\/yoast.com\/wordpress\/plugins\/seo\/ -->\n<title>DYNAMIC MIXER EQUIPPED UPPER SHAFT - HDO Global Trade<\/title>\n<meta name=\"description\" content=\"DYNAMIC MIXER EQUIPPED UPPER SHAFT DYNAMIC CODE 9055 - SEE OUR COMPLETE LINE FOR DYNAMIC MIXER SPARE PARTS &amp; ACCESSORIES\" \/>\n<meta name=\"robots\" content=\"index, follow, max-snippet:-1, max-image-preview:large, max-video-preview:-1\" \/>\n<link rel=\"canonical\" href=\"https:\/\/hdotrade.com\/fr\/produit\/dynamic-mixer-equipped-upper-shaft\/\" \/>\n<meta property=\"og:locale\" content=\"fr_FR\" \/>\n<meta property=\"og:type\" content=\"article\" \/>\n<meta property=\"og:title\" content=\"DYNAMIC MIXER EQUIPPED UPPER SHAFT - HDO Global Trade\" \/>\n<meta property=\"og:description\" content=\"DYNAMIC MIXER EQUIPPED UPPER SHAFT DYNAMIC CODE 9055 - SEE OUR COMPLETE LINE FOR DYNAMIC MIXER SPARE PARTS &amp; ACCESSORIES\" \/>\n<meta property=\"og:url\" content=\"https:\/\/hdotrade.com\/fr\/produit\/dynamic-mixer-equipped-upper-shaft\/\" \/>\n<meta property=\"og:site_name\" content=\"HDO Global Trade\" \/>\n<meta property=\"article:modified_time\" content=\"2022-01-13T21:30:18+00:00\" \/>\n<meta name=\"twitter:card\" content=\"summary_large_image\" \/>\n<meta name=\"twitter:label1\" content=\"Dur\u00e9e de lecture estim\u00e9e\" \/>\n\t<meta name=\"twitter:data1\" content=\"1 minute\" \/>\n<script type=\"application\/ld+json\" class=\"yoast-schema-graph\">{\"@context\":\"https:\/\/schema.org\",\"@graph\":[{\"@type\":\"WebPage\",\"@id\":\"https:\/\/hdotrade.com\/product\/dynamic-mixer-equipped-upper-shaft\/\",\"url\":\"https:\/\/hdotrade.com\/product\/dynamic-mixer-equipped-upper-shaft\/\",\"name\":\"DYNAMIC MIXER EQUIPPED UPPER SHAFT - HDO Global Trade\",\"isPartOf\":{\"@id\":\"https:\/\/hdotrade.com\/#website\"},\"datePublished\":\"2021-07-30T12:00:28+00:00\",\"dateModified\":\"2022-01-13T21:30:18+00:00\",\"description\":\"DYNAMIC MIXER EQUIPPED UPPER SHAFT DYNAMIC CODE 9055 - SEE OUR COMPLETE LINE FOR DYNAMIC MIXER SPARE PARTS & ACCESSORIES\",\"breadcrumb\":{\"@id\":\"https:\/\/hdotrade.com\/product\/dynamic-mixer-equipped-upper-shaft\/#breadcrumb\"},\"inLanguage\":\"fr-FR\",\"potentialAction\":[{\"@type\":\"ReadAction\",\"target\":[\"https:\/\/hdotrade.com\/product\/dynamic-mixer-equipped-upper-shaft\/\"]}]},{\"@type\":\"BreadcrumbList\",\"@id\":\"https:\/\/hdotrade.com\/product\/dynamic-mixer-equipped-upper-shaft\/#breadcrumb\",\"itemListElement\":[{\"@type\":\"ListItem\",\"position\":1,\"name\":\"Home\",\"item\":\"https:\/\/hdotrade.com\/\"},{\"@type\":\"ListItem\",\"position\":2,\"name\":\"Shop\",\"item\":\"https:\/\/hdotrade.com\/shop\/\"},{\"@type\":\"ListItem\",\"position\":3,\"name\":\"DYNAMIC MIXER EQUIPPED UPPER SHAFT\"}]},{\"@type\":\"WebSite\",\"@id\":\"https:\/\/hdotrade.com\/#website\",\"url\":\"https:\/\/hdotrade.com\/\",\"name\":\"HDO Global Trade\",\"description\":\"Online store\",\"publisher\":{\"@id\":\"https:\/\/hdotrade.com\/#organization\"},\"potentialAction\":[{\"@type\":\"SearchAction\",\"target\":{\"@type\":\"EntryPoint\",\"urlTemplate\":\"https:\/\/hdotrade.com\/?s={search_term_string}\"},\"query-input\":{\"@type\":\"PropertyValueSpecification\",\"valueRequired\":true,\"valueName\":\"search_term_string\"}}],\"inLanguage\":\"fr-FR\"},{\"@type\":\"Organization\",\"@id\":\"https:\/\/hdotrade.com\/#organization\",\"name\":\"HDO Global Trade\",\"url\":\"https:\/\/hdotrade.com\/\",\"logo\":{\"@type\":\"ImageObject\",\"inLanguage\":\"fr-FR\",\"@id\":\"https:\/\/hdotrade.com\/#\/schema\/logo\/image\/\",\"url\":\"https:\/\/hdotrade.com\/wp-content\/uploads\/2021\/06\/cropped-cropped-HDO-FINAL-LOGO.png\",\"contentUrl\":\"https:\/\/hdotrade.com\/wp-content\/uploads\/2021\/06\/cropped-cropped-HDO-FINAL-LOGO.png\",\"width\":512,\"height\":511,\"caption\":\"HDO Global Trade\"},\"image\":{\"@id\":\"https:\/\/hdotrade.com\/#\/schema\/logo\/image\/\"}}]}<\/script>\n<!-- \/ Yoast SEO plugin. -->","yoast_head_json":{"title":"DYNAMIC MIXER EQUIPPED UPPER SHAFT - HDO Global Trade","description":"DYNAMIC MIXER EQUIPPED UPPER SHAFT DYNAMIC CODE 9055 - SEE OUR COMPLETE LINE FOR DYNAMIC MIXER SPARE PARTS & ACCESSORIES","robots":{"index":"index","follow":"follow","max-snippet":"max-snippet:-1","max-image-preview":"max-image-preview:large","max-video-preview":"max-video-preview:-1"},"canonical":"https:\/\/hdotrade.com\/fr\/produit\/dynamic-mixer-equipped-upper-shaft\/","og_locale":"fr_FR","og_type":"article","og_title":"DYNAMIC MIXER EQUIPPED UPPER SHAFT - HDO Global Trade","og_description":"DYNAMIC MIXER EQUIPPED UPPER SHAFT DYNAMIC CODE 9055 - SEE OUR COMPLETE LINE FOR DYNAMIC MIXER SPARE PARTS & ACCESSORIES","og_url":"https:\/\/hdotrade.com\/fr\/produit\/dynamic-mixer-equipped-upper-shaft\/","og_site_name":"HDO Global Trade","article_modified_time":"2022-01-13T21:30:18+00:00","twitter_card":"summary_large_image","twitter_misc":{"Dur\u00e9e de lecture estim\u00e9e":"1 minute"},"schema":{"@context":"https:\/\/schema.org","@graph":[{"@type":"WebPage","@id":"https:\/\/hdotrade.com\/product\/dynamic-mixer-equipped-upper-shaft\/","url":"https:\/\/hdotrade.com\/product\/dynamic-mixer-equipped-upper-shaft\/","name":"DYNAMIC MIXER EQUIPPED UPPER SHAFT - HDO Global Trade","isPartOf":{"@id":"https:\/\/hdotrade.com\/#website"},"datePublished":"2021-07-30T12:00:28+00:00","dateModified":"2022-01-13T21:30:18+00:00","description":"DYNAMIC MIXER EQUIPPED UPPER SHAFT DYNAMIC CODE 9055 - SEE OUR COMPLETE LINE FOR DYNAMIC MIXER SPARE PARTS & ACCESSORIES","breadcrumb":{"@id":"https:\/\/hdotrade.com\/product\/dynamic-mixer-equipped-upper-shaft\/#breadcrumb"},"inLanguage":"fr-FR","potentialAction":[{"@type":"ReadAction","target":["https:\/\/hdotrade.com\/product\/dynamic-mixer-equipped-upper-shaft\/"]}]},{"@type":"BreadcrumbList","@id":"https:\/\/hdotrade.com\/product\/dynamic-mixer-equipped-upper-shaft\/#breadcrumb","itemListElement":[{"@type":"ListItem","position":1,"name":"Home","item":"https:\/\/hdotrade.com\/"},{"@type":"ListItem","position":2,"name":"Shop","item":"https:\/\/hdotrade.com\/shop\/"},{"@type":"ListItem","position":3,"name":"DYNAMIC MIXER EQUIPPED UPPER SHAFT"}]},{"@type":"WebSite","@id":"https:\/\/hdotrade.com\/#website","url":"https:\/\/hdotrade.com\/","name":"HDO Global Trade","description":"Online store","publisher":{"@id":"https:\/\/hdotrade.com\/#organization"},"potentialAction":[{"@type":"SearchAction","target":{"@type":"EntryPoint","urlTemplate":"https:\/\/hdotrade.com\/?s={search_term_string}"},"query-input":{"@type":"PropertyValueSpecification","valueRequired":true,"valueName":"search_term_string"}}],"inLanguage":"fr-FR"},{"@type":"Organization","@id":"https:\/\/hdotrade.com\/#organization","name":"HDO Global Trade","url":"https:\/\/hdotrade.com\/","logo":{"@type":"ImageObject","inLanguage":"fr-FR","@id":"https:\/\/hdotrade.com\/#\/schema\/logo\/image\/","url":"https:\/\/hdotrade.com\/wp-content\/uploads\/2021\/06\/cropped-cropped-HDO-FINAL-LOGO.png","contentUrl":"https:\/\/hdotrade.com\/wp-content\/uploads\/2021\/06\/cropped-cropped-HDO-FINAL-LOGO.png","width":512,"height":511,"caption":"HDO Global Trade"},"image":{"@id":"https:\/\/hdotrade.com\/#\/schema\/logo\/image\/"}}]}},"_links":{"self":[{"href":"https:\/\/hdotrade.com\/fr\/wp-json\/wp\/v2\/product\/4212","targetHints":{"allow":["GET"]}}],"collection":[{"href":"https:\/\/hdotrade.com\/fr\/wp-json\/wp\/v2\/product"}],"about":[{"href":"https:\/\/hdotrade.com\/fr\/wp-json\/wp\/v2\/types\/product"}],"version-history":[{"count":1,"href":"https:\/\/hdotrade.com\/fr\/wp-json\/wp\/v2\/product\/4212\/revisions"}],"predecessor-version":[{"id":6238,"href":"https:\/\/hdotrade.com\/fr\/wp-json\/wp\/v2\/product\/4212\/revisions\/6238"}],"wp:attachment":[{"href":"https:\/\/hdotrade.com\/fr\/wp-json\/wp\/v2\/media?parent=4212"}],"wp:term":[{"taxonomy":"product_cat","embeddable":true,"href":"https:\/\/hdotrade.com\/fr\/wp-json\/wp\/v2\/product_cat?post=4212"},{"taxonomy":"product_tag","embeddable":true,"href":"https:\/\/hdotrade.com\/fr\/wp-json\/wp\/v2\/product_tag?post=4212"}],"curies":[{"name":"wp","href":"https:\/\/api.w.org\/{rel}","templated":true}]}}