{"id":4882,"date":"2021-08-04T19:44:46","date_gmt":"2021-08-04T19:44:46","guid":{"rendered":"http:\/\/hdotrade.com\/?post_type=product&#038;p=4882"},"modified":"2023-06-06T12:55:57","modified_gmt":"2023-06-06T12:55:57","slug":"sirman-switch-gasket-guarnizione-pulsant-grande-srm","status":"publish","type":"product","link":"https:\/\/hdotrade.com\/fr\/produit\/sirman-switch-gasket-guarnizione-pulsant-grande-srm\/","title":{"rendered":"SIRMAN SWITCH GASKET GUARNIZIONE PULSANT.GRANDE SRM"},"content":{"rendered":"<p>SIRMAN SWITCH GASKET GUARNIZIONE PULSANT.GRANDE SRM<\/p>\n<p>POUR LA MACHINE SIRMAN<\/p>\n<p><strong>TRANCHEURS<\/strong>\u00a0 &#8211; PERLA 195 CE DOM ,\u00a0 GEMMA 350 CE,\u00a0 \u00a0VAS B.S. 370 CE ,\u00a0 VAS B.S. 350 CE ,\u00a0 GEMMA 300 C ,\u00a0 GEMMA 330 CE ,\u00a0 INGRANAGGI 370 CE , INGRANAGGI 390 CE , INGRANAGGI 350 CE , SELCE 350 CE , SELCE 370 CE , VAS B.S. 300 CE ,\u00a0 VCO 300 CE ,\u00a0 VCS 300 CE ,\u00a0 AUTOMATICA 300 CE ,\u00a0 AUTOMATICA 330 CE ,\u00a0 AUTOMATICA 350 CE ,\u00a0 AUTOMATICA 370 CE ,\u00a0 GEMMA 300 INGR CE ,<\/p>\n<p><strong>BONE SAWS<\/strong> &#8211; SO 2400 IX CE ,\u00a0 SO 2400 IX CE\u00a0 ,\u00a0 SO 2400 IX CE ,\u00a0 SO 2400 IX CE ,\u00a0 SO 2400 IX ,\u00a0 SO 2400 IX TCE 230\/60 ,\u00a0 SO 2400 IX TCE 230\/60 ,\u00a0 SO 2400 IX TCE 230\/60 ,\u00a0 SO 2400 IX TCE 230\/60 ,\u00a0 SO 2400 IX TCE 400\/60 (230\/60\/TF) , SO 2400 IX TCE 400\/60 (230\/60\/TF) ,\u00a0 SO 2400 IX TCE 400\/60 (230\/60\/TF) ,\u00a0 SO 2400 IX TCE 400\/60 (230\/60\/TF)<\/p>\n<p><strong>BOWL CUUTER<\/strong> &#8211; C9 VV CE ,\u00a0 C9 VV 110V ,\u00a0 C4 110V ,\u00a0 C6 110V ,\u00a0 C4 VV 110V ,\u00a0 C6 VV 110V ,<\/p>\n<p>SIRMAN JUNTA DE VEDA\u00c7\u00c3O DO INTERRUPTOR.JUNTA DE BOT\u00c3O SRM GRANDE<\/p>\n<p>&nbsp;<\/p>","protected":false},"excerpt":{"rendered":"<p>SIRMAN SWITCH GASKET GUARNIZIONE PULSANT.GRANDE SRM FOR SIRMAN MACHINE SLICERS\u00a0 &#8211; PERLA 195 CE DOM ,\u00a0 GEMMA 350 CE,\u00a0 \u00a0VAS B.S. 370 CE ,\u00a0 VAS B.S. 350 CE ,\u00a0 GEMMA 300 C ,\u00a0 GEMMA 330 CE ,\u00a0 INGRANAGGI 370 CE , INGRANAGGI 390 CE , INGRANAGGI 350 CE , SELCE 350 CE , SELCE 370 [&hellip;]<\/p>","protected":false},"featured_media":0,"template":"","meta":[],"product_cat":[143],"product_tag":[],"class_list":{"0":"post-4882","1":"product","2":"type-product","3":"status-publish","5":"product_cat-sirman","7":"first","8":"outofstock","9":"taxable","10":"shipping-taxable","11":"product-type-simple"},"acf":[],"yoast_head":"<!-- This site is optimized with the Yoast SEO plugin v24.1 - https:\/\/yoast.com\/wordpress\/plugins\/seo\/ -->\n<title>SIRMAN SWITCH GASKET GUARNIZIONE PULSANT.GRANDE SRM - HDO Global Trade<\/title>\n<meta name=\"description\" content=\"SIRMAN SWITCH GASKET GUARNIZIONE PULSANT.GRANDE SRM PULSANTIERE - SEE OUR COMPLETE LINE FOR SIRMAN SPARE PARTS &amp; ACCESSORIES\" \/>\n<meta name=\"robots\" content=\"index, follow, max-snippet:-1, max-image-preview:large, max-video-preview:-1\" \/>\n<link rel=\"canonical\" href=\"https:\/\/hdotrade.com\/fr\/produit\/sirman-switch-gasket-guarnizione-pulsant-grande-srm\/\" \/>\n<meta property=\"og:locale\" content=\"fr_FR\" \/>\n<meta property=\"og:type\" content=\"article\" \/>\n<meta property=\"og:title\" content=\"SIRMAN SWITCH GASKET GUARNIZIONE PULSANT.GRANDE SRM - HDO Global Trade\" \/>\n<meta property=\"og:description\" content=\"SIRMAN SWITCH GASKET GUARNIZIONE PULSANT.GRANDE SRM PULSANTIERE - SEE OUR COMPLETE LINE FOR SIRMAN SPARE PARTS &amp; ACCESSORIES\" \/>\n<meta property=\"og:url\" content=\"https:\/\/hdotrade.com\/fr\/produit\/sirman-switch-gasket-guarnizione-pulsant-grande-srm\/\" \/>\n<meta property=\"og:site_name\" content=\"HDO Global Trade\" \/>\n<meta property=\"article:modified_time\" content=\"2023-06-06T12:55:57+00:00\" \/>\n<meta name=\"twitter:card\" content=\"summary_large_image\" \/>\n<meta name=\"twitter:label1\" content=\"Dur\u00e9e de lecture estim\u00e9e\" \/>\n\t<meta name=\"twitter:data1\" content=\"1 minute\" \/>\n<script type=\"application\/ld+json\" class=\"yoast-schema-graph\">{\"@context\":\"https:\/\/schema.org\",\"@graph\":[{\"@type\":\"WebPage\",\"@id\":\"https:\/\/hdotrade.com\/product\/sirman-switch-gasket-guarnizione-pulsant-grande-srm\/\",\"url\":\"https:\/\/hdotrade.com\/product\/sirman-switch-gasket-guarnizione-pulsant-grande-srm\/\",\"name\":\"SIRMAN SWITCH GASKET GUARNIZIONE PULSANT.GRANDE SRM - HDO Global Trade\",\"isPartOf\":{\"@id\":\"https:\/\/hdotrade.com\/#website\"},\"datePublished\":\"2021-08-04T19:44:46+00:00\",\"dateModified\":\"2023-06-06T12:55:57+00:00\",\"description\":\"SIRMAN SWITCH GASKET GUARNIZIONE PULSANT.GRANDE SRM PULSANTIERE - SEE OUR COMPLETE LINE FOR SIRMAN SPARE PARTS & ACCESSORIES\",\"breadcrumb\":{\"@id\":\"https:\/\/hdotrade.com\/product\/sirman-switch-gasket-guarnizione-pulsant-grande-srm\/#breadcrumb\"},\"inLanguage\":\"fr-FR\",\"potentialAction\":[{\"@type\":\"ReadAction\",\"target\":[\"https:\/\/hdotrade.com\/product\/sirman-switch-gasket-guarnizione-pulsant-grande-srm\/\"]}]},{\"@type\":\"BreadcrumbList\",\"@id\":\"https:\/\/hdotrade.com\/product\/sirman-switch-gasket-guarnizione-pulsant-grande-srm\/#breadcrumb\",\"itemListElement\":[{\"@type\":\"ListItem\",\"position\":1,\"name\":\"Home\",\"item\":\"https:\/\/hdotrade.com\/\"},{\"@type\":\"ListItem\",\"position\":2,\"name\":\"Shop\",\"item\":\"https:\/\/hdotrade.com\/shop\/\"},{\"@type\":\"ListItem\",\"position\":3,\"name\":\"SIRMAN SWITCH GASKET GUARNIZIONE PULSANT.GRANDE SRM\"}]},{\"@type\":\"WebSite\",\"@id\":\"https:\/\/hdotrade.com\/#website\",\"url\":\"https:\/\/hdotrade.com\/\",\"name\":\"HDO Global Trade\",\"description\":\"Online store\",\"publisher\":{\"@id\":\"https:\/\/hdotrade.com\/#organization\"},\"potentialAction\":[{\"@type\":\"SearchAction\",\"target\":{\"@type\":\"EntryPoint\",\"urlTemplate\":\"https:\/\/hdotrade.com\/?s={search_term_string}\"},\"query-input\":{\"@type\":\"PropertyValueSpecification\",\"valueRequired\":true,\"valueName\":\"search_term_string\"}}],\"inLanguage\":\"fr-FR\"},{\"@type\":\"Organization\",\"@id\":\"https:\/\/hdotrade.com\/#organization\",\"name\":\"HDO Global Trade\",\"url\":\"https:\/\/hdotrade.com\/\",\"logo\":{\"@type\":\"ImageObject\",\"inLanguage\":\"fr-FR\",\"@id\":\"https:\/\/hdotrade.com\/#\/schema\/logo\/image\/\",\"url\":\"https:\/\/hdotrade.com\/wp-content\/uploads\/2021\/06\/cropped-cropped-HDO-FINAL-LOGO.png\",\"contentUrl\":\"https:\/\/hdotrade.com\/wp-content\/uploads\/2021\/06\/cropped-cropped-HDO-FINAL-LOGO.png\",\"width\":512,\"height\":511,\"caption\":\"HDO Global Trade\"},\"image\":{\"@id\":\"https:\/\/hdotrade.com\/#\/schema\/logo\/image\/\"}}]}<\/script>\n<!-- \/ Yoast SEO plugin. -->","yoast_head_json":{"title":"SIRMAN SWITCH GASKET GUARNIZIONE PULSANT.GRANDE SRM - HDO Global Trade","description":"SIRMAN SWITCH GASKET GUARNIZIONE PULSANT.GRANDE SRM PULSANTIERE - SEE OUR COMPLETE LINE FOR SIRMAN SPARE PARTS & ACCESSORIES","robots":{"index":"index","follow":"follow","max-snippet":"max-snippet:-1","max-image-preview":"max-image-preview:large","max-video-preview":"max-video-preview:-1"},"canonical":"https:\/\/hdotrade.com\/fr\/produit\/sirman-switch-gasket-guarnizione-pulsant-grande-srm\/","og_locale":"fr_FR","og_type":"article","og_title":"SIRMAN SWITCH GASKET GUARNIZIONE PULSANT.GRANDE SRM - HDO Global Trade","og_description":"SIRMAN SWITCH GASKET GUARNIZIONE PULSANT.GRANDE SRM PULSANTIERE - SEE OUR COMPLETE LINE FOR SIRMAN SPARE PARTS & ACCESSORIES","og_url":"https:\/\/hdotrade.com\/fr\/produit\/sirman-switch-gasket-guarnizione-pulsant-grande-srm\/","og_site_name":"HDO Global Trade","article_modified_time":"2023-06-06T12:55:57+00:00","twitter_card":"summary_large_image","twitter_misc":{"Dur\u00e9e de lecture estim\u00e9e":"1 minute"},"schema":{"@context":"https:\/\/schema.org","@graph":[{"@type":"WebPage","@id":"https:\/\/hdotrade.com\/product\/sirman-switch-gasket-guarnizione-pulsant-grande-srm\/","url":"https:\/\/hdotrade.com\/product\/sirman-switch-gasket-guarnizione-pulsant-grande-srm\/","name":"SIRMAN SWITCH GASKET GUARNIZIONE PULSANT.GRANDE SRM - HDO Global Trade","isPartOf":{"@id":"https:\/\/hdotrade.com\/#website"},"datePublished":"2021-08-04T19:44:46+00:00","dateModified":"2023-06-06T12:55:57+00:00","description":"SIRMAN SWITCH GASKET GUARNIZIONE PULSANT.GRANDE SRM PULSANTIERE - SEE OUR COMPLETE LINE FOR SIRMAN SPARE PARTS & ACCESSORIES","breadcrumb":{"@id":"https:\/\/hdotrade.com\/product\/sirman-switch-gasket-guarnizione-pulsant-grande-srm\/#breadcrumb"},"inLanguage":"fr-FR","potentialAction":[{"@type":"ReadAction","target":["https:\/\/hdotrade.com\/product\/sirman-switch-gasket-guarnizione-pulsant-grande-srm\/"]}]},{"@type":"BreadcrumbList","@id":"https:\/\/hdotrade.com\/product\/sirman-switch-gasket-guarnizione-pulsant-grande-srm\/#breadcrumb","itemListElement":[{"@type":"ListItem","position":1,"name":"Home","item":"https:\/\/hdotrade.com\/"},{"@type":"ListItem","position":2,"name":"Shop","item":"https:\/\/hdotrade.com\/shop\/"},{"@type":"ListItem","position":3,"name":"SIRMAN SWITCH GASKET GUARNIZIONE PULSANT.GRANDE SRM"}]},{"@type":"WebSite","@id":"https:\/\/hdotrade.com\/#website","url":"https:\/\/hdotrade.com\/","name":"HDO Global Trade","description":"Online store","publisher":{"@id":"https:\/\/hdotrade.com\/#organization"},"potentialAction":[{"@type":"SearchAction","target":{"@type":"EntryPoint","urlTemplate":"https:\/\/hdotrade.com\/?s={search_term_string}"},"query-input":{"@type":"PropertyValueSpecification","valueRequired":true,"valueName":"search_term_string"}}],"inLanguage":"fr-FR"},{"@type":"Organization","@id":"https:\/\/hdotrade.com\/#organization","name":"HDO Global Trade","url":"https:\/\/hdotrade.com\/","logo":{"@type":"ImageObject","inLanguage":"fr-FR","@id":"https:\/\/hdotrade.com\/#\/schema\/logo\/image\/","url":"https:\/\/hdotrade.com\/wp-content\/uploads\/2021\/06\/cropped-cropped-HDO-FINAL-LOGO.png","contentUrl":"https:\/\/hdotrade.com\/wp-content\/uploads\/2021\/06\/cropped-cropped-HDO-FINAL-LOGO.png","width":512,"height":511,"caption":"HDO Global Trade"},"image":{"@id":"https:\/\/hdotrade.com\/#\/schema\/logo\/image\/"}}]}},"_links":{"self":[{"href":"https:\/\/hdotrade.com\/fr\/wp-json\/wp\/v2\/product\/4882","targetHints":{"allow":["GET"]}}],"collection":[{"href":"https:\/\/hdotrade.com\/fr\/wp-json\/wp\/v2\/product"}],"about":[{"href":"https:\/\/hdotrade.com\/fr\/wp-json\/wp\/v2\/types\/product"}],"version-history":[{"count":3,"href":"https:\/\/hdotrade.com\/fr\/wp-json\/wp\/v2\/product\/4882\/revisions"}],"predecessor-version":[{"id":18997,"href":"https:\/\/hdotrade.com\/fr\/wp-json\/wp\/v2\/product\/4882\/revisions\/18997"}],"wp:attachment":[{"href":"https:\/\/hdotrade.com\/fr\/wp-json\/wp\/v2\/media?parent=4882"}],"wp:term":[{"taxonomy":"product_cat","embeddable":true,"href":"https:\/\/hdotrade.com\/fr\/wp-json\/wp\/v2\/product_cat?post=4882"},{"taxonomy":"product_tag","embeddable":true,"href":"https:\/\/hdotrade.com\/fr\/wp-json\/wp\/v2\/product_tag?post=4882"}],"curies":[{"name":"wp","href":"https:\/\/api.w.org\/{rel}","templated":true}]}}