{"id":7154,"date":"2021-09-07T11:01:52","date_gmt":"2021-09-07T11:01:52","guid":{"rendered":"http:\/\/hdotrade.com\/?post_type=product&#038;p=7154"},"modified":"2023-02-16T13:00:27","modified_gmt":"2023-02-16T13:00:27","slug":"robot-coupe-reed-switch-mot-cl50d-tri","status":"publish","type":"product","link":"https:\/\/hdotrade.com\/fr\/produit\/robot-coupe-reed-switch-mot-cl50d-tri\/","title":{"rendered":"ROBOT COUPE INTERRUPTEUR \u00c0 LAMES MOT CL50D TRI"},"content":{"rendered":"<p>POUR ROBOT COUPE MACHINE DE PR\u00c9PARATION DE L\u00c9GUMES<\/p>\n<p>CL50D (380V\/50Hz) , CL50E (380V\/60Hz) , CL 50E (415V\/50Hz) , CL 50 Ultra &#8220;D\u00a0 (380V\/50Hz) , CL 50 Ultra &#8220;D &#8221;\u00a0 (380V\/60Hz) , CL 50 E Ultra (415V\/50Hz) , CL50E ULTRA (380V\/60Hz) ,\u00a0 CL50 A GOURMET (380V\/50Hz) ,\u00a0 CL50 A GOURMET\u00a0 (380V\/60Hz) ,\u00a0 CL 52 D &gt; 2405 (380V\/50Hz) ,\u00a0 CL 52 D\u00a0 (380V\/60Hz) ,\u00a0 CL52 E\u00a0 (380V\/50Hz) ,\u00a0 CL52 E\u00a0 (380V\/60Hz<\/p>\n<p>ROBOT COUPE\u00a0 VARA INTERRUPTOR MOT CL50D TRI<\/p>\n<p>&nbsp;<\/p>","protected":false},"excerpt":{"rendered":"<p>FOR ROBOT COUPE VEGETABLE PREPARATION MACHINE CL50D (380V\/50Hz) , CL50E (380V\/60Hz) , CL 50E (415V\/50Hz) , CL 50 Ultra &#8220;D\u00a0 (380V\/50Hz) , CL 50 Ultra &#8220;D &#8221;\u00a0 (380V\/60Hz) , CL 50 E Ultra (415V\/50Hz) , CL50E ULTRA (380V\/60Hz) ,\u00a0 CL50 A GOURMET (380V\/50Hz) ,\u00a0 CL50 A GOURMET\u00a0 (380V\/60Hz) ,\u00a0 CL 52 D &gt; 2405 (380V\/50Hz) [&hellip;]<\/p>","protected":false},"featured_media":7159,"template":"","meta":[],"product_cat":[165],"product_tag":[],"class_list":{"0":"post-7154","1":"product","2":"type-product","3":"status-publish","4":"has-post-thumbnail","6":"product_cat-robot-coupe","8":"first","9":"outofstock","10":"taxable","11":"shipping-taxable","12":"purchasable","13":"product-type-simple"},"acf":[],"yoast_head":"<!-- This site is optimized with the Yoast SEO plugin v24.1 - https:\/\/yoast.com\/wordpress\/plugins\/seo\/ -->\n<title>ROBOT COUPE REED SWITCH MOT CL50D TRI - HDO Global Trade<\/title>\n<meta name=\"description\" content=\"ROBOT COUPE REED SWITCH MOT TRI FOR VEGETABLE PREPARATION MACHINE CL50D CL50 ULTRA D CL50E CL50 A GOURMET CL52 D CL52\" \/>\n<meta name=\"robots\" content=\"index, follow, max-snippet:-1, max-image-preview:large, max-video-preview:-1\" \/>\n<link rel=\"canonical\" href=\"https:\/\/hdotrade.com\/fr\/produit\/robot-coupe-reed-switch-mot-cl50d-tri\/\" \/>\n<meta property=\"og:locale\" content=\"fr_FR\" \/>\n<meta property=\"og:type\" content=\"article\" \/>\n<meta property=\"og:title\" content=\"ROBOT COUPE REED SWITCH MOT CL50D TRI - HDO Global Trade\" \/>\n<meta property=\"og:description\" content=\"ROBOT COUPE REED SWITCH MOT TRI FOR VEGETABLE PREPARATION MACHINE CL50D CL50 ULTRA D CL50E CL50 A GOURMET CL52 D CL52\" \/>\n<meta property=\"og:url\" content=\"https:\/\/hdotrade.com\/fr\/produit\/robot-coupe-reed-switch-mot-cl50d-tri\/\" \/>\n<meta property=\"og:site_name\" content=\"HDO Global Trade\" \/>\n<meta property=\"article:modified_time\" content=\"2023-02-16T13:00:27+00:00\" \/>\n<meta property=\"og:image\" content=\"https:\/\/hdotrade.com\/wp-content\/uploads\/2021\/09\/ROBOT-COUPE-REED-SWITCH-MOT-CL50D.png\" \/>\n\t<meta property=\"og:image:width\" content=\"500\" \/>\n\t<meta property=\"og:image:height\" content=\"500\" \/>\n\t<meta property=\"og:image:type\" content=\"image\/png\" \/>\n<meta name=\"twitter:card\" content=\"summary_large_image\" \/>\n<meta name=\"twitter:label1\" content=\"Dur\u00e9e de lecture estim\u00e9e\" \/>\n\t<meta name=\"twitter:data1\" content=\"1 minute\" \/>\n<script type=\"application\/ld+json\" class=\"yoast-schema-graph\">{\"@context\":\"https:\/\/schema.org\",\"@graph\":[{\"@type\":\"WebPage\",\"@id\":\"https:\/\/hdotrade.com\/product\/robot-coupe-reed-switch-mot-cl50d-tri\/\",\"url\":\"https:\/\/hdotrade.com\/product\/robot-coupe-reed-switch-mot-cl50d-tri\/\",\"name\":\"ROBOT COUPE REED SWITCH MOT CL50D TRI - HDO Global Trade\",\"isPartOf\":{\"@id\":\"https:\/\/hdotrade.com\/#website\"},\"primaryImageOfPage\":{\"@id\":\"https:\/\/hdotrade.com\/product\/robot-coupe-reed-switch-mot-cl50d-tri\/#primaryimage\"},\"image\":{\"@id\":\"https:\/\/hdotrade.com\/product\/robot-coupe-reed-switch-mot-cl50d-tri\/#primaryimage\"},\"thumbnailUrl\":\"https:\/\/hdotrade.com\/wp-content\/uploads\/2021\/09\/ROBOT-COUPE-REED-SWITCH-MOT-CL50D.png\",\"datePublished\":\"2021-09-07T11:01:52+00:00\",\"dateModified\":\"2023-02-16T13:00:27+00:00\",\"description\":\"ROBOT COUPE REED SWITCH MOT TRI FOR VEGETABLE PREPARATION MACHINE CL50D CL50 ULTRA D CL50E CL50 A GOURMET CL52 D CL52\",\"breadcrumb\":{\"@id\":\"https:\/\/hdotrade.com\/product\/robot-coupe-reed-switch-mot-cl50d-tri\/#breadcrumb\"},\"inLanguage\":\"fr-FR\",\"potentialAction\":[{\"@type\":\"ReadAction\",\"target\":[\"https:\/\/hdotrade.com\/product\/robot-coupe-reed-switch-mot-cl50d-tri\/\"]}]},{\"@type\":\"ImageObject\",\"inLanguage\":\"fr-FR\",\"@id\":\"https:\/\/hdotrade.com\/product\/robot-coupe-reed-switch-mot-cl50d-tri\/#primaryimage\",\"url\":\"https:\/\/hdotrade.com\/wp-content\/uploads\/2021\/09\/ROBOT-COUPE-REED-SWITCH-MOT-CL50D.png\",\"contentUrl\":\"https:\/\/hdotrade.com\/wp-content\/uploads\/2021\/09\/ROBOT-COUPE-REED-SWITCH-MOT-CL50D.png\",\"width\":500,\"height\":500,\"caption\":\"ROBOT-COUPE-REED-SWITCH-MOT-CL50D\"},{\"@type\":\"BreadcrumbList\",\"@id\":\"https:\/\/hdotrade.com\/product\/robot-coupe-reed-switch-mot-cl50d-tri\/#breadcrumb\",\"itemListElement\":[{\"@type\":\"ListItem\",\"position\":1,\"name\":\"Home\",\"item\":\"https:\/\/hdotrade.com\/\"},{\"@type\":\"ListItem\",\"position\":2,\"name\":\"Shop\",\"item\":\"https:\/\/hdotrade.com\/shop\/\"},{\"@type\":\"ListItem\",\"position\":3,\"name\":\"ROBOT COUPE REED SWITCH MOT CL50D TRI\"}]},{\"@type\":\"WebSite\",\"@id\":\"https:\/\/hdotrade.com\/#website\",\"url\":\"https:\/\/hdotrade.com\/\",\"name\":\"HDO Global Trade\",\"description\":\"Online store\",\"publisher\":{\"@id\":\"https:\/\/hdotrade.com\/#organization\"},\"potentialAction\":[{\"@type\":\"SearchAction\",\"target\":{\"@type\":\"EntryPoint\",\"urlTemplate\":\"https:\/\/hdotrade.com\/?s={search_term_string}\"},\"query-input\":{\"@type\":\"PropertyValueSpecification\",\"valueRequired\":true,\"valueName\":\"search_term_string\"}}],\"inLanguage\":\"fr-FR\"},{\"@type\":\"Organization\",\"@id\":\"https:\/\/hdotrade.com\/#organization\",\"name\":\"HDO Global Trade\",\"url\":\"https:\/\/hdotrade.com\/\",\"logo\":{\"@type\":\"ImageObject\",\"inLanguage\":\"fr-FR\",\"@id\":\"https:\/\/hdotrade.com\/#\/schema\/logo\/image\/\",\"url\":\"https:\/\/hdotrade.com\/wp-content\/uploads\/2021\/06\/cropped-cropped-HDO-FINAL-LOGO.png\",\"contentUrl\":\"https:\/\/hdotrade.com\/wp-content\/uploads\/2021\/06\/cropped-cropped-HDO-FINAL-LOGO.png\",\"width\":512,\"height\":511,\"caption\":\"HDO Global Trade\"},\"image\":{\"@id\":\"https:\/\/hdotrade.com\/#\/schema\/logo\/image\/\"}}]}<\/script>\n<!-- \/ Yoast SEO plugin. -->","yoast_head_json":{"title":"ROBOT COUPE REED SWITCH MOT CL50D TRI - HDO Global Trade","description":"ROBOT COUPE REED SWITCH MOT TRI FOR VEGETABLE PREPARATION MACHINE CL50D CL50 ULTRA D CL50E CL50 A GOURMET CL52 D CL52","robots":{"index":"index","follow":"follow","max-snippet":"max-snippet:-1","max-image-preview":"max-image-preview:large","max-video-preview":"max-video-preview:-1"},"canonical":"https:\/\/hdotrade.com\/fr\/produit\/robot-coupe-reed-switch-mot-cl50d-tri\/","og_locale":"fr_FR","og_type":"article","og_title":"ROBOT COUPE REED SWITCH MOT CL50D TRI - HDO Global Trade","og_description":"ROBOT COUPE REED SWITCH MOT TRI FOR VEGETABLE PREPARATION MACHINE CL50D CL50 ULTRA D CL50E CL50 A GOURMET CL52 D CL52","og_url":"https:\/\/hdotrade.com\/fr\/produit\/robot-coupe-reed-switch-mot-cl50d-tri\/","og_site_name":"HDO Global Trade","article_modified_time":"2023-02-16T13:00:27+00:00","og_image":[{"width":500,"height":500,"url":"https:\/\/hdotrade.com\/wp-content\/uploads\/2021\/09\/ROBOT-COUPE-REED-SWITCH-MOT-CL50D.png","type":"image\/png"}],"twitter_card":"summary_large_image","twitter_misc":{"Dur\u00e9e de lecture estim\u00e9e":"1 minute"},"schema":{"@context":"https:\/\/schema.org","@graph":[{"@type":"WebPage","@id":"https:\/\/hdotrade.com\/product\/robot-coupe-reed-switch-mot-cl50d-tri\/","url":"https:\/\/hdotrade.com\/product\/robot-coupe-reed-switch-mot-cl50d-tri\/","name":"ROBOT COUPE REED SWITCH MOT CL50D TRI - HDO Global Trade","isPartOf":{"@id":"https:\/\/hdotrade.com\/#website"},"primaryImageOfPage":{"@id":"https:\/\/hdotrade.com\/product\/robot-coupe-reed-switch-mot-cl50d-tri\/#primaryimage"},"image":{"@id":"https:\/\/hdotrade.com\/product\/robot-coupe-reed-switch-mot-cl50d-tri\/#primaryimage"},"thumbnailUrl":"https:\/\/hdotrade.com\/wp-content\/uploads\/2021\/09\/ROBOT-COUPE-REED-SWITCH-MOT-CL50D.png","datePublished":"2021-09-07T11:01:52+00:00","dateModified":"2023-02-16T13:00:27+00:00","description":"ROBOT COUPE REED SWITCH MOT TRI FOR VEGETABLE PREPARATION MACHINE CL50D CL50 ULTRA D CL50E CL50 A GOURMET CL52 D CL52","breadcrumb":{"@id":"https:\/\/hdotrade.com\/product\/robot-coupe-reed-switch-mot-cl50d-tri\/#breadcrumb"},"inLanguage":"fr-FR","potentialAction":[{"@type":"ReadAction","target":["https:\/\/hdotrade.com\/product\/robot-coupe-reed-switch-mot-cl50d-tri\/"]}]},{"@type":"ImageObject","inLanguage":"fr-FR","@id":"https:\/\/hdotrade.com\/product\/robot-coupe-reed-switch-mot-cl50d-tri\/#primaryimage","url":"https:\/\/hdotrade.com\/wp-content\/uploads\/2021\/09\/ROBOT-COUPE-REED-SWITCH-MOT-CL50D.png","contentUrl":"https:\/\/hdotrade.com\/wp-content\/uploads\/2021\/09\/ROBOT-COUPE-REED-SWITCH-MOT-CL50D.png","width":500,"height":500,"caption":"ROBOT-COUPE-REED-SWITCH-MOT-CL50D"},{"@type":"BreadcrumbList","@id":"https:\/\/hdotrade.com\/product\/robot-coupe-reed-switch-mot-cl50d-tri\/#breadcrumb","itemListElement":[{"@type":"ListItem","position":1,"name":"Home","item":"https:\/\/hdotrade.com\/"},{"@type":"ListItem","position":2,"name":"Shop","item":"https:\/\/hdotrade.com\/shop\/"},{"@type":"ListItem","position":3,"name":"ROBOT COUPE REED SWITCH MOT CL50D TRI"}]},{"@type":"WebSite","@id":"https:\/\/hdotrade.com\/#website","url":"https:\/\/hdotrade.com\/","name":"HDO Global Trade","description":"Online store","publisher":{"@id":"https:\/\/hdotrade.com\/#organization"},"potentialAction":[{"@type":"SearchAction","target":{"@type":"EntryPoint","urlTemplate":"https:\/\/hdotrade.com\/?s={search_term_string}"},"query-input":{"@type":"PropertyValueSpecification","valueRequired":true,"valueName":"search_term_string"}}],"inLanguage":"fr-FR"},{"@type":"Organization","@id":"https:\/\/hdotrade.com\/#organization","name":"HDO Global Trade","url":"https:\/\/hdotrade.com\/","logo":{"@type":"ImageObject","inLanguage":"fr-FR","@id":"https:\/\/hdotrade.com\/#\/schema\/logo\/image\/","url":"https:\/\/hdotrade.com\/wp-content\/uploads\/2021\/06\/cropped-cropped-HDO-FINAL-LOGO.png","contentUrl":"https:\/\/hdotrade.com\/wp-content\/uploads\/2021\/06\/cropped-cropped-HDO-FINAL-LOGO.png","width":512,"height":511,"caption":"HDO Global Trade"},"image":{"@id":"https:\/\/hdotrade.com\/#\/schema\/logo\/image\/"}}]}},"_links":{"self":[{"href":"https:\/\/hdotrade.com\/fr\/wp-json\/wp\/v2\/product\/7154","targetHints":{"allow":["GET"]}}],"collection":[{"href":"https:\/\/hdotrade.com\/fr\/wp-json\/wp\/v2\/product"}],"about":[{"href":"https:\/\/hdotrade.com\/fr\/wp-json\/wp\/v2\/types\/product"}],"version-history":[{"count":4,"href":"https:\/\/hdotrade.com\/fr\/wp-json\/wp\/v2\/product\/7154\/revisions"}],"predecessor-version":[{"id":17736,"href":"https:\/\/hdotrade.com\/fr\/wp-json\/wp\/v2\/product\/7154\/revisions\/17736"}],"wp:featuredmedia":[{"embeddable":true,"href":"https:\/\/hdotrade.com\/fr\/wp-json\/wp\/v2\/media\/7159"}],"wp:attachment":[{"href":"https:\/\/hdotrade.com\/fr\/wp-json\/wp\/v2\/media?parent=7154"}],"wp:term":[{"taxonomy":"product_cat","embeddable":true,"href":"https:\/\/hdotrade.com\/fr\/wp-json\/wp\/v2\/product_cat?post=7154"},{"taxonomy":"product_tag","embeddable":true,"href":"https:\/\/hdotrade.com\/fr\/wp-json\/wp\/v2\/product_tag?post=7154"}],"curies":[{"name":"wp","href":"https:\/\/api.w.org\/{rel}","templated":true}]}}