{"id":7527,"date":"2021-09-11T18:01:55","date_gmt":"2021-09-11T18:01:55","guid":{"rendered":"http:\/\/hdotrade.com\/?post_type=product&#038;p=7527"},"modified":"2023-02-16T11:34:16","modified_gmt":"2023-02-16T11:34:16","slug":"robot-coupe-mp-230v-power-cord","status":"publish","type":"product","link":"https:\/\/hdotrade.com\/fr\/produit\/robot-coupe-mp-230v-power-cord\/","title":{"rendered":"ROBOT COUP\u00c9 MP 230V CORDON D\u2019ALIMENTATION"},"content":{"rendered":"<p>POUR ROBOT COUP\u00c9POUR ROBOT COUP\u00c9 STICK BLENDERS MOD\u00c8LE DE MACHINE<\/p>\n<p>MP350 , MP 350 A , MP 350 ULTRA , MP 450 , MP 450 A , MP 450 Ultra , MP 550 , MP 550 A , MP 550 ULTR, MP 600 , MP 600 A , MP 600 ULTRA , MP 800 TURBO<\/p>\n<p>ROBOT COUPE CABO DE ALIMENTA\u00c7\u00c3O MP 230V<\/p>","protected":false},"excerpt":{"rendered":"<p>FOR ROBOT COUPE STICK BLENDERS MACHINE MODEL MP350 , MP 350 A , MP 350 ULTRA , MP 450 , MP 450 A , MP 450 Ultra , MP 550 , MP 550 A , MP 550 ULTR, MP 600 , MP 600 A , MP 600 ULTRA , MP 800 TURBO ROBOT COUPE CABO [&hellip;]<\/p>","protected":false},"featured_media":7545,"template":"","meta":[],"product_cat":[165,187],"product_tag":[],"class_list":{"0":"post-7527","1":"product","2":"type-product","3":"status-publish","4":"has-post-thumbnail","6":"product_cat-robot-coupe","7":"product_cat-stick-blenders-robot-coupe","9":"first","10":"outofstock","11":"taxable","12":"shipping-taxable","13":"purchasable","14":"product-type-simple"},"acf":[],"yoast_head":"<!-- This site is optimized with the Yoast SEO plugin v24.1 - https:\/\/yoast.com\/wordpress\/plugins\/seo\/ -->\n<title>ROBOT COUPE MP 230V POWER CORD - HDO Global Trade<\/title>\n<meta name=\"description\" content=\"ROBOT COUPE MP 230V POWER CORD FOR STICK BLENDERS MACHINE MODEL MP350 MP450 MP550 MP600 MP800 CODE 89396 SPARE PARTS &amp; ACCESSORIES\" \/>\n<meta name=\"robots\" content=\"index, follow, max-snippet:-1, max-image-preview:large, max-video-preview:-1\" \/>\n<link rel=\"canonical\" href=\"https:\/\/hdotrade.com\/fr\/he\/product\/robot-coupe-mp-230v-power-cord\/\" \/>\n<meta property=\"og:locale\" content=\"fr_FR\" \/>\n<meta property=\"og:type\" content=\"article\" \/>\n<meta property=\"og:title\" content=\"ROBOT COUPE MP 230V POWER CORD - HDO Global Trade\" \/>\n<meta property=\"og:description\" content=\"ROBOT COUPE MP 230V POWER CORD FOR STICK BLENDERS MACHINE MODEL MP350 MP450 MP550 MP600 MP800 CODE 89396 SPARE PARTS &amp; ACCESSORIES\" \/>\n<meta property=\"og:url\" content=\"https:\/\/hdotrade.com\/fr\/he\/product\/robot-coupe-mp-230v-power-cord\/\" \/>\n<meta property=\"og:site_name\" content=\"HDO Global Trade\" \/>\n<meta property=\"article:modified_time\" content=\"2023-02-16T11:34:16+00:00\" \/>\n<meta property=\"og:image\" content=\"https:\/\/hdotrade.com\/wp-content\/uploads\/2021\/09\/ROBOT-COUPE-MP-230V-POWER-CORD.png\" \/>\n\t<meta property=\"og:image:width\" content=\"500\" \/>\n\t<meta property=\"og:image:height\" content=\"500\" \/>\n\t<meta property=\"og:image:type\" content=\"image\/png\" \/>\n<meta name=\"twitter:card\" content=\"summary_large_image\" \/>\n<meta name=\"twitter:label1\" content=\"Dur\u00e9e de lecture estim\u00e9e\" \/>\n\t<meta name=\"twitter:data1\" content=\"1 minute\" \/>\n<script type=\"application\/ld+json\" class=\"yoast-schema-graph\">{\"@context\":\"https:\/\/schema.org\",\"@graph\":[{\"@type\":\"WebPage\",\"@id\":\"https:\/\/hdotrade.com\/he\/product\/robot-coupe-mp-230v-power-cord\/\",\"url\":\"https:\/\/hdotrade.com\/he\/product\/robot-coupe-mp-230v-power-cord\/\",\"name\":\"ROBOT COUPE MP 230V POWER CORD - HDO Global Trade\",\"isPartOf\":{\"@id\":\"https:\/\/hdotrade.com\/#website\"},\"primaryImageOfPage\":{\"@id\":\"https:\/\/hdotrade.com\/he\/product\/robot-coupe-mp-230v-power-cord\/#primaryimage\"},\"image\":{\"@id\":\"https:\/\/hdotrade.com\/he\/product\/robot-coupe-mp-230v-power-cord\/#primaryimage\"},\"thumbnailUrl\":\"https:\/\/hdotrade.com\/wp-content\/uploads\/2021\/09\/ROBOT-COUPE-MP-230V-POWER-CORD.png\",\"datePublished\":\"2021-09-11T18:01:55+00:00\",\"dateModified\":\"2023-02-16T11:34:16+00:00\",\"description\":\"ROBOT COUPE MP 230V POWER CORD FOR STICK BLENDERS MACHINE MODEL MP350 MP450 MP550 MP600 MP800 CODE 89396 SPARE PARTS & ACCESSORIES\",\"breadcrumb\":{\"@id\":\"https:\/\/hdotrade.com\/he\/product\/robot-coupe-mp-230v-power-cord\/#breadcrumb\"},\"inLanguage\":\"fr-FR\",\"potentialAction\":[{\"@type\":\"ReadAction\",\"target\":[\"https:\/\/hdotrade.com\/he\/product\/robot-coupe-mp-230v-power-cord\/\"]}]},{\"@type\":\"ImageObject\",\"inLanguage\":\"fr-FR\",\"@id\":\"https:\/\/hdotrade.com\/he\/product\/robot-coupe-mp-230v-power-cord\/#primaryimage\",\"url\":\"https:\/\/hdotrade.com\/wp-content\/uploads\/2021\/09\/ROBOT-COUPE-MP-230V-POWER-CORD.png\",\"contentUrl\":\"https:\/\/hdotrade.com\/wp-content\/uploads\/2021\/09\/ROBOT-COUPE-MP-230V-POWER-CORD.png\",\"width\":500,\"height\":500,\"caption\":\"ROBOT COUPE-MP 230V POWER CORD\"},{\"@type\":\"BreadcrumbList\",\"@id\":\"https:\/\/hdotrade.com\/he\/product\/robot-coupe-mp-230v-power-cord\/#breadcrumb\",\"itemListElement\":[{\"@type\":\"ListItem\",\"position\":1,\"name\":\"Home\",\"item\":\"https:\/\/hdotrade.com\/\"},{\"@type\":\"ListItem\",\"position\":2,\"name\":\"Shop\",\"item\":\"https:\/\/hdotrade.com\/shop\/\"},{\"@type\":\"ListItem\",\"position\":3,\"name\":\"ROBOT COUPE MP 230V POWER CORD\"}]},{\"@type\":\"WebSite\",\"@id\":\"https:\/\/hdotrade.com\/#website\",\"url\":\"https:\/\/hdotrade.com\/\",\"name\":\"HDO Global Trade\",\"description\":\"Online store\",\"publisher\":{\"@id\":\"https:\/\/hdotrade.com\/#organization\"},\"potentialAction\":[{\"@type\":\"SearchAction\",\"target\":{\"@type\":\"EntryPoint\",\"urlTemplate\":\"https:\/\/hdotrade.com\/?s={search_term_string}\"},\"query-input\":{\"@type\":\"PropertyValueSpecification\",\"valueRequired\":true,\"valueName\":\"search_term_string\"}}],\"inLanguage\":\"fr-FR\"},{\"@type\":\"Organization\",\"@id\":\"https:\/\/hdotrade.com\/#organization\",\"name\":\"HDO Global Trade\",\"url\":\"https:\/\/hdotrade.com\/\",\"logo\":{\"@type\":\"ImageObject\",\"inLanguage\":\"fr-FR\",\"@id\":\"https:\/\/hdotrade.com\/#\/schema\/logo\/image\/\",\"url\":\"https:\/\/hdotrade.com\/wp-content\/uploads\/2021\/06\/cropped-cropped-HDO-FINAL-LOGO.png\",\"contentUrl\":\"https:\/\/hdotrade.com\/wp-content\/uploads\/2021\/06\/cropped-cropped-HDO-FINAL-LOGO.png\",\"width\":512,\"height\":511,\"caption\":\"HDO Global Trade\"},\"image\":{\"@id\":\"https:\/\/hdotrade.com\/#\/schema\/logo\/image\/\"}}]}<\/script>\n<!-- \/ Yoast SEO plugin. -->","yoast_head_json":{"title":"ROBOT COUPE MP 230V POWER CORD - HDO Global Trade","description":"ROBOT COUPE MP 230V POWER CORD FOR STICK BLENDERS MACHINE MODEL MP350 MP450 MP550 MP600 MP800 CODE 89396 SPARE PARTS & ACCESSORIES","robots":{"index":"index","follow":"follow","max-snippet":"max-snippet:-1","max-image-preview":"max-image-preview:large","max-video-preview":"max-video-preview:-1"},"canonical":"https:\/\/hdotrade.com\/fr\/he\/product\/robot-coupe-mp-230v-power-cord\/","og_locale":"fr_FR","og_type":"article","og_title":"ROBOT COUPE MP 230V POWER CORD - HDO Global Trade","og_description":"ROBOT COUPE MP 230V POWER CORD FOR STICK BLENDERS MACHINE MODEL MP350 MP450 MP550 MP600 MP800 CODE 89396 SPARE PARTS & ACCESSORIES","og_url":"https:\/\/hdotrade.com\/fr\/he\/product\/robot-coupe-mp-230v-power-cord\/","og_site_name":"HDO Global Trade","article_modified_time":"2023-02-16T11:34:16+00:00","og_image":[{"width":500,"height":500,"url":"https:\/\/hdotrade.com\/wp-content\/uploads\/2021\/09\/ROBOT-COUPE-MP-230V-POWER-CORD.png","type":"image\/png"}],"twitter_card":"summary_large_image","twitter_misc":{"Dur\u00e9e de lecture estim\u00e9e":"1 minute"},"schema":{"@context":"https:\/\/schema.org","@graph":[{"@type":"WebPage","@id":"https:\/\/hdotrade.com\/he\/product\/robot-coupe-mp-230v-power-cord\/","url":"https:\/\/hdotrade.com\/he\/product\/robot-coupe-mp-230v-power-cord\/","name":"ROBOT COUPE MP 230V POWER CORD - HDO Global Trade","isPartOf":{"@id":"https:\/\/hdotrade.com\/#website"},"primaryImageOfPage":{"@id":"https:\/\/hdotrade.com\/he\/product\/robot-coupe-mp-230v-power-cord\/#primaryimage"},"image":{"@id":"https:\/\/hdotrade.com\/he\/product\/robot-coupe-mp-230v-power-cord\/#primaryimage"},"thumbnailUrl":"https:\/\/hdotrade.com\/wp-content\/uploads\/2021\/09\/ROBOT-COUPE-MP-230V-POWER-CORD.png","datePublished":"2021-09-11T18:01:55+00:00","dateModified":"2023-02-16T11:34:16+00:00","description":"ROBOT COUPE MP 230V POWER CORD FOR STICK BLENDERS MACHINE MODEL MP350 MP450 MP550 MP600 MP800 CODE 89396 SPARE PARTS & ACCESSORIES","breadcrumb":{"@id":"https:\/\/hdotrade.com\/he\/product\/robot-coupe-mp-230v-power-cord\/#breadcrumb"},"inLanguage":"fr-FR","potentialAction":[{"@type":"ReadAction","target":["https:\/\/hdotrade.com\/he\/product\/robot-coupe-mp-230v-power-cord\/"]}]},{"@type":"ImageObject","inLanguage":"fr-FR","@id":"https:\/\/hdotrade.com\/he\/product\/robot-coupe-mp-230v-power-cord\/#primaryimage","url":"https:\/\/hdotrade.com\/wp-content\/uploads\/2021\/09\/ROBOT-COUPE-MP-230V-POWER-CORD.png","contentUrl":"https:\/\/hdotrade.com\/wp-content\/uploads\/2021\/09\/ROBOT-COUPE-MP-230V-POWER-CORD.png","width":500,"height":500,"caption":"ROBOT COUPE-MP 230V POWER CORD"},{"@type":"BreadcrumbList","@id":"https:\/\/hdotrade.com\/he\/product\/robot-coupe-mp-230v-power-cord\/#breadcrumb","itemListElement":[{"@type":"ListItem","position":1,"name":"Home","item":"https:\/\/hdotrade.com\/"},{"@type":"ListItem","position":2,"name":"Shop","item":"https:\/\/hdotrade.com\/shop\/"},{"@type":"ListItem","position":3,"name":"ROBOT COUPE MP 230V POWER CORD"}]},{"@type":"WebSite","@id":"https:\/\/hdotrade.com\/#website","url":"https:\/\/hdotrade.com\/","name":"HDO Global Trade","description":"Online store","publisher":{"@id":"https:\/\/hdotrade.com\/#organization"},"potentialAction":[{"@type":"SearchAction","target":{"@type":"EntryPoint","urlTemplate":"https:\/\/hdotrade.com\/?s={search_term_string}"},"query-input":{"@type":"PropertyValueSpecification","valueRequired":true,"valueName":"search_term_string"}}],"inLanguage":"fr-FR"},{"@type":"Organization","@id":"https:\/\/hdotrade.com\/#organization","name":"HDO Global Trade","url":"https:\/\/hdotrade.com\/","logo":{"@type":"ImageObject","inLanguage":"fr-FR","@id":"https:\/\/hdotrade.com\/#\/schema\/logo\/image\/","url":"https:\/\/hdotrade.com\/wp-content\/uploads\/2021\/06\/cropped-cropped-HDO-FINAL-LOGO.png","contentUrl":"https:\/\/hdotrade.com\/wp-content\/uploads\/2021\/06\/cropped-cropped-HDO-FINAL-LOGO.png","width":512,"height":511,"caption":"HDO Global Trade"},"image":{"@id":"https:\/\/hdotrade.com\/#\/schema\/logo\/image\/"}}]}},"_links":{"self":[{"href":"https:\/\/hdotrade.com\/fr\/wp-json\/wp\/v2\/product\/7527","targetHints":{"allow":["GET"]}}],"collection":[{"href":"https:\/\/hdotrade.com\/fr\/wp-json\/wp\/v2\/product"}],"about":[{"href":"https:\/\/hdotrade.com\/fr\/wp-json\/wp\/v2\/types\/product"}],"version-history":[{"count":17,"href":"https:\/\/hdotrade.com\/fr\/wp-json\/wp\/v2\/product\/7527\/revisions"}],"predecessor-version":[{"id":17708,"href":"https:\/\/hdotrade.com\/fr\/wp-json\/wp\/v2\/product\/7527\/revisions\/17708"}],"wp:featuredmedia":[{"embeddable":true,"href":"https:\/\/hdotrade.com\/fr\/wp-json\/wp\/v2\/media\/7545"}],"wp:attachment":[{"href":"https:\/\/hdotrade.com\/fr\/wp-json\/wp\/v2\/media?parent=7527"}],"wp:term":[{"taxonomy":"product_cat","embeddable":true,"href":"https:\/\/hdotrade.com\/fr\/wp-json\/wp\/v2\/product_cat?post=7527"},{"taxonomy":"product_tag","embeddable":true,"href":"https:\/\/hdotrade.com\/fr\/wp-json\/wp\/v2\/product_tag?post=7527"}],"curies":[{"name":"wp","href":"https:\/\/api.w.org\/{rel}","templated":true}]}}