{"id":12,"date":"2020-07-16T12:34:43","date_gmt":"2020-07-16T12:34:43","guid":{"rendered":"http:\/\/mydev.h2g.pl\/be\/store2\/?page_id=12"},"modified":"2024-11-27T12:04:07","modified_gmt":"2024-11-27T12:04:07","slug":"about","status":"publish","type":"page","link":"https:\/\/hdotrade.com\/pt\/about\/","title":{"rendered":"About"},"content":{"rendered":"<h3>\u00a0<\/h3>\n<h3 style=\"margin-bottom: 25px;\">Quem somos<\/h3>\n<h6>N\u00f3s somos HDO GLOBAL TRADE UNIPESSOAL LDA, uma empresa localizada na Covilh\u00e3, Portugal.<\/h6>\n<h6>Somos especializados em pe\u00e7as suplentes, acess\u00f3rios e pequenas aplica\u00e7\u00f5es para as cozinhas profissionais.<\/h6>\n<h6>Na HDO GLOBAL TRADE UNIPESSOAL LDA, estabelecemos o objectivo de fornecer um servi\u00e7o de qualidade, profissional, experiencial e de fornecer a melhor solu\u00e7\u00e3o para as necessidades dos nossos clientes e satisfa\u00e7\u00e3o completa.\u00a0<\/h6>\n<h6>A nossa empresa faz todos os dias um grande esfor\u00e7o para que os nossos clientes encontrem neste website os melhores produtos, aos melhores pre\u00e7os, dos melhores fabricantes do mundo inteiro.<\/h6>\n<h3 style=\"margin-bottom: 25px;\">O que fazemos<\/h3>\n<p>A nossa equipa na empresa \u00e9 constitu\u00edda por profissionais com muitas experi\u00eancias que trabalham no campo das aparelhagens profissionais de cozinha h\u00e1 mais de 15 anos.<\/p>\n<h6>Com o objectivo de agradar sempre ao cliente, faremos o nosso poss\u00edvel para enviar a encomenda ao mundo inteiro, num tempo m\u00e1ximo de 24 horas a partir do momento da confirma\u00e7\u00e3o da encomenda e pagamento (desde que o produto esteja dispon\u00edvel em stock).<\/h6>\n<h6>Trabalhamos com as melhores empresas de correios da Europa para garantir que o produto chegue at\u00e9 si em seguran\u00e7a e no mais curto espa\u00e7o de tempo poss\u00edvel.\u00a0<\/h6>\n<h6>O nosso departamento de importa\u00e7\u00e3o e de compras est\u00e1 \u00e0 sua disposi\u00e7\u00e3o em qualquer altura e far\u00e1 todos os poss\u00edveis para o ajudar a encontrar o produto de que necessita, mesmo que esteja \u00e0 procura de um produto que n\u00e3o exista no nosso site, apenas <a href=\"https:\/\/hdotrade.com\/pt\/contact\/\">contacte-nos<\/a>!<\/h6>\n<h6>O nosso servi\u00e7o de apoio ao cliente est\u00e1 sempre \u00e0 sua disposi\u00e7\u00e3o para qualquer quest\u00e3o, por isso <a href=\"https:\/\/hdotrade.com\/pt\/contact\/\">contacte-nos<\/a> a qualquer momento.<\/h6>\n<h6>O nosso <a href=\"https:\/\/api.whatsapp.com\/send?phone=+351927408959\">servi\u00e7o WhatsApp<\/a> est\u00e1 <b>dispon\u00edvel<\/b><b>\u00a0 24\/7 <\/b>para todos os nossos clientes, para apoio t\u00e9cnico e para encomendas urgentes.<\/h6>\n<h3>N\u00f3s, <strong>HDO GLOBAL TRADE UNIPESSOAL LDA<\/strong> , convidamo-lo a desfrutar de uma experi\u00eancia de compra eficiente e r\u00e1pida com o melhor servi\u00e7o que s\u00f3 n\u00f3s podemos oferecer!<\/h3>\n<h3 id=\"tw-target-text\" data-placeholder=\"Tradu\u00e7\u00e3o\">Produtos mais vendidos<\/h3>\n<ul>\n<li><a href=\"http:\/\/hdotrade.com\/pt\/product\/ejector-plate-std-trk2\/\"><img fetchpriority=\"high\" decoding=\"async\" src=\"http:\/\/hdotrade.com\/wp-content\/uploads\/2021\/06\/EJECTOR-PLATE-STD-TRK2-0D5554-300x300.png\" sizes=\"(max-width: 300px) 100vw, 300px\" srcset=\"http:\/\/hdotrade.com\/wp-content\/uploads\/2021\/06\/EJECTOR-PLATE-STD-TRK2-0D5554-300x300.png 300w, http:\/\/hdotrade.com\/wp-content\/uploads\/2021\/06\/EJECTOR-PLATE-STD-TRK2-0D5554-150x150.png 150w, http:\/\/hdotrade.com\/wp-content\/uploads\/2021\/06\/EJECTOR-PLATE-STD-TRK2-0D5554-12x12.png 12w, http:\/\/hdotrade.com\/wp-content\/uploads\/2021\/06\/EJECTOR-PLATE-STD-TRK2-0D5554-400x400.png 400w, http:\/\/hdotrade.com\/wp-content\/uploads\/2021\/06\/EJECTOR-PLATE-STD-TRK2-0D5554-146x146.png 146w, http:\/\/hdotrade.com\/wp-content\/uploads\/2021\/06\/EJECTOR-PLATE-STD-TRK2-0D5554-50x50.png 50w, http:\/\/hdotrade.com\/wp-content\/uploads\/2021\/06\/EJECTOR-PLATE-STD-TRK2-0D5554-75x75.png 75w, http:\/\/hdotrade.com\/wp-content\/uploads\/2021\/06\/EJECTOR-PLATE-STD-TRK2-0D5554-85x85.png 85w, http:\/\/hdotrade.com\/wp-content\/uploads\/2021\/06\/EJECTOR-PLATE-STD-TRK2-0D5554-80x80.png 80w, http:\/\/hdotrade.com\/wp-content\/uploads\/2021\/06\/EJECTOR-PLATE-STD-TRK2-0D5554.png 500w\" alt=\"\" width=\"300\" height=\"300\" \/><\/a>\n<p>\u00a0<\/p>\n<h4><a href=\"http:\/\/hdotrade.com\/pt\/product\/ejector-plate-std-trk2\/\">ELECTROLUX PLACA DE EXPULS\u00c3O; STD TRK2<\/a><\/h4>\n<p><bdi>\u20ac\u00a029,00<\/bdi><br \/><a href=\"?add-to-cart=2100\" rel=\"nofollow\" data-quantity=\"1\" data-product_id=\"2100\" data-product_sku=\"0D5554\" aria-label=\"Adicionar &quot;ELECTROLUX PLACA DE EXPULS\u00c3O; STD TRK2&quot; ao seu carrinho\">Adicionar ao seu carrinho<\/a><\/p>\n<\/li>\n<li><a href=\"http:\/\/hdotrade.com\/pt\/product\/dynamic-mixer-senior-cutter-blade\/\"><img decoding=\"async\" src=\"http:\/\/hdotrade.com\/wp-content\/uploads\/2021\/06\/DYNAMIC-MIXER-SENIOR-CUTTER-BLADE-300x300.png\" sizes=\"(max-width: 300px) 100vw, 300px\" srcset=\"http:\/\/hdotrade.com\/wp-content\/uploads\/2021\/06\/DYNAMIC-MIXER-SENIOR-CUTTER-BLADE-300x300.png 300w, http:\/\/hdotrade.com\/wp-content\/uploads\/2021\/06\/DYNAMIC-MIXER-SENIOR-CUTTER-BLADE-150x150.png 150w, http:\/\/hdotrade.com\/wp-content\/uploads\/2021\/06\/DYNAMIC-MIXER-SENIOR-CUTTER-BLADE-12x12.png 12w, http:\/\/hdotrade.com\/wp-content\/uploads\/2021\/06\/DYNAMIC-MIXER-SENIOR-CUTTER-BLADE-400x400.png 400w, http:\/\/hdotrade.com\/wp-content\/uploads\/2021\/06\/DYNAMIC-MIXER-SENIOR-CUTTER-BLADE-146x146.png 146w, http:\/\/hdotrade.com\/wp-content\/uploads\/2021\/06\/DYNAMIC-MIXER-SENIOR-CUTTER-BLADE-50x50.png 50w, http:\/\/hdotrade.com\/wp-content\/uploads\/2021\/06\/DYNAMIC-MIXER-SENIOR-CUTTER-BLADE-75x75.png 75w, http:\/\/hdotrade.com\/wp-content\/uploads\/2021\/06\/DYNAMIC-MIXER-SENIOR-CUTTER-BLADE-85x85.png 85w, http:\/\/hdotrade.com\/wp-content\/uploads\/2021\/06\/DYNAMIC-MIXER-SENIOR-CUTTER-BLADE-80x80.png 80w, http:\/\/hdotrade.com\/wp-content\/uploads\/2021\/06\/DYNAMIC-MIXER-SENIOR-CUTTER-BLADE.png 500w\" alt=\"DYNAMIC-MIXER-SENIOR-CUTTER-BLADE.png\" width=\"300\" height=\"300\" \/><\/a>\n<p>\u00a0<\/p>\n<h4><a href=\"http:\/\/hdotrade.com\/pt\/product\/dynamic-mixer-senior-cutter-blade\/\">DYNAMIC VARINHA M\u00c1GICA SENIOR L\u00c2MINA DE CORTE<\/a><\/h4>\n<p><bdi>\u20ac\u00a024,88<\/bdi><br \/><a href=\"?add-to-cart=2307\" rel=\"nofollow\" data-quantity=\"1\" data-product_id=\"2307\" data-product_sku=\"8313\" aria-label=\"Adicionar &quot;DYNAMIC VARINHA M\u00c1GICA SENIOR L\u00c2MINA DE CORTE  &quot; ao seu carrinho\">Adicionar ao seu carrinho<\/a><\/p>\n<\/li>\n<li><a href=\"https:\/\/hdotrade.com\/pt\/produto\/dynamic-mixer-blender-shaft-homogenizer-tool-master\/\"><img decoding=\"async\" src=\"http:\/\/hdotrade.com\/wp-content\/uploads\/2021\/06\/DYNAMIC-MIXER-BLENDER-SHAFT-HOMOGENIZER-TOOL-MASTER-AC070-300x300.png\" sizes=\"(max-width: 300px) 100vw, 300px\" srcset=\"http:\/\/hdotrade.com\/wp-content\/uploads\/2021\/06\/DYNAMIC-MIXER-BLENDER-SHAFT-HOMOGENIZER-TOOL-MASTER-AC070-300x300.png 300w, http:\/\/hdotrade.com\/wp-content\/uploads\/2021\/06\/DYNAMIC-MIXER-BLENDER-SHAFT-HOMOGENIZER-TOOL-MASTER-AC070-150x150.png 150w, http:\/\/hdotrade.com\/wp-content\/uploads\/2021\/06\/DYNAMIC-MIXER-BLENDER-SHAFT-HOMOGENIZER-TOOL-MASTER-AC070-12x12.png 12w, http:\/\/hdotrade.com\/wp-content\/uploads\/2021\/06\/DYNAMIC-MIXER-BLENDER-SHAFT-HOMOGENIZER-TOOL-MASTER-AC070-400x400.png 400w, http:\/\/hdotrade.com\/wp-content\/uploads\/2021\/06\/DYNAMIC-MIXER-BLENDER-SHAFT-HOMOGENIZER-TOOL-MASTER-AC070-146x146.png 146w, http:\/\/hdotrade.com\/wp-content\/uploads\/2021\/06\/DYNAMIC-MIXER-BLENDER-SHAFT-HOMOGENIZER-TOOL-MASTER-AC070-50x50.png 50w, http:\/\/hdotrade.com\/wp-content\/uploads\/2021\/06\/DYNAMIC-MIXER-BLENDER-SHAFT-HOMOGENIZER-TOOL-MASTER-AC070-75x75.png 75w, http:\/\/hdotrade.com\/wp-content\/uploads\/2021\/06\/DYNAMIC-MIXER-BLENDER-SHAFT-HOMOGENIZER-TOOL-MASTER-AC070-85x85.png 85w, http:\/\/hdotrade.com\/wp-content\/uploads\/2021\/06\/DYNAMIC-MIXER-BLENDER-SHAFT-HOMOGENIZER-TOOL-MASTER-AC070-80x80.png 80w, http:\/\/hdotrade.com\/wp-content\/uploads\/2021\/06\/DYNAMIC-MIXER-BLENDER-SHAFT-HOMOGENIZER-TOOL-MASTER-AC070.png 500w\" alt=\"DYNAMIC-MIXER-BLENDER-SHAFT-HOMOGENIZER-TOOL-MASTER-AC070\" width=\"300\" height=\"300\" \/><\/a>\n<p>\u00a0<\/p>\n<h4><a href=\"https:\/\/hdotrade.com\/pt\/produto\/dynamic-mixer-blender-shaft-homogenizer-tool-master\/\">DYNAMIC VARINHA M\u00c1GICA P\u00c9 BM MASTER  \/ FERRAMENTA HOMOGENEIZADORA<\/a><\/h4>\n<p><bdi>\u20ac\u00a0310,00<\/bdi><br \/><a href=\"?add-to-cart=2470\" rel=\"nofollow\" data-quantity=\"1\" data-product_id=\"2470\" data-product_sku=\"AC070\" aria-label=\"Adicionar \u201cDYNAMIC VARINHA M\u00c1GICA P\u00c9 BM MASTER  \/ FERRAMENTA HOMOGENEIZADORA\u201d ao seu carrinho\">Adicionar ao seu carrinho<\/a><\/p>\n<\/li>\n<li><a href=\"https:\/\/hdotrade.com\/pt\/produto\/dynamic-mixer-hand-mixer-junior-dmx225\/\"><img loading=\"lazy\" decoding=\"async\" src=\"http:\/\/hdotrade.com\/wp-content\/uploads\/2021\/06\/DYNAMIC-MIXER-HAND-MIXER-JUNIOR-DMX225-300x300.png\" sizes=\"(max-width: 300px) 100vw, 300px\" srcset=\"http:\/\/hdotrade.com\/wp-content\/uploads\/2021\/06\/DYNAMIC-MIXER-HAND-MIXER-JUNIOR-DMX225-300x300.png 300w, http:\/\/hdotrade.com\/wp-content\/uploads\/2021\/06\/DYNAMIC-MIXER-HAND-MIXER-JUNIOR-DMX225-150x150.png 150w, http:\/\/hdotrade.com\/wp-content\/uploads\/2021\/06\/DYNAMIC-MIXER-HAND-MIXER-JUNIOR-DMX225-12x12.png 12w, http:\/\/hdotrade.com\/wp-content\/uploads\/2021\/06\/DYNAMIC-MIXER-HAND-MIXER-JUNIOR-DMX225-400x400.png 400w, http:\/\/hdotrade.com\/wp-content\/uploads\/2021\/06\/DYNAMIC-MIXER-HAND-MIXER-JUNIOR-DMX225-146x146.png 146w, http:\/\/hdotrade.com\/wp-content\/uploads\/2021\/06\/DYNAMIC-MIXER-HAND-MIXER-JUNIOR-DMX225-50x50.png 50w, http:\/\/hdotrade.com\/wp-content\/uploads\/2021\/06\/DYNAMIC-MIXER-HAND-MIXER-JUNIOR-DMX225-75x75.png 75w, http:\/\/hdotrade.com\/wp-content\/uploads\/2021\/06\/DYNAMIC-MIXER-HAND-MIXER-JUNIOR-DMX225-85x85.png 85w, http:\/\/hdotrade.com\/wp-content\/uploads\/2021\/06\/DYNAMIC-MIXER-HAND-MIXER-JUNIOR-DMX225-80x80.png 80w, http:\/\/hdotrade.com\/wp-content\/uploads\/2021\/06\/DYNAMIC-MIXER-HAND-MIXER-JUNIOR-DMX225.png 500w\" alt=\"DYNAMIC VARINHA M\u00c1GICA JUNIOR DMX225\" width=\"300\" height=\"300\" \/><\/a>\n<p>\u00a0<\/p>\n<h4><a href=\"https:\/\/hdotrade.com\/pt\/produto\/dynamic-mixer-hand-mixer-junior-dmx225\/\">DYNAMIC VARINHA M\u00c1GICA JUNIOR DMX225<\/a><\/h4>\n<p><bdi>\u20ac\u00a0380,00<\/bdi><br \/><a href=\"?add-to-cart=2637\" rel=\"nofollow\" data-quantity=\"1\" data-product_id=\"2637\" data-product_sku=\"MX021.V\" aria-label=\"Adicionar &quot;DYNAMIC VARINHA M\u00c1GICA JUNIOR DMX225&quot; ao seu carrinho\">Adicionar ao seu carrinho<\/a><\/p>\n<\/li>\n<li><a href=\"http:\/\/hdotrade.com\/pt\/product\/bearing-lower-cpl-b3m\/\"><img loading=\"lazy\" decoding=\"async\" src=\"http:\/\/hdotrade.com\/wp-content\/uploads\/2021\/06\/BEARING-LOWER-CPL-B3M-B3000-0D5260-1-1.png\" sizes=\"(max-width: 300px) 100vw, 300px\" srcset=\"http:\/\/hdotrade.com\/wp-content\/uploads\/2021\/06\/BEARING-LOWER-CPL-B3M-B3000-0D5260-1-1.png 500w, http:\/\/hdotrade.com\/wp-content\/uploads\/2021\/06\/BEARING-LOWER-CPL-B3M-B3000-0D5260-1-1-12x12.png 12w, http:\/\/hdotrade.com\/wp-content\/uploads\/2021\/06\/BEARING-LOWER-CPL-B3M-B3000-0D5260-1-1-400x400.png 400w, http:\/\/hdotrade.com\/wp-content\/uploads\/2021\/06\/BEARING-LOWER-CPL-B3M-B3000-0D5260-1-1-146x146.png 146w, http:\/\/hdotrade.com\/wp-content\/uploads\/2021\/06\/BEARING-LOWER-CPL-B3M-B3000-0D5260-1-1-50x50.png 50w, http:\/\/hdotrade.com\/wp-content\/uploads\/2021\/06\/BEARING-LOWER-CPL-B3M-B3000-0D5260-1-1-75x75.png 75w, http:\/\/hdotrade.com\/wp-content\/uploads\/2021\/06\/BEARING-LOWER-CPL-B3M-B3000-0D5260-1-1-85x85.png 85w, http:\/\/hdotrade.com\/wp-content\/uploads\/2021\/06\/BEARING-LOWER-CPL-B3M-B3000-0D5260-1-1-80x80.png 80w\" alt=\"\" width=\"300\" height=\"300\" \/><\/a>\n<p>\u00a0<\/p>\n<h4><a href=\"http:\/\/hdotrade.com\/pt\/product\/bearing-lower-cpl-b3m\/\">ELECTROLUX ROLAMENTO INFERIOR CPL B3M<\/a><\/h4>\n<p><del aria-hidden=\"true\"><bdi>\u20ac\u00a077,20<\/bdi><\/del> <ins><bdi>\u20ac\u00a069,00<\/bdi><\/ins><br \/><a href=\"?add-to-cart=2145\" rel=\"nofollow\" data-quantity=\"1\" data-product_id=\"2145\" data-product_sku=\"0D5260\" aria-label=\"Adicionar &quot;ELECTROLUX ROLAMENTO INFERIOR CPL B3M&quot; ao seu carrinho\">Adicionar ao seu carrinho<\/a><\/p>\n<\/li>\n<\/ul><p><\/p>","protected":false},"excerpt":{"rendered":"<p>\u00a0 Who we are We are HDO GLOBAL TRADE UNIPESSOAL LDA, a company located in Covilh\u00e3, Portugal. We specialize in spare parts, accessories and small applications for the professional kitchens. At HDO GLOBAL TRADE UNIPESSOAL LDA, we have set ourselves the goal of providing a quality, professional, experiential service and providing the best solution for [&hellip;]<\/p>","protected":false},"author":1,"featured_media":0,"parent":0,"menu_order":0,"comment_status":"closed","ping_status":"closed","template":"","meta":{"footnotes":""},"class_list":["post-12","page","type-page","status-publish","hentry"],"acf":[],"yoast_head":"<!-- This site is optimized with the Yoast SEO plugin v24.1 - https:\/\/yoast.com\/wordpress\/plugins\/seo\/ -->\n<title>About - HDO Global Trade : Professional kitchen solution<\/title>\n<meta name=\"description\" content=\"HDO Global Trade are specialized in spare parts, accessories and small applications for professional kitchens.\" \/>\n<meta name=\"robots\" content=\"index, follow, max-snippet:-1, max-image-preview:large, max-video-preview:-1\" \/>\n<link rel=\"canonical\" href=\"https:\/\/hdotrade.com\/pt\/about\/\" \/>\n<meta property=\"og:locale\" content=\"pt_PT\" \/>\n<meta property=\"og:type\" content=\"article\" \/>\n<meta property=\"og:title\" content=\"About - HDO Global Trade : Professional kitchen solution\" \/>\n<meta property=\"og:description\" content=\"HDO Global Trade are specialized in spare parts, accessories and small applications for professional kitchens.\" \/>\n<meta property=\"og:url\" content=\"https:\/\/hdotrade.com\/pt\/about\/\" \/>\n<meta property=\"og:site_name\" content=\"HDO Global Trade\" \/>\n<meta property=\"article:modified_time\" content=\"2024-11-27T12:04:07+00:00\" \/>\n<meta property=\"og:image\" content=\"http:\/\/hdotrade.com\/wp-content\/uploads\/2021\/06\/EJECTOR-PLATE-STD-TRK2-0D5554-300x300.png\" \/>\n<meta name=\"twitter:card\" content=\"summary_large_image\" \/>\n<meta name=\"twitter:label1\" content=\"Tempo estimado de leitura\" \/>\n\t<meta name=\"twitter:data1\" content=\"3 minutos\" \/>\n<script type=\"application\/ld+json\" class=\"yoast-schema-graph\">{\"@context\":\"https:\/\/schema.org\",\"@graph\":[{\"@type\":\"WebPage\",\"@id\":\"https:\/\/hdotrade.com\/about\/\",\"url\":\"https:\/\/hdotrade.com\/about\/\",\"name\":\"About - HDO Global Trade : Professional kitchen solution\",\"isPartOf\":{\"@id\":\"https:\/\/hdotrade.com\/#website\"},\"primaryImageOfPage\":{\"@id\":\"https:\/\/hdotrade.com\/about\/#primaryimage\"},\"image\":{\"@id\":\"https:\/\/hdotrade.com\/about\/#primaryimage\"},\"thumbnailUrl\":\"http:\/\/hdotrade.com\/wp-content\/uploads\/2021\/06\/EJECTOR-PLATE-STD-TRK2-0D5554-300x300.png\",\"datePublished\":\"2020-07-16T12:34:43+00:00\",\"dateModified\":\"2024-11-27T12:04:07+00:00\",\"description\":\"HDO Global Trade are specialized in spare parts, accessories and small applications for professional kitchens.\",\"breadcrumb\":{\"@id\":\"https:\/\/hdotrade.com\/about\/#breadcrumb\"},\"inLanguage\":\"pt-PT\",\"potentialAction\":[{\"@type\":\"ReadAction\",\"target\":[\"https:\/\/hdotrade.com\/about\/\"]}]},{\"@type\":\"ImageObject\",\"inLanguage\":\"pt-PT\",\"@id\":\"https:\/\/hdotrade.com\/about\/#primaryimage\",\"url\":\"http:\/\/hdotrade.com\/wp-content\/uploads\/2021\/06\/EJECTOR-PLATE-STD-TRK2-0D5554-300x300.png\",\"contentUrl\":\"http:\/\/hdotrade.com\/wp-content\/uploads\/2021\/06\/EJECTOR-PLATE-STD-TRK2-0D5554-300x300.png\"},{\"@type\":\"BreadcrumbList\",\"@id\":\"https:\/\/hdotrade.com\/about\/#breadcrumb\",\"itemListElement\":[{\"@type\":\"ListItem\",\"position\":1,\"name\":\"Home\",\"item\":\"https:\/\/hdotrade.com\/\"},{\"@type\":\"ListItem\",\"position\":2,\"name\":\"About\"}]},{\"@type\":\"WebSite\",\"@id\":\"https:\/\/hdotrade.com\/#website\",\"url\":\"https:\/\/hdotrade.com\/\",\"name\":\"HDO Global Trade\",\"description\":\"Online store\",\"publisher\":{\"@id\":\"https:\/\/hdotrade.com\/#organization\"},\"potentialAction\":[{\"@type\":\"SearchAction\",\"target\":{\"@type\":\"EntryPoint\",\"urlTemplate\":\"https:\/\/hdotrade.com\/?s={search_term_string}\"},\"query-input\":{\"@type\":\"PropertyValueSpecification\",\"valueRequired\":true,\"valueName\":\"search_term_string\"}}],\"inLanguage\":\"pt-PT\"},{\"@type\":\"Organization\",\"@id\":\"https:\/\/hdotrade.com\/#organization\",\"name\":\"HDO Global Trade\",\"url\":\"https:\/\/hdotrade.com\/\",\"logo\":{\"@type\":\"ImageObject\",\"inLanguage\":\"pt-PT\",\"@id\":\"https:\/\/hdotrade.com\/#\/schema\/logo\/image\/\",\"url\":\"https:\/\/hdotrade.com\/wp-content\/uploads\/2021\/06\/cropped-cropped-HDO-FINAL-LOGO.png\",\"contentUrl\":\"https:\/\/hdotrade.com\/wp-content\/uploads\/2021\/06\/cropped-cropped-HDO-FINAL-LOGO.png\",\"width\":512,\"height\":511,\"caption\":\"HDO Global Trade\"},\"image\":{\"@id\":\"https:\/\/hdotrade.com\/#\/schema\/logo\/image\/\"}}]}<\/script>\n<!-- \/ Yoast SEO plugin. -->","yoast_head_json":{"title":"About - HDO Global Trade : Professional kitchen solution","description":"HDO Global Trade are specialized in spare parts, accessories and small applications for professional kitchens.","robots":{"index":"index","follow":"follow","max-snippet":"max-snippet:-1","max-image-preview":"max-image-preview:large","max-video-preview":"max-video-preview:-1"},"canonical":"https:\/\/hdotrade.com\/pt\/about\/","og_locale":"pt_PT","og_type":"article","og_title":"About - HDO Global Trade : Professional kitchen solution","og_description":"HDO Global Trade are specialized in spare parts, accessories and small applications for professional kitchens.","og_url":"https:\/\/hdotrade.com\/pt\/about\/","og_site_name":"HDO Global Trade","article_modified_time":"2024-11-27T12:04:07+00:00","og_image":[{"url":"http:\/\/hdotrade.com\/wp-content\/uploads\/2021\/06\/EJECTOR-PLATE-STD-TRK2-0D5554-300x300.png","type":"","width":"","height":""}],"twitter_card":"summary_large_image","twitter_misc":{"Tempo estimado de leitura":"3 minutos"},"schema":{"@context":"https:\/\/schema.org","@graph":[{"@type":"WebPage","@id":"https:\/\/hdotrade.com\/about\/","url":"https:\/\/hdotrade.com\/about\/","name":"About - HDO Global Trade : Professional kitchen solution","isPartOf":{"@id":"https:\/\/hdotrade.com\/#website"},"primaryImageOfPage":{"@id":"https:\/\/hdotrade.com\/about\/#primaryimage"},"image":{"@id":"https:\/\/hdotrade.com\/about\/#primaryimage"},"thumbnailUrl":"http:\/\/hdotrade.com\/wp-content\/uploads\/2021\/06\/EJECTOR-PLATE-STD-TRK2-0D5554-300x300.png","datePublished":"2020-07-16T12:34:43+00:00","dateModified":"2024-11-27T12:04:07+00:00","description":"HDO Global Trade are specialized in spare parts, accessories and small applications for professional kitchens.","breadcrumb":{"@id":"https:\/\/hdotrade.com\/about\/#breadcrumb"},"inLanguage":"pt-PT","potentialAction":[{"@type":"ReadAction","target":["https:\/\/hdotrade.com\/about\/"]}]},{"@type":"ImageObject","inLanguage":"pt-PT","@id":"https:\/\/hdotrade.com\/about\/#primaryimage","url":"http:\/\/hdotrade.com\/wp-content\/uploads\/2021\/06\/EJECTOR-PLATE-STD-TRK2-0D5554-300x300.png","contentUrl":"http:\/\/hdotrade.com\/wp-content\/uploads\/2021\/06\/EJECTOR-PLATE-STD-TRK2-0D5554-300x300.png"},{"@type":"BreadcrumbList","@id":"https:\/\/hdotrade.com\/about\/#breadcrumb","itemListElement":[{"@type":"ListItem","position":1,"name":"Home","item":"https:\/\/hdotrade.com\/"},{"@type":"ListItem","position":2,"name":"About"}]},{"@type":"WebSite","@id":"https:\/\/hdotrade.com\/#website","url":"https:\/\/hdotrade.com\/","name":"HDO Global Trade","description":"Online store","publisher":{"@id":"https:\/\/hdotrade.com\/#organization"},"potentialAction":[{"@type":"SearchAction","target":{"@type":"EntryPoint","urlTemplate":"https:\/\/hdotrade.com\/?s={search_term_string}"},"query-input":{"@type":"PropertyValueSpecification","valueRequired":true,"valueName":"search_term_string"}}],"inLanguage":"pt-PT"},{"@type":"Organization","@id":"https:\/\/hdotrade.com\/#organization","name":"HDO Global Trade","url":"https:\/\/hdotrade.com\/","logo":{"@type":"ImageObject","inLanguage":"pt-PT","@id":"https:\/\/hdotrade.com\/#\/schema\/logo\/image\/","url":"https:\/\/hdotrade.com\/wp-content\/uploads\/2021\/06\/cropped-cropped-HDO-FINAL-LOGO.png","contentUrl":"https:\/\/hdotrade.com\/wp-content\/uploads\/2021\/06\/cropped-cropped-HDO-FINAL-LOGO.png","width":512,"height":511,"caption":"HDO Global Trade"},"image":{"@id":"https:\/\/hdotrade.com\/#\/schema\/logo\/image\/"}}]}},"_links":{"self":[{"href":"https:\/\/hdotrade.com\/pt\/wp-json\/wp\/v2\/pages\/12","targetHints":{"allow":["GET"]}}],"collection":[{"href":"https:\/\/hdotrade.com\/pt\/wp-json\/wp\/v2\/pages"}],"about":[{"href":"https:\/\/hdotrade.com\/pt\/wp-json\/wp\/v2\/types\/page"}],"author":[{"embeddable":true,"href":"https:\/\/hdotrade.com\/pt\/wp-json\/wp\/v2\/users\/1"}],"replies":[{"embeddable":true,"href":"https:\/\/hdotrade.com\/pt\/wp-json\/wp\/v2\/comments?post=12"}],"version-history":[{"count":3,"href":"https:\/\/hdotrade.com\/pt\/wp-json\/wp\/v2\/pages\/12\/revisions"}],"predecessor-version":[{"id":20382,"href":"https:\/\/hdotrade.com\/pt\/wp-json\/wp\/v2\/pages\/12\/revisions\/20382"}],"wp:attachment":[{"href":"https:\/\/hdotrade.com\/pt\/wp-json\/wp\/v2\/media?parent=12"}],"curies":[{"name":"wp","href":"https:\/\/api.w.org\/{rel}","templated":true}]}}