{"id":10770,"date":"2021-12-14T15:56:39","date_gmt":"2021-12-14T15:56:39","guid":{"rendered":"http:\/\/hdotrade.com\/?post_type=product&#038;p=10770"},"modified":"2023-04-24T10:20:47","modified_gmt":"2023-04-24T10:20:47","slug":"dynamic-mixer-1000mm-professional-wall-mounting-brackets-sm10","status":"publish","type":"product","link":"https:\/\/hdotrade.com\/pt\/produto\/dynamic-mixer-1000mm-professional-wall-mounting-brackets-sm10\/","title":{"rendered":"DYNAMIC VARINHA M\u00c1GICA\/ TRITURADORES\/ BATEDEIRAS 1000MM SUPORTES PROFISSONAIS DE MONTAGEM DE PAREDE SM10"},"content":{"rendered":"<p>DYNAMIC VARINHA M\u00c1GICA\/ TRITURADORES\/ BATEDEIRAS 1000MM SUPORTES PROFISSONAIS DE MONTAGEM DE PAREDE SM10<\/p>\n<p>For Pot diameter- 1000 mm<\/p>\n<p>Peso real \u2013 2,80 -- Para di\u00e2metro do pote - 1000 mm<\/p>\n<div class=\"ProductMain-desc-title\">Os suportes de suporte pan s\u00e3o totalmente remov\u00edveis<\/div>\n<div class=\"ProductMain-desc-content\">\n<p>Adapt\u00e1vel a todos os tipos de misturadores Dynamic<br \/>\nComprimento ajust\u00e1vel. Pr\u00e1tico e conveniente, permite altura e \u00e2ngulo ajust\u00e1veis.<\/p>\n<p>DYNAMIC MISTURADOR 1000MM SUPORTE DE VASO PROFISSIONAL SM10<\/p>\n<\/div>","protected":false},"excerpt":{"rendered":"<p>DYNAMIC MIXER 1000MM PROFESSIONAL POT SUPPORT SM10 For Pot diameter- 1000 mm Actual weight &#8211; 2,80 Pan support brackets are fully removable Adaptable to all types of dynamic mixers. Adjustable length. Practical and convenient, allows adjustable height and angle. DYNAMIC MISTURADOR 1000MM SUPORTE DE VASO PROFISSIONAL SM10<\/p>","protected":false},"featured_media":10772,"template":"","meta":[],"product_cat":[41,49,157,155],"product_tag":[],"class_list":{"0":"post-10770","1":"product","2":"type-product","3":"status-publish","4":"has-post-thumbnail","6":"product_cat-dynamic","7":"product_cat-mixer-dynamic","8":"product_cat-master-range","9":"product_cat-smx-range","11":"first","12":"instock","13":"taxable","14":"shipping-taxable","15":"purchasable","16":"product-type-simple"},"acf":[],"yoast_head":"<!-- This site is optimized with the Yoast SEO plugin v24.1 - https:\/\/yoast.com\/wordpress\/plugins\/seo\/ -->\n<title>DYNAMIC MIXER 1000MM PROFESSIONAL POT SUPPORT SM10 - HDO Global Trade<\/title>\n<meta name=\"description\" content=\"DYNAMIC MIXER 1000MM PROFESSIONAL WALL MOUNTING BRACKETS SM10 SEE OUR COMPLETE LINE FOR DYNAMIC MIXER SPARE PARTS ACCESSORIES\" \/>\n<meta name=\"robots\" content=\"index, follow, max-snippet:-1, max-image-preview:large, max-video-preview:-1\" \/>\n<link rel=\"canonical\" href=\"https:\/\/hdotrade.com\/pt\/produto\/dynamic-mixer-1000mm-professional-wall-mounting-brackets-sm10\/\" \/>\n<meta property=\"og:locale\" content=\"pt_PT\" \/>\n<meta property=\"og:type\" content=\"article\" \/>\n<meta property=\"og:title\" content=\"DYNAMIC MIXER 1000MM PROFESSIONAL POT SUPPORT SM10 - HDO Global Trade\" \/>\n<meta property=\"og:description\" content=\"DYNAMIC MIXER 1000MM PROFESSIONAL WALL MOUNTING BRACKETS SM10 SEE OUR COMPLETE LINE FOR DYNAMIC MIXER SPARE PARTS ACCESSORIES\" \/>\n<meta property=\"og:url\" content=\"https:\/\/hdotrade.com\/pt\/produto\/dynamic-mixer-1000mm-professional-wall-mounting-brackets-sm10\/\" \/>\n<meta property=\"og:site_name\" content=\"HDO Global Trade\" \/>\n<meta property=\"article:modified_time\" content=\"2023-04-24T10:20:47+00:00\" \/>\n<meta property=\"og:image\" content=\"https:\/\/hdotrade.com\/wp-content\/uploads\/2021\/12\/DYNAMIC-MIXER-PROFESSIONAL-WALL-MOUNTING-BRACKETS-SM10.png\" \/>\n\t<meta property=\"og:image:width\" content=\"500\" \/>\n\t<meta property=\"og:image:height\" content=\"500\" \/>\n\t<meta property=\"og:image:type\" content=\"image\/png\" \/>\n<meta name=\"twitter:card\" content=\"summary_large_image\" \/>\n<meta name=\"twitter:label1\" content=\"Tempo estimado de leitura\" \/>\n\t<meta name=\"twitter:data1\" content=\"1 minuto\" \/>\n<script type=\"application\/ld+json\" class=\"yoast-schema-graph\">{\"@context\":\"https:\/\/schema.org\",\"@graph\":[{\"@type\":\"WebPage\",\"@id\":\"https:\/\/hdotrade.com\/product\/dynamic-mixer-1000mm-professional-wall-mounting-brackets-sm10\/\",\"url\":\"https:\/\/hdotrade.com\/product\/dynamic-mixer-1000mm-professional-wall-mounting-brackets-sm10\/\",\"name\":\"DYNAMIC MIXER 1000MM PROFESSIONAL POT SUPPORT SM10 - HDO Global Trade\",\"isPartOf\":{\"@id\":\"https:\/\/hdotrade.com\/#website\"},\"primaryImageOfPage\":{\"@id\":\"https:\/\/hdotrade.com\/product\/dynamic-mixer-1000mm-professional-wall-mounting-brackets-sm10\/#primaryimage\"},\"image\":{\"@id\":\"https:\/\/hdotrade.com\/product\/dynamic-mixer-1000mm-professional-wall-mounting-brackets-sm10\/#primaryimage\"},\"thumbnailUrl\":\"https:\/\/hdotrade.com\/wp-content\/uploads\/2021\/12\/DYNAMIC-MIXER-PROFESSIONAL-WALL-MOUNTING-BRACKETS-SM10.png\",\"datePublished\":\"2021-12-14T15:56:39+00:00\",\"dateModified\":\"2023-04-24T10:20:47+00:00\",\"description\":\"DYNAMIC MIXER 1000MM PROFESSIONAL WALL MOUNTING BRACKETS SM10 SEE OUR COMPLETE LINE FOR DYNAMIC MIXER SPARE PARTS ACCESSORIES\",\"breadcrumb\":{\"@id\":\"https:\/\/hdotrade.com\/product\/dynamic-mixer-1000mm-professional-wall-mounting-brackets-sm10\/#breadcrumb\"},\"inLanguage\":\"pt-PT\",\"potentialAction\":[{\"@type\":\"ReadAction\",\"target\":[\"https:\/\/hdotrade.com\/product\/dynamic-mixer-1000mm-professional-wall-mounting-brackets-sm10\/\"]}]},{\"@type\":\"ImageObject\",\"inLanguage\":\"pt-PT\",\"@id\":\"https:\/\/hdotrade.com\/product\/dynamic-mixer-1000mm-professional-wall-mounting-brackets-sm10\/#primaryimage\",\"url\":\"https:\/\/hdotrade.com\/wp-content\/uploads\/2021\/12\/DYNAMIC-MIXER-PROFESSIONAL-WALL-MOUNTING-BRACKETS-SM10.png\",\"contentUrl\":\"https:\/\/hdotrade.com\/wp-content\/uploads\/2021\/12\/DYNAMIC-MIXER-PROFESSIONAL-WALL-MOUNTING-BRACKETS-SM10.png\",\"width\":500,\"height\":500,\"caption\":\"PROFESSIONAL WALL MOUNTING BRACKETS SM10\"},{\"@type\":\"BreadcrumbList\",\"@id\":\"https:\/\/hdotrade.com\/product\/dynamic-mixer-1000mm-professional-wall-mounting-brackets-sm10\/#breadcrumb\",\"itemListElement\":[{\"@type\":\"ListItem\",\"position\":1,\"name\":\"Home\",\"item\":\"https:\/\/hdotrade.com\/\"},{\"@type\":\"ListItem\",\"position\":2,\"name\":\"Shop\",\"item\":\"https:\/\/hdotrade.com\/shop\/\"},{\"@type\":\"ListItem\",\"position\":3,\"name\":\"DYNAMIC MIXER 1000MM PROFESSIONAL POT SUPPORT SM10\"}]},{\"@type\":\"WebSite\",\"@id\":\"https:\/\/hdotrade.com\/#website\",\"url\":\"https:\/\/hdotrade.com\/\",\"name\":\"HDO Global Trade\",\"description\":\"Online store\",\"publisher\":{\"@id\":\"https:\/\/hdotrade.com\/#organization\"},\"potentialAction\":[{\"@type\":\"SearchAction\",\"target\":{\"@type\":\"EntryPoint\",\"urlTemplate\":\"https:\/\/hdotrade.com\/?s={search_term_string}\"},\"query-input\":{\"@type\":\"PropertyValueSpecification\",\"valueRequired\":true,\"valueName\":\"search_term_string\"}}],\"inLanguage\":\"pt-PT\"},{\"@type\":\"Organization\",\"@id\":\"https:\/\/hdotrade.com\/#organization\",\"name\":\"HDO Global Trade\",\"url\":\"https:\/\/hdotrade.com\/\",\"logo\":{\"@type\":\"ImageObject\",\"inLanguage\":\"pt-PT\",\"@id\":\"https:\/\/hdotrade.com\/#\/schema\/logo\/image\/\",\"url\":\"https:\/\/hdotrade.com\/wp-content\/uploads\/2021\/06\/cropped-cropped-HDO-FINAL-LOGO.png\",\"contentUrl\":\"https:\/\/hdotrade.com\/wp-content\/uploads\/2021\/06\/cropped-cropped-HDO-FINAL-LOGO.png\",\"width\":512,\"height\":511,\"caption\":\"HDO Global Trade\"},\"image\":{\"@id\":\"https:\/\/hdotrade.com\/#\/schema\/logo\/image\/\"}}]}<\/script>\n<!-- \/ Yoast SEO plugin. -->","yoast_head_json":{"title":"DYNAMIC MIXER 1000MM PROFESSIONAL POT SUPPORT SM10 - HDO Global Trade","description":"DYNAMIC MIXER 1000MM PROFESSIONAL WALL MOUNTING BRACKETS SM10 SEE OUR COMPLETE LINE FOR DYNAMIC MIXER SPARE PARTS ACCESSORIES","robots":{"index":"index","follow":"follow","max-snippet":"max-snippet:-1","max-image-preview":"max-image-preview:large","max-video-preview":"max-video-preview:-1"},"canonical":"https:\/\/hdotrade.com\/pt\/produto\/dynamic-mixer-1000mm-professional-wall-mounting-brackets-sm10\/","og_locale":"pt_PT","og_type":"article","og_title":"DYNAMIC MIXER 1000MM PROFESSIONAL POT SUPPORT SM10 - HDO Global Trade","og_description":"DYNAMIC MIXER 1000MM PROFESSIONAL WALL MOUNTING BRACKETS SM10 SEE OUR COMPLETE LINE FOR DYNAMIC MIXER SPARE PARTS ACCESSORIES","og_url":"https:\/\/hdotrade.com\/pt\/produto\/dynamic-mixer-1000mm-professional-wall-mounting-brackets-sm10\/","og_site_name":"HDO Global Trade","article_modified_time":"2023-04-24T10:20:47+00:00","og_image":[{"width":500,"height":500,"url":"https:\/\/hdotrade.com\/wp-content\/uploads\/2021\/12\/DYNAMIC-MIXER-PROFESSIONAL-WALL-MOUNTING-BRACKETS-SM10.png","type":"image\/png"}],"twitter_card":"summary_large_image","twitter_misc":{"Tempo estimado de leitura":"1 minuto"},"schema":{"@context":"https:\/\/schema.org","@graph":[{"@type":"WebPage","@id":"https:\/\/hdotrade.com\/product\/dynamic-mixer-1000mm-professional-wall-mounting-brackets-sm10\/","url":"https:\/\/hdotrade.com\/product\/dynamic-mixer-1000mm-professional-wall-mounting-brackets-sm10\/","name":"DYNAMIC MIXER 1000MM PROFESSIONAL POT SUPPORT SM10 - HDO Global Trade","isPartOf":{"@id":"https:\/\/hdotrade.com\/#website"},"primaryImageOfPage":{"@id":"https:\/\/hdotrade.com\/product\/dynamic-mixer-1000mm-professional-wall-mounting-brackets-sm10\/#primaryimage"},"image":{"@id":"https:\/\/hdotrade.com\/product\/dynamic-mixer-1000mm-professional-wall-mounting-brackets-sm10\/#primaryimage"},"thumbnailUrl":"https:\/\/hdotrade.com\/wp-content\/uploads\/2021\/12\/DYNAMIC-MIXER-PROFESSIONAL-WALL-MOUNTING-BRACKETS-SM10.png","datePublished":"2021-12-14T15:56:39+00:00","dateModified":"2023-04-24T10:20:47+00:00","description":"DYNAMIC MIXER 1000MM PROFESSIONAL WALL MOUNTING BRACKETS SM10 SEE OUR COMPLETE LINE FOR DYNAMIC MIXER SPARE PARTS ACCESSORIES","breadcrumb":{"@id":"https:\/\/hdotrade.com\/product\/dynamic-mixer-1000mm-professional-wall-mounting-brackets-sm10\/#breadcrumb"},"inLanguage":"pt-PT","potentialAction":[{"@type":"ReadAction","target":["https:\/\/hdotrade.com\/product\/dynamic-mixer-1000mm-professional-wall-mounting-brackets-sm10\/"]}]},{"@type":"ImageObject","inLanguage":"pt-PT","@id":"https:\/\/hdotrade.com\/product\/dynamic-mixer-1000mm-professional-wall-mounting-brackets-sm10\/#primaryimage","url":"https:\/\/hdotrade.com\/wp-content\/uploads\/2021\/12\/DYNAMIC-MIXER-PROFESSIONAL-WALL-MOUNTING-BRACKETS-SM10.png","contentUrl":"https:\/\/hdotrade.com\/wp-content\/uploads\/2021\/12\/DYNAMIC-MIXER-PROFESSIONAL-WALL-MOUNTING-BRACKETS-SM10.png","width":500,"height":500,"caption":"PROFESSIONAL WALL MOUNTING BRACKETS SM10"},{"@type":"BreadcrumbList","@id":"https:\/\/hdotrade.com\/product\/dynamic-mixer-1000mm-professional-wall-mounting-brackets-sm10\/#breadcrumb","itemListElement":[{"@type":"ListItem","position":1,"name":"Home","item":"https:\/\/hdotrade.com\/"},{"@type":"ListItem","position":2,"name":"Shop","item":"https:\/\/hdotrade.com\/shop\/"},{"@type":"ListItem","position":3,"name":"DYNAMIC MIXER 1000MM PROFESSIONAL POT SUPPORT SM10"}]},{"@type":"WebSite","@id":"https:\/\/hdotrade.com\/#website","url":"https:\/\/hdotrade.com\/","name":"HDO Global Trade","description":"Online store","publisher":{"@id":"https:\/\/hdotrade.com\/#organization"},"potentialAction":[{"@type":"SearchAction","target":{"@type":"EntryPoint","urlTemplate":"https:\/\/hdotrade.com\/?s={search_term_string}"},"query-input":{"@type":"PropertyValueSpecification","valueRequired":true,"valueName":"search_term_string"}}],"inLanguage":"pt-PT"},{"@type":"Organization","@id":"https:\/\/hdotrade.com\/#organization","name":"HDO Global Trade","url":"https:\/\/hdotrade.com\/","logo":{"@type":"ImageObject","inLanguage":"pt-PT","@id":"https:\/\/hdotrade.com\/#\/schema\/logo\/image\/","url":"https:\/\/hdotrade.com\/wp-content\/uploads\/2021\/06\/cropped-cropped-HDO-FINAL-LOGO.png","contentUrl":"https:\/\/hdotrade.com\/wp-content\/uploads\/2021\/06\/cropped-cropped-HDO-FINAL-LOGO.png","width":512,"height":511,"caption":"HDO Global Trade"},"image":{"@id":"https:\/\/hdotrade.com\/#\/schema\/logo\/image\/"}}]}},"_links":{"self":[{"href":"https:\/\/hdotrade.com\/pt\/wp-json\/wp\/v2\/product\/10770","targetHints":{"allow":["GET"]}}],"collection":[{"href":"https:\/\/hdotrade.com\/pt\/wp-json\/wp\/v2\/product"}],"about":[{"href":"https:\/\/hdotrade.com\/pt\/wp-json\/wp\/v2\/types\/product"}],"version-history":[{"count":14,"href":"https:\/\/hdotrade.com\/pt\/wp-json\/wp\/v2\/product\/10770\/revisions"}],"predecessor-version":[{"id":18380,"href":"https:\/\/hdotrade.com\/pt\/wp-json\/wp\/v2\/product\/10770\/revisions\/18380"}],"wp:featuredmedia":[{"embeddable":true,"href":"https:\/\/hdotrade.com\/pt\/wp-json\/wp\/v2\/media\/10772"}],"wp:attachment":[{"href":"https:\/\/hdotrade.com\/pt\/wp-json\/wp\/v2\/media?parent=10770"}],"wp:term":[{"taxonomy":"product_cat","embeddable":true,"href":"https:\/\/hdotrade.com\/pt\/wp-json\/wp\/v2\/product_cat?post=10770"},{"taxonomy":"product_tag","embeddable":true,"href":"https:\/\/hdotrade.com\/pt\/wp-json\/wp\/v2\/product_tag?post=10770"}],"curies":[{"name":"wp","href":"https:\/\/api.w.org\/{rel}","templated":true}]}}