{"id":10775,"date":"2021-12-14T16:33:36","date_gmt":"2021-12-14T16:33:36","guid":{"rendered":"http:\/\/hdotrade.com\/?post_type=product&#038;p=10775"},"modified":"2023-04-24T10:19:03","modified_gmt":"2023-04-24T10:19:03","slug":"dynamic-mixer-800mm-professional-wall-mounting-brackets-sm8","status":"publish","type":"product","link":"https:\/\/hdotrade.com\/pt\/produto\/dynamic-mixer-800mm-professional-wall-mounting-brackets-sm8\/","title":{"rendered":"DYNAMIC VARINHA M\u00c1GICA 800MM SUPORTES PROFISSIONAIS DE MONTAGEM DE PAREDE SM8"},"content":{"rendered":"<p>Para di\u00e2metro do pote- 800 mm                   \n peso real-2,60 kg<\/p>\n<p>Actual weight \u2013 2,60kG \n--For Pot diameter- 800 mm<\/p>\n<div class=\"ProductMain-desc-title\">Os suportes de suporte pan s\u00e3o totalmente remov\u00edveis<\/div>\n<div class=\"ProductMain-desc-content\">\n<p>Adapt\u00e1vel a todos os tipos de misturadores<br \/>\nComprimento ajust\u00e1vel.<br \/>\nPr\u00e1tico e conveniente, permite altura e \u00e2ngulo ajust\u00e1veis.<\/p>\n<p>DYNAMIC MISTURADOR DE 800MM SUPORTES PROFISSIONAIS DE MONTAGEM NA PAREDE SM8<\/p>\n<\/div>","protected":false},"excerpt":{"rendered":"<p>For Pot diameter- 800 mm Actual weight &#8211; 2,60kG Pan support brackets are fully removable Adaptable to all types of mixers. Adjustable length. Practical and convenient, allows adjustable height and angle. DYNAMIC MISTURADOR DE 800MM SUPORTES PROFISSIONAIS DE MONTAGEM NA PAREDE SM8<\/p>","protected":false},"featured_media":10779,"template":"","meta":[],"product_cat":[41,49,157,155],"product_tag":[],"class_list":{"0":"post-10775","1":"product","2":"type-product","3":"status-publish","4":"has-post-thumbnail","6":"product_cat-dynamic","7":"product_cat-mixer-dynamic","8":"product_cat-master-range","9":"product_cat-smx-range","11":"first","12":"outofstock","13":"taxable","14":"shipping-taxable","15":"purchasable","16":"product-type-simple"},"acf":[],"yoast_head":"<!-- This site is optimized with the Yoast SEO plugin v24.1 - https:\/\/yoast.com\/wordpress\/plugins\/seo\/ -->\n<title>DYNAMIC MIXER 800MM PROFESSIONAL WALL MOUNTING BRACKETS SM8 - HDO Global Trade<\/title>\n<meta name=\"description\" content=\"DYNAMIC MIXER 800MM PROFESSIONAL WALL MOUNTING BRACKETS SM8 CODE SM003 SEE OUR COMPLETE LINE FOR DYNAMIC MIXER SPARE PARTS ACCESSORIES\" \/>\n<meta name=\"robots\" content=\"index, follow, max-snippet:-1, max-image-preview:large, max-video-preview:-1\" \/>\n<link rel=\"canonical\" href=\"https:\/\/hdotrade.com\/pt\/he\/product\/dynamic-mixer-800mm-professional-wall-mounting-brackets-sm8\/\" \/>\n<meta property=\"og:locale\" content=\"pt_PT\" \/>\n<meta property=\"og:type\" content=\"article\" \/>\n<meta property=\"og:title\" content=\"DYNAMIC MIXER 800MM PROFESSIONAL WALL MOUNTING BRACKETS SM8 - HDO Global Trade\" \/>\n<meta property=\"og:description\" content=\"DYNAMIC MIXER 800MM PROFESSIONAL WALL MOUNTING BRACKETS SM8 CODE SM003 SEE OUR COMPLETE LINE FOR DYNAMIC MIXER SPARE PARTS ACCESSORIES\" \/>\n<meta property=\"og:url\" content=\"https:\/\/hdotrade.com\/pt\/he\/product\/dynamic-mixer-800mm-professional-wall-mounting-brackets-sm8\/\" \/>\n<meta property=\"og:site_name\" content=\"HDO Global Trade\" \/>\n<meta property=\"article:modified_time\" content=\"2023-04-24T10:19:03+00:00\" \/>\n<meta property=\"og:image\" content=\"https:\/\/hdotrade.com\/wp-content\/uploads\/2021\/12\/\u200f\u200fDYNAMIC-MIXER-SM003-MOUNTING-BRACKETS-SM8.png\" \/>\n\t<meta property=\"og:image:width\" content=\"500\" \/>\n\t<meta property=\"og:image:height\" content=\"500\" \/>\n\t<meta property=\"og:image:type\" content=\"image\/png\" \/>\n<meta name=\"twitter:card\" content=\"summary_large_image\" \/>\n<meta name=\"twitter:label1\" content=\"Tempo estimado de leitura\" \/>\n\t<meta name=\"twitter:data1\" content=\"1 minuto\" \/>\n<script type=\"application\/ld+json\" class=\"yoast-schema-graph\">{\"@context\":\"https:\/\/schema.org\",\"@graph\":[{\"@type\":\"WebPage\",\"@id\":\"https:\/\/hdotrade.com\/he\/product\/dynamic-mixer-800mm-professional-wall-mounting-brackets-sm8\/\",\"url\":\"https:\/\/hdotrade.com\/he\/product\/dynamic-mixer-800mm-professional-wall-mounting-brackets-sm8\/\",\"name\":\"DYNAMIC MIXER 800MM PROFESSIONAL WALL MOUNTING BRACKETS SM8 - HDO Global Trade\",\"isPartOf\":{\"@id\":\"https:\/\/hdotrade.com\/#website\"},\"primaryImageOfPage\":{\"@id\":\"https:\/\/hdotrade.com\/he\/product\/dynamic-mixer-800mm-professional-wall-mounting-brackets-sm8\/#primaryimage\"},\"image\":{\"@id\":\"https:\/\/hdotrade.com\/he\/product\/dynamic-mixer-800mm-professional-wall-mounting-brackets-sm8\/#primaryimage\"},\"thumbnailUrl\":\"https:\/\/hdotrade.com\/wp-content\/uploads\/2021\/12\/\u200f\u200fDYNAMIC-MIXER-SM003-MOUNTING-BRACKETS-SM8.png\",\"datePublished\":\"2021-12-14T16:33:36+00:00\",\"dateModified\":\"2023-04-24T10:19:03+00:00\",\"description\":\"DYNAMIC MIXER 800MM PROFESSIONAL WALL MOUNTING BRACKETS SM8 CODE SM003 SEE OUR COMPLETE LINE FOR DYNAMIC MIXER SPARE PARTS ACCESSORIES\",\"breadcrumb\":{\"@id\":\"https:\/\/hdotrade.com\/he\/product\/dynamic-mixer-800mm-professional-wall-mounting-brackets-sm8\/#breadcrumb\"},\"inLanguage\":\"pt-PT\",\"potentialAction\":[{\"@type\":\"ReadAction\",\"target\":[\"https:\/\/hdotrade.com\/he\/product\/dynamic-mixer-800mm-professional-wall-mounting-brackets-sm8\/\"]}]},{\"@type\":\"ImageObject\",\"inLanguage\":\"pt-PT\",\"@id\":\"https:\/\/hdotrade.com\/he\/product\/dynamic-mixer-800mm-professional-wall-mounting-brackets-sm8\/#primaryimage\",\"url\":\"https:\/\/hdotrade.com\/wp-content\/uploads\/2021\/12\/\u200f\u200fDYNAMIC-MIXER-SM003-MOUNTING-BRACKETS-SM8.png\",\"contentUrl\":\"https:\/\/hdotrade.com\/wp-content\/uploads\/2021\/12\/\u200f\u200fDYNAMIC-MIXER-SM003-MOUNTING-BRACKETS-SM8.png\",\"width\":500,\"height\":500,\"caption\":\"DYNAMIC MIXER 800MM PROFESSIONAL WALL MOUNTING BRACKETS SM8\"},{\"@type\":\"BreadcrumbList\",\"@id\":\"https:\/\/hdotrade.com\/he\/product\/dynamic-mixer-800mm-professional-wall-mounting-brackets-sm8\/#breadcrumb\",\"itemListElement\":[{\"@type\":\"ListItem\",\"position\":1,\"name\":\"Home\",\"item\":\"https:\/\/hdotrade.com\/\"},{\"@type\":\"ListItem\",\"position\":2,\"name\":\"Shop\",\"item\":\"https:\/\/hdotrade.com\/shop\/\"},{\"@type\":\"ListItem\",\"position\":3,\"name\":\"DYNAMIC MIXER 800MM PROFESSIONAL WALL MOUNTING BRACKETS SM8\"}]},{\"@type\":\"WebSite\",\"@id\":\"https:\/\/hdotrade.com\/#website\",\"url\":\"https:\/\/hdotrade.com\/\",\"name\":\"HDO Global Trade\",\"description\":\"Online store\",\"publisher\":{\"@id\":\"https:\/\/hdotrade.com\/#organization\"},\"potentialAction\":[{\"@type\":\"SearchAction\",\"target\":{\"@type\":\"EntryPoint\",\"urlTemplate\":\"https:\/\/hdotrade.com\/?s={search_term_string}\"},\"query-input\":{\"@type\":\"PropertyValueSpecification\",\"valueRequired\":true,\"valueName\":\"search_term_string\"}}],\"inLanguage\":\"pt-PT\"},{\"@type\":\"Organization\",\"@id\":\"https:\/\/hdotrade.com\/#organization\",\"name\":\"HDO Global Trade\",\"url\":\"https:\/\/hdotrade.com\/\",\"logo\":{\"@type\":\"ImageObject\",\"inLanguage\":\"pt-PT\",\"@id\":\"https:\/\/hdotrade.com\/#\/schema\/logo\/image\/\",\"url\":\"https:\/\/hdotrade.com\/wp-content\/uploads\/2021\/06\/cropped-cropped-HDO-FINAL-LOGO.png\",\"contentUrl\":\"https:\/\/hdotrade.com\/wp-content\/uploads\/2021\/06\/cropped-cropped-HDO-FINAL-LOGO.png\",\"width\":512,\"height\":511,\"caption\":\"HDO Global Trade\"},\"image\":{\"@id\":\"https:\/\/hdotrade.com\/#\/schema\/logo\/image\/\"}}]}<\/script>\n<!-- \/ Yoast SEO plugin. -->","yoast_head_json":{"title":"DYNAMIC MIXER 800MM PROFESSIONAL WALL MOUNTING BRACKETS SM8 - HDO Global Trade","description":"DYNAMIC MIXER 800MM PROFESSIONAL WALL MOUNTING BRACKETS SM8 CODE SM003 SEE OUR COMPLETE LINE FOR DYNAMIC MIXER SPARE PARTS ACCESSORIES","robots":{"index":"index","follow":"follow","max-snippet":"max-snippet:-1","max-image-preview":"max-image-preview:large","max-video-preview":"max-video-preview:-1"},"canonical":"https:\/\/hdotrade.com\/pt\/he\/product\/dynamic-mixer-800mm-professional-wall-mounting-brackets-sm8\/","og_locale":"pt_PT","og_type":"article","og_title":"DYNAMIC MIXER 800MM PROFESSIONAL WALL MOUNTING BRACKETS SM8 - HDO Global Trade","og_description":"DYNAMIC MIXER 800MM PROFESSIONAL WALL MOUNTING BRACKETS SM8 CODE SM003 SEE OUR COMPLETE LINE FOR DYNAMIC MIXER SPARE PARTS ACCESSORIES","og_url":"https:\/\/hdotrade.com\/pt\/he\/product\/dynamic-mixer-800mm-professional-wall-mounting-brackets-sm8\/","og_site_name":"HDO Global Trade","article_modified_time":"2023-04-24T10:19:03+00:00","og_image":[{"width":500,"height":500,"url":"https:\/\/hdotrade.com\/wp-content\/uploads\/2021\/12\/\u200f\u200fDYNAMIC-MIXER-SM003-MOUNTING-BRACKETS-SM8.png","type":"image\/png"}],"twitter_card":"summary_large_image","twitter_misc":{"Tempo estimado de leitura":"1 minuto"},"schema":{"@context":"https:\/\/schema.org","@graph":[{"@type":"WebPage","@id":"https:\/\/hdotrade.com\/he\/product\/dynamic-mixer-800mm-professional-wall-mounting-brackets-sm8\/","url":"https:\/\/hdotrade.com\/he\/product\/dynamic-mixer-800mm-professional-wall-mounting-brackets-sm8\/","name":"DYNAMIC MIXER 800MM PROFESSIONAL WALL MOUNTING BRACKETS SM8 - HDO Global Trade","isPartOf":{"@id":"https:\/\/hdotrade.com\/#website"},"primaryImageOfPage":{"@id":"https:\/\/hdotrade.com\/he\/product\/dynamic-mixer-800mm-professional-wall-mounting-brackets-sm8\/#primaryimage"},"image":{"@id":"https:\/\/hdotrade.com\/he\/product\/dynamic-mixer-800mm-professional-wall-mounting-brackets-sm8\/#primaryimage"},"thumbnailUrl":"https:\/\/hdotrade.com\/wp-content\/uploads\/2021\/12\/\u200f\u200fDYNAMIC-MIXER-SM003-MOUNTING-BRACKETS-SM8.png","datePublished":"2021-12-14T16:33:36+00:00","dateModified":"2023-04-24T10:19:03+00:00","description":"DYNAMIC MIXER 800MM PROFESSIONAL WALL MOUNTING BRACKETS SM8 CODE SM003 SEE OUR COMPLETE LINE FOR DYNAMIC MIXER SPARE PARTS ACCESSORIES","breadcrumb":{"@id":"https:\/\/hdotrade.com\/he\/product\/dynamic-mixer-800mm-professional-wall-mounting-brackets-sm8\/#breadcrumb"},"inLanguage":"pt-PT","potentialAction":[{"@type":"ReadAction","target":["https:\/\/hdotrade.com\/he\/product\/dynamic-mixer-800mm-professional-wall-mounting-brackets-sm8\/"]}]},{"@type":"ImageObject","inLanguage":"pt-PT","@id":"https:\/\/hdotrade.com\/he\/product\/dynamic-mixer-800mm-professional-wall-mounting-brackets-sm8\/#primaryimage","url":"https:\/\/hdotrade.com\/wp-content\/uploads\/2021\/12\/\u200f\u200fDYNAMIC-MIXER-SM003-MOUNTING-BRACKETS-SM8.png","contentUrl":"https:\/\/hdotrade.com\/wp-content\/uploads\/2021\/12\/\u200f\u200fDYNAMIC-MIXER-SM003-MOUNTING-BRACKETS-SM8.png","width":500,"height":500,"caption":"DYNAMIC MIXER 800MM PROFESSIONAL WALL MOUNTING BRACKETS SM8"},{"@type":"BreadcrumbList","@id":"https:\/\/hdotrade.com\/he\/product\/dynamic-mixer-800mm-professional-wall-mounting-brackets-sm8\/#breadcrumb","itemListElement":[{"@type":"ListItem","position":1,"name":"Home","item":"https:\/\/hdotrade.com\/"},{"@type":"ListItem","position":2,"name":"Shop","item":"https:\/\/hdotrade.com\/shop\/"},{"@type":"ListItem","position":3,"name":"DYNAMIC MIXER 800MM PROFESSIONAL WALL MOUNTING BRACKETS SM8"}]},{"@type":"WebSite","@id":"https:\/\/hdotrade.com\/#website","url":"https:\/\/hdotrade.com\/","name":"HDO Global Trade","description":"Online store","publisher":{"@id":"https:\/\/hdotrade.com\/#organization"},"potentialAction":[{"@type":"SearchAction","target":{"@type":"EntryPoint","urlTemplate":"https:\/\/hdotrade.com\/?s={search_term_string}"},"query-input":{"@type":"PropertyValueSpecification","valueRequired":true,"valueName":"search_term_string"}}],"inLanguage":"pt-PT"},{"@type":"Organization","@id":"https:\/\/hdotrade.com\/#organization","name":"HDO Global Trade","url":"https:\/\/hdotrade.com\/","logo":{"@type":"ImageObject","inLanguage":"pt-PT","@id":"https:\/\/hdotrade.com\/#\/schema\/logo\/image\/","url":"https:\/\/hdotrade.com\/wp-content\/uploads\/2021\/06\/cropped-cropped-HDO-FINAL-LOGO.png","contentUrl":"https:\/\/hdotrade.com\/wp-content\/uploads\/2021\/06\/cropped-cropped-HDO-FINAL-LOGO.png","width":512,"height":511,"caption":"HDO Global Trade"},"image":{"@id":"https:\/\/hdotrade.com\/#\/schema\/logo\/image\/"}}]}},"_links":{"self":[{"href":"https:\/\/hdotrade.com\/pt\/wp-json\/wp\/v2\/product\/10775","targetHints":{"allow":["GET"]}}],"collection":[{"href":"https:\/\/hdotrade.com\/pt\/wp-json\/wp\/v2\/product"}],"about":[{"href":"https:\/\/hdotrade.com\/pt\/wp-json\/wp\/v2\/types\/product"}],"version-history":[{"count":13,"href":"https:\/\/hdotrade.com\/pt\/wp-json\/wp\/v2\/product\/10775\/revisions"}],"predecessor-version":[{"id":18379,"href":"https:\/\/hdotrade.com\/pt\/wp-json\/wp\/v2\/product\/10775\/revisions\/18379"}],"wp:featuredmedia":[{"embeddable":true,"href":"https:\/\/hdotrade.com\/pt\/wp-json\/wp\/v2\/media\/10779"}],"wp:attachment":[{"href":"https:\/\/hdotrade.com\/pt\/wp-json\/wp\/v2\/media?parent=10775"}],"wp:term":[{"taxonomy":"product_cat","embeddable":true,"href":"https:\/\/hdotrade.com\/pt\/wp-json\/wp\/v2\/product_cat?post=10775"},{"taxonomy":"product_tag","embeddable":true,"href":"https:\/\/hdotrade.com\/pt\/wp-json\/wp\/v2\/product_tag?post=10775"}],"curies":[{"name":"wp","href":"https:\/\/api.w.org\/{rel}","templated":true}]}}