{"id":13631,"date":"2022-06-21T15:47:52","date_gmt":"2022-06-21T15:47:52","guid":{"rendered":"http:\/\/hdotrade.com\/?post_type=product&#038;p=13631"},"modified":"2023-09-26T15:14:08","modified_gmt":"2023-09-26T15:14:08","slug":"zanussi-electrolux-dishwasher-support-f-lower-jets","status":"publish","type":"product","link":"https:\/\/hdotrade.com\/pt\/produto\/zanussi-electrolux-dishwasher-support-f-lower-jets\/","title":{"rendered":"ZANUSSI ELECTROLUX SUPORTE \u00c0 M\u00c1QUINA DE LAVAR LOU\u00c7A DOS JATOS INFERIORES"},"content":{"rendered":"<p>PARA O MODELO DE M\u00c1QUINA DE LAVAR LOU\u00c7A ELECTROLUX ZANUSSI<\/p>\n<p>M\u00c1QUINA DE LAVAR LOU\u00c7A FRONTAL - LU7, WTU40<\/p>\n<p>MAQUINA DE LAVAR TIPO  HOOD ZHT , OHT , KHT , NHT , EHT , EHTA , ZHTAWS , AHTAWS , EHTAWS, ZHT, ET12 , WT65, WT65H, WT65M<\/p>\n<p>ZANUSSI ELECTROLUX\u00a0 M\u00c1QUINA DE LAVAR LOU\u00c7A SUPORTE PARA\u00a0 JATOS INFERIORES<\/p>","protected":false},"excerpt":{"rendered":"<p>FOR ZANUSSI ELECTROLUX DISHWASHER FRONT LOADING DISHWASHER &#8211;\u00a0 LU7, WTU40 HOOD TYPE DISHWASHER ZHT , OHT , KHT , NHT , EHT , EHTA , ZHTAWS , AHTAWS , EHTAWS , ZHT , ET12 , WT65 , WT65H , WT65M ZANUSSI ELECTROLUX\u00a0 M\u00c1QUINA DE LAVAR LOU\u00c7A SUPORTE PARA\u00a0 JATOS INFERIORES<\/p>","protected":false},"featured_media":14049,"template":"","meta":[],"product_cat":[47,217,204],"product_tag":[],"class_list":{"0":"post-13631","1":"product","2":"type-product","3":"status-publish","4":"has-post-thumbnail","6":"product_cat-electrolux-professional","7":"product_cat-zanussi","8":"product_cat-dishwasher","10":"first","11":"instock","12":"taxable","13":"shipping-taxable","14":"purchasable","15":"product-type-simple"},"acf":[],"yoast_head":"<!-- This site is optimized with the Yoast SEO plugin v24.1 - https:\/\/yoast.com\/wordpress\/plugins\/seo\/ -->\n<title>ZANUSSI ELECTROLUX DISHWASHER SUPPORT F.LOWER JETS - HDO Global Trade<\/title>\n<meta name=\"description\" content=\"ZANUSSI ELECTROLUX DISHWASHER SPARE PARTS SUPPORT F.LOWER JETS FOR DISHWASHER FRONT LOADING AND HOOD TYPE DISHWASHER\" \/>\n<meta name=\"robots\" content=\"index, follow, max-snippet:-1, max-image-preview:large, max-video-preview:-1\" \/>\n<link rel=\"canonical\" href=\"https:\/\/hdotrade.com\/pt\/produto\/zanussi-electrolux-dishwasher-support-f-lower-jets\/\" \/>\n<meta property=\"og:locale\" content=\"pt_PT\" \/>\n<meta property=\"og:type\" content=\"article\" \/>\n<meta property=\"og:title\" content=\"ZANUSSI ELECTROLUX DISHWASHER SUPPORT F.LOWER JETS - HDO Global Trade\" \/>\n<meta property=\"og:description\" content=\"ZANUSSI ELECTROLUX DISHWASHER SPARE PARTS SUPPORT F.LOWER JETS FOR DISHWASHER FRONT LOADING AND HOOD TYPE DISHWASHER\" \/>\n<meta property=\"og:url\" content=\"https:\/\/hdotrade.com\/pt\/produto\/zanussi-electrolux-dishwasher-support-f-lower-jets\/\" \/>\n<meta property=\"og:site_name\" content=\"HDO Global Trade\" \/>\n<meta property=\"article:modified_time\" content=\"2023-09-26T15:14:08+00:00\" \/>\n<meta property=\"og:image\" content=\"https:\/\/hdotrade.com\/wp-content\/uploads\/2022\/06\/ZANUSSI-ELECTROLUX-DISHWASHER-SUPPORT-048235.png\" \/>\n\t<meta property=\"og:image:width\" content=\"700\" \/>\n\t<meta property=\"og:image:height\" content=\"700\" \/>\n\t<meta property=\"og:image:type\" content=\"image\/png\" \/>\n<meta name=\"twitter:card\" content=\"summary_large_image\" \/>\n<meta name=\"twitter:label1\" content=\"Tempo estimado de leitura\" \/>\n\t<meta name=\"twitter:data1\" content=\"1 minuto\" \/>\n<script type=\"application\/ld+json\" class=\"yoast-schema-graph\">{\"@context\":\"https:\/\/schema.org\",\"@graph\":[{\"@type\":\"WebPage\",\"@id\":\"https:\/\/hdotrade.com\/product\/zanussi-electrolux-dishwasher-support-f-lower-jets\/\",\"url\":\"https:\/\/hdotrade.com\/product\/zanussi-electrolux-dishwasher-support-f-lower-jets\/\",\"name\":\"ZANUSSI ELECTROLUX DISHWASHER SUPPORT F.LOWER JETS - HDO Global Trade\",\"isPartOf\":{\"@id\":\"https:\/\/hdotrade.com\/#website\"},\"primaryImageOfPage\":{\"@id\":\"https:\/\/hdotrade.com\/product\/zanussi-electrolux-dishwasher-support-f-lower-jets\/#primaryimage\"},\"image\":{\"@id\":\"https:\/\/hdotrade.com\/product\/zanussi-electrolux-dishwasher-support-f-lower-jets\/#primaryimage\"},\"thumbnailUrl\":\"https:\/\/hdotrade.com\/wp-content\/uploads\/2022\/06\/ZANUSSI-ELECTROLUX-DISHWASHER-SUPPORT-048235.png\",\"datePublished\":\"2022-06-21T15:47:52+00:00\",\"dateModified\":\"2023-09-26T15:14:08+00:00\",\"description\":\"ZANUSSI ELECTROLUX DISHWASHER SPARE PARTS SUPPORT F.LOWER JETS FOR DISHWASHER FRONT LOADING AND HOOD TYPE DISHWASHER\",\"breadcrumb\":{\"@id\":\"https:\/\/hdotrade.com\/product\/zanussi-electrolux-dishwasher-support-f-lower-jets\/#breadcrumb\"},\"inLanguage\":\"pt-PT\",\"potentialAction\":[{\"@type\":\"ReadAction\",\"target\":[\"https:\/\/hdotrade.com\/product\/zanussi-electrolux-dishwasher-support-f-lower-jets\/\"]}]},{\"@type\":\"ImageObject\",\"inLanguage\":\"pt-PT\",\"@id\":\"https:\/\/hdotrade.com\/product\/zanussi-electrolux-dishwasher-support-f-lower-jets\/#primaryimage\",\"url\":\"https:\/\/hdotrade.com\/wp-content\/uploads\/2022\/06\/ZANUSSI-ELECTROLUX-DISHWASHER-SUPPORT-048235.png\",\"contentUrl\":\"https:\/\/hdotrade.com\/wp-content\/uploads\/2022\/06\/ZANUSSI-ELECTROLUX-DISHWASHER-SUPPORT-048235.png\",\"width\":700,\"height\":700,\"caption\":\"ZANUSSI ELECTROLUX DISHWASHER SUPPORT 048235\"},{\"@type\":\"BreadcrumbList\",\"@id\":\"https:\/\/hdotrade.com\/product\/zanussi-electrolux-dishwasher-support-f-lower-jets\/#breadcrumb\",\"itemListElement\":[{\"@type\":\"ListItem\",\"position\":1,\"name\":\"Home\",\"item\":\"https:\/\/hdotrade.com\/\"},{\"@type\":\"ListItem\",\"position\":2,\"name\":\"Shop\",\"item\":\"https:\/\/hdotrade.com\/shop\/\"},{\"@type\":\"ListItem\",\"position\":3,\"name\":\"ZANUSSI ELECTROLUX DISHWASHER SUPPORT F.LOWER JETS\"}]},{\"@type\":\"WebSite\",\"@id\":\"https:\/\/hdotrade.com\/#website\",\"url\":\"https:\/\/hdotrade.com\/\",\"name\":\"HDO Global Trade\",\"description\":\"Online store\",\"publisher\":{\"@id\":\"https:\/\/hdotrade.com\/#organization\"},\"potentialAction\":[{\"@type\":\"SearchAction\",\"target\":{\"@type\":\"EntryPoint\",\"urlTemplate\":\"https:\/\/hdotrade.com\/?s={search_term_string}\"},\"query-input\":{\"@type\":\"PropertyValueSpecification\",\"valueRequired\":true,\"valueName\":\"search_term_string\"}}],\"inLanguage\":\"pt-PT\"},{\"@type\":\"Organization\",\"@id\":\"https:\/\/hdotrade.com\/#organization\",\"name\":\"HDO Global Trade\",\"url\":\"https:\/\/hdotrade.com\/\",\"logo\":{\"@type\":\"ImageObject\",\"inLanguage\":\"pt-PT\",\"@id\":\"https:\/\/hdotrade.com\/#\/schema\/logo\/image\/\",\"url\":\"https:\/\/hdotrade.com\/wp-content\/uploads\/2021\/06\/cropped-cropped-HDO-FINAL-LOGO.png\",\"contentUrl\":\"https:\/\/hdotrade.com\/wp-content\/uploads\/2021\/06\/cropped-cropped-HDO-FINAL-LOGO.png\",\"width\":512,\"height\":511,\"caption\":\"HDO Global Trade\"},\"image\":{\"@id\":\"https:\/\/hdotrade.com\/#\/schema\/logo\/image\/\"}}]}<\/script>\n<!-- \/ Yoast SEO plugin. -->","yoast_head_json":{"title":"ZANUSSI ELECTROLUX DISHWASHER SUPPORT F.LOWER JETS - HDO Global Trade","description":"ZANUSSI ELECTROLUX DISHWASHER SPARE PARTS SUPPORT F.LOWER JETS FOR DISHWASHER FRONT LOADING AND HOOD TYPE DISHWASHER","robots":{"index":"index","follow":"follow","max-snippet":"max-snippet:-1","max-image-preview":"max-image-preview:large","max-video-preview":"max-video-preview:-1"},"canonical":"https:\/\/hdotrade.com\/pt\/produto\/zanussi-electrolux-dishwasher-support-f-lower-jets\/","og_locale":"pt_PT","og_type":"article","og_title":"ZANUSSI ELECTROLUX DISHWASHER SUPPORT F.LOWER JETS - HDO Global Trade","og_description":"ZANUSSI ELECTROLUX DISHWASHER SPARE PARTS SUPPORT F.LOWER JETS FOR DISHWASHER FRONT LOADING AND HOOD TYPE DISHWASHER","og_url":"https:\/\/hdotrade.com\/pt\/produto\/zanussi-electrolux-dishwasher-support-f-lower-jets\/","og_site_name":"HDO Global Trade","article_modified_time":"2023-09-26T15:14:08+00:00","og_image":[{"width":700,"height":700,"url":"https:\/\/hdotrade.com\/wp-content\/uploads\/2022\/06\/ZANUSSI-ELECTROLUX-DISHWASHER-SUPPORT-048235.png","type":"image\/png"}],"twitter_card":"summary_large_image","twitter_misc":{"Tempo estimado de leitura":"1 minuto"},"schema":{"@context":"https:\/\/schema.org","@graph":[{"@type":"WebPage","@id":"https:\/\/hdotrade.com\/product\/zanussi-electrolux-dishwasher-support-f-lower-jets\/","url":"https:\/\/hdotrade.com\/product\/zanussi-electrolux-dishwasher-support-f-lower-jets\/","name":"ZANUSSI ELECTROLUX DISHWASHER SUPPORT F.LOWER JETS - HDO Global Trade","isPartOf":{"@id":"https:\/\/hdotrade.com\/#website"},"primaryImageOfPage":{"@id":"https:\/\/hdotrade.com\/product\/zanussi-electrolux-dishwasher-support-f-lower-jets\/#primaryimage"},"image":{"@id":"https:\/\/hdotrade.com\/product\/zanussi-electrolux-dishwasher-support-f-lower-jets\/#primaryimage"},"thumbnailUrl":"https:\/\/hdotrade.com\/wp-content\/uploads\/2022\/06\/ZANUSSI-ELECTROLUX-DISHWASHER-SUPPORT-048235.png","datePublished":"2022-06-21T15:47:52+00:00","dateModified":"2023-09-26T15:14:08+00:00","description":"ZANUSSI ELECTROLUX DISHWASHER SPARE PARTS SUPPORT F.LOWER JETS FOR DISHWASHER FRONT LOADING AND HOOD TYPE DISHWASHER","breadcrumb":{"@id":"https:\/\/hdotrade.com\/product\/zanussi-electrolux-dishwasher-support-f-lower-jets\/#breadcrumb"},"inLanguage":"pt-PT","potentialAction":[{"@type":"ReadAction","target":["https:\/\/hdotrade.com\/product\/zanussi-electrolux-dishwasher-support-f-lower-jets\/"]}]},{"@type":"ImageObject","inLanguage":"pt-PT","@id":"https:\/\/hdotrade.com\/product\/zanussi-electrolux-dishwasher-support-f-lower-jets\/#primaryimage","url":"https:\/\/hdotrade.com\/wp-content\/uploads\/2022\/06\/ZANUSSI-ELECTROLUX-DISHWASHER-SUPPORT-048235.png","contentUrl":"https:\/\/hdotrade.com\/wp-content\/uploads\/2022\/06\/ZANUSSI-ELECTROLUX-DISHWASHER-SUPPORT-048235.png","width":700,"height":700,"caption":"ZANUSSI ELECTROLUX DISHWASHER SUPPORT 048235"},{"@type":"BreadcrumbList","@id":"https:\/\/hdotrade.com\/product\/zanussi-electrolux-dishwasher-support-f-lower-jets\/#breadcrumb","itemListElement":[{"@type":"ListItem","position":1,"name":"Home","item":"https:\/\/hdotrade.com\/"},{"@type":"ListItem","position":2,"name":"Shop","item":"https:\/\/hdotrade.com\/shop\/"},{"@type":"ListItem","position":3,"name":"ZANUSSI ELECTROLUX DISHWASHER SUPPORT F.LOWER JETS"}]},{"@type":"WebSite","@id":"https:\/\/hdotrade.com\/#website","url":"https:\/\/hdotrade.com\/","name":"HDO Global Trade","description":"Online store","publisher":{"@id":"https:\/\/hdotrade.com\/#organization"},"potentialAction":[{"@type":"SearchAction","target":{"@type":"EntryPoint","urlTemplate":"https:\/\/hdotrade.com\/?s={search_term_string}"},"query-input":{"@type":"PropertyValueSpecification","valueRequired":true,"valueName":"search_term_string"}}],"inLanguage":"pt-PT"},{"@type":"Organization","@id":"https:\/\/hdotrade.com\/#organization","name":"HDO Global Trade","url":"https:\/\/hdotrade.com\/","logo":{"@type":"ImageObject","inLanguage":"pt-PT","@id":"https:\/\/hdotrade.com\/#\/schema\/logo\/image\/","url":"https:\/\/hdotrade.com\/wp-content\/uploads\/2021\/06\/cropped-cropped-HDO-FINAL-LOGO.png","contentUrl":"https:\/\/hdotrade.com\/wp-content\/uploads\/2021\/06\/cropped-cropped-HDO-FINAL-LOGO.png","width":512,"height":511,"caption":"HDO Global Trade"},"image":{"@id":"https:\/\/hdotrade.com\/#\/schema\/logo\/image\/"}}]}},"_links":{"self":[{"href":"https:\/\/hdotrade.com\/pt\/wp-json\/wp\/v2\/product\/13631","targetHints":{"allow":["GET"]}}],"collection":[{"href":"https:\/\/hdotrade.com\/pt\/wp-json\/wp\/v2\/product"}],"about":[{"href":"https:\/\/hdotrade.com\/pt\/wp-json\/wp\/v2\/types\/product"}],"version-history":[{"count":15,"href":"https:\/\/hdotrade.com\/pt\/wp-json\/wp\/v2\/product\/13631\/revisions"}],"predecessor-version":[{"id":18048,"href":"https:\/\/hdotrade.com\/pt\/wp-json\/wp\/v2\/product\/13631\/revisions\/18048"}],"wp:featuredmedia":[{"embeddable":true,"href":"https:\/\/hdotrade.com\/pt\/wp-json\/wp\/v2\/media\/14049"}],"wp:attachment":[{"href":"https:\/\/hdotrade.com\/pt\/wp-json\/wp\/v2\/media?parent=13631"}],"wp:term":[{"taxonomy":"product_cat","embeddable":true,"href":"https:\/\/hdotrade.com\/pt\/wp-json\/wp\/v2\/product_cat?post=13631"},{"taxonomy":"product_tag","embeddable":true,"href":"https:\/\/hdotrade.com\/pt\/wp-json\/wp\/v2\/product_tag?post=13631"}],"curies":[{"name":"wp","href":"https:\/\/api.w.org\/{rel}","templated":true}]}}