{"id":14142,"date":"2022-08-28T07:06:24","date_gmt":"2022-08-28T07:06:24","guid":{"rendered":"http:\/\/hdotrade.com\/?post_type=product&#038;p=14142"},"modified":"2023-09-26T15:13:07","modified_gmt":"2023-09-26T15:13:07","slug":"electrolux-dito-bermixer-pro-turbo-650-w-with-stainless-steel-tube-653mm","status":"publish","type":"product","link":"https:\/\/hdotrade.com\/pt\/produto\/electrolux-dito-bermixer-pro-turbo-650-w-with-stainless-steel-tube-653mm\/","title":{"rendered":"ELECTROLUX DITO BERMIXER PRO TURBO 650 W COM TUBO DE A\u00c7O INOXID\u00c1VEL (653MM)"},"content":{"rendered":"<p>Misturador port\u00e1til, velocidade vari\u00e1vel at\u00e9 10000 rpm, com tubo de a\u00e7o inoxid\u00e1vel 653 mm, 650W<\/p>\n<ul>\n<li>Supply voltage:\u00a0<strong>220-240 V\/1 ph\/50\/60 Hz<\/strong><\/li>\n<li>Electrical power max.:\u00a0<strong>0.65 kW<\/strong><\/li>\n<li>Total Watts:\u00a0<strong>0.65 kW<\/strong><\/li>\n<li>Capacity (up to):\u00a0<strong>240 litres<\/strong><\/li>\n<\/ul>\n<p>ELECTROLUX DITO BERMIXER PRO TURBO 650 W COM TUBO DE A\u00c7O INOXID\u00c1VEL (653MM)<\/p>\n<p>&nbsp;<\/p>\n<p>&nbsp;<\/p>","protected":false},"excerpt":{"rendered":"<p>Portable mixer, variable speed up to 10000 rpm, with stainless steel tube 653 mm, 650W Supply voltage:\u00a0220-240 V\/1 ph\/50\/60 Hz Electrical power max.:\u00a00.65 kW Total Watts:\u00a00.65 kW Capacity (up to):\u00a0240 litres ELECTROLUX DITO BERMIXER PRO TURBO 650 W COM TUBO DE A\u00c7O INOXID\u00c1VEL (653MM) &nbsp; &nbsp;<\/p>","protected":false},"featured_media":14145,"template":"","meta":[],"product_cat":[47,218,185,186,184,48,217,204,203],"product_tag":[],"class_list":{"0":"post-14142","1":"product","2":"type-product","3":"status-publish","4":"has-post-thumbnail","6":"product_cat-electrolux-professional","7":"product_cat-dito-sama","8":"product_cat-food-processors-electrolux","9":"product_cat-hand-mixer-electrolux","10":"product_cat-vegetable-cutter-electrolux","11":"product_cat-mixer","12":"product_cat-zanussi","13":"product_cat-dishwasher","14":"product_cat-oven-electrolux","16":"first","17":"instock","18":"taxable","19":"shipping-taxable","20":"product-type-simple"},"acf":[],"yoast_head":"<!-- This site is optimized with the Yoast SEO plugin v24.1 - https:\/\/yoast.com\/wordpress\/plugins\/seo\/ -->\n<title>ELECTROLUX DITO BERMIXER PRO TURBO 650 W WITH STAINLESS STEEL TUBE (653MM) - HDO Global Trade<\/title>\n<meta name=\"description\" content=\"ELECTROLUX DITO SAMA BERMIXER PRO TURBO 650 W WITH STAINLESS STEEL TUBE (653MM) DITO SAMA IMMERSION BLENDER DITO SAMA HAND MIXER\" \/>\n<meta name=\"robots\" content=\"index, follow, max-snippet:-1, max-image-preview:large, max-video-preview:-1\" \/>\n<link rel=\"canonical\" href=\"https:\/\/hdotrade.com\/pt\/produto\/electrolux-dito-bermixer-pro-turbo-650-w-with-stainless-steel-tube-653mm\/\" \/>\n<meta property=\"og:locale\" content=\"pt_PT\" \/>\n<meta property=\"og:type\" content=\"article\" \/>\n<meta property=\"og:title\" content=\"ELECTROLUX DITO BERMIXER PRO TURBO 650 W WITH STAINLESS STEEL TUBE (653MM) - HDO Global Trade\" \/>\n<meta property=\"og:description\" content=\"ELECTROLUX DITO SAMA BERMIXER PRO TURBO 650 W WITH STAINLESS STEEL TUBE (653MM) DITO SAMA IMMERSION BLENDER DITO SAMA HAND MIXER\" \/>\n<meta property=\"og:url\" content=\"https:\/\/hdotrade.com\/pt\/produto\/electrolux-dito-bermixer-pro-turbo-650-w-with-stainless-steel-tube-653mm\/\" \/>\n<meta property=\"og:site_name\" content=\"HDO Global Trade\" \/>\n<meta property=\"article:modified_time\" content=\"2023-09-26T15:13:07+00:00\" \/>\n<meta property=\"og:image\" content=\"https:\/\/hdotrade.com\/wp-content\/uploads\/2022\/08\/ELECTROLUX-DITO-BERMIXER-PRO-TURBO-650-W-WITH-STAINLESS-STEEL-TUBE-653MM.png\" \/>\n\t<meta property=\"og:image:width\" content=\"555\" \/>\n\t<meta property=\"og:image:height\" content=\"610\" \/>\n\t<meta property=\"og:image:type\" content=\"image\/png\" \/>\n<meta name=\"twitter:card\" content=\"summary_large_image\" \/>\n<meta name=\"twitter:label1\" content=\"Tempo estimado de leitura\" \/>\n\t<meta name=\"twitter:data1\" content=\"1 minuto\" \/>\n<script type=\"application\/ld+json\" class=\"yoast-schema-graph\">{\"@context\":\"https:\/\/schema.org\",\"@graph\":[{\"@type\":\"WebPage\",\"@id\":\"https:\/\/hdotrade.com\/product\/electrolux-dito-bermixer-pro-turbo-650-w-with-stainless-steel-tube-653mm\/\",\"url\":\"https:\/\/hdotrade.com\/product\/electrolux-dito-bermixer-pro-turbo-650-w-with-stainless-steel-tube-653mm\/\",\"name\":\"ELECTROLUX DITO BERMIXER PRO TURBO 650 W WITH STAINLESS STEEL TUBE (653MM) - HDO Global Trade\",\"isPartOf\":{\"@id\":\"https:\/\/hdotrade.com\/#website\"},\"primaryImageOfPage\":{\"@id\":\"https:\/\/hdotrade.com\/product\/electrolux-dito-bermixer-pro-turbo-650-w-with-stainless-steel-tube-653mm\/#primaryimage\"},\"image\":{\"@id\":\"https:\/\/hdotrade.com\/product\/electrolux-dito-bermixer-pro-turbo-650-w-with-stainless-steel-tube-653mm\/#primaryimage\"},\"thumbnailUrl\":\"https:\/\/hdotrade.com\/wp-content\/uploads\/2022\/08\/ELECTROLUX-DITO-BERMIXER-PRO-TURBO-650-W-WITH-STAINLESS-STEEL-TUBE-653MM.png\",\"datePublished\":\"2022-08-28T07:06:24+00:00\",\"dateModified\":\"2023-09-26T15:13:07+00:00\",\"description\":\"ELECTROLUX DITO SAMA BERMIXER PRO TURBO 650 W WITH STAINLESS STEEL TUBE (653MM) DITO SAMA IMMERSION BLENDER DITO SAMA HAND MIXER\",\"breadcrumb\":{\"@id\":\"https:\/\/hdotrade.com\/product\/electrolux-dito-bermixer-pro-turbo-650-w-with-stainless-steel-tube-653mm\/#breadcrumb\"},\"inLanguage\":\"pt-PT\",\"potentialAction\":[{\"@type\":\"ReadAction\",\"target\":[\"https:\/\/hdotrade.com\/product\/electrolux-dito-bermixer-pro-turbo-650-w-with-stainless-steel-tube-653mm\/\"]}]},{\"@type\":\"ImageObject\",\"inLanguage\":\"pt-PT\",\"@id\":\"https:\/\/hdotrade.com\/product\/electrolux-dito-bermixer-pro-turbo-650-w-with-stainless-steel-tube-653mm\/#primaryimage\",\"url\":\"https:\/\/hdotrade.com\/wp-content\/uploads\/2022\/08\/ELECTROLUX-DITO-BERMIXER-PRO-TURBO-650-W-WITH-STAINLESS-STEEL-TUBE-653MM.png\",\"contentUrl\":\"https:\/\/hdotrade.com\/wp-content\/uploads\/2022\/08\/ELECTROLUX-DITO-BERMIXER-PRO-TURBO-650-W-WITH-STAINLESS-STEEL-TUBE-653MM.png\",\"width\":555,\"height\":610,\"caption\":\"ELECTROLUX DITO BERMIXER PRO TURBO 650 W WITH STAINLESS STEEL TUBE (653MM)\"},{\"@type\":\"BreadcrumbList\",\"@id\":\"https:\/\/hdotrade.com\/product\/electrolux-dito-bermixer-pro-turbo-650-w-with-stainless-steel-tube-653mm\/#breadcrumb\",\"itemListElement\":[{\"@type\":\"ListItem\",\"position\":1,\"name\":\"Home\",\"item\":\"https:\/\/hdotrade.com\/\"},{\"@type\":\"ListItem\",\"position\":2,\"name\":\"Shop\",\"item\":\"https:\/\/hdotrade.com\/shop\/\"},{\"@type\":\"ListItem\",\"position\":3,\"name\":\"ELECTROLUX DITO BERMIXER PRO TURBO 650 W WITH STAINLESS STEEL TUBE (653MM)\"}]},{\"@type\":\"WebSite\",\"@id\":\"https:\/\/hdotrade.com\/#website\",\"url\":\"https:\/\/hdotrade.com\/\",\"name\":\"HDO Global Trade\",\"description\":\"Online store\",\"publisher\":{\"@id\":\"https:\/\/hdotrade.com\/#organization\"},\"potentialAction\":[{\"@type\":\"SearchAction\",\"target\":{\"@type\":\"EntryPoint\",\"urlTemplate\":\"https:\/\/hdotrade.com\/?s={search_term_string}\"},\"query-input\":{\"@type\":\"PropertyValueSpecification\",\"valueRequired\":true,\"valueName\":\"search_term_string\"}}],\"inLanguage\":\"pt-PT\"},{\"@type\":\"Organization\",\"@id\":\"https:\/\/hdotrade.com\/#organization\",\"name\":\"HDO Global Trade\",\"url\":\"https:\/\/hdotrade.com\/\",\"logo\":{\"@type\":\"ImageObject\",\"inLanguage\":\"pt-PT\",\"@id\":\"https:\/\/hdotrade.com\/#\/schema\/logo\/image\/\",\"url\":\"https:\/\/hdotrade.com\/wp-content\/uploads\/2021\/06\/cropped-cropped-HDO-FINAL-LOGO.png\",\"contentUrl\":\"https:\/\/hdotrade.com\/wp-content\/uploads\/2021\/06\/cropped-cropped-HDO-FINAL-LOGO.png\",\"width\":512,\"height\":511,\"caption\":\"HDO Global Trade\"},\"image\":{\"@id\":\"https:\/\/hdotrade.com\/#\/schema\/logo\/image\/\"}}]}<\/script>\n<!-- \/ Yoast SEO plugin. -->","yoast_head_json":{"title":"ELECTROLUX DITO BERMIXER PRO TURBO 650 W WITH STAINLESS STEEL TUBE (653MM) - HDO Global Trade","description":"ELECTROLUX DITO SAMA BERMIXER PRO TURBO 650 W WITH STAINLESS STEEL TUBE (653MM) DITO SAMA IMMERSION BLENDER DITO SAMA HAND MIXER","robots":{"index":"index","follow":"follow","max-snippet":"max-snippet:-1","max-image-preview":"max-image-preview:large","max-video-preview":"max-video-preview:-1"},"canonical":"https:\/\/hdotrade.com\/pt\/produto\/electrolux-dito-bermixer-pro-turbo-650-w-with-stainless-steel-tube-653mm\/","og_locale":"pt_PT","og_type":"article","og_title":"ELECTROLUX DITO BERMIXER PRO TURBO 650 W WITH STAINLESS STEEL TUBE (653MM) - HDO Global Trade","og_description":"ELECTROLUX DITO SAMA BERMIXER PRO TURBO 650 W WITH STAINLESS STEEL TUBE (653MM) DITO SAMA IMMERSION BLENDER DITO SAMA HAND MIXER","og_url":"https:\/\/hdotrade.com\/pt\/produto\/electrolux-dito-bermixer-pro-turbo-650-w-with-stainless-steel-tube-653mm\/","og_site_name":"HDO Global Trade","article_modified_time":"2023-09-26T15:13:07+00:00","og_image":[{"width":555,"height":610,"url":"https:\/\/hdotrade.com\/wp-content\/uploads\/2022\/08\/ELECTROLUX-DITO-BERMIXER-PRO-TURBO-650-W-WITH-STAINLESS-STEEL-TUBE-653MM.png","type":"image\/png"}],"twitter_card":"summary_large_image","twitter_misc":{"Tempo estimado de leitura":"1 minuto"},"schema":{"@context":"https:\/\/schema.org","@graph":[{"@type":"WebPage","@id":"https:\/\/hdotrade.com\/product\/electrolux-dito-bermixer-pro-turbo-650-w-with-stainless-steel-tube-653mm\/","url":"https:\/\/hdotrade.com\/product\/electrolux-dito-bermixer-pro-turbo-650-w-with-stainless-steel-tube-653mm\/","name":"ELECTROLUX DITO BERMIXER PRO TURBO 650 W WITH STAINLESS STEEL TUBE (653MM) - HDO Global Trade","isPartOf":{"@id":"https:\/\/hdotrade.com\/#website"},"primaryImageOfPage":{"@id":"https:\/\/hdotrade.com\/product\/electrolux-dito-bermixer-pro-turbo-650-w-with-stainless-steel-tube-653mm\/#primaryimage"},"image":{"@id":"https:\/\/hdotrade.com\/product\/electrolux-dito-bermixer-pro-turbo-650-w-with-stainless-steel-tube-653mm\/#primaryimage"},"thumbnailUrl":"https:\/\/hdotrade.com\/wp-content\/uploads\/2022\/08\/ELECTROLUX-DITO-BERMIXER-PRO-TURBO-650-W-WITH-STAINLESS-STEEL-TUBE-653MM.png","datePublished":"2022-08-28T07:06:24+00:00","dateModified":"2023-09-26T15:13:07+00:00","description":"ELECTROLUX DITO SAMA BERMIXER PRO TURBO 650 W WITH STAINLESS STEEL TUBE (653MM) DITO SAMA IMMERSION BLENDER DITO SAMA HAND MIXER","breadcrumb":{"@id":"https:\/\/hdotrade.com\/product\/electrolux-dito-bermixer-pro-turbo-650-w-with-stainless-steel-tube-653mm\/#breadcrumb"},"inLanguage":"pt-PT","potentialAction":[{"@type":"ReadAction","target":["https:\/\/hdotrade.com\/product\/electrolux-dito-bermixer-pro-turbo-650-w-with-stainless-steel-tube-653mm\/"]}]},{"@type":"ImageObject","inLanguage":"pt-PT","@id":"https:\/\/hdotrade.com\/product\/electrolux-dito-bermixer-pro-turbo-650-w-with-stainless-steel-tube-653mm\/#primaryimage","url":"https:\/\/hdotrade.com\/wp-content\/uploads\/2022\/08\/ELECTROLUX-DITO-BERMIXER-PRO-TURBO-650-W-WITH-STAINLESS-STEEL-TUBE-653MM.png","contentUrl":"https:\/\/hdotrade.com\/wp-content\/uploads\/2022\/08\/ELECTROLUX-DITO-BERMIXER-PRO-TURBO-650-W-WITH-STAINLESS-STEEL-TUBE-653MM.png","width":555,"height":610,"caption":"ELECTROLUX DITO BERMIXER PRO TURBO 650 W WITH STAINLESS STEEL TUBE (653MM)"},{"@type":"BreadcrumbList","@id":"https:\/\/hdotrade.com\/product\/electrolux-dito-bermixer-pro-turbo-650-w-with-stainless-steel-tube-653mm\/#breadcrumb","itemListElement":[{"@type":"ListItem","position":1,"name":"Home","item":"https:\/\/hdotrade.com\/"},{"@type":"ListItem","position":2,"name":"Shop","item":"https:\/\/hdotrade.com\/shop\/"},{"@type":"ListItem","position":3,"name":"ELECTROLUX DITO BERMIXER PRO TURBO 650 W WITH STAINLESS STEEL TUBE (653MM)"}]},{"@type":"WebSite","@id":"https:\/\/hdotrade.com\/#website","url":"https:\/\/hdotrade.com\/","name":"HDO Global Trade","description":"Online store","publisher":{"@id":"https:\/\/hdotrade.com\/#organization"},"potentialAction":[{"@type":"SearchAction","target":{"@type":"EntryPoint","urlTemplate":"https:\/\/hdotrade.com\/?s={search_term_string}"},"query-input":{"@type":"PropertyValueSpecification","valueRequired":true,"valueName":"search_term_string"}}],"inLanguage":"pt-PT"},{"@type":"Organization","@id":"https:\/\/hdotrade.com\/#organization","name":"HDO Global Trade","url":"https:\/\/hdotrade.com\/","logo":{"@type":"ImageObject","inLanguage":"pt-PT","@id":"https:\/\/hdotrade.com\/#\/schema\/logo\/image\/","url":"https:\/\/hdotrade.com\/wp-content\/uploads\/2021\/06\/cropped-cropped-HDO-FINAL-LOGO.png","contentUrl":"https:\/\/hdotrade.com\/wp-content\/uploads\/2021\/06\/cropped-cropped-HDO-FINAL-LOGO.png","width":512,"height":511,"caption":"HDO Global Trade"},"image":{"@id":"https:\/\/hdotrade.com\/#\/schema\/logo\/image\/"}}]}},"_links":{"self":[{"href":"https:\/\/hdotrade.com\/pt\/wp-json\/wp\/v2\/product\/14142","targetHints":{"allow":["GET"]}}],"collection":[{"href":"https:\/\/hdotrade.com\/pt\/wp-json\/wp\/v2\/product"}],"about":[{"href":"https:\/\/hdotrade.com\/pt\/wp-json\/wp\/v2\/types\/product"}],"version-history":[{"count":2,"href":"https:\/\/hdotrade.com\/pt\/wp-json\/wp\/v2\/product\/14142\/revisions"}],"predecessor-version":[{"id":18043,"href":"https:\/\/hdotrade.com\/pt\/wp-json\/wp\/v2\/product\/14142\/revisions\/18043"}],"wp:featuredmedia":[{"embeddable":true,"href":"https:\/\/hdotrade.com\/pt\/wp-json\/wp\/v2\/media\/14145"}],"wp:attachment":[{"href":"https:\/\/hdotrade.com\/pt\/wp-json\/wp\/v2\/media?parent=14142"}],"wp:term":[{"taxonomy":"product_cat","embeddable":true,"href":"https:\/\/hdotrade.com\/pt\/wp-json\/wp\/v2\/product_cat?post=14142"},{"taxonomy":"product_tag","embeddable":true,"href":"https:\/\/hdotrade.com\/pt\/wp-json\/wp\/v2\/product_tag?post=14142"}],"curies":[{"name":"wp","href":"https:\/\/api.w.org\/{rel}","templated":true}]}}