{"id":15714,"date":"2022-10-30T11:02:02","date_gmt":"2022-10-30T11:02:02","guid":{"rendered":"https:\/\/hdotrade.com\/?post_type=product&#038;p=15714"},"modified":"2024-02-26T12:03:59","modified_gmt":"2024-02-26T12:03:59","slug":"hallde-vegetable-preparation-machine-rg200","status":"publish","type":"product","link":"https:\/\/hdotrade.com\/pt\/produto\/hallde-vegetable-preparation-machine-rg200\/","title":{"rendered":"M\u00c1QUINA DE PREPARA\u00c7\u00c3O VEGETAL HALLDE RG200- 380-415 3N 50\/60Hz"},"content":{"rendered":"<p class=\"preamble\">Processa at\u00e9 700 por\u00e7\u00f5es por dia\/ 7 kg por minuto.\u00a0Fatias, grades, peda\u00e7os, cortes de dados julienne e fatias de corte em v\u00e1rias dimens\u00f5es<\/p>\n<p>&nbsp;<\/p>\n<ul>\n<li>Ferramentas de corte em a\u00e7o inoxid\u00e1vel<\/li>\n<li>Ferramentas de corte com l\u00e2minas de faca substitu\u00edveis<\/li>\n<li>Um corte preciso e limpo<\/li>\n<li>Cilindro de alimenta\u00e7\u00e3o em forma de lua cheia<\/li>\n<li>Economia de tempo<\/li>\n<li>Fun\u00e7\u00e3o eficiente de arranque\/paragem para alimenta\u00e7\u00e3o cont\u00ednua<\/li>\n<li>Design inclinado, f\u00e1cil de alimentar<\/li>\n<li>Alimentador de tubos incorporado<\/li>\n<li>Alimentador opcional permite fatias de corte de \u00e2ngulo<\/li>\n<li>Limpeza r\u00e1pida e f\u00e1cil<\/li>\n<li>Manusear, permite f\u00e1cil movimenta\u00e7\u00e3o<\/li>\n<li>Adequado em um banco, mas de prefer\u00eancia uma mesa de m\u00e1quinas<\/li>\n<li>Modelo de tampo de mesa<\/li>\n<li>Seguran\u00e7a exemplar<\/li>\n<li>M\u00e1quina de trabalho pesado robusto<\/li>\n<li>Excelente qualidade, materiais cuidadosamente selecionados<\/li>\n<\/ul>\n<p>HALLDE\u00a0 M\u00c1QUINA DE PREPARA\u00c7\u00c3O DE VEGETAIS RG200- 380-415 3N 50\/60Hz<\/p>","protected":false},"excerpt":{"rendered":"<p>Processes up to 700 portions per day\/ 7 kg per minute.\u00a0Slices, grates, shreds, dices cuts julienne and crimping slices in a variety of dimensions &nbsp; Stainless steel cutting tools Cutting tools with replaceable knife blades A precise and clean cut Full moon shaped feed cylinder Time saving Efficient start\/ stop function for continuous feeding Leaning [&hellip;]<\/p>","protected":false},"featured_media":15719,"template":"","meta":[],"product_cat":[219],"product_tag":[],"class_list":{"0":"post-15714","1":"product","2":"type-product","3":"status-publish","4":"has-post-thumbnail","6":"product_cat-hdo-global","8":"first","9":"instock","10":"taxable","11":"shipping-taxable","12":"product-type-simple"},"acf":[],"yoast_head":"<!-- This site is optimized with the Yoast SEO plugin v24.1 - https:\/\/yoast.com\/wordpress\/plugins\/seo\/ -->\n<title>HALLDE VEGETABLE PREPARATION MACHINE RG200- 380-415 3N 50\/60Hz - HDO Global Trade<\/title>\n<meta name=\"description\" content=\"HALLDE VEGETABLE PREPARATION MACHINE RG200 VEGETABLE CUTTER HALLDE RG200 SEE OUR COMPLETE LINE FOR HALLDE VEGETABLE CUTTER SPARE PARTS DISCS\" \/>\n<meta name=\"robots\" content=\"index, follow, max-snippet:-1, max-image-preview:large, max-video-preview:-1\" \/>\n<link rel=\"canonical\" href=\"https:\/\/hdotrade.com\/pt\/produto\/hallde-vegetable-preparation-machine-rg200\/\" \/>\n<meta property=\"og:locale\" content=\"pt_PT\" \/>\n<meta property=\"og:type\" content=\"article\" \/>\n<meta property=\"og:title\" content=\"HALLDE VEGETABLE PREPARATION MACHINE RG200- 380-415 3N 50\/60Hz - HDO Global Trade\" \/>\n<meta property=\"og:description\" content=\"HALLDE VEGETABLE PREPARATION MACHINE RG200 VEGETABLE CUTTER HALLDE RG200 SEE OUR COMPLETE LINE FOR HALLDE VEGETABLE CUTTER SPARE PARTS DISCS\" \/>\n<meta property=\"og:url\" content=\"https:\/\/hdotrade.com\/pt\/produto\/hallde-vegetable-preparation-machine-rg200\/\" \/>\n<meta property=\"og:site_name\" content=\"HDO Global Trade\" \/>\n<meta property=\"article:modified_time\" content=\"2024-02-26T12:03:59+00:00\" \/>\n<meta property=\"og:image\" content=\"https:\/\/hdotrade.com\/wp-content\/uploads\/2022\/10\/HALLDE-VEGETABLE-PREPARATION-MACHINE-RG200.png\" \/>\n\t<meta property=\"og:image:width\" content=\"700\" \/>\n\t<meta property=\"og:image:height\" content=\"700\" \/>\n\t<meta property=\"og:image:type\" content=\"image\/png\" \/>\n<meta name=\"twitter:card\" content=\"summary_large_image\" \/>\n<meta name=\"twitter:label1\" content=\"Tempo estimado de leitura\" \/>\n\t<meta name=\"twitter:data1\" content=\"1 minuto\" \/>\n<script type=\"application\/ld+json\" class=\"yoast-schema-graph\">{\"@context\":\"https:\/\/schema.org\",\"@graph\":[{\"@type\":\"WebPage\",\"@id\":\"https:\/\/hdotrade.com\/product\/hallde-vegetable-preparation-machine-rg200\/\",\"url\":\"https:\/\/hdotrade.com\/product\/hallde-vegetable-preparation-machine-rg200\/\",\"name\":\"HALLDE VEGETABLE PREPARATION MACHINE RG200- 380-415 3N 50\/60Hz - HDO Global Trade\",\"isPartOf\":{\"@id\":\"https:\/\/hdotrade.com\/#website\"},\"primaryImageOfPage\":{\"@id\":\"https:\/\/hdotrade.com\/product\/hallde-vegetable-preparation-machine-rg200\/#primaryimage\"},\"image\":{\"@id\":\"https:\/\/hdotrade.com\/product\/hallde-vegetable-preparation-machine-rg200\/#primaryimage\"},\"thumbnailUrl\":\"https:\/\/hdotrade.com\/wp-content\/uploads\/2022\/10\/HALLDE-VEGETABLE-PREPARATION-MACHINE-RG200.png\",\"datePublished\":\"2022-10-30T11:02:02+00:00\",\"dateModified\":\"2024-02-26T12:03:59+00:00\",\"description\":\"HALLDE VEGETABLE PREPARATION MACHINE RG200 VEGETABLE CUTTER HALLDE RG200 SEE OUR COMPLETE LINE FOR HALLDE VEGETABLE CUTTER SPARE PARTS DISCS\",\"breadcrumb\":{\"@id\":\"https:\/\/hdotrade.com\/product\/hallde-vegetable-preparation-machine-rg200\/#breadcrumb\"},\"inLanguage\":\"pt-PT\",\"potentialAction\":[{\"@type\":\"ReadAction\",\"target\":[\"https:\/\/hdotrade.com\/product\/hallde-vegetable-preparation-machine-rg200\/\"]}]},{\"@type\":\"ImageObject\",\"inLanguage\":\"pt-PT\",\"@id\":\"https:\/\/hdotrade.com\/product\/hallde-vegetable-preparation-machine-rg200\/#primaryimage\",\"url\":\"https:\/\/hdotrade.com\/wp-content\/uploads\/2022\/10\/HALLDE-VEGETABLE-PREPARATION-MACHINE-RG200.png\",\"contentUrl\":\"https:\/\/hdotrade.com\/wp-content\/uploads\/2022\/10\/HALLDE-VEGETABLE-PREPARATION-MACHINE-RG200.png\",\"width\":700,\"height\":700,\"caption\":\"HALLDE VEGETABLE PREPARATION MACHINE RG200\"},{\"@type\":\"BreadcrumbList\",\"@id\":\"https:\/\/hdotrade.com\/product\/hallde-vegetable-preparation-machine-rg200\/#breadcrumb\",\"itemListElement\":[{\"@type\":\"ListItem\",\"position\":1,\"name\":\"Home\",\"item\":\"https:\/\/hdotrade.com\/\"},{\"@type\":\"ListItem\",\"position\":2,\"name\":\"Shop\",\"item\":\"https:\/\/hdotrade.com\/shop\/\"},{\"@type\":\"ListItem\",\"position\":3,\"name\":\"HALLDE VEGETABLE PREPARATION MACHINE RG200- 380-415 3N 50\/60Hz\"}]},{\"@type\":\"WebSite\",\"@id\":\"https:\/\/hdotrade.com\/#website\",\"url\":\"https:\/\/hdotrade.com\/\",\"name\":\"HDO Global Trade\",\"description\":\"Online store\",\"publisher\":{\"@id\":\"https:\/\/hdotrade.com\/#organization\"},\"potentialAction\":[{\"@type\":\"SearchAction\",\"target\":{\"@type\":\"EntryPoint\",\"urlTemplate\":\"https:\/\/hdotrade.com\/?s={search_term_string}\"},\"query-input\":{\"@type\":\"PropertyValueSpecification\",\"valueRequired\":true,\"valueName\":\"search_term_string\"}}],\"inLanguage\":\"pt-PT\"},{\"@type\":\"Organization\",\"@id\":\"https:\/\/hdotrade.com\/#organization\",\"name\":\"HDO Global Trade\",\"url\":\"https:\/\/hdotrade.com\/\",\"logo\":{\"@type\":\"ImageObject\",\"inLanguage\":\"pt-PT\",\"@id\":\"https:\/\/hdotrade.com\/#\/schema\/logo\/image\/\",\"url\":\"https:\/\/hdotrade.com\/wp-content\/uploads\/2021\/06\/cropped-cropped-HDO-FINAL-LOGO.png\",\"contentUrl\":\"https:\/\/hdotrade.com\/wp-content\/uploads\/2021\/06\/cropped-cropped-HDO-FINAL-LOGO.png\",\"width\":512,\"height\":511,\"caption\":\"HDO Global Trade\"},\"image\":{\"@id\":\"https:\/\/hdotrade.com\/#\/schema\/logo\/image\/\"}}]}<\/script>\n<!-- \/ Yoast SEO plugin. -->","yoast_head_json":{"title":"HALLDE VEGETABLE PREPARATION MACHINE RG200- 380-415 3N 50\/60Hz - HDO Global Trade","description":"HALLDE VEGETABLE PREPARATION MACHINE RG200 VEGETABLE CUTTER HALLDE RG200 SEE OUR COMPLETE LINE FOR HALLDE VEGETABLE CUTTER SPARE PARTS DISCS","robots":{"index":"index","follow":"follow","max-snippet":"max-snippet:-1","max-image-preview":"max-image-preview:large","max-video-preview":"max-video-preview:-1"},"canonical":"https:\/\/hdotrade.com\/pt\/produto\/hallde-vegetable-preparation-machine-rg200\/","og_locale":"pt_PT","og_type":"article","og_title":"HALLDE VEGETABLE PREPARATION MACHINE RG200- 380-415 3N 50\/60Hz - HDO Global Trade","og_description":"HALLDE VEGETABLE PREPARATION MACHINE RG200 VEGETABLE CUTTER HALLDE RG200 SEE OUR COMPLETE LINE FOR HALLDE VEGETABLE CUTTER SPARE PARTS DISCS","og_url":"https:\/\/hdotrade.com\/pt\/produto\/hallde-vegetable-preparation-machine-rg200\/","og_site_name":"HDO Global Trade","article_modified_time":"2024-02-26T12:03:59+00:00","og_image":[{"width":700,"height":700,"url":"https:\/\/hdotrade.com\/wp-content\/uploads\/2022\/10\/HALLDE-VEGETABLE-PREPARATION-MACHINE-RG200.png","type":"image\/png"}],"twitter_card":"summary_large_image","twitter_misc":{"Tempo estimado de leitura":"1 minuto"},"schema":{"@context":"https:\/\/schema.org","@graph":[{"@type":"WebPage","@id":"https:\/\/hdotrade.com\/product\/hallde-vegetable-preparation-machine-rg200\/","url":"https:\/\/hdotrade.com\/product\/hallde-vegetable-preparation-machine-rg200\/","name":"HALLDE VEGETABLE PREPARATION MACHINE RG200- 380-415 3N 50\/60Hz - HDO Global Trade","isPartOf":{"@id":"https:\/\/hdotrade.com\/#website"},"primaryImageOfPage":{"@id":"https:\/\/hdotrade.com\/product\/hallde-vegetable-preparation-machine-rg200\/#primaryimage"},"image":{"@id":"https:\/\/hdotrade.com\/product\/hallde-vegetable-preparation-machine-rg200\/#primaryimage"},"thumbnailUrl":"https:\/\/hdotrade.com\/wp-content\/uploads\/2022\/10\/HALLDE-VEGETABLE-PREPARATION-MACHINE-RG200.png","datePublished":"2022-10-30T11:02:02+00:00","dateModified":"2024-02-26T12:03:59+00:00","description":"HALLDE VEGETABLE PREPARATION MACHINE RG200 VEGETABLE CUTTER HALLDE RG200 SEE OUR COMPLETE LINE FOR HALLDE VEGETABLE CUTTER SPARE PARTS DISCS","breadcrumb":{"@id":"https:\/\/hdotrade.com\/product\/hallde-vegetable-preparation-machine-rg200\/#breadcrumb"},"inLanguage":"pt-PT","potentialAction":[{"@type":"ReadAction","target":["https:\/\/hdotrade.com\/product\/hallde-vegetable-preparation-machine-rg200\/"]}]},{"@type":"ImageObject","inLanguage":"pt-PT","@id":"https:\/\/hdotrade.com\/product\/hallde-vegetable-preparation-machine-rg200\/#primaryimage","url":"https:\/\/hdotrade.com\/wp-content\/uploads\/2022\/10\/HALLDE-VEGETABLE-PREPARATION-MACHINE-RG200.png","contentUrl":"https:\/\/hdotrade.com\/wp-content\/uploads\/2022\/10\/HALLDE-VEGETABLE-PREPARATION-MACHINE-RG200.png","width":700,"height":700,"caption":"HALLDE VEGETABLE PREPARATION MACHINE RG200"},{"@type":"BreadcrumbList","@id":"https:\/\/hdotrade.com\/product\/hallde-vegetable-preparation-machine-rg200\/#breadcrumb","itemListElement":[{"@type":"ListItem","position":1,"name":"Home","item":"https:\/\/hdotrade.com\/"},{"@type":"ListItem","position":2,"name":"Shop","item":"https:\/\/hdotrade.com\/shop\/"},{"@type":"ListItem","position":3,"name":"HALLDE VEGETABLE PREPARATION MACHINE RG200- 380-415 3N 50\/60Hz"}]},{"@type":"WebSite","@id":"https:\/\/hdotrade.com\/#website","url":"https:\/\/hdotrade.com\/","name":"HDO Global Trade","description":"Online store","publisher":{"@id":"https:\/\/hdotrade.com\/#organization"},"potentialAction":[{"@type":"SearchAction","target":{"@type":"EntryPoint","urlTemplate":"https:\/\/hdotrade.com\/?s={search_term_string}"},"query-input":{"@type":"PropertyValueSpecification","valueRequired":true,"valueName":"search_term_string"}}],"inLanguage":"pt-PT"},{"@type":"Organization","@id":"https:\/\/hdotrade.com\/#organization","name":"HDO Global Trade","url":"https:\/\/hdotrade.com\/","logo":{"@type":"ImageObject","inLanguage":"pt-PT","@id":"https:\/\/hdotrade.com\/#\/schema\/logo\/image\/","url":"https:\/\/hdotrade.com\/wp-content\/uploads\/2021\/06\/cropped-cropped-HDO-FINAL-LOGO.png","contentUrl":"https:\/\/hdotrade.com\/wp-content\/uploads\/2021\/06\/cropped-cropped-HDO-FINAL-LOGO.png","width":512,"height":511,"caption":"HDO Global Trade"},"image":{"@id":"https:\/\/hdotrade.com\/#\/schema\/logo\/image\/"}}]}},"_links":{"self":[{"href":"https:\/\/hdotrade.com\/pt\/wp-json\/wp\/v2\/product\/15714","targetHints":{"allow":["GET"]}}],"collection":[{"href":"https:\/\/hdotrade.com\/pt\/wp-json\/wp\/v2\/product"}],"about":[{"href":"https:\/\/hdotrade.com\/pt\/wp-json\/wp\/v2\/types\/product"}],"version-history":[{"count":7,"href":"https:\/\/hdotrade.com\/pt\/wp-json\/wp\/v2\/product\/15714\/revisions"}],"predecessor-version":[{"id":17975,"href":"https:\/\/hdotrade.com\/pt\/wp-json\/wp\/v2\/product\/15714\/revisions\/17975"}],"wp:featuredmedia":[{"embeddable":true,"href":"https:\/\/hdotrade.com\/pt\/wp-json\/wp\/v2\/media\/15719"}],"wp:attachment":[{"href":"https:\/\/hdotrade.com\/pt\/wp-json\/wp\/v2\/media?parent=15714"}],"wp:term":[{"taxonomy":"product_cat","embeddable":true,"href":"https:\/\/hdotrade.com\/pt\/wp-json\/wp\/v2\/product_cat?post=15714"},{"taxonomy":"product_tag","embeddable":true,"href":"https:\/\/hdotrade.com\/pt\/wp-json\/wp\/v2\/product_tag?post=15714"}],"curies":[{"name":"wp","href":"https:\/\/api.w.org\/{rel}","templated":true}]}}