{"id":2356,"date":"2021-06-24T18:41:28","date_gmt":"2021-06-24T18:41:28","guid":{"rendered":"http:\/\/hdotrade.com\/?post_type=product&#038;p=2356"},"modified":"2023-05-19T11:59:44","modified_gmt":"2023-05-19T11:59:44","slug":"dynamic-senior-motor-brushes-pair-220-240v","status":"publish","type":"product","link":"https:\/\/hdotrade.com\/pt\/produto\/dynamic-senior-motor-brushes-pair-220-240v\/","title":{"rendered":"DYNAMIC VARINHA M\u00c1GICA SENIOR MOTOR ESCOVAS (PAR) 220-240V"},"content":{"rendered":"<p>PARA M\u00c1QUINA DYNAMIC S\u00c9NIOR MX300 (MX007) BLOCO DE MOTOR BM S\u00c9NIOR (AC005) , PMX98<\/p>\n<p>DYNAMIC ESCOVAS DE MOTOR MISTURADOR S\u00caNIOR (PAR) 220-240V<\/p>","protected":false},"excerpt":{"rendered":"<p>FOR DYNAMIC MACHINE \u00a0SENIOR MX300 (MX007) SENIOR BM MOTOR BLOCK (AC005) ,\u00a0 PMX98 DYNAMIC ESCOVAS DE MOTOR MISTURADOR S\u00caNIOR (PAR) 220-240V<\/p>","protected":false},"featured_media":2357,"template":"","meta":[],"product_cat":[41,49,158],"product_tag":[],"class_list":{"0":"post-2356","1":"product","2":"type-product","3":"status-publish","4":"has-post-thumbnail","6":"product_cat-dynamic","7":"product_cat-mixer-dynamic","8":"product_cat-senior-range","10":"first","11":"instock","12":"taxable","13":"shipping-taxable","14":"purchasable","15":"product-type-simple"},"acf":[],"yoast_head":"<!-- This site is optimized with the Yoast SEO plugin v24.1 - https:\/\/yoast.com\/wordpress\/plugins\/seo\/ -->\n<title>DYNAMIC MIXER SENIOR MOTOR BRUSHES (PAIR) 220-240V - HDO Global Trade<\/title>\n<meta name=\"description\" content=\"DYNAMIC MIXER SENIOR MOTOR BRUSHES (PAIR) 220-240V FOR DYNAMIC MACHINE\u00a0SENIOR MX300 (MX007) BM MOTOR BLOCK SENIOR (AC005) PMX98\" \/>\n<meta name=\"robots\" content=\"index, follow, max-snippet:-1, max-image-preview:large, max-video-preview:-1\" \/>\n<link rel=\"canonical\" href=\"https:\/\/hdotrade.com\/pt\/produto\/dynamic-senior-motor-brushes-pair-220-240v\/\" \/>\n<meta property=\"og:locale\" content=\"pt_PT\" \/>\n<meta property=\"og:type\" content=\"article\" \/>\n<meta property=\"og:title\" content=\"DYNAMIC MIXER SENIOR MOTOR BRUSHES (PAIR) 220-240V - HDO Global Trade\" \/>\n<meta property=\"og:description\" content=\"DYNAMIC MIXER SENIOR MOTOR BRUSHES (PAIR) 220-240V FOR DYNAMIC MACHINE\u00a0SENIOR MX300 (MX007) BM MOTOR BLOCK SENIOR (AC005) PMX98\" \/>\n<meta property=\"og:url\" content=\"https:\/\/hdotrade.com\/pt\/produto\/dynamic-senior-motor-brushes-pair-220-240v\/\" \/>\n<meta property=\"og:site_name\" content=\"HDO Global Trade\" \/>\n<meta property=\"article:modified_time\" content=\"2023-05-19T11:59:44+00:00\" \/>\n<meta property=\"og:image\" content=\"https:\/\/hdotrade.com\/wp-content\/uploads\/2021\/06\/DYNAMIC-SENIOR-MOTOR-BRUSHES-PAIR-220-240V.png\" \/>\n\t<meta property=\"og:image:width\" content=\"500\" \/>\n\t<meta property=\"og:image:height\" content=\"500\" \/>\n\t<meta property=\"og:image:type\" content=\"image\/png\" \/>\n<meta name=\"twitter:card\" content=\"summary_large_image\" \/>\n<meta name=\"twitter:label1\" content=\"Tempo estimado de leitura\" \/>\n\t<meta name=\"twitter:data1\" content=\"1 minuto\" \/>\n<script type=\"application\/ld+json\" class=\"yoast-schema-graph\">{\"@context\":\"https:\/\/schema.org\",\"@graph\":[{\"@type\":\"WebPage\",\"@id\":\"https:\/\/hdotrade.com\/product\/dynamic-senior-motor-brushes-pair-220-240v\/\",\"url\":\"https:\/\/hdotrade.com\/product\/dynamic-senior-motor-brushes-pair-220-240v\/\",\"name\":\"DYNAMIC MIXER SENIOR MOTOR BRUSHES (PAIR) 220-240V - HDO Global Trade\",\"isPartOf\":{\"@id\":\"https:\/\/hdotrade.com\/#website\"},\"primaryImageOfPage\":{\"@id\":\"https:\/\/hdotrade.com\/product\/dynamic-senior-motor-brushes-pair-220-240v\/#primaryimage\"},\"image\":{\"@id\":\"https:\/\/hdotrade.com\/product\/dynamic-senior-motor-brushes-pair-220-240v\/#primaryimage\"},\"thumbnailUrl\":\"https:\/\/hdotrade.com\/wp-content\/uploads\/2021\/06\/DYNAMIC-SENIOR-MOTOR-BRUSHES-PAIR-220-240V.png\",\"datePublished\":\"2021-06-24T18:41:28+00:00\",\"dateModified\":\"2023-05-19T11:59:44+00:00\",\"description\":\"DYNAMIC MIXER SENIOR MOTOR BRUSHES (PAIR) 220-240V FOR DYNAMIC MACHINE\u00a0SENIOR MX300 (MX007) BM MOTOR BLOCK SENIOR (AC005) PMX98\",\"breadcrumb\":{\"@id\":\"https:\/\/hdotrade.com\/product\/dynamic-senior-motor-brushes-pair-220-240v\/#breadcrumb\"},\"inLanguage\":\"pt-PT\",\"potentialAction\":[{\"@type\":\"ReadAction\",\"target\":[\"https:\/\/hdotrade.com\/product\/dynamic-senior-motor-brushes-pair-220-240v\/\"]}]},{\"@type\":\"ImageObject\",\"inLanguage\":\"pt-PT\",\"@id\":\"https:\/\/hdotrade.com\/product\/dynamic-senior-motor-brushes-pair-220-240v\/#primaryimage\",\"url\":\"https:\/\/hdotrade.com\/wp-content\/uploads\/2021\/06\/DYNAMIC-SENIOR-MOTOR-BRUSHES-PAIR-220-240V.png\",\"contentUrl\":\"https:\/\/hdotrade.com\/wp-content\/uploads\/2021\/06\/DYNAMIC-SENIOR-MOTOR-BRUSHES-PAIR-220-240V.png\",\"width\":500,\"height\":500,\"caption\":\"DYNAMIC SENIOR MOTOR-BRUSHES PAIR 220 240V\"},{\"@type\":\"BreadcrumbList\",\"@id\":\"https:\/\/hdotrade.com\/product\/dynamic-senior-motor-brushes-pair-220-240v\/#breadcrumb\",\"itemListElement\":[{\"@type\":\"ListItem\",\"position\":1,\"name\":\"Home\",\"item\":\"https:\/\/hdotrade.com\/\"},{\"@type\":\"ListItem\",\"position\":2,\"name\":\"Shop\",\"item\":\"https:\/\/hdotrade.com\/shop\/\"},{\"@type\":\"ListItem\",\"position\":3,\"name\":\"DYNAMIC MIXER SENIOR MOTOR BRUSHES (PAIR) 220-240V\"}]},{\"@type\":\"WebSite\",\"@id\":\"https:\/\/hdotrade.com\/#website\",\"url\":\"https:\/\/hdotrade.com\/\",\"name\":\"HDO Global Trade\",\"description\":\"Online store\",\"publisher\":{\"@id\":\"https:\/\/hdotrade.com\/#organization\"},\"potentialAction\":[{\"@type\":\"SearchAction\",\"target\":{\"@type\":\"EntryPoint\",\"urlTemplate\":\"https:\/\/hdotrade.com\/?s={search_term_string}\"},\"query-input\":{\"@type\":\"PropertyValueSpecification\",\"valueRequired\":true,\"valueName\":\"search_term_string\"}}],\"inLanguage\":\"pt-PT\"},{\"@type\":\"Organization\",\"@id\":\"https:\/\/hdotrade.com\/#organization\",\"name\":\"HDO Global Trade\",\"url\":\"https:\/\/hdotrade.com\/\",\"logo\":{\"@type\":\"ImageObject\",\"inLanguage\":\"pt-PT\",\"@id\":\"https:\/\/hdotrade.com\/#\/schema\/logo\/image\/\",\"url\":\"https:\/\/hdotrade.com\/wp-content\/uploads\/2021\/06\/cropped-cropped-HDO-FINAL-LOGO.png\",\"contentUrl\":\"https:\/\/hdotrade.com\/wp-content\/uploads\/2021\/06\/cropped-cropped-HDO-FINAL-LOGO.png\",\"width\":512,\"height\":511,\"caption\":\"HDO Global Trade\"},\"image\":{\"@id\":\"https:\/\/hdotrade.com\/#\/schema\/logo\/image\/\"}}]}<\/script>\n<!-- \/ Yoast SEO plugin. -->","yoast_head_json":{"title":"DYNAMIC MIXER SENIOR MOTOR BRUSHES (PAIR) 220-240V - HDO Global Trade","description":"DYNAMIC MIXER SENIOR MOTOR BRUSHES (PAIR) 220-240V FOR DYNAMIC MACHINE\u00a0SENIOR MX300 (MX007) BM MOTOR BLOCK SENIOR (AC005) PMX98","robots":{"index":"index","follow":"follow","max-snippet":"max-snippet:-1","max-image-preview":"max-image-preview:large","max-video-preview":"max-video-preview:-1"},"canonical":"https:\/\/hdotrade.com\/pt\/produto\/dynamic-senior-motor-brushes-pair-220-240v\/","og_locale":"pt_PT","og_type":"article","og_title":"DYNAMIC MIXER SENIOR MOTOR BRUSHES (PAIR) 220-240V - HDO Global Trade","og_description":"DYNAMIC MIXER SENIOR MOTOR BRUSHES (PAIR) 220-240V FOR DYNAMIC MACHINE\u00a0SENIOR MX300 (MX007) BM MOTOR BLOCK SENIOR (AC005) PMX98","og_url":"https:\/\/hdotrade.com\/pt\/produto\/dynamic-senior-motor-brushes-pair-220-240v\/","og_site_name":"HDO Global Trade","article_modified_time":"2023-05-19T11:59:44+00:00","og_image":[{"width":500,"height":500,"url":"https:\/\/hdotrade.com\/wp-content\/uploads\/2021\/06\/DYNAMIC-SENIOR-MOTOR-BRUSHES-PAIR-220-240V.png","type":"image\/png"}],"twitter_card":"summary_large_image","twitter_misc":{"Tempo estimado de leitura":"1 minuto"},"schema":{"@context":"https:\/\/schema.org","@graph":[{"@type":"WebPage","@id":"https:\/\/hdotrade.com\/product\/dynamic-senior-motor-brushes-pair-220-240v\/","url":"https:\/\/hdotrade.com\/product\/dynamic-senior-motor-brushes-pair-220-240v\/","name":"DYNAMIC MIXER SENIOR MOTOR BRUSHES (PAIR) 220-240V - HDO Global Trade","isPartOf":{"@id":"https:\/\/hdotrade.com\/#website"},"primaryImageOfPage":{"@id":"https:\/\/hdotrade.com\/product\/dynamic-senior-motor-brushes-pair-220-240v\/#primaryimage"},"image":{"@id":"https:\/\/hdotrade.com\/product\/dynamic-senior-motor-brushes-pair-220-240v\/#primaryimage"},"thumbnailUrl":"https:\/\/hdotrade.com\/wp-content\/uploads\/2021\/06\/DYNAMIC-SENIOR-MOTOR-BRUSHES-PAIR-220-240V.png","datePublished":"2021-06-24T18:41:28+00:00","dateModified":"2023-05-19T11:59:44+00:00","description":"DYNAMIC MIXER SENIOR MOTOR BRUSHES (PAIR) 220-240V FOR DYNAMIC MACHINE\u00a0SENIOR MX300 (MX007) BM MOTOR BLOCK SENIOR (AC005) PMX98","breadcrumb":{"@id":"https:\/\/hdotrade.com\/product\/dynamic-senior-motor-brushes-pair-220-240v\/#breadcrumb"},"inLanguage":"pt-PT","potentialAction":[{"@type":"ReadAction","target":["https:\/\/hdotrade.com\/product\/dynamic-senior-motor-brushes-pair-220-240v\/"]}]},{"@type":"ImageObject","inLanguage":"pt-PT","@id":"https:\/\/hdotrade.com\/product\/dynamic-senior-motor-brushes-pair-220-240v\/#primaryimage","url":"https:\/\/hdotrade.com\/wp-content\/uploads\/2021\/06\/DYNAMIC-SENIOR-MOTOR-BRUSHES-PAIR-220-240V.png","contentUrl":"https:\/\/hdotrade.com\/wp-content\/uploads\/2021\/06\/DYNAMIC-SENIOR-MOTOR-BRUSHES-PAIR-220-240V.png","width":500,"height":500,"caption":"DYNAMIC SENIOR MOTOR-BRUSHES PAIR 220 240V"},{"@type":"BreadcrumbList","@id":"https:\/\/hdotrade.com\/product\/dynamic-senior-motor-brushes-pair-220-240v\/#breadcrumb","itemListElement":[{"@type":"ListItem","position":1,"name":"Home","item":"https:\/\/hdotrade.com\/"},{"@type":"ListItem","position":2,"name":"Shop","item":"https:\/\/hdotrade.com\/shop\/"},{"@type":"ListItem","position":3,"name":"DYNAMIC MIXER SENIOR MOTOR BRUSHES (PAIR) 220-240V"}]},{"@type":"WebSite","@id":"https:\/\/hdotrade.com\/#website","url":"https:\/\/hdotrade.com\/","name":"HDO Global Trade","description":"Online store","publisher":{"@id":"https:\/\/hdotrade.com\/#organization"},"potentialAction":[{"@type":"SearchAction","target":{"@type":"EntryPoint","urlTemplate":"https:\/\/hdotrade.com\/?s={search_term_string}"},"query-input":{"@type":"PropertyValueSpecification","valueRequired":true,"valueName":"search_term_string"}}],"inLanguage":"pt-PT"},{"@type":"Organization","@id":"https:\/\/hdotrade.com\/#organization","name":"HDO Global Trade","url":"https:\/\/hdotrade.com\/","logo":{"@type":"ImageObject","inLanguage":"pt-PT","@id":"https:\/\/hdotrade.com\/#\/schema\/logo\/image\/","url":"https:\/\/hdotrade.com\/wp-content\/uploads\/2021\/06\/cropped-cropped-HDO-FINAL-LOGO.png","contentUrl":"https:\/\/hdotrade.com\/wp-content\/uploads\/2021\/06\/cropped-cropped-HDO-FINAL-LOGO.png","width":512,"height":511,"caption":"HDO Global Trade"},"image":{"@id":"https:\/\/hdotrade.com\/#\/schema\/logo\/image\/"}}]}},"_links":{"self":[{"href":"https:\/\/hdotrade.com\/pt\/wp-json\/wp\/v2\/product\/2356","targetHints":{"allow":["GET"]}}],"collection":[{"href":"https:\/\/hdotrade.com\/pt\/wp-json\/wp\/v2\/product"}],"about":[{"href":"https:\/\/hdotrade.com\/pt\/wp-json\/wp\/v2\/types\/product"}],"version-history":[{"count":5,"href":"https:\/\/hdotrade.com\/pt\/wp-json\/wp\/v2\/product\/2356\/revisions"}],"predecessor-version":[{"id":18784,"href":"https:\/\/hdotrade.com\/pt\/wp-json\/wp\/v2\/product\/2356\/revisions\/18784"}],"wp:featuredmedia":[{"embeddable":true,"href":"https:\/\/hdotrade.com\/pt\/wp-json\/wp\/v2\/media\/2357"}],"wp:attachment":[{"href":"https:\/\/hdotrade.com\/pt\/wp-json\/wp\/v2\/media?parent=2356"}],"wp:term":[{"taxonomy":"product_cat","embeddable":true,"href":"https:\/\/hdotrade.com\/pt\/wp-json\/wp\/v2\/product_cat?post=2356"},{"taxonomy":"product_tag","embeddable":true,"href":"https:\/\/hdotrade.com\/pt\/wp-json\/wp\/v2\/product_tag?post=2356"}],"curies":[{"name":"wp","href":"https:\/\/api.w.org\/{rel}","templated":true}]}}