{"id":3799,"date":"2021-07-23T09:37:23","date_gmt":"2021-07-23T09:37:23","guid":{"rendered":"http:\/\/hdotrade.com\/?post_type=product&#038;p=3799"},"modified":"2023-05-08T10:34:33","modified_gmt":"2023-05-08T10:34:33","slug":"dynamic-mixer-waterproof-seal","status":"publish","type":"product","link":"https:\/\/hdotrade.com\/pt\/produto\/dynamic-mixer-waterproof-seal\/","title":{"rendered":"DYNAMIC VARINHA M\u00c1GICA SELO IMPERME\u00c1VEL"},"content":{"rendered":"<p>DYNAMIC VARINHA M\u00c1GICA SELO IMPERME\u00c1VEL<\/p>\n<p>PARA DYNAMIC MAQUINA<\/p>\n<ul>\n<li>SHAFT M300 JUNIOR\u00a0 (AC105)<\/li>\n<li>MX300 SENIOR\u00a0 (MX007)<\/li>\n<li>SHAFT M300 SENIOR (AC006)<\/li>\n<li>MX79<\/li>\n<li>MX2000<\/li>\n<li>MX 2000 DSC<\/li>\n<li>MX91-410<\/li>\n<li>MX91-500<\/li>\n<li>MX410 (MX004)<\/li>\n<li>AC001 (BM2000) SHAFT M410\u00a0 ( AC002)<\/li>\n<li>AC001 (BM2000) SHAFT M500\u00a0 ( AC500)<\/li>\n<li>AC001 (BM2000)\u00a0 SHAFT M 410.HC (AC002.HC)<\/li>\n<li>AC001 (BM2000)\u00a0 SHAFT M 410.H (AC002.H)<\/li>\n<li>AC001 (BM2000)<\/li>\n<li>AC001 (BM2000)M 300 CC\u00a0 (AC260.HC)<\/li>\n<li>SMX600E (MX002)<\/li>\n<li>SMX700E (MX040)<\/li>\n<li>SMX800E (MX001)<\/li>\n<li>SMX 600 DSC<\/li>\n<li>SMX 800 DSC<\/li>\n<li>SMX 600 TURBO (MX002T)<\/li>\n<li>SMX 700 TURBO (AC075T)<\/li>\n<li>SMX 800 TURBO (AC076T)<\/li>\n<li>SMX 300 CC TURBO\u00a0 SHAFT (AC250T)<\/li>\n<\/ul>\n<p>DYNAMIC MISTURADOR SELO IMPERMEAVEL<\/p>\n<p>&nbsp;<\/p>","protected":false},"excerpt":{"rendered":"<p>DYNAMIC MIXER WATERPROOF SEAL FOR DYNAMIC MACHINE SHAFT M300 JUNIOR\u00a0 (AC105) MX300 SENIOR\u00a0 (MX007) SHAFT M300 SENIOR (AC006) MX79 MX2000 MX 2000 DSC MX91-410 MX91-500 MX410 (MX004) AC001 (BM2000) SHAFT M410\u00a0 ( AC002) AC001 (BM2000) SHAFT M500\u00a0 ( AC500) AC001 (BM2000)\u00a0 SHAFT M 410.HC (AC002.HC) AC001 (BM2000)\u00a0 SHAFT M 410.H (AC002.H) AC001 (BM2000) AC001 (BM2000)M [&hellip;]<\/p>","protected":false},"featured_media":3801,"template":"","meta":[],"product_cat":[41,49,156,157,158,155],"product_tag":[],"class_list":{"0":"post-3799","1":"product","2":"type-product","3":"status-publish","4":"has-post-thumbnail","6":"product_cat-dynamic","7":"product_cat-mixer-dynamic","8":"product_cat-junior-range","9":"product_cat-master-range","10":"product_cat-senior-range","11":"product_cat-smx-range","13":"first","14":"instock","15":"taxable","16":"shipping-taxable","17":"product-type-simple"},"acf":[],"yoast_head":"<!-- This site is optimized with the Yoast SEO plugin v24.1 - https:\/\/yoast.com\/wordpress\/plugins\/seo\/ -->\n<title>DYNAMIC MIXER WATERPROOF SEAL - HDO Global Trade<\/title>\n<meta name=\"description\" content=\"DYNAMIC MIXER WATERPROOF SEAL CODE 0607 - SEE OUR COMPLETE LINE FOR DYNAMIC MIXER SARIE SPARE PARTS &amp; ACCESSORIES\" \/>\n<meta name=\"robots\" content=\"index, follow, max-snippet:-1, max-image-preview:large, max-video-preview:-1\" \/>\n<link rel=\"canonical\" href=\"https:\/\/hdotrade.com\/pt\/produto\/dynamic-mixer-waterproof-seal\/\" \/>\n<meta property=\"og:locale\" content=\"pt_PT\" \/>\n<meta property=\"og:type\" content=\"article\" \/>\n<meta property=\"og:title\" content=\"DYNAMIC MIXER WATERPROOF SEAL - HDO Global Trade\" \/>\n<meta property=\"og:description\" content=\"DYNAMIC MIXER WATERPROOF SEAL CODE 0607 - SEE OUR COMPLETE LINE FOR DYNAMIC MIXER SARIE SPARE PARTS &amp; ACCESSORIES\" \/>\n<meta property=\"og:url\" content=\"https:\/\/hdotrade.com\/pt\/produto\/dynamic-mixer-waterproof-seal\/\" \/>\n<meta property=\"og:site_name\" content=\"HDO Global Trade\" \/>\n<meta property=\"article:modified_time\" content=\"2023-05-08T10:34:33+00:00\" \/>\n<meta property=\"og:image\" content=\"https:\/\/hdotrade.com\/wp-content\/uploads\/2021\/07\/DYNAMIC-MIXER-WATERPROOF-SEAL-0607.png\" \/>\n\t<meta property=\"og:image:width\" content=\"500\" \/>\n\t<meta property=\"og:image:height\" content=\"500\" \/>\n\t<meta property=\"og:image:type\" content=\"image\/png\" \/>\n<meta name=\"twitter:card\" content=\"summary_large_image\" \/>\n<meta name=\"twitter:label1\" content=\"Tempo estimado de leitura\" \/>\n\t<meta name=\"twitter:data1\" content=\"1 minuto\" \/>\n<script type=\"application\/ld+json\" class=\"yoast-schema-graph\">{\"@context\":\"https:\/\/schema.org\",\"@graph\":[{\"@type\":\"WebPage\",\"@id\":\"https:\/\/hdotrade.com\/product\/dynamic-mixer-waterproof-seal\/\",\"url\":\"https:\/\/hdotrade.com\/product\/dynamic-mixer-waterproof-seal\/\",\"name\":\"DYNAMIC MIXER WATERPROOF SEAL - HDO Global Trade\",\"isPartOf\":{\"@id\":\"https:\/\/hdotrade.com\/#website\"},\"primaryImageOfPage\":{\"@id\":\"https:\/\/hdotrade.com\/product\/dynamic-mixer-waterproof-seal\/#primaryimage\"},\"image\":{\"@id\":\"https:\/\/hdotrade.com\/product\/dynamic-mixer-waterproof-seal\/#primaryimage\"},\"thumbnailUrl\":\"https:\/\/hdotrade.com\/wp-content\/uploads\/2021\/07\/DYNAMIC-MIXER-WATERPROOF-SEAL-0607.png\",\"datePublished\":\"2021-07-23T09:37:23+00:00\",\"dateModified\":\"2023-05-08T10:34:33+00:00\",\"description\":\"DYNAMIC MIXER WATERPROOF SEAL CODE 0607 - SEE OUR COMPLETE LINE FOR DYNAMIC MIXER SARIE SPARE PARTS & ACCESSORIES\",\"breadcrumb\":{\"@id\":\"https:\/\/hdotrade.com\/product\/dynamic-mixer-waterproof-seal\/#breadcrumb\"},\"inLanguage\":\"pt-PT\",\"potentialAction\":[{\"@type\":\"ReadAction\",\"target\":[\"https:\/\/hdotrade.com\/product\/dynamic-mixer-waterproof-seal\/\"]}]},{\"@type\":\"ImageObject\",\"inLanguage\":\"pt-PT\",\"@id\":\"https:\/\/hdotrade.com\/product\/dynamic-mixer-waterproof-seal\/#primaryimage\",\"url\":\"https:\/\/hdotrade.com\/wp-content\/uploads\/2021\/07\/DYNAMIC-MIXER-WATERPROOF-SEAL-0607.png\",\"contentUrl\":\"https:\/\/hdotrade.com\/wp-content\/uploads\/2021\/07\/DYNAMIC-MIXER-WATERPROOF-SEAL-0607.png\",\"width\":500,\"height\":500,\"caption\":\"DYNAMIC-MIXER-WATERPROOF-SEAL-0607\"},{\"@type\":\"BreadcrumbList\",\"@id\":\"https:\/\/hdotrade.com\/product\/dynamic-mixer-waterproof-seal\/#breadcrumb\",\"itemListElement\":[{\"@type\":\"ListItem\",\"position\":1,\"name\":\"Home\",\"item\":\"https:\/\/hdotrade.com\/\"},{\"@type\":\"ListItem\",\"position\":2,\"name\":\"Shop\",\"item\":\"https:\/\/hdotrade.com\/shop\/\"},{\"@type\":\"ListItem\",\"position\":3,\"name\":\"DYNAMIC MIXER WATERPROOF SEAL\"}]},{\"@type\":\"WebSite\",\"@id\":\"https:\/\/hdotrade.com\/#website\",\"url\":\"https:\/\/hdotrade.com\/\",\"name\":\"HDO Global Trade\",\"description\":\"Online store\",\"publisher\":{\"@id\":\"https:\/\/hdotrade.com\/#organization\"},\"potentialAction\":[{\"@type\":\"SearchAction\",\"target\":{\"@type\":\"EntryPoint\",\"urlTemplate\":\"https:\/\/hdotrade.com\/?s={search_term_string}\"},\"query-input\":{\"@type\":\"PropertyValueSpecification\",\"valueRequired\":true,\"valueName\":\"search_term_string\"}}],\"inLanguage\":\"pt-PT\"},{\"@type\":\"Organization\",\"@id\":\"https:\/\/hdotrade.com\/#organization\",\"name\":\"HDO Global Trade\",\"url\":\"https:\/\/hdotrade.com\/\",\"logo\":{\"@type\":\"ImageObject\",\"inLanguage\":\"pt-PT\",\"@id\":\"https:\/\/hdotrade.com\/#\/schema\/logo\/image\/\",\"url\":\"https:\/\/hdotrade.com\/wp-content\/uploads\/2021\/06\/cropped-cropped-HDO-FINAL-LOGO.png\",\"contentUrl\":\"https:\/\/hdotrade.com\/wp-content\/uploads\/2021\/06\/cropped-cropped-HDO-FINAL-LOGO.png\",\"width\":512,\"height\":511,\"caption\":\"HDO Global Trade\"},\"image\":{\"@id\":\"https:\/\/hdotrade.com\/#\/schema\/logo\/image\/\"}}]}<\/script>\n<!-- \/ Yoast SEO plugin. -->","yoast_head_json":{"title":"DYNAMIC MIXER WATERPROOF SEAL - HDO Global Trade","description":"DYNAMIC MIXER WATERPROOF SEAL CODE 0607 - SEE OUR COMPLETE LINE FOR DYNAMIC MIXER SARIE SPARE PARTS & ACCESSORIES","robots":{"index":"index","follow":"follow","max-snippet":"max-snippet:-1","max-image-preview":"max-image-preview:large","max-video-preview":"max-video-preview:-1"},"canonical":"https:\/\/hdotrade.com\/pt\/produto\/dynamic-mixer-waterproof-seal\/","og_locale":"pt_PT","og_type":"article","og_title":"DYNAMIC MIXER WATERPROOF SEAL - HDO Global Trade","og_description":"DYNAMIC MIXER WATERPROOF SEAL CODE 0607 - SEE OUR COMPLETE LINE FOR DYNAMIC MIXER SARIE SPARE PARTS & ACCESSORIES","og_url":"https:\/\/hdotrade.com\/pt\/produto\/dynamic-mixer-waterproof-seal\/","og_site_name":"HDO Global Trade","article_modified_time":"2023-05-08T10:34:33+00:00","og_image":[{"width":500,"height":500,"url":"https:\/\/hdotrade.com\/wp-content\/uploads\/2021\/07\/DYNAMIC-MIXER-WATERPROOF-SEAL-0607.png","type":"image\/png"}],"twitter_card":"summary_large_image","twitter_misc":{"Tempo estimado de leitura":"1 minuto"},"schema":{"@context":"https:\/\/schema.org","@graph":[{"@type":"WebPage","@id":"https:\/\/hdotrade.com\/product\/dynamic-mixer-waterproof-seal\/","url":"https:\/\/hdotrade.com\/product\/dynamic-mixer-waterproof-seal\/","name":"DYNAMIC MIXER WATERPROOF SEAL - HDO Global Trade","isPartOf":{"@id":"https:\/\/hdotrade.com\/#website"},"primaryImageOfPage":{"@id":"https:\/\/hdotrade.com\/product\/dynamic-mixer-waterproof-seal\/#primaryimage"},"image":{"@id":"https:\/\/hdotrade.com\/product\/dynamic-mixer-waterproof-seal\/#primaryimage"},"thumbnailUrl":"https:\/\/hdotrade.com\/wp-content\/uploads\/2021\/07\/DYNAMIC-MIXER-WATERPROOF-SEAL-0607.png","datePublished":"2021-07-23T09:37:23+00:00","dateModified":"2023-05-08T10:34:33+00:00","description":"DYNAMIC MIXER WATERPROOF SEAL CODE 0607 - SEE OUR COMPLETE LINE FOR DYNAMIC MIXER SARIE SPARE PARTS & ACCESSORIES","breadcrumb":{"@id":"https:\/\/hdotrade.com\/product\/dynamic-mixer-waterproof-seal\/#breadcrumb"},"inLanguage":"pt-PT","potentialAction":[{"@type":"ReadAction","target":["https:\/\/hdotrade.com\/product\/dynamic-mixer-waterproof-seal\/"]}]},{"@type":"ImageObject","inLanguage":"pt-PT","@id":"https:\/\/hdotrade.com\/product\/dynamic-mixer-waterproof-seal\/#primaryimage","url":"https:\/\/hdotrade.com\/wp-content\/uploads\/2021\/07\/DYNAMIC-MIXER-WATERPROOF-SEAL-0607.png","contentUrl":"https:\/\/hdotrade.com\/wp-content\/uploads\/2021\/07\/DYNAMIC-MIXER-WATERPROOF-SEAL-0607.png","width":500,"height":500,"caption":"DYNAMIC-MIXER-WATERPROOF-SEAL-0607"},{"@type":"BreadcrumbList","@id":"https:\/\/hdotrade.com\/product\/dynamic-mixer-waterproof-seal\/#breadcrumb","itemListElement":[{"@type":"ListItem","position":1,"name":"Home","item":"https:\/\/hdotrade.com\/"},{"@type":"ListItem","position":2,"name":"Shop","item":"https:\/\/hdotrade.com\/shop\/"},{"@type":"ListItem","position":3,"name":"DYNAMIC MIXER WATERPROOF SEAL"}]},{"@type":"WebSite","@id":"https:\/\/hdotrade.com\/#website","url":"https:\/\/hdotrade.com\/","name":"HDO Global Trade","description":"Online store","publisher":{"@id":"https:\/\/hdotrade.com\/#organization"},"potentialAction":[{"@type":"SearchAction","target":{"@type":"EntryPoint","urlTemplate":"https:\/\/hdotrade.com\/?s={search_term_string}"},"query-input":{"@type":"PropertyValueSpecification","valueRequired":true,"valueName":"search_term_string"}}],"inLanguage":"pt-PT"},{"@type":"Organization","@id":"https:\/\/hdotrade.com\/#organization","name":"HDO Global Trade","url":"https:\/\/hdotrade.com\/","logo":{"@type":"ImageObject","inLanguage":"pt-PT","@id":"https:\/\/hdotrade.com\/#\/schema\/logo\/image\/","url":"https:\/\/hdotrade.com\/wp-content\/uploads\/2021\/06\/cropped-cropped-HDO-FINAL-LOGO.png","contentUrl":"https:\/\/hdotrade.com\/wp-content\/uploads\/2021\/06\/cropped-cropped-HDO-FINAL-LOGO.png","width":512,"height":511,"caption":"HDO Global Trade"},"image":{"@id":"https:\/\/hdotrade.com\/#\/schema\/logo\/image\/"}}]}},"_links":{"self":[{"href":"https:\/\/hdotrade.com\/pt\/wp-json\/wp\/v2\/product\/3799","targetHints":{"allow":["GET"]}}],"collection":[{"href":"https:\/\/hdotrade.com\/pt\/wp-json\/wp\/v2\/product"}],"about":[{"href":"https:\/\/hdotrade.com\/pt\/wp-json\/wp\/v2\/types\/product"}],"version-history":[{"count":4,"href":"https:\/\/hdotrade.com\/pt\/wp-json\/wp\/v2\/product\/3799\/revisions"}],"predecessor-version":[{"id":18529,"href":"https:\/\/hdotrade.com\/pt\/wp-json\/wp\/v2\/product\/3799\/revisions\/18529"}],"wp:featuredmedia":[{"embeddable":true,"href":"https:\/\/hdotrade.com\/pt\/wp-json\/wp\/v2\/media\/3801"}],"wp:attachment":[{"href":"https:\/\/hdotrade.com\/pt\/wp-json\/wp\/v2\/media?parent=3799"}],"wp:term":[{"taxonomy":"product_cat","embeddable":true,"href":"https:\/\/hdotrade.com\/pt\/wp-json\/wp\/v2\/product_cat?post=3799"},{"taxonomy":"product_tag","embeddable":true,"href":"https:\/\/hdotrade.com\/pt\/wp-json\/wp\/v2\/product_tag?post=3799"}],"curies":[{"name":"wp","href":"https:\/\/api.w.org\/{rel}","templated":true}]}}