{"id":3802,"date":"2021-07-23T10:19:36","date_gmt":"2021-07-23T10:19:36","guid":{"rendered":"http:\/\/hdotrade.com\/?post_type=product&#038;p=3802"},"modified":"2023-05-08T10:06:56","modified_gmt":"2023-05-08T10:06:56","slug":"dynamic-mixer-waterproof-seal-2","status":"publish","type":"product","link":"https:\/\/hdotrade.com\/pt\/produto\/dynamic-mixer-waterproof-seal-2\/","title":{"rendered":"DYNAMIC VARINHA M\u00c1GICA SELO IMPERME\u00c1VEL"},"content":{"rendered":"<p>DYNAMIC VARINHA M\u00c1GICA SELO IMPERME\u00c1VEL<\/p>\n<p>PARA DYNAMIC MAQUINA<\/p>\n<ul>\n<li>DYNAMIX SHAFT M160\u00a0 (AC520)<\/li>\n<li>DYNAMIX SHAFT M190\u00a0 (AC530)<\/li>\n<li>MD95 (MX010)<\/li>\n<li>JUNIOR MX225 (MX020)<\/li>\n<li>JUNIOR SHAFT M225 (AC101)<\/li>\n<li>MXP 94 MINI CORDLESS<\/li>\n<\/ul>\n<p>DYNAMIC MISTURADOR SELO IMPERME\u00c1VEL<\/p>","protected":false},"excerpt":{"rendered":"<p>DYNAMIC MIXER WATERPROOF SEAL FOR DYNAMIC MACHINE DYNAMIX SHAFT M160\u00a0 (AC520) DYNAMIX SHAFT M190\u00a0 (AC530) MD95 (MX010) JUNIOR MX225 (MX020) JUNIOR SHAFT M225 (AC101) MXP 94 MINI CORDLESS DYNAMIC MISTURADOR SELO IMPERME\u00c1VEL<\/p>","protected":false},"featured_media":3807,"template":"","meta":[],"product_cat":[41,49,154,156],"product_tag":[],"class_list":{"0":"post-3802","1":"product","2":"type-product","3":"status-publish","4":"has-post-thumbnail","6":"product_cat-dynamic","7":"product_cat-mixer-dynamic","8":"product_cat-dynamix-range","9":"product_cat-junior-range","11":"first","12":"instock","13":"taxable","14":"shipping-taxable","15":"product-type-simple"},"acf":[],"yoast_head":"<!-- This site is optimized with the Yoast SEO plugin v24.1 - https:\/\/yoast.com\/wordpress\/plugins\/seo\/ -->\n<title>DYNAMIC MIXER WATERPROOF SEAL - HDO Global Trade<\/title>\n<meta name=\"description\" content=\"DYNAMIC MIXER WATERPROOF SEAL DYNAMIX SHAFT M160\u00a0 JUNIOR MX225 (MX020) SEE OUR COMPLETE LINE FOR DYNAMIC MIXER SPARE PARTS &amp; ACCESSORIES\" \/>\n<meta name=\"robots\" content=\"index, follow, max-snippet:-1, max-image-preview:large, max-video-preview:-1\" \/>\n<link rel=\"canonical\" href=\"https:\/\/hdotrade.com\/pt\/produto\/dynamic-mixer-waterproof-seal-2\/\" \/>\n<meta property=\"og:locale\" content=\"pt_PT\" \/>\n<meta property=\"og:type\" content=\"article\" \/>\n<meta property=\"og:title\" content=\"DYNAMIC MIXER WATERPROOF SEAL - HDO Global Trade\" \/>\n<meta property=\"og:description\" content=\"DYNAMIC MIXER WATERPROOF SEAL DYNAMIX SHAFT M160\u00a0 JUNIOR MX225 (MX020) SEE OUR COMPLETE LINE FOR DYNAMIC MIXER SPARE PARTS &amp; ACCESSORIES\" \/>\n<meta property=\"og:url\" content=\"https:\/\/hdotrade.com\/pt\/produto\/dynamic-mixer-waterproof-seal-2\/\" \/>\n<meta property=\"og:site_name\" content=\"HDO Global Trade\" \/>\n<meta property=\"article:modified_time\" content=\"2023-05-08T10:06:56+00:00\" \/>\n<meta property=\"og:image\" content=\"https:\/\/hdotrade.com\/wp-content\/uploads\/2021\/07\/DYNAMIC-MIXER-WATERPROOF-SEAL-0632.png\" \/>\n\t<meta property=\"og:image:width\" content=\"500\" \/>\n\t<meta property=\"og:image:height\" content=\"500\" \/>\n\t<meta property=\"og:image:type\" content=\"image\/png\" \/>\n<meta name=\"twitter:card\" content=\"summary_large_image\" \/>\n<meta name=\"twitter:label1\" content=\"Tempo estimado de leitura\" \/>\n\t<meta name=\"twitter:data1\" content=\"1 minuto\" \/>\n<script type=\"application\/ld+json\" class=\"yoast-schema-graph\">{\"@context\":\"https:\/\/schema.org\",\"@graph\":[{\"@type\":\"WebPage\",\"@id\":\"https:\/\/hdotrade.com\/product\/dynamic-mixer-waterproof-seal-2\/\",\"url\":\"https:\/\/hdotrade.com\/product\/dynamic-mixer-waterproof-seal-2\/\",\"name\":\"DYNAMIC MIXER WATERPROOF SEAL - HDO Global Trade\",\"isPartOf\":{\"@id\":\"https:\/\/hdotrade.com\/#website\"},\"primaryImageOfPage\":{\"@id\":\"https:\/\/hdotrade.com\/product\/dynamic-mixer-waterproof-seal-2\/#primaryimage\"},\"image\":{\"@id\":\"https:\/\/hdotrade.com\/product\/dynamic-mixer-waterproof-seal-2\/#primaryimage\"},\"thumbnailUrl\":\"https:\/\/hdotrade.com\/wp-content\/uploads\/2021\/07\/DYNAMIC-MIXER-WATERPROOF-SEAL-0632.png\",\"datePublished\":\"2021-07-23T10:19:36+00:00\",\"dateModified\":\"2023-05-08T10:06:56+00:00\",\"description\":\"DYNAMIC MIXER WATERPROOF SEAL DYNAMIX SHAFT M160\u00a0 JUNIOR MX225 (MX020) SEE OUR COMPLETE LINE FOR DYNAMIC MIXER SPARE PARTS & ACCESSORIES\",\"breadcrumb\":{\"@id\":\"https:\/\/hdotrade.com\/product\/dynamic-mixer-waterproof-seal-2\/#breadcrumb\"},\"inLanguage\":\"pt-PT\",\"potentialAction\":[{\"@type\":\"ReadAction\",\"target\":[\"https:\/\/hdotrade.com\/product\/dynamic-mixer-waterproof-seal-2\/\"]}]},{\"@type\":\"ImageObject\",\"inLanguage\":\"pt-PT\",\"@id\":\"https:\/\/hdotrade.com\/product\/dynamic-mixer-waterproof-seal-2\/#primaryimage\",\"url\":\"https:\/\/hdotrade.com\/wp-content\/uploads\/2021\/07\/DYNAMIC-MIXER-WATERPROOF-SEAL-0632.png\",\"contentUrl\":\"https:\/\/hdotrade.com\/wp-content\/uploads\/2021\/07\/DYNAMIC-MIXER-WATERPROOF-SEAL-0632.png\",\"width\":500,\"height\":500,\"caption\":\"DYNAMIC MIXER WATERPROOF SEAL 0632\"},{\"@type\":\"BreadcrumbList\",\"@id\":\"https:\/\/hdotrade.com\/product\/dynamic-mixer-waterproof-seal-2\/#breadcrumb\",\"itemListElement\":[{\"@type\":\"ListItem\",\"position\":1,\"name\":\"Home\",\"item\":\"https:\/\/hdotrade.com\/\"},{\"@type\":\"ListItem\",\"position\":2,\"name\":\"Shop\",\"item\":\"https:\/\/hdotrade.com\/shop\/\"},{\"@type\":\"ListItem\",\"position\":3,\"name\":\"DYNAMIC MIXER WATERPROOF SEAL\"}]},{\"@type\":\"WebSite\",\"@id\":\"https:\/\/hdotrade.com\/#website\",\"url\":\"https:\/\/hdotrade.com\/\",\"name\":\"HDO Global Trade\",\"description\":\"Online store\",\"publisher\":{\"@id\":\"https:\/\/hdotrade.com\/#organization\"},\"potentialAction\":[{\"@type\":\"SearchAction\",\"target\":{\"@type\":\"EntryPoint\",\"urlTemplate\":\"https:\/\/hdotrade.com\/?s={search_term_string}\"},\"query-input\":{\"@type\":\"PropertyValueSpecification\",\"valueRequired\":true,\"valueName\":\"search_term_string\"}}],\"inLanguage\":\"pt-PT\"},{\"@type\":\"Organization\",\"@id\":\"https:\/\/hdotrade.com\/#organization\",\"name\":\"HDO Global Trade\",\"url\":\"https:\/\/hdotrade.com\/\",\"logo\":{\"@type\":\"ImageObject\",\"inLanguage\":\"pt-PT\",\"@id\":\"https:\/\/hdotrade.com\/#\/schema\/logo\/image\/\",\"url\":\"https:\/\/hdotrade.com\/wp-content\/uploads\/2021\/06\/cropped-cropped-HDO-FINAL-LOGO.png\",\"contentUrl\":\"https:\/\/hdotrade.com\/wp-content\/uploads\/2021\/06\/cropped-cropped-HDO-FINAL-LOGO.png\",\"width\":512,\"height\":511,\"caption\":\"HDO Global Trade\"},\"image\":{\"@id\":\"https:\/\/hdotrade.com\/#\/schema\/logo\/image\/\"}}]}<\/script>\n<!-- \/ Yoast SEO plugin. -->","yoast_head_json":{"title":"DYNAMIC MIXER WATERPROOF SEAL - HDO Global Trade","description":"DYNAMIC MIXER WATERPROOF SEAL DYNAMIX SHAFT M160\u00a0 JUNIOR MX225 (MX020) SEE OUR COMPLETE LINE FOR DYNAMIC MIXER SPARE PARTS & ACCESSORIES","robots":{"index":"index","follow":"follow","max-snippet":"max-snippet:-1","max-image-preview":"max-image-preview:large","max-video-preview":"max-video-preview:-1"},"canonical":"https:\/\/hdotrade.com\/pt\/produto\/dynamic-mixer-waterproof-seal-2\/","og_locale":"pt_PT","og_type":"article","og_title":"DYNAMIC MIXER WATERPROOF SEAL - HDO Global Trade","og_description":"DYNAMIC MIXER WATERPROOF SEAL DYNAMIX SHAFT M160\u00a0 JUNIOR MX225 (MX020) SEE OUR COMPLETE LINE FOR DYNAMIC MIXER SPARE PARTS & ACCESSORIES","og_url":"https:\/\/hdotrade.com\/pt\/produto\/dynamic-mixer-waterproof-seal-2\/","og_site_name":"HDO Global Trade","article_modified_time":"2023-05-08T10:06:56+00:00","og_image":[{"width":500,"height":500,"url":"https:\/\/hdotrade.com\/wp-content\/uploads\/2021\/07\/DYNAMIC-MIXER-WATERPROOF-SEAL-0632.png","type":"image\/png"}],"twitter_card":"summary_large_image","twitter_misc":{"Tempo estimado de leitura":"1 minuto"},"schema":{"@context":"https:\/\/schema.org","@graph":[{"@type":"WebPage","@id":"https:\/\/hdotrade.com\/product\/dynamic-mixer-waterproof-seal-2\/","url":"https:\/\/hdotrade.com\/product\/dynamic-mixer-waterproof-seal-2\/","name":"DYNAMIC MIXER WATERPROOF SEAL - HDO Global Trade","isPartOf":{"@id":"https:\/\/hdotrade.com\/#website"},"primaryImageOfPage":{"@id":"https:\/\/hdotrade.com\/product\/dynamic-mixer-waterproof-seal-2\/#primaryimage"},"image":{"@id":"https:\/\/hdotrade.com\/product\/dynamic-mixer-waterproof-seal-2\/#primaryimage"},"thumbnailUrl":"https:\/\/hdotrade.com\/wp-content\/uploads\/2021\/07\/DYNAMIC-MIXER-WATERPROOF-SEAL-0632.png","datePublished":"2021-07-23T10:19:36+00:00","dateModified":"2023-05-08T10:06:56+00:00","description":"DYNAMIC MIXER WATERPROOF SEAL DYNAMIX SHAFT M160\u00a0 JUNIOR MX225 (MX020) SEE OUR COMPLETE LINE FOR DYNAMIC MIXER SPARE PARTS & ACCESSORIES","breadcrumb":{"@id":"https:\/\/hdotrade.com\/product\/dynamic-mixer-waterproof-seal-2\/#breadcrumb"},"inLanguage":"pt-PT","potentialAction":[{"@type":"ReadAction","target":["https:\/\/hdotrade.com\/product\/dynamic-mixer-waterproof-seal-2\/"]}]},{"@type":"ImageObject","inLanguage":"pt-PT","@id":"https:\/\/hdotrade.com\/product\/dynamic-mixer-waterproof-seal-2\/#primaryimage","url":"https:\/\/hdotrade.com\/wp-content\/uploads\/2021\/07\/DYNAMIC-MIXER-WATERPROOF-SEAL-0632.png","contentUrl":"https:\/\/hdotrade.com\/wp-content\/uploads\/2021\/07\/DYNAMIC-MIXER-WATERPROOF-SEAL-0632.png","width":500,"height":500,"caption":"DYNAMIC MIXER WATERPROOF SEAL 0632"},{"@type":"BreadcrumbList","@id":"https:\/\/hdotrade.com\/product\/dynamic-mixer-waterproof-seal-2\/#breadcrumb","itemListElement":[{"@type":"ListItem","position":1,"name":"Home","item":"https:\/\/hdotrade.com\/"},{"@type":"ListItem","position":2,"name":"Shop","item":"https:\/\/hdotrade.com\/shop\/"},{"@type":"ListItem","position":3,"name":"DYNAMIC MIXER WATERPROOF SEAL"}]},{"@type":"WebSite","@id":"https:\/\/hdotrade.com\/#website","url":"https:\/\/hdotrade.com\/","name":"HDO Global Trade","description":"Online store","publisher":{"@id":"https:\/\/hdotrade.com\/#organization"},"potentialAction":[{"@type":"SearchAction","target":{"@type":"EntryPoint","urlTemplate":"https:\/\/hdotrade.com\/?s={search_term_string}"},"query-input":{"@type":"PropertyValueSpecification","valueRequired":true,"valueName":"search_term_string"}}],"inLanguage":"pt-PT"},{"@type":"Organization","@id":"https:\/\/hdotrade.com\/#organization","name":"HDO Global Trade","url":"https:\/\/hdotrade.com\/","logo":{"@type":"ImageObject","inLanguage":"pt-PT","@id":"https:\/\/hdotrade.com\/#\/schema\/logo\/image\/","url":"https:\/\/hdotrade.com\/wp-content\/uploads\/2021\/06\/cropped-cropped-HDO-FINAL-LOGO.png","contentUrl":"https:\/\/hdotrade.com\/wp-content\/uploads\/2021\/06\/cropped-cropped-HDO-FINAL-LOGO.png","width":512,"height":511,"caption":"HDO Global Trade"},"image":{"@id":"https:\/\/hdotrade.com\/#\/schema\/logo\/image\/"}}]}},"_links":{"self":[{"href":"https:\/\/hdotrade.com\/pt\/wp-json\/wp\/v2\/product\/3802","targetHints":{"allow":["GET"]}}],"collection":[{"href":"https:\/\/hdotrade.com\/pt\/wp-json\/wp\/v2\/product"}],"about":[{"href":"https:\/\/hdotrade.com\/pt\/wp-json\/wp\/v2\/types\/product"}],"version-history":[{"count":3,"href":"https:\/\/hdotrade.com\/pt\/wp-json\/wp\/v2\/product\/3802\/revisions"}],"predecessor-version":[{"id":18527,"href":"https:\/\/hdotrade.com\/pt\/wp-json\/wp\/v2\/product\/3802\/revisions\/18527"}],"wp:featuredmedia":[{"embeddable":true,"href":"https:\/\/hdotrade.com\/pt\/wp-json\/wp\/v2\/media\/3807"}],"wp:attachment":[{"href":"https:\/\/hdotrade.com\/pt\/wp-json\/wp\/v2\/media?parent=3802"}],"wp:term":[{"taxonomy":"product_cat","embeddable":true,"href":"https:\/\/hdotrade.com\/pt\/wp-json\/wp\/v2\/product_cat?post=3802"},{"taxonomy":"product_tag","embeddable":true,"href":"https:\/\/hdotrade.com\/pt\/wp-json\/wp\/v2\/product_tag?post=3802"}],"curies":[{"name":"wp","href":"https:\/\/api.w.org\/{rel}","templated":true}]}}