{"id":3830,"date":"2021-07-23T20:19:28","date_gmt":"2021-07-23T20:19:28","guid":{"rendered":"http:\/\/hdotrade.com\/?post_type=product&#038;p=3830"},"modified":"2023-05-08T09:55:37","modified_gmt":"2023-05-08T09:55:37","slug":"dynamic-mixer-toric-seal","status":"publish","type":"product","link":"https:\/\/hdotrade.com\/pt\/produto\/dynamic-mixer-toric-seal\/","title":{"rendered":"DYNAMIC VARINHA M\u00c1GICA SELO TORICO"},"content":{"rendered":"<p>DYNAMIC VARINHA M\u00c1GICA SELO TORICO<\/p>\n<p>PARA DYNAMIC MAQUINA<\/p>\n<ul>\n<li>FM PP (AC208)<\/li>\n<li>RICER TOOL (AC220)<\/li>\n<li>SMX 700E (MX040)<\/li>\n<li>SMX 800E (MX001)<\/li>\n<li>SMX BLENDER\u00a0 (AC072)<\/li>\n<li>SMX 600 DSC<\/li>\n<li>SMX 800 DSC<\/li>\n<li>SMX 700 TURBO<\/li>\n<li>SMX 800 TURBO<\/li>\n<li>SMX BLENDER TURBO<\/li>\n<li>SMX 300 CC TURBO (MX150T)<\/li>\n<li>SMX 300 CC TURBO BLENDER (AC255T)<\/li>\n<\/ul>\n<p>DYNAMIC MISTURADORA VEDA\u00c7\u00c3O T\u00d3RICA<\/p>","protected":false},"excerpt":{"rendered":"<p>DYNAMIC MIXER TORIC SEAL FOR DYNAMIC MACHINE FM PP (AC208) RICER TOOL (AC220) SMX 700E (MX040) SMX 800E (MX001) SMX BLENDER\u00a0 (AC072) SMX 600 DSC SMX 800 DSC SMX 700 TURBO SMX 800 TURBO SMX BLENDER TURBO SMX 300 CC TURBO (MX150T) SMX 300 CC TURBO BLENDER (AC255T) DYNAMIC MISTURADORA VEDA\u00c7\u00c3O T\u00d3RICA<\/p>","protected":false},"featured_media":3832,"template":"","meta":[],"product_cat":[41,49,155],"product_tag":[],"class_list":{"0":"post-3830","1":"product","2":"type-product","3":"status-publish","4":"has-post-thumbnail","6":"product_cat-dynamic","7":"product_cat-mixer-dynamic","8":"product_cat-smx-range","10":"first","11":"outofstock","12":"taxable","13":"shipping-taxable","14":"purchasable","15":"product-type-simple"},"acf":[],"yoast_head":"<!-- This site is optimized with the Yoast SEO plugin v24.1 - https:\/\/yoast.com\/wordpress\/plugins\/seo\/ -->\n<title>DYNAMIC MIXER TORIC SEAL - HDO Global Trade<\/title>\n<meta name=\"description\" content=\"DYNAMIC MIXER TORIC SEAL CODE 0641 - SEE OUR COMPLETE LINE FOR DYNAMIC MIXER SMX RANGE SPARE PARTS &amp; ACCESSORIES\" \/>\n<meta name=\"robots\" content=\"index, follow, max-snippet:-1, max-image-preview:large, max-video-preview:-1\" \/>\n<link rel=\"canonical\" href=\"https:\/\/hdotrade.com\/pt\/produto\/dynamic-mixer-toric-seal\/\" \/>\n<meta property=\"og:locale\" content=\"pt_PT\" \/>\n<meta property=\"og:type\" content=\"article\" \/>\n<meta property=\"og:title\" content=\"DYNAMIC MIXER TORIC SEAL - HDO Global Trade\" \/>\n<meta property=\"og:description\" content=\"DYNAMIC MIXER TORIC SEAL CODE 0641 - SEE OUR COMPLETE LINE FOR DYNAMIC MIXER SMX RANGE SPARE PARTS &amp; ACCESSORIES\" \/>\n<meta property=\"og:url\" content=\"https:\/\/hdotrade.com\/pt\/produto\/dynamic-mixer-toric-seal\/\" \/>\n<meta property=\"og:site_name\" content=\"HDO Global Trade\" \/>\n<meta property=\"article:modified_time\" content=\"2023-05-08T09:55:37+00:00\" \/>\n<meta property=\"og:image\" content=\"https:\/\/hdotrade.com\/wp-content\/uploads\/2021\/07\/DYNAMIC-MIXER-TORIC-SEAL-0641.png\" \/>\n\t<meta property=\"og:image:width\" content=\"500\" \/>\n\t<meta property=\"og:image:height\" content=\"500\" \/>\n\t<meta property=\"og:image:type\" content=\"image\/png\" \/>\n<meta name=\"twitter:card\" content=\"summary_large_image\" \/>\n<meta name=\"twitter:label1\" content=\"Tempo estimado de leitura\" \/>\n\t<meta name=\"twitter:data1\" content=\"1 minuto\" \/>\n<script type=\"application\/ld+json\" class=\"yoast-schema-graph\">{\"@context\":\"https:\/\/schema.org\",\"@graph\":[{\"@type\":\"WebPage\",\"@id\":\"https:\/\/hdotrade.com\/product\/dynamic-mixer-toric-seal\/\",\"url\":\"https:\/\/hdotrade.com\/product\/dynamic-mixer-toric-seal\/\",\"name\":\"DYNAMIC MIXER TORIC SEAL - HDO Global Trade\",\"isPartOf\":{\"@id\":\"https:\/\/hdotrade.com\/#website\"},\"primaryImageOfPage\":{\"@id\":\"https:\/\/hdotrade.com\/product\/dynamic-mixer-toric-seal\/#primaryimage\"},\"image\":{\"@id\":\"https:\/\/hdotrade.com\/product\/dynamic-mixer-toric-seal\/#primaryimage\"},\"thumbnailUrl\":\"https:\/\/hdotrade.com\/wp-content\/uploads\/2021\/07\/DYNAMIC-MIXER-TORIC-SEAL-0641.png\",\"datePublished\":\"2021-07-23T20:19:28+00:00\",\"dateModified\":\"2023-05-08T09:55:37+00:00\",\"description\":\"DYNAMIC MIXER TORIC SEAL CODE 0641 - SEE OUR COMPLETE LINE FOR DYNAMIC MIXER SMX RANGE SPARE PARTS & ACCESSORIES\",\"breadcrumb\":{\"@id\":\"https:\/\/hdotrade.com\/product\/dynamic-mixer-toric-seal\/#breadcrumb\"},\"inLanguage\":\"pt-PT\",\"potentialAction\":[{\"@type\":\"ReadAction\",\"target\":[\"https:\/\/hdotrade.com\/product\/dynamic-mixer-toric-seal\/\"]}]},{\"@type\":\"ImageObject\",\"inLanguage\":\"pt-PT\",\"@id\":\"https:\/\/hdotrade.com\/product\/dynamic-mixer-toric-seal\/#primaryimage\",\"url\":\"https:\/\/hdotrade.com\/wp-content\/uploads\/2021\/07\/DYNAMIC-MIXER-TORIC-SEAL-0641.png\",\"contentUrl\":\"https:\/\/hdotrade.com\/wp-content\/uploads\/2021\/07\/DYNAMIC-MIXER-TORIC-SEAL-0641.png\",\"width\":500,\"height\":500,\"caption\":\"DYNAMIC-MIXER-TORIC-SEAL-0641\"},{\"@type\":\"BreadcrumbList\",\"@id\":\"https:\/\/hdotrade.com\/product\/dynamic-mixer-toric-seal\/#breadcrumb\",\"itemListElement\":[{\"@type\":\"ListItem\",\"position\":1,\"name\":\"Home\",\"item\":\"https:\/\/hdotrade.com\/\"},{\"@type\":\"ListItem\",\"position\":2,\"name\":\"Shop\",\"item\":\"https:\/\/hdotrade.com\/shop\/\"},{\"@type\":\"ListItem\",\"position\":3,\"name\":\"DYNAMIC MIXER TORIC SEAL\"}]},{\"@type\":\"WebSite\",\"@id\":\"https:\/\/hdotrade.com\/#website\",\"url\":\"https:\/\/hdotrade.com\/\",\"name\":\"HDO Global Trade\",\"description\":\"Online store\",\"publisher\":{\"@id\":\"https:\/\/hdotrade.com\/#organization\"},\"potentialAction\":[{\"@type\":\"SearchAction\",\"target\":{\"@type\":\"EntryPoint\",\"urlTemplate\":\"https:\/\/hdotrade.com\/?s={search_term_string}\"},\"query-input\":{\"@type\":\"PropertyValueSpecification\",\"valueRequired\":true,\"valueName\":\"search_term_string\"}}],\"inLanguage\":\"pt-PT\"},{\"@type\":\"Organization\",\"@id\":\"https:\/\/hdotrade.com\/#organization\",\"name\":\"HDO Global Trade\",\"url\":\"https:\/\/hdotrade.com\/\",\"logo\":{\"@type\":\"ImageObject\",\"inLanguage\":\"pt-PT\",\"@id\":\"https:\/\/hdotrade.com\/#\/schema\/logo\/image\/\",\"url\":\"https:\/\/hdotrade.com\/wp-content\/uploads\/2021\/06\/cropped-cropped-HDO-FINAL-LOGO.png\",\"contentUrl\":\"https:\/\/hdotrade.com\/wp-content\/uploads\/2021\/06\/cropped-cropped-HDO-FINAL-LOGO.png\",\"width\":512,\"height\":511,\"caption\":\"HDO Global Trade\"},\"image\":{\"@id\":\"https:\/\/hdotrade.com\/#\/schema\/logo\/image\/\"}}]}<\/script>\n<!-- \/ Yoast SEO plugin. -->","yoast_head_json":{"title":"DYNAMIC MIXER TORIC SEAL - HDO Global Trade","description":"DYNAMIC MIXER TORIC SEAL CODE 0641 - SEE OUR COMPLETE LINE FOR DYNAMIC MIXER SMX RANGE SPARE PARTS & ACCESSORIES","robots":{"index":"index","follow":"follow","max-snippet":"max-snippet:-1","max-image-preview":"max-image-preview:large","max-video-preview":"max-video-preview:-1"},"canonical":"https:\/\/hdotrade.com\/pt\/produto\/dynamic-mixer-toric-seal\/","og_locale":"pt_PT","og_type":"article","og_title":"DYNAMIC MIXER TORIC SEAL - HDO Global Trade","og_description":"DYNAMIC MIXER TORIC SEAL CODE 0641 - SEE OUR COMPLETE LINE FOR DYNAMIC MIXER SMX RANGE SPARE PARTS & ACCESSORIES","og_url":"https:\/\/hdotrade.com\/pt\/produto\/dynamic-mixer-toric-seal\/","og_site_name":"HDO Global Trade","article_modified_time":"2023-05-08T09:55:37+00:00","og_image":[{"width":500,"height":500,"url":"https:\/\/hdotrade.com\/wp-content\/uploads\/2021\/07\/DYNAMIC-MIXER-TORIC-SEAL-0641.png","type":"image\/png"}],"twitter_card":"summary_large_image","twitter_misc":{"Tempo estimado de leitura":"1 minuto"},"schema":{"@context":"https:\/\/schema.org","@graph":[{"@type":"WebPage","@id":"https:\/\/hdotrade.com\/product\/dynamic-mixer-toric-seal\/","url":"https:\/\/hdotrade.com\/product\/dynamic-mixer-toric-seal\/","name":"DYNAMIC MIXER TORIC SEAL - HDO Global Trade","isPartOf":{"@id":"https:\/\/hdotrade.com\/#website"},"primaryImageOfPage":{"@id":"https:\/\/hdotrade.com\/product\/dynamic-mixer-toric-seal\/#primaryimage"},"image":{"@id":"https:\/\/hdotrade.com\/product\/dynamic-mixer-toric-seal\/#primaryimage"},"thumbnailUrl":"https:\/\/hdotrade.com\/wp-content\/uploads\/2021\/07\/DYNAMIC-MIXER-TORIC-SEAL-0641.png","datePublished":"2021-07-23T20:19:28+00:00","dateModified":"2023-05-08T09:55:37+00:00","description":"DYNAMIC MIXER TORIC SEAL CODE 0641 - SEE OUR COMPLETE LINE FOR DYNAMIC MIXER SMX RANGE SPARE PARTS & ACCESSORIES","breadcrumb":{"@id":"https:\/\/hdotrade.com\/product\/dynamic-mixer-toric-seal\/#breadcrumb"},"inLanguage":"pt-PT","potentialAction":[{"@type":"ReadAction","target":["https:\/\/hdotrade.com\/product\/dynamic-mixer-toric-seal\/"]}]},{"@type":"ImageObject","inLanguage":"pt-PT","@id":"https:\/\/hdotrade.com\/product\/dynamic-mixer-toric-seal\/#primaryimage","url":"https:\/\/hdotrade.com\/wp-content\/uploads\/2021\/07\/DYNAMIC-MIXER-TORIC-SEAL-0641.png","contentUrl":"https:\/\/hdotrade.com\/wp-content\/uploads\/2021\/07\/DYNAMIC-MIXER-TORIC-SEAL-0641.png","width":500,"height":500,"caption":"DYNAMIC-MIXER-TORIC-SEAL-0641"},{"@type":"BreadcrumbList","@id":"https:\/\/hdotrade.com\/product\/dynamic-mixer-toric-seal\/#breadcrumb","itemListElement":[{"@type":"ListItem","position":1,"name":"Home","item":"https:\/\/hdotrade.com\/"},{"@type":"ListItem","position":2,"name":"Shop","item":"https:\/\/hdotrade.com\/shop\/"},{"@type":"ListItem","position":3,"name":"DYNAMIC MIXER TORIC SEAL"}]},{"@type":"WebSite","@id":"https:\/\/hdotrade.com\/#website","url":"https:\/\/hdotrade.com\/","name":"HDO Global Trade","description":"Online store","publisher":{"@id":"https:\/\/hdotrade.com\/#organization"},"potentialAction":[{"@type":"SearchAction","target":{"@type":"EntryPoint","urlTemplate":"https:\/\/hdotrade.com\/?s={search_term_string}"},"query-input":{"@type":"PropertyValueSpecification","valueRequired":true,"valueName":"search_term_string"}}],"inLanguage":"pt-PT"},{"@type":"Organization","@id":"https:\/\/hdotrade.com\/#organization","name":"HDO Global Trade","url":"https:\/\/hdotrade.com\/","logo":{"@type":"ImageObject","inLanguage":"pt-PT","@id":"https:\/\/hdotrade.com\/#\/schema\/logo\/image\/","url":"https:\/\/hdotrade.com\/wp-content\/uploads\/2021\/06\/cropped-cropped-HDO-FINAL-LOGO.png","contentUrl":"https:\/\/hdotrade.com\/wp-content\/uploads\/2021\/06\/cropped-cropped-HDO-FINAL-LOGO.png","width":512,"height":511,"caption":"HDO Global Trade"},"image":{"@id":"https:\/\/hdotrade.com\/#\/schema\/logo\/image\/"}}]}},"_links":{"self":[{"href":"https:\/\/hdotrade.com\/pt\/wp-json\/wp\/v2\/product\/3830","targetHints":{"allow":["GET"]}}],"collection":[{"href":"https:\/\/hdotrade.com\/pt\/wp-json\/wp\/v2\/product"}],"about":[{"href":"https:\/\/hdotrade.com\/pt\/wp-json\/wp\/v2\/types\/product"}],"version-history":[{"count":3,"href":"https:\/\/hdotrade.com\/pt\/wp-json\/wp\/v2\/product\/3830\/revisions"}],"predecessor-version":[{"id":18518,"href":"https:\/\/hdotrade.com\/pt\/wp-json\/wp\/v2\/product\/3830\/revisions\/18518"}],"wp:featuredmedia":[{"embeddable":true,"href":"https:\/\/hdotrade.com\/pt\/wp-json\/wp\/v2\/media\/3832"}],"wp:attachment":[{"href":"https:\/\/hdotrade.com\/pt\/wp-json\/wp\/v2\/media?parent=3830"}],"wp:term":[{"taxonomy":"product_cat","embeddable":true,"href":"https:\/\/hdotrade.com\/pt\/wp-json\/wp\/v2\/product_cat?post=3830"},{"taxonomy":"product_tag","embeddable":true,"href":"https:\/\/hdotrade.com\/pt\/wp-json\/wp\/v2\/product_tag?post=3830"}],"curies":[{"name":"wp","href":"https:\/\/api.w.org\/{rel}","templated":true}]}}