{"id":3924,"date":"2021-07-25T18:33:13","date_gmt":"2021-07-25T18:33:13","guid":{"rendered":"http:\/\/hdotrade.com\/?post_type=product&#038;p=3924"},"modified":"2023-04-26T12:30:57","modified_gmt":"2023-04-26T12:30:57","slug":"dynamic-mixer-smx-range-lock-button","status":"publish","type":"product","link":"https:\/\/hdotrade.com\/pt\/produto\/dynamic-mixer-smx-range-lock-button\/","title":{"rendered":"DYNAMIC VARINHA M\u00c1GICA SMX BOT\u00c3O BLOQUEIO"},"content":{"rendered":"<p>DYNAMIC VARINHA M\u00c1GICA SMX BOT\u00c3O BLOQUEIO<\/p>\n<p>PARA DYNAMIC MAQUINA<\/p>\n<ul>\n<li>SMX600E (MX002)<\/li>\n<li>SMX700E (MX040)<\/li>\n<li>SMX800E (MX001)<\/li>\n<li>SMX BLENDER (MX125)<\/li>\n<li>SMX 600 DSC<\/li>\n<li>SMX 800 DSC<\/li>\n<li>SMX 600 TURBO (MX002T)<\/li>\n<li>SMX700 TURBO (MX040T)<\/li>\n<li>SMX 800 TURBO (MX001T)<\/li>\n<li>SMX 300 CC TURBO<\/li>\n<\/ul>\n<p>DYNAMIC GAMA SMX BOT\u00c3O DE BOLQUEIO<\/p>","protected":false},"excerpt":{"rendered":"<p>DYNAMIC MIXER SMX RANGE LOCK BUTTON FOR DYNAMIC MACHINE SMX600E (MX002) SMX700E (MX040) SMX800E (MX001) SMX BLENDER (MX125) SMX 600 DSC SMX 800 DSC SMX 600 TURBO (MX002T) SMX700 TURBO (MX040T) SMX 800 TURBO (MX001T) SMX 300 CC TURBO DYNAMIC GAMA SMX BOT\u00c3O DE BOLQUEIO<\/p>","protected":false},"featured_media":3926,"template":"","meta":[],"product_cat":[41,49,155],"product_tag":[],"class_list":{"0":"post-3924","1":"product","2":"type-product","3":"status-publish","4":"has-post-thumbnail","6":"product_cat-dynamic","7":"product_cat-mixer-dynamic","8":"product_cat-smx-range","10":"first","11":"instock","12":"taxable","13":"shipping-taxable","14":"product-type-simple"},"acf":[],"yoast_head":"<!-- This site is optimized with the Yoast SEO plugin v24.1 - https:\/\/yoast.com\/wordpress\/plugins\/seo\/ -->\n<title>DYNAMIC MIXER SMX RANGE LOCK BUTTON - HDO Global Trade<\/title>\n<meta name=\"description\" content=\"DYNAMIC MIXER SMX RANGE LOCK BUTTON DYNAMIC CODE 45708 - SEE OUR COMPLETE LINE FOR DYNAMIC MIXER SMX RANGE SPARE PARTS &amp; ACCESSORIES\" \/>\n<meta name=\"robots\" content=\"index, follow, max-snippet:-1, max-image-preview:large, max-video-preview:-1\" \/>\n<link rel=\"canonical\" href=\"https:\/\/hdotrade.com\/pt\/produto\/dynamic-mixer-smx-range-lock-button\/\" \/>\n<meta property=\"og:locale\" content=\"pt_PT\" \/>\n<meta property=\"og:type\" content=\"article\" \/>\n<meta property=\"og:title\" content=\"DYNAMIC MIXER SMX RANGE LOCK BUTTON - HDO Global Trade\" \/>\n<meta property=\"og:description\" content=\"DYNAMIC MIXER SMX RANGE LOCK BUTTON DYNAMIC CODE 45708 - SEE OUR COMPLETE LINE FOR DYNAMIC MIXER SMX RANGE SPARE PARTS &amp; ACCESSORIES\" \/>\n<meta property=\"og:url\" content=\"https:\/\/hdotrade.com\/pt\/produto\/dynamic-mixer-smx-range-lock-button\/\" \/>\n<meta property=\"og:site_name\" content=\"HDO Global Trade\" \/>\n<meta property=\"article:modified_time\" content=\"2023-04-26T12:30:57+00:00\" \/>\n<meta property=\"og:image\" content=\"https:\/\/hdotrade.com\/wp-content\/uploads\/2021\/07\/DYNAMIC-MIXER-SMX-RANGE-LOCK-BUTTON-45708.png\" \/>\n\t<meta property=\"og:image:width\" content=\"500\" \/>\n\t<meta property=\"og:image:height\" content=\"500\" \/>\n\t<meta property=\"og:image:type\" content=\"image\/png\" \/>\n<meta name=\"twitter:card\" content=\"summary_large_image\" \/>\n<meta name=\"twitter:label1\" content=\"Tempo estimado de leitura\" \/>\n\t<meta name=\"twitter:data1\" content=\"1 minuto\" \/>\n<script type=\"application\/ld+json\" class=\"yoast-schema-graph\">{\"@context\":\"https:\/\/schema.org\",\"@graph\":[{\"@type\":\"WebPage\",\"@id\":\"https:\/\/hdotrade.com\/product\/dynamic-mixer-smx-range-lock-button\/\",\"url\":\"https:\/\/hdotrade.com\/product\/dynamic-mixer-smx-range-lock-button\/\",\"name\":\"DYNAMIC MIXER SMX RANGE LOCK BUTTON - HDO Global Trade\",\"isPartOf\":{\"@id\":\"https:\/\/hdotrade.com\/#website\"},\"primaryImageOfPage\":{\"@id\":\"https:\/\/hdotrade.com\/product\/dynamic-mixer-smx-range-lock-button\/#primaryimage\"},\"image\":{\"@id\":\"https:\/\/hdotrade.com\/product\/dynamic-mixer-smx-range-lock-button\/#primaryimage\"},\"thumbnailUrl\":\"https:\/\/hdotrade.com\/wp-content\/uploads\/2021\/07\/DYNAMIC-MIXER-SMX-RANGE-LOCK-BUTTON-45708.png\",\"datePublished\":\"2021-07-25T18:33:13+00:00\",\"dateModified\":\"2023-04-26T12:30:57+00:00\",\"description\":\"DYNAMIC MIXER SMX RANGE LOCK BUTTON DYNAMIC CODE 45708 - SEE OUR COMPLETE LINE FOR DYNAMIC MIXER SMX RANGE SPARE PARTS & ACCESSORIES\",\"breadcrumb\":{\"@id\":\"https:\/\/hdotrade.com\/product\/dynamic-mixer-smx-range-lock-button\/#breadcrumb\"},\"inLanguage\":\"pt-PT\",\"potentialAction\":[{\"@type\":\"ReadAction\",\"target\":[\"https:\/\/hdotrade.com\/product\/dynamic-mixer-smx-range-lock-button\/\"]}]},{\"@type\":\"ImageObject\",\"inLanguage\":\"pt-PT\",\"@id\":\"https:\/\/hdotrade.com\/product\/dynamic-mixer-smx-range-lock-button\/#primaryimage\",\"url\":\"https:\/\/hdotrade.com\/wp-content\/uploads\/2021\/07\/DYNAMIC-MIXER-SMX-RANGE-LOCK-BUTTON-45708.png\",\"contentUrl\":\"https:\/\/hdotrade.com\/wp-content\/uploads\/2021\/07\/DYNAMIC-MIXER-SMX-RANGE-LOCK-BUTTON-45708.png\",\"width\":500,\"height\":500,\"caption\":\"DYNAMIC-MIXER-SMX-RANGE-LOCK-BUTTON-45708\"},{\"@type\":\"BreadcrumbList\",\"@id\":\"https:\/\/hdotrade.com\/product\/dynamic-mixer-smx-range-lock-button\/#breadcrumb\",\"itemListElement\":[{\"@type\":\"ListItem\",\"position\":1,\"name\":\"Home\",\"item\":\"https:\/\/hdotrade.com\/\"},{\"@type\":\"ListItem\",\"position\":2,\"name\":\"Shop\",\"item\":\"https:\/\/hdotrade.com\/shop\/\"},{\"@type\":\"ListItem\",\"position\":3,\"name\":\"DYNAMIC MIXER SMX RANGE LOCK BUTTON\"}]},{\"@type\":\"WebSite\",\"@id\":\"https:\/\/hdotrade.com\/#website\",\"url\":\"https:\/\/hdotrade.com\/\",\"name\":\"HDO Global Trade\",\"description\":\"Online store\",\"publisher\":{\"@id\":\"https:\/\/hdotrade.com\/#organization\"},\"potentialAction\":[{\"@type\":\"SearchAction\",\"target\":{\"@type\":\"EntryPoint\",\"urlTemplate\":\"https:\/\/hdotrade.com\/?s={search_term_string}\"},\"query-input\":{\"@type\":\"PropertyValueSpecification\",\"valueRequired\":true,\"valueName\":\"search_term_string\"}}],\"inLanguage\":\"pt-PT\"},{\"@type\":\"Organization\",\"@id\":\"https:\/\/hdotrade.com\/#organization\",\"name\":\"HDO Global Trade\",\"url\":\"https:\/\/hdotrade.com\/\",\"logo\":{\"@type\":\"ImageObject\",\"inLanguage\":\"pt-PT\",\"@id\":\"https:\/\/hdotrade.com\/#\/schema\/logo\/image\/\",\"url\":\"https:\/\/hdotrade.com\/wp-content\/uploads\/2021\/06\/cropped-cropped-HDO-FINAL-LOGO.png\",\"contentUrl\":\"https:\/\/hdotrade.com\/wp-content\/uploads\/2021\/06\/cropped-cropped-HDO-FINAL-LOGO.png\",\"width\":512,\"height\":511,\"caption\":\"HDO Global Trade\"},\"image\":{\"@id\":\"https:\/\/hdotrade.com\/#\/schema\/logo\/image\/\"}}]}<\/script>\n<!-- \/ Yoast SEO plugin. -->","yoast_head_json":{"title":"DYNAMIC MIXER SMX RANGE LOCK BUTTON - HDO Global Trade","description":"DYNAMIC MIXER SMX RANGE LOCK BUTTON DYNAMIC CODE 45708 - SEE OUR COMPLETE LINE FOR DYNAMIC MIXER SMX RANGE SPARE PARTS & ACCESSORIES","robots":{"index":"index","follow":"follow","max-snippet":"max-snippet:-1","max-image-preview":"max-image-preview:large","max-video-preview":"max-video-preview:-1"},"canonical":"https:\/\/hdotrade.com\/pt\/produto\/dynamic-mixer-smx-range-lock-button\/","og_locale":"pt_PT","og_type":"article","og_title":"DYNAMIC MIXER SMX RANGE LOCK BUTTON - HDO Global Trade","og_description":"DYNAMIC MIXER SMX RANGE LOCK BUTTON DYNAMIC CODE 45708 - SEE OUR COMPLETE LINE FOR DYNAMIC MIXER SMX RANGE SPARE PARTS & ACCESSORIES","og_url":"https:\/\/hdotrade.com\/pt\/produto\/dynamic-mixer-smx-range-lock-button\/","og_site_name":"HDO Global Trade","article_modified_time":"2023-04-26T12:30:57+00:00","og_image":[{"width":500,"height":500,"url":"https:\/\/hdotrade.com\/wp-content\/uploads\/2021\/07\/DYNAMIC-MIXER-SMX-RANGE-LOCK-BUTTON-45708.png","type":"image\/png"}],"twitter_card":"summary_large_image","twitter_misc":{"Tempo estimado de leitura":"1 minuto"},"schema":{"@context":"https:\/\/schema.org","@graph":[{"@type":"WebPage","@id":"https:\/\/hdotrade.com\/product\/dynamic-mixer-smx-range-lock-button\/","url":"https:\/\/hdotrade.com\/product\/dynamic-mixer-smx-range-lock-button\/","name":"DYNAMIC MIXER SMX RANGE LOCK BUTTON - HDO Global Trade","isPartOf":{"@id":"https:\/\/hdotrade.com\/#website"},"primaryImageOfPage":{"@id":"https:\/\/hdotrade.com\/product\/dynamic-mixer-smx-range-lock-button\/#primaryimage"},"image":{"@id":"https:\/\/hdotrade.com\/product\/dynamic-mixer-smx-range-lock-button\/#primaryimage"},"thumbnailUrl":"https:\/\/hdotrade.com\/wp-content\/uploads\/2021\/07\/DYNAMIC-MIXER-SMX-RANGE-LOCK-BUTTON-45708.png","datePublished":"2021-07-25T18:33:13+00:00","dateModified":"2023-04-26T12:30:57+00:00","description":"DYNAMIC MIXER SMX RANGE LOCK BUTTON DYNAMIC CODE 45708 - SEE OUR COMPLETE LINE FOR DYNAMIC MIXER SMX RANGE SPARE PARTS & ACCESSORIES","breadcrumb":{"@id":"https:\/\/hdotrade.com\/product\/dynamic-mixer-smx-range-lock-button\/#breadcrumb"},"inLanguage":"pt-PT","potentialAction":[{"@type":"ReadAction","target":["https:\/\/hdotrade.com\/product\/dynamic-mixer-smx-range-lock-button\/"]}]},{"@type":"ImageObject","inLanguage":"pt-PT","@id":"https:\/\/hdotrade.com\/product\/dynamic-mixer-smx-range-lock-button\/#primaryimage","url":"https:\/\/hdotrade.com\/wp-content\/uploads\/2021\/07\/DYNAMIC-MIXER-SMX-RANGE-LOCK-BUTTON-45708.png","contentUrl":"https:\/\/hdotrade.com\/wp-content\/uploads\/2021\/07\/DYNAMIC-MIXER-SMX-RANGE-LOCK-BUTTON-45708.png","width":500,"height":500,"caption":"DYNAMIC-MIXER-SMX-RANGE-LOCK-BUTTON-45708"},{"@type":"BreadcrumbList","@id":"https:\/\/hdotrade.com\/product\/dynamic-mixer-smx-range-lock-button\/#breadcrumb","itemListElement":[{"@type":"ListItem","position":1,"name":"Home","item":"https:\/\/hdotrade.com\/"},{"@type":"ListItem","position":2,"name":"Shop","item":"https:\/\/hdotrade.com\/shop\/"},{"@type":"ListItem","position":3,"name":"DYNAMIC MIXER SMX RANGE LOCK BUTTON"}]},{"@type":"WebSite","@id":"https:\/\/hdotrade.com\/#website","url":"https:\/\/hdotrade.com\/","name":"HDO Global Trade","description":"Online store","publisher":{"@id":"https:\/\/hdotrade.com\/#organization"},"potentialAction":[{"@type":"SearchAction","target":{"@type":"EntryPoint","urlTemplate":"https:\/\/hdotrade.com\/?s={search_term_string}"},"query-input":{"@type":"PropertyValueSpecification","valueRequired":true,"valueName":"search_term_string"}}],"inLanguage":"pt-PT"},{"@type":"Organization","@id":"https:\/\/hdotrade.com\/#organization","name":"HDO Global Trade","url":"https:\/\/hdotrade.com\/","logo":{"@type":"ImageObject","inLanguage":"pt-PT","@id":"https:\/\/hdotrade.com\/#\/schema\/logo\/image\/","url":"https:\/\/hdotrade.com\/wp-content\/uploads\/2021\/06\/cropped-cropped-HDO-FINAL-LOGO.png","contentUrl":"https:\/\/hdotrade.com\/wp-content\/uploads\/2021\/06\/cropped-cropped-HDO-FINAL-LOGO.png","width":512,"height":511,"caption":"HDO Global Trade"},"image":{"@id":"https:\/\/hdotrade.com\/#\/schema\/logo\/image\/"}}]}},"_links":{"self":[{"href":"https:\/\/hdotrade.com\/pt\/wp-json\/wp\/v2\/product\/3924","targetHints":{"allow":["GET"]}}],"collection":[{"href":"https:\/\/hdotrade.com\/pt\/wp-json\/wp\/v2\/product"}],"about":[{"href":"https:\/\/hdotrade.com\/pt\/wp-json\/wp\/v2\/types\/product"}],"version-history":[{"count":4,"href":"https:\/\/hdotrade.com\/pt\/wp-json\/wp\/v2\/product\/3924\/revisions"}],"predecessor-version":[{"id":18461,"href":"https:\/\/hdotrade.com\/pt\/wp-json\/wp\/v2\/product\/3924\/revisions\/18461"}],"wp:featuredmedia":[{"embeddable":true,"href":"https:\/\/hdotrade.com\/pt\/wp-json\/wp\/v2\/media\/3926"}],"wp:attachment":[{"href":"https:\/\/hdotrade.com\/pt\/wp-json\/wp\/v2\/media?parent=3924"}],"wp:term":[{"taxonomy":"product_cat","embeddable":true,"href":"https:\/\/hdotrade.com\/pt\/wp-json\/wp\/v2\/product_cat?post=3924"},{"taxonomy":"product_tag","embeddable":true,"href":"https:\/\/hdotrade.com\/pt\/wp-json\/wp\/v2\/product_tag?post=3924"}],"curies":[{"name":"wp","href":"https:\/\/api.w.org\/{rel}","templated":true}]}}