{"id":3960,"date":"2021-07-26T13:49:02","date_gmt":"2021-07-26T13:49:02","guid":{"rendered":"http:\/\/hdotrade.com\/?post_type=product&#038;p=3960"},"modified":"2023-04-26T11:43:52","modified_gmt":"2023-04-26T11:43:52","slug":"dynamic-md95-button-for-variable-speed","status":"publish","type":"product","link":"https:\/\/hdotrade.com\/pt\/produto\/dynamic-md95-button-for-variable-speed\/","title":{"rendered":"DYNAMIC MD95 BOT\u00c3O PARA MUDAN\u00c7A DE VELOCIDADE"},"content":{"rendered":"<p>DYNAMIC MD95 BOT\u00c3O PARA MUDAN\u00c7A DE VELOCIDADE<\/p>\n<p>PARA DYNAMIC MAQUINA<\/p>\n<ul>\n<li>MD95<\/li>\n<\/ul>\n<p>DYNAMIC MD95 BOT\u00c3O PARA VELOCIDADE VARIAVEL<\/p>","protected":false},"excerpt":{"rendered":"<p>DYNAMIC MD95 BUTTON FOR VARIABLE SPEED FOR DYNAMIC MACHINE MD95 DYNAMIC MD95 BOT\u00c3O PARA VELOCIDADE VARIAVEL<\/p>","protected":false},"featured_media":3962,"template":"","meta":[],"product_cat":[41,49,158],"product_tag":[],"class_list":{"0":"post-3960","1":"product","2":"type-product","3":"status-publish","4":"has-post-thumbnail","6":"product_cat-dynamic","7":"product_cat-mixer-dynamic","8":"product_cat-senior-range","10":"first","11":"instock","12":"taxable","13":"shipping-taxable","14":"product-type-simple"},"acf":[],"yoast_head":"<!-- This site is optimized with the Yoast SEO plugin v24.1 - https:\/\/yoast.com\/wordpress\/plugins\/seo\/ -->\n<title>DYNAMIC MD95 BUTTON FOR VARIABLE SPEED - HDO Global Trade<\/title>\n<meta name=\"description\" content=\"DYNAMIC MD95 BUTTON FOR VARIABLE SPEED CODE 9806 - SEE OUR COMPLETE LINE FOR DYNAMIC MIXER SPARE PARTS &amp; ACCESSORIES\" \/>\n<meta name=\"robots\" content=\"index, follow, max-snippet:-1, max-image-preview:large, max-video-preview:-1\" \/>\n<link rel=\"canonical\" href=\"https:\/\/hdotrade.com\/pt\/produto\/dynamic-md95-button-for-variable-speed\/\" \/>\n<meta property=\"og:locale\" content=\"pt_PT\" \/>\n<meta property=\"og:type\" content=\"article\" \/>\n<meta property=\"og:title\" content=\"DYNAMIC MD95 BUTTON FOR VARIABLE SPEED - HDO Global Trade\" \/>\n<meta property=\"og:description\" content=\"DYNAMIC MD95 BUTTON FOR VARIABLE SPEED CODE 9806 - SEE OUR COMPLETE LINE FOR DYNAMIC MIXER SPARE PARTS &amp; ACCESSORIES\" \/>\n<meta property=\"og:url\" content=\"https:\/\/hdotrade.com\/pt\/produto\/dynamic-md95-button-for-variable-speed\/\" \/>\n<meta property=\"og:site_name\" content=\"HDO Global Trade\" \/>\n<meta property=\"article:modified_time\" content=\"2023-04-26T11:43:52+00:00\" \/>\n<meta property=\"og:image\" content=\"https:\/\/hdotrade.com\/wp-content\/uploads\/2021\/07\/DYNAMIC-DYNAMIC-MD95-BUTTON-FOR-VARIABLE-SPEED-9806.png\" \/>\n\t<meta property=\"og:image:width\" content=\"750\" \/>\n\t<meta property=\"og:image:height\" content=\"750\" \/>\n\t<meta property=\"og:image:type\" content=\"image\/png\" \/>\n<meta name=\"twitter:card\" content=\"summary_large_image\" \/>\n<meta name=\"twitter:label1\" content=\"Tempo estimado de leitura\" \/>\n\t<meta name=\"twitter:data1\" content=\"1 minuto\" \/>\n<script type=\"application\/ld+json\" class=\"yoast-schema-graph\">{\"@context\":\"https:\/\/schema.org\",\"@graph\":[{\"@type\":\"WebPage\",\"@id\":\"https:\/\/hdotrade.com\/product\/dynamic-md95-button-for-variable-speed\/\",\"url\":\"https:\/\/hdotrade.com\/product\/dynamic-md95-button-for-variable-speed\/\",\"name\":\"DYNAMIC MD95 BUTTON FOR VARIABLE SPEED - HDO Global Trade\",\"isPartOf\":{\"@id\":\"https:\/\/hdotrade.com\/#website\"},\"primaryImageOfPage\":{\"@id\":\"https:\/\/hdotrade.com\/product\/dynamic-md95-button-for-variable-speed\/#primaryimage\"},\"image\":{\"@id\":\"https:\/\/hdotrade.com\/product\/dynamic-md95-button-for-variable-speed\/#primaryimage\"},\"thumbnailUrl\":\"https:\/\/hdotrade.com\/wp-content\/uploads\/2021\/07\/DYNAMIC-DYNAMIC-MD95-BUTTON-FOR-VARIABLE-SPEED-9806.png\",\"datePublished\":\"2021-07-26T13:49:02+00:00\",\"dateModified\":\"2023-04-26T11:43:52+00:00\",\"description\":\"DYNAMIC MD95 BUTTON FOR VARIABLE SPEED CODE 9806 - SEE OUR COMPLETE LINE FOR DYNAMIC MIXER SPARE PARTS & ACCESSORIES\",\"breadcrumb\":{\"@id\":\"https:\/\/hdotrade.com\/product\/dynamic-md95-button-for-variable-speed\/#breadcrumb\"},\"inLanguage\":\"pt-PT\",\"potentialAction\":[{\"@type\":\"ReadAction\",\"target\":[\"https:\/\/hdotrade.com\/product\/dynamic-md95-button-for-variable-speed\/\"]}]},{\"@type\":\"ImageObject\",\"inLanguage\":\"pt-PT\",\"@id\":\"https:\/\/hdotrade.com\/product\/dynamic-md95-button-for-variable-speed\/#primaryimage\",\"url\":\"https:\/\/hdotrade.com\/wp-content\/uploads\/2021\/07\/DYNAMIC-DYNAMIC-MD95-BUTTON-FOR-VARIABLE-SPEED-9806.png\",\"contentUrl\":\"https:\/\/hdotrade.com\/wp-content\/uploads\/2021\/07\/DYNAMIC-DYNAMIC-MD95-BUTTON-FOR-VARIABLE-SPEED-9806.png\",\"width\":750,\"height\":750,\"caption\":\"DYNAMIC-DYNAMIC-MD95-BUTTON-FOR-VARIABLE-SPEED-9806\"},{\"@type\":\"BreadcrumbList\",\"@id\":\"https:\/\/hdotrade.com\/product\/dynamic-md95-button-for-variable-speed\/#breadcrumb\",\"itemListElement\":[{\"@type\":\"ListItem\",\"position\":1,\"name\":\"Home\",\"item\":\"https:\/\/hdotrade.com\/\"},{\"@type\":\"ListItem\",\"position\":2,\"name\":\"Shop\",\"item\":\"https:\/\/hdotrade.com\/shop\/\"},{\"@type\":\"ListItem\",\"position\":3,\"name\":\"DYNAMIC MD95 BUTTON FOR VARIABLE SPEED\"}]},{\"@type\":\"WebSite\",\"@id\":\"https:\/\/hdotrade.com\/#website\",\"url\":\"https:\/\/hdotrade.com\/\",\"name\":\"HDO Global Trade\",\"description\":\"Online store\",\"publisher\":{\"@id\":\"https:\/\/hdotrade.com\/#organization\"},\"potentialAction\":[{\"@type\":\"SearchAction\",\"target\":{\"@type\":\"EntryPoint\",\"urlTemplate\":\"https:\/\/hdotrade.com\/?s={search_term_string}\"},\"query-input\":{\"@type\":\"PropertyValueSpecification\",\"valueRequired\":true,\"valueName\":\"search_term_string\"}}],\"inLanguage\":\"pt-PT\"},{\"@type\":\"Organization\",\"@id\":\"https:\/\/hdotrade.com\/#organization\",\"name\":\"HDO Global Trade\",\"url\":\"https:\/\/hdotrade.com\/\",\"logo\":{\"@type\":\"ImageObject\",\"inLanguage\":\"pt-PT\",\"@id\":\"https:\/\/hdotrade.com\/#\/schema\/logo\/image\/\",\"url\":\"https:\/\/hdotrade.com\/wp-content\/uploads\/2021\/06\/cropped-cropped-HDO-FINAL-LOGO.png\",\"contentUrl\":\"https:\/\/hdotrade.com\/wp-content\/uploads\/2021\/06\/cropped-cropped-HDO-FINAL-LOGO.png\",\"width\":512,\"height\":511,\"caption\":\"HDO Global Trade\"},\"image\":{\"@id\":\"https:\/\/hdotrade.com\/#\/schema\/logo\/image\/\"}}]}<\/script>\n<!-- \/ Yoast SEO plugin. -->","yoast_head_json":{"title":"DYNAMIC MD95 BUTTON FOR VARIABLE SPEED - HDO Global Trade","description":"DYNAMIC MD95 BUTTON FOR VARIABLE SPEED CODE 9806 - SEE OUR COMPLETE LINE FOR DYNAMIC MIXER SPARE PARTS & ACCESSORIES","robots":{"index":"index","follow":"follow","max-snippet":"max-snippet:-1","max-image-preview":"max-image-preview:large","max-video-preview":"max-video-preview:-1"},"canonical":"https:\/\/hdotrade.com\/pt\/produto\/dynamic-md95-button-for-variable-speed\/","og_locale":"pt_PT","og_type":"article","og_title":"DYNAMIC MD95 BUTTON FOR VARIABLE SPEED - HDO Global Trade","og_description":"DYNAMIC MD95 BUTTON FOR VARIABLE SPEED CODE 9806 - SEE OUR COMPLETE LINE FOR DYNAMIC MIXER SPARE PARTS & ACCESSORIES","og_url":"https:\/\/hdotrade.com\/pt\/produto\/dynamic-md95-button-for-variable-speed\/","og_site_name":"HDO Global Trade","article_modified_time":"2023-04-26T11:43:52+00:00","og_image":[{"width":750,"height":750,"url":"https:\/\/hdotrade.com\/wp-content\/uploads\/2021\/07\/DYNAMIC-DYNAMIC-MD95-BUTTON-FOR-VARIABLE-SPEED-9806.png","type":"image\/png"}],"twitter_card":"summary_large_image","twitter_misc":{"Tempo estimado de leitura":"1 minuto"},"schema":{"@context":"https:\/\/schema.org","@graph":[{"@type":"WebPage","@id":"https:\/\/hdotrade.com\/product\/dynamic-md95-button-for-variable-speed\/","url":"https:\/\/hdotrade.com\/product\/dynamic-md95-button-for-variable-speed\/","name":"DYNAMIC MD95 BUTTON FOR VARIABLE SPEED - HDO Global Trade","isPartOf":{"@id":"https:\/\/hdotrade.com\/#website"},"primaryImageOfPage":{"@id":"https:\/\/hdotrade.com\/product\/dynamic-md95-button-for-variable-speed\/#primaryimage"},"image":{"@id":"https:\/\/hdotrade.com\/product\/dynamic-md95-button-for-variable-speed\/#primaryimage"},"thumbnailUrl":"https:\/\/hdotrade.com\/wp-content\/uploads\/2021\/07\/DYNAMIC-DYNAMIC-MD95-BUTTON-FOR-VARIABLE-SPEED-9806.png","datePublished":"2021-07-26T13:49:02+00:00","dateModified":"2023-04-26T11:43:52+00:00","description":"DYNAMIC MD95 BUTTON FOR VARIABLE SPEED CODE 9806 - SEE OUR COMPLETE LINE FOR DYNAMIC MIXER SPARE PARTS & ACCESSORIES","breadcrumb":{"@id":"https:\/\/hdotrade.com\/product\/dynamic-md95-button-for-variable-speed\/#breadcrumb"},"inLanguage":"pt-PT","potentialAction":[{"@type":"ReadAction","target":["https:\/\/hdotrade.com\/product\/dynamic-md95-button-for-variable-speed\/"]}]},{"@type":"ImageObject","inLanguage":"pt-PT","@id":"https:\/\/hdotrade.com\/product\/dynamic-md95-button-for-variable-speed\/#primaryimage","url":"https:\/\/hdotrade.com\/wp-content\/uploads\/2021\/07\/DYNAMIC-DYNAMIC-MD95-BUTTON-FOR-VARIABLE-SPEED-9806.png","contentUrl":"https:\/\/hdotrade.com\/wp-content\/uploads\/2021\/07\/DYNAMIC-DYNAMIC-MD95-BUTTON-FOR-VARIABLE-SPEED-9806.png","width":750,"height":750,"caption":"DYNAMIC-DYNAMIC-MD95-BUTTON-FOR-VARIABLE-SPEED-9806"},{"@type":"BreadcrumbList","@id":"https:\/\/hdotrade.com\/product\/dynamic-md95-button-for-variable-speed\/#breadcrumb","itemListElement":[{"@type":"ListItem","position":1,"name":"Home","item":"https:\/\/hdotrade.com\/"},{"@type":"ListItem","position":2,"name":"Shop","item":"https:\/\/hdotrade.com\/shop\/"},{"@type":"ListItem","position":3,"name":"DYNAMIC MD95 BUTTON FOR VARIABLE SPEED"}]},{"@type":"WebSite","@id":"https:\/\/hdotrade.com\/#website","url":"https:\/\/hdotrade.com\/","name":"HDO Global Trade","description":"Online store","publisher":{"@id":"https:\/\/hdotrade.com\/#organization"},"potentialAction":[{"@type":"SearchAction","target":{"@type":"EntryPoint","urlTemplate":"https:\/\/hdotrade.com\/?s={search_term_string}"},"query-input":{"@type":"PropertyValueSpecification","valueRequired":true,"valueName":"search_term_string"}}],"inLanguage":"pt-PT"},{"@type":"Organization","@id":"https:\/\/hdotrade.com\/#organization","name":"HDO Global Trade","url":"https:\/\/hdotrade.com\/","logo":{"@type":"ImageObject","inLanguage":"pt-PT","@id":"https:\/\/hdotrade.com\/#\/schema\/logo\/image\/","url":"https:\/\/hdotrade.com\/wp-content\/uploads\/2021\/06\/cropped-cropped-HDO-FINAL-LOGO.png","contentUrl":"https:\/\/hdotrade.com\/wp-content\/uploads\/2021\/06\/cropped-cropped-HDO-FINAL-LOGO.png","width":512,"height":511,"caption":"HDO Global Trade"},"image":{"@id":"https:\/\/hdotrade.com\/#\/schema\/logo\/image\/"}}]}},"_links":{"self":[{"href":"https:\/\/hdotrade.com\/pt\/wp-json\/wp\/v2\/product\/3960","targetHints":{"allow":["GET"]}}],"collection":[{"href":"https:\/\/hdotrade.com\/pt\/wp-json\/wp\/v2\/product"}],"about":[{"href":"https:\/\/hdotrade.com\/pt\/wp-json\/wp\/v2\/types\/product"}],"version-history":[{"count":2,"href":"https:\/\/hdotrade.com\/pt\/wp-json\/wp\/v2\/product\/3960\/revisions"}],"predecessor-version":[{"id":18448,"href":"https:\/\/hdotrade.com\/pt\/wp-json\/wp\/v2\/product\/3960\/revisions\/18448"}],"wp:featuredmedia":[{"embeddable":true,"href":"https:\/\/hdotrade.com\/pt\/wp-json\/wp\/v2\/media\/3962"}],"wp:attachment":[{"href":"https:\/\/hdotrade.com\/pt\/wp-json\/wp\/v2\/media?parent=3960"}],"wp:term":[{"taxonomy":"product_cat","embeddable":true,"href":"https:\/\/hdotrade.com\/pt\/wp-json\/wp\/v2\/product_cat?post=3960"},{"taxonomy":"product_tag","embeddable":true,"href":"https:\/\/hdotrade.com\/pt\/wp-json\/wp\/v2\/product_tag?post=3960"}],"curies":[{"name":"wp","href":"https:\/\/api.w.org\/{rel}","templated":true}]}}