{"id":4424,"date":"2021-08-03T10:54:57","date_gmt":"2021-08-03T10:54:57","guid":{"rendered":"http:\/\/hdotrade.com\/?post_type=product&#038;p=4424"},"modified":"2022-01-15T19:01:31","modified_gmt":"2022-01-15T19:01:31","slug":"sirman-mirra-slicer-blade-guard-tie-rod-for-mirra-old","status":"publish","type":"product","link":"https:\/\/hdotrade.com\/pt\/produto\/sirman-mirra-slicer-blade-guard-tie-rod-for-mirra-old\/","title":{"rendered":"SIRMAN MIRRA BARRA DE LIGA\u00c7\u00c3O DE L\u00c2MINA DE CORTE PARA MIRRA ANTIGA"},"content":{"rendered":"<p>SIRMAN MIRRA BARRA DE LIGA\u00c7\u00c3O DE L\u00c2MINA DE CORTE PARA MIRRA ANTIGA<\/p>\n<p>PARA A M\u00c1QUINA SIRMAN<\/p>\n<p>CORTADORES<\/p>\n<ul>\n<li>MIRRA 250<\/li>\n<li>MIRRA 220<\/li>\n<li>MIRA 220 C CE DOM<\/li>\n<li>MIRRA 250 CE DOM<\/li>\n<li>MIRRA 275 CE DOM<\/li>\n<li>MIRRA 250<\/li>\n<li>MIRRA 275<\/li>\n<li>MIRRA 220 UL<\/li>\n<li>MIRRA 250 UL<\/li>\n<li>MIRRA 220 CE DOM<\/li>\n<li>MIRRA 220 CE<\/li>\n<li>MIRRA 250 CE DOM<\/li>\n<li>MIRRA 250 CE<\/li>\n<li>MIRRA 220 C CE<\/li>\n<li>MIRRA 275 CE<\/li>\n<li>MIRRA 250 C VAS B.S<\/li>\n<li>MIRRA 275 C VAS B.S<\/li>\n<li>MIRRA 275 C CE<\/li>\n<li>MIRRA 250 C CE<\/li>\n<\/ul>\n<p>&nbsp;<\/p>","protected":false},"excerpt":{"rendered":"<p>SIRMAN MIRRA SLICER BLADE GUARD TIE ROD FOR MIRRA OLD FOR SIRMAN MACHINE SLICERS MIRRA 250 MIRRA 220 MIRA 220 C CE DOM MIRRA 250 CE DOM MIRRA 275 CE DOM MIRRA 250 MIRRA 275 MIRRA 220 UL MIRRA 250 UL MIRRA 220 CE DOM MIRRA 220 CE MIRRA 250 CE DOM MIRRA 250 CE [&hellip;]<\/p>","protected":false},"featured_media":0,"template":"","meta":[],"product_cat":[143],"product_tag":[],"class_list":{"0":"post-4424","1":"product","2":"type-product","3":"status-publish","5":"product_cat-sirman","7":"first","8":"outofstock","9":"taxable","10":"shipping-taxable","11":"product-type-simple"},"acf":[],"yoast_head":"<!-- This site is optimized with the Yoast SEO plugin v24.1 - https:\/\/yoast.com\/wordpress\/plugins\/seo\/ -->\n<title>SIRMAN MIRRA SLICER BLADE GUARD TIE ROD FOR MIRRA OLD - HDO Global Trade<\/title>\n<meta name=\"description\" content=\"SIRMAN MIRRA SLICER BLADE GUARD TIE ROD FOR MIRRA OLD TIRANTE PARALAMA SEE OUR COMPLETE LINE FOR SIRMAN SPARE PARTS &amp; ACCESSORIES\" \/>\n<meta name=\"robots\" content=\"index, follow, max-snippet:-1, max-image-preview:large, max-video-preview:-1\" \/>\n<link rel=\"canonical\" href=\"https:\/\/hdotrade.com\/pt\/produto\/sirman-mirra-slicer-blade-guard-tie-rod-for-mirra-old\/\" \/>\n<meta property=\"og:locale\" content=\"pt_PT\" \/>\n<meta property=\"og:type\" content=\"article\" \/>\n<meta property=\"og:title\" content=\"SIRMAN MIRRA SLICER BLADE GUARD TIE ROD FOR MIRRA OLD - HDO Global Trade\" \/>\n<meta property=\"og:description\" content=\"SIRMAN MIRRA SLICER BLADE GUARD TIE ROD FOR MIRRA OLD TIRANTE PARALAMA SEE OUR COMPLETE LINE FOR SIRMAN SPARE PARTS &amp; ACCESSORIES\" \/>\n<meta property=\"og:url\" content=\"https:\/\/hdotrade.com\/pt\/produto\/sirman-mirra-slicer-blade-guard-tie-rod-for-mirra-old\/\" \/>\n<meta property=\"og:site_name\" content=\"HDO Global Trade\" \/>\n<meta property=\"article:modified_time\" content=\"2022-01-15T19:01:31+00:00\" \/>\n<meta name=\"twitter:card\" content=\"summary_large_image\" \/>\n<meta name=\"twitter:label1\" content=\"Tempo estimado de leitura\" \/>\n\t<meta name=\"twitter:data1\" content=\"1 minuto\" \/>\n<script type=\"application\/ld+json\" class=\"yoast-schema-graph\">{\"@context\":\"https:\/\/schema.org\",\"@graph\":[{\"@type\":\"WebPage\",\"@id\":\"https:\/\/hdotrade.com\/product\/sirman-mirra-slicer-blade-guard-tie-rod-for-mirra-old\/\",\"url\":\"https:\/\/hdotrade.com\/product\/sirman-mirra-slicer-blade-guard-tie-rod-for-mirra-old\/\",\"name\":\"SIRMAN MIRRA SLICER BLADE GUARD TIE ROD FOR MIRRA OLD - HDO Global Trade\",\"isPartOf\":{\"@id\":\"https:\/\/hdotrade.com\/#website\"},\"datePublished\":\"2021-08-03T10:54:57+00:00\",\"dateModified\":\"2022-01-15T19:01:31+00:00\",\"description\":\"SIRMAN MIRRA SLICER BLADE GUARD TIE ROD FOR MIRRA OLD TIRANTE PARALAMA SEE OUR COMPLETE LINE FOR SIRMAN SPARE PARTS & ACCESSORIES\",\"breadcrumb\":{\"@id\":\"https:\/\/hdotrade.com\/product\/sirman-mirra-slicer-blade-guard-tie-rod-for-mirra-old\/#breadcrumb\"},\"inLanguage\":\"pt-PT\",\"potentialAction\":[{\"@type\":\"ReadAction\",\"target\":[\"https:\/\/hdotrade.com\/product\/sirman-mirra-slicer-blade-guard-tie-rod-for-mirra-old\/\"]}]},{\"@type\":\"BreadcrumbList\",\"@id\":\"https:\/\/hdotrade.com\/product\/sirman-mirra-slicer-blade-guard-tie-rod-for-mirra-old\/#breadcrumb\",\"itemListElement\":[{\"@type\":\"ListItem\",\"position\":1,\"name\":\"Home\",\"item\":\"https:\/\/hdotrade.com\/\"},{\"@type\":\"ListItem\",\"position\":2,\"name\":\"Shop\",\"item\":\"https:\/\/hdotrade.com\/shop\/\"},{\"@type\":\"ListItem\",\"position\":3,\"name\":\"SIRMAN MIRRA SLICER BLADE GUARD TIE ROD FOR MIRRA OLD\"}]},{\"@type\":\"WebSite\",\"@id\":\"https:\/\/hdotrade.com\/#website\",\"url\":\"https:\/\/hdotrade.com\/\",\"name\":\"HDO Global Trade\",\"description\":\"Online store\",\"publisher\":{\"@id\":\"https:\/\/hdotrade.com\/#organization\"},\"potentialAction\":[{\"@type\":\"SearchAction\",\"target\":{\"@type\":\"EntryPoint\",\"urlTemplate\":\"https:\/\/hdotrade.com\/?s={search_term_string}\"},\"query-input\":{\"@type\":\"PropertyValueSpecification\",\"valueRequired\":true,\"valueName\":\"search_term_string\"}}],\"inLanguage\":\"pt-PT\"},{\"@type\":\"Organization\",\"@id\":\"https:\/\/hdotrade.com\/#organization\",\"name\":\"HDO Global Trade\",\"url\":\"https:\/\/hdotrade.com\/\",\"logo\":{\"@type\":\"ImageObject\",\"inLanguage\":\"pt-PT\",\"@id\":\"https:\/\/hdotrade.com\/#\/schema\/logo\/image\/\",\"url\":\"https:\/\/hdotrade.com\/wp-content\/uploads\/2021\/06\/cropped-cropped-HDO-FINAL-LOGO.png\",\"contentUrl\":\"https:\/\/hdotrade.com\/wp-content\/uploads\/2021\/06\/cropped-cropped-HDO-FINAL-LOGO.png\",\"width\":512,\"height\":511,\"caption\":\"HDO Global Trade\"},\"image\":{\"@id\":\"https:\/\/hdotrade.com\/#\/schema\/logo\/image\/\"}}]}<\/script>\n<!-- \/ Yoast SEO plugin. -->","yoast_head_json":{"title":"SIRMAN MIRRA SLICER BLADE GUARD TIE ROD FOR MIRRA OLD - HDO Global Trade","description":"SIRMAN MIRRA SLICER BLADE GUARD TIE ROD FOR MIRRA OLD TIRANTE PARALAMA SEE OUR COMPLETE LINE FOR SIRMAN SPARE PARTS & ACCESSORIES","robots":{"index":"index","follow":"follow","max-snippet":"max-snippet:-1","max-image-preview":"max-image-preview:large","max-video-preview":"max-video-preview:-1"},"canonical":"https:\/\/hdotrade.com\/pt\/produto\/sirman-mirra-slicer-blade-guard-tie-rod-for-mirra-old\/","og_locale":"pt_PT","og_type":"article","og_title":"SIRMAN MIRRA SLICER BLADE GUARD TIE ROD FOR MIRRA OLD - HDO Global Trade","og_description":"SIRMAN MIRRA SLICER BLADE GUARD TIE ROD FOR MIRRA OLD TIRANTE PARALAMA SEE OUR COMPLETE LINE FOR SIRMAN SPARE PARTS & ACCESSORIES","og_url":"https:\/\/hdotrade.com\/pt\/produto\/sirman-mirra-slicer-blade-guard-tie-rod-for-mirra-old\/","og_site_name":"HDO Global Trade","article_modified_time":"2022-01-15T19:01:31+00:00","twitter_card":"summary_large_image","twitter_misc":{"Tempo estimado de leitura":"1 minuto"},"schema":{"@context":"https:\/\/schema.org","@graph":[{"@type":"WebPage","@id":"https:\/\/hdotrade.com\/product\/sirman-mirra-slicer-blade-guard-tie-rod-for-mirra-old\/","url":"https:\/\/hdotrade.com\/product\/sirman-mirra-slicer-blade-guard-tie-rod-for-mirra-old\/","name":"SIRMAN MIRRA SLICER BLADE GUARD TIE ROD FOR MIRRA OLD - HDO Global Trade","isPartOf":{"@id":"https:\/\/hdotrade.com\/#website"},"datePublished":"2021-08-03T10:54:57+00:00","dateModified":"2022-01-15T19:01:31+00:00","description":"SIRMAN MIRRA SLICER BLADE GUARD TIE ROD FOR MIRRA OLD TIRANTE PARALAMA SEE OUR COMPLETE LINE FOR SIRMAN SPARE PARTS & ACCESSORIES","breadcrumb":{"@id":"https:\/\/hdotrade.com\/product\/sirman-mirra-slicer-blade-guard-tie-rod-for-mirra-old\/#breadcrumb"},"inLanguage":"pt-PT","potentialAction":[{"@type":"ReadAction","target":["https:\/\/hdotrade.com\/product\/sirman-mirra-slicer-blade-guard-tie-rod-for-mirra-old\/"]}]},{"@type":"BreadcrumbList","@id":"https:\/\/hdotrade.com\/product\/sirman-mirra-slicer-blade-guard-tie-rod-for-mirra-old\/#breadcrumb","itemListElement":[{"@type":"ListItem","position":1,"name":"Home","item":"https:\/\/hdotrade.com\/"},{"@type":"ListItem","position":2,"name":"Shop","item":"https:\/\/hdotrade.com\/shop\/"},{"@type":"ListItem","position":3,"name":"SIRMAN MIRRA SLICER BLADE GUARD TIE ROD FOR MIRRA OLD"}]},{"@type":"WebSite","@id":"https:\/\/hdotrade.com\/#website","url":"https:\/\/hdotrade.com\/","name":"HDO Global Trade","description":"Online store","publisher":{"@id":"https:\/\/hdotrade.com\/#organization"},"potentialAction":[{"@type":"SearchAction","target":{"@type":"EntryPoint","urlTemplate":"https:\/\/hdotrade.com\/?s={search_term_string}"},"query-input":{"@type":"PropertyValueSpecification","valueRequired":true,"valueName":"search_term_string"}}],"inLanguage":"pt-PT"},{"@type":"Organization","@id":"https:\/\/hdotrade.com\/#organization","name":"HDO Global Trade","url":"https:\/\/hdotrade.com\/","logo":{"@type":"ImageObject","inLanguage":"pt-PT","@id":"https:\/\/hdotrade.com\/#\/schema\/logo\/image\/","url":"https:\/\/hdotrade.com\/wp-content\/uploads\/2021\/06\/cropped-cropped-HDO-FINAL-LOGO.png","contentUrl":"https:\/\/hdotrade.com\/wp-content\/uploads\/2021\/06\/cropped-cropped-HDO-FINAL-LOGO.png","width":512,"height":511,"caption":"HDO Global Trade"},"image":{"@id":"https:\/\/hdotrade.com\/#\/schema\/logo\/image\/"}}]}},"_links":{"self":[{"href":"https:\/\/hdotrade.com\/pt\/wp-json\/wp\/v2\/product\/4424","targetHints":{"allow":["GET"]}}],"collection":[{"href":"https:\/\/hdotrade.com\/pt\/wp-json\/wp\/v2\/product"}],"about":[{"href":"https:\/\/hdotrade.com\/pt\/wp-json\/wp\/v2\/types\/product"}],"version-history":[{"count":1,"href":"https:\/\/hdotrade.com\/pt\/wp-json\/wp\/v2\/product\/4424\/revisions"}],"predecessor-version":[{"id":7677,"href":"https:\/\/hdotrade.com\/pt\/wp-json\/wp\/v2\/product\/4424\/revisions\/7677"}],"wp:attachment":[{"href":"https:\/\/hdotrade.com\/pt\/wp-json\/wp\/v2\/media?parent=4424"}],"wp:term":[{"taxonomy":"product_cat","embeddable":true,"href":"https:\/\/hdotrade.com\/pt\/wp-json\/wp\/v2\/product_cat?post=4424"},{"taxonomy":"product_tag","embeddable":true,"href":"https:\/\/hdotrade.com\/pt\/wp-json\/wp\/v2\/product_tag?post=4424"}],"curies":[{"name":"wp","href":"https:\/\/api.w.org\/{rel}","templated":true}]}}