{"id":4734,"date":"2021-08-03T23:57:38","date_gmt":"2021-08-03T23:57:38","guid":{"rendered":"http:\/\/hdotrade.com\/?post_type=product&#038;p=4734"},"modified":"2023-06-07T12:27:16","modified_gmt":"2023-06-07T12:27:16","slug":"sirman-bowl-cutter-punched-bottom-knife-c4-c6","status":"publish","type":"product","link":"https:\/\/hdotrade.com\/pt\/produto\/sirman-bowl-cutter-punched-bottom-knife-c4-c6\/","title":{"rendered":"SIRMAN TA\u00c7A CORTADORA BOT\u00c3O DE PRESS\u00c3O L\u00c2MINA C4-C6"},"content":{"rendered":"<p>SIRMAN TA\u00c7A CORTADORA BOT\u00c3O DE PRESS\u00c3O L\u00c2MINA C4-C6<\/p>\n<p>PARA A M\u00c1QUINA SIRMAN<\/p>\n<p>CORTADORES DE TIGELA<\/p>\n<ul>\n<li>C4 CE<\/li>\n<li>C6 CE<\/li>\n<li>C4 VV CE<\/li>\n<li>C6 VV CE<\/li>\n<li>C4 VT CE<\/li>\n<li>C6 VT CE<\/li>\n<li>C4 110V<\/li>\n<li>C6 110V<\/li>\n<li>C4 VV 110V<\/li>\n<li>C6 VV 110V<\/li>\n<\/ul>\n<p>SIRMAN\u00a0 CORTADOR DE TA\u00c7AS FACA DE FUNDO PERFURADO C4-C6<\/p>","protected":false},"excerpt":{"rendered":"<p>SIRMAN BOWL CUTTER PUNCHED BOTTOM KNIFE C4-C6 FOR SIRMAN MACHINE BOWL CUTTERS C4 CE C6 CE C4 VV CE C6 VV CE C4 VT CE C6 VT CE C4 110V C6 110V C4 VV 110V C6 VV 110V SIRMAN\u00a0 CORTADOR DE TA\u00c7AS FACA DE FUNDO PERFURADO C4-C6<\/p>","protected":false},"featured_media":4736,"template":"","meta":[],"product_cat":[143],"product_tag":[],"class_list":{"0":"post-4734","1":"product","2":"type-product","3":"status-publish","4":"has-post-thumbnail","6":"product_cat-sirman","8":"first","9":"outofstock","10":"taxable","11":"shipping-taxable","12":"product-type-simple"},"acf":[],"yoast_head":"<!-- This site is optimized with the Yoast SEO plugin v24.1 - https:\/\/yoast.com\/wordpress\/plugins\/seo\/ -->\n<title>SIRMAN BOWL CUTTER PUNCHED BOTTOM KNIFE C4-C6 - HDO Global Trade<\/title>\n<meta name=\"description\" content=\"SIRMAN BOWL CUTTER PUNCHED BOTTOM KNIFE C4-C6 COLTELLO INF. FORATO C4-C6 - SEE OUR COMPLETE LINE FOR SIRMAN SPARE PARTS &amp; ACCESSORIES\" \/>\n<meta name=\"robots\" content=\"index, follow, max-snippet:-1, max-image-preview:large, max-video-preview:-1\" \/>\n<link rel=\"canonical\" href=\"https:\/\/hdotrade.com\/pt\/produto\/sirman-bowl-cutter-punched-bottom-knife-c4-c6\/\" \/>\n<meta property=\"og:locale\" content=\"pt_PT\" \/>\n<meta property=\"og:type\" content=\"article\" \/>\n<meta property=\"og:title\" content=\"SIRMAN BOWL CUTTER PUNCHED BOTTOM KNIFE C4-C6 - HDO Global Trade\" \/>\n<meta property=\"og:description\" content=\"SIRMAN BOWL CUTTER PUNCHED BOTTOM KNIFE C4-C6 COLTELLO INF. FORATO C4-C6 - SEE OUR COMPLETE LINE FOR SIRMAN SPARE PARTS &amp; ACCESSORIES\" \/>\n<meta property=\"og:url\" content=\"https:\/\/hdotrade.com\/pt\/produto\/sirman-bowl-cutter-punched-bottom-knife-c4-c6\/\" \/>\n<meta property=\"og:site_name\" content=\"HDO Global Trade\" \/>\n<meta property=\"article:modified_time\" content=\"2023-06-07T12:27:16+00:00\" \/>\n<meta property=\"og:image\" content=\"https:\/\/hdotrade.com\/wp-content\/uploads\/2021\/08\/SIRMAN-BOWL-CUTTER-PUNCHED-BOTTOM-KNIFE-C4-C6.png\" \/>\n\t<meta property=\"og:image:width\" content=\"500\" \/>\n\t<meta property=\"og:image:height\" content=\"500\" \/>\n\t<meta property=\"og:image:type\" content=\"image\/png\" \/>\n<meta name=\"twitter:card\" content=\"summary_large_image\" \/>\n<meta name=\"twitter:label1\" content=\"Tempo estimado de leitura\" \/>\n\t<meta name=\"twitter:data1\" content=\"1 minuto\" \/>\n<script type=\"application\/ld+json\" class=\"yoast-schema-graph\">{\"@context\":\"https:\/\/schema.org\",\"@graph\":[{\"@type\":\"WebPage\",\"@id\":\"https:\/\/hdotrade.com\/product\/sirman-bowl-cutter-punched-bottom-knife-c4-c6\/\",\"url\":\"https:\/\/hdotrade.com\/product\/sirman-bowl-cutter-punched-bottom-knife-c4-c6\/\",\"name\":\"SIRMAN BOWL CUTTER PUNCHED BOTTOM KNIFE C4-C6 - HDO Global Trade\",\"isPartOf\":{\"@id\":\"https:\/\/hdotrade.com\/#website\"},\"primaryImageOfPage\":{\"@id\":\"https:\/\/hdotrade.com\/product\/sirman-bowl-cutter-punched-bottom-knife-c4-c6\/#primaryimage\"},\"image\":{\"@id\":\"https:\/\/hdotrade.com\/product\/sirman-bowl-cutter-punched-bottom-knife-c4-c6\/#primaryimage\"},\"thumbnailUrl\":\"https:\/\/hdotrade.com\/wp-content\/uploads\/2021\/08\/SIRMAN-BOWL-CUTTER-PUNCHED-BOTTOM-KNIFE-C4-C6.png\",\"datePublished\":\"2021-08-03T23:57:38+00:00\",\"dateModified\":\"2023-06-07T12:27:16+00:00\",\"description\":\"SIRMAN BOWL CUTTER PUNCHED BOTTOM KNIFE C4-C6 COLTELLO INF. FORATO C4-C6 - SEE OUR COMPLETE LINE FOR SIRMAN SPARE PARTS & ACCESSORIES\",\"breadcrumb\":{\"@id\":\"https:\/\/hdotrade.com\/product\/sirman-bowl-cutter-punched-bottom-knife-c4-c6\/#breadcrumb\"},\"inLanguage\":\"pt-PT\",\"potentialAction\":[{\"@type\":\"ReadAction\",\"target\":[\"https:\/\/hdotrade.com\/product\/sirman-bowl-cutter-punched-bottom-knife-c4-c6\/\"]}]},{\"@type\":\"ImageObject\",\"inLanguage\":\"pt-PT\",\"@id\":\"https:\/\/hdotrade.com\/product\/sirman-bowl-cutter-punched-bottom-knife-c4-c6\/#primaryimage\",\"url\":\"https:\/\/hdotrade.com\/wp-content\/uploads\/2021\/08\/SIRMAN-BOWL-CUTTER-PUNCHED-BOTTOM-KNIFE-C4-C6.png\",\"contentUrl\":\"https:\/\/hdotrade.com\/wp-content\/uploads\/2021\/08\/SIRMAN-BOWL-CUTTER-PUNCHED-BOTTOM-KNIFE-C4-C6.png\",\"width\":500,\"height\":500,\"caption\":\"SIRMAN-BOWL-CUTTER-PUNCHED-BOTTOM-KNIFE-C4-C6\"},{\"@type\":\"BreadcrumbList\",\"@id\":\"https:\/\/hdotrade.com\/product\/sirman-bowl-cutter-punched-bottom-knife-c4-c6\/#breadcrumb\",\"itemListElement\":[{\"@type\":\"ListItem\",\"position\":1,\"name\":\"Home\",\"item\":\"https:\/\/hdotrade.com\/\"},{\"@type\":\"ListItem\",\"position\":2,\"name\":\"Shop\",\"item\":\"https:\/\/hdotrade.com\/shop\/\"},{\"@type\":\"ListItem\",\"position\":3,\"name\":\"SIRMAN BOWL CUTTER PUNCHED BOTTOM KNIFE C4-C6\"}]},{\"@type\":\"WebSite\",\"@id\":\"https:\/\/hdotrade.com\/#website\",\"url\":\"https:\/\/hdotrade.com\/\",\"name\":\"HDO Global Trade\",\"description\":\"Online store\",\"publisher\":{\"@id\":\"https:\/\/hdotrade.com\/#organization\"},\"potentialAction\":[{\"@type\":\"SearchAction\",\"target\":{\"@type\":\"EntryPoint\",\"urlTemplate\":\"https:\/\/hdotrade.com\/?s={search_term_string}\"},\"query-input\":{\"@type\":\"PropertyValueSpecification\",\"valueRequired\":true,\"valueName\":\"search_term_string\"}}],\"inLanguage\":\"pt-PT\"},{\"@type\":\"Organization\",\"@id\":\"https:\/\/hdotrade.com\/#organization\",\"name\":\"HDO Global Trade\",\"url\":\"https:\/\/hdotrade.com\/\",\"logo\":{\"@type\":\"ImageObject\",\"inLanguage\":\"pt-PT\",\"@id\":\"https:\/\/hdotrade.com\/#\/schema\/logo\/image\/\",\"url\":\"https:\/\/hdotrade.com\/wp-content\/uploads\/2021\/06\/cropped-cropped-HDO-FINAL-LOGO.png\",\"contentUrl\":\"https:\/\/hdotrade.com\/wp-content\/uploads\/2021\/06\/cropped-cropped-HDO-FINAL-LOGO.png\",\"width\":512,\"height\":511,\"caption\":\"HDO Global Trade\"},\"image\":{\"@id\":\"https:\/\/hdotrade.com\/#\/schema\/logo\/image\/\"}}]}<\/script>\n<!-- \/ Yoast SEO plugin. -->","yoast_head_json":{"title":"SIRMAN BOWL CUTTER PUNCHED BOTTOM KNIFE C4-C6 - HDO Global Trade","description":"SIRMAN BOWL CUTTER PUNCHED BOTTOM KNIFE C4-C6 COLTELLO INF. FORATO C4-C6 - SEE OUR COMPLETE LINE FOR SIRMAN SPARE PARTS & ACCESSORIES","robots":{"index":"index","follow":"follow","max-snippet":"max-snippet:-1","max-image-preview":"max-image-preview:large","max-video-preview":"max-video-preview:-1"},"canonical":"https:\/\/hdotrade.com\/pt\/produto\/sirman-bowl-cutter-punched-bottom-knife-c4-c6\/","og_locale":"pt_PT","og_type":"article","og_title":"SIRMAN BOWL CUTTER PUNCHED BOTTOM KNIFE C4-C6 - HDO Global Trade","og_description":"SIRMAN BOWL CUTTER PUNCHED BOTTOM KNIFE C4-C6 COLTELLO INF. FORATO C4-C6 - SEE OUR COMPLETE LINE FOR SIRMAN SPARE PARTS & ACCESSORIES","og_url":"https:\/\/hdotrade.com\/pt\/produto\/sirman-bowl-cutter-punched-bottom-knife-c4-c6\/","og_site_name":"HDO Global Trade","article_modified_time":"2023-06-07T12:27:16+00:00","og_image":[{"width":500,"height":500,"url":"https:\/\/hdotrade.com\/wp-content\/uploads\/2021\/08\/SIRMAN-BOWL-CUTTER-PUNCHED-BOTTOM-KNIFE-C4-C6.png","type":"image\/png"}],"twitter_card":"summary_large_image","twitter_misc":{"Tempo estimado de leitura":"1 minuto"},"schema":{"@context":"https:\/\/schema.org","@graph":[{"@type":"WebPage","@id":"https:\/\/hdotrade.com\/product\/sirman-bowl-cutter-punched-bottom-knife-c4-c6\/","url":"https:\/\/hdotrade.com\/product\/sirman-bowl-cutter-punched-bottom-knife-c4-c6\/","name":"SIRMAN BOWL CUTTER PUNCHED BOTTOM KNIFE C4-C6 - HDO Global Trade","isPartOf":{"@id":"https:\/\/hdotrade.com\/#website"},"primaryImageOfPage":{"@id":"https:\/\/hdotrade.com\/product\/sirman-bowl-cutter-punched-bottom-knife-c4-c6\/#primaryimage"},"image":{"@id":"https:\/\/hdotrade.com\/product\/sirman-bowl-cutter-punched-bottom-knife-c4-c6\/#primaryimage"},"thumbnailUrl":"https:\/\/hdotrade.com\/wp-content\/uploads\/2021\/08\/SIRMAN-BOWL-CUTTER-PUNCHED-BOTTOM-KNIFE-C4-C6.png","datePublished":"2021-08-03T23:57:38+00:00","dateModified":"2023-06-07T12:27:16+00:00","description":"SIRMAN BOWL CUTTER PUNCHED BOTTOM KNIFE C4-C6 COLTELLO INF. FORATO C4-C6 - SEE OUR COMPLETE LINE FOR SIRMAN SPARE PARTS & ACCESSORIES","breadcrumb":{"@id":"https:\/\/hdotrade.com\/product\/sirman-bowl-cutter-punched-bottom-knife-c4-c6\/#breadcrumb"},"inLanguage":"pt-PT","potentialAction":[{"@type":"ReadAction","target":["https:\/\/hdotrade.com\/product\/sirman-bowl-cutter-punched-bottom-knife-c4-c6\/"]}]},{"@type":"ImageObject","inLanguage":"pt-PT","@id":"https:\/\/hdotrade.com\/product\/sirman-bowl-cutter-punched-bottom-knife-c4-c6\/#primaryimage","url":"https:\/\/hdotrade.com\/wp-content\/uploads\/2021\/08\/SIRMAN-BOWL-CUTTER-PUNCHED-BOTTOM-KNIFE-C4-C6.png","contentUrl":"https:\/\/hdotrade.com\/wp-content\/uploads\/2021\/08\/SIRMAN-BOWL-CUTTER-PUNCHED-BOTTOM-KNIFE-C4-C6.png","width":500,"height":500,"caption":"SIRMAN-BOWL-CUTTER-PUNCHED-BOTTOM-KNIFE-C4-C6"},{"@type":"BreadcrumbList","@id":"https:\/\/hdotrade.com\/product\/sirman-bowl-cutter-punched-bottom-knife-c4-c6\/#breadcrumb","itemListElement":[{"@type":"ListItem","position":1,"name":"Home","item":"https:\/\/hdotrade.com\/"},{"@type":"ListItem","position":2,"name":"Shop","item":"https:\/\/hdotrade.com\/shop\/"},{"@type":"ListItem","position":3,"name":"SIRMAN BOWL CUTTER PUNCHED BOTTOM KNIFE C4-C6"}]},{"@type":"WebSite","@id":"https:\/\/hdotrade.com\/#website","url":"https:\/\/hdotrade.com\/","name":"HDO Global Trade","description":"Online store","publisher":{"@id":"https:\/\/hdotrade.com\/#organization"},"potentialAction":[{"@type":"SearchAction","target":{"@type":"EntryPoint","urlTemplate":"https:\/\/hdotrade.com\/?s={search_term_string}"},"query-input":{"@type":"PropertyValueSpecification","valueRequired":true,"valueName":"search_term_string"}}],"inLanguage":"pt-PT"},{"@type":"Organization","@id":"https:\/\/hdotrade.com\/#organization","name":"HDO Global Trade","url":"https:\/\/hdotrade.com\/","logo":{"@type":"ImageObject","inLanguage":"pt-PT","@id":"https:\/\/hdotrade.com\/#\/schema\/logo\/image\/","url":"https:\/\/hdotrade.com\/wp-content\/uploads\/2021\/06\/cropped-cropped-HDO-FINAL-LOGO.png","contentUrl":"https:\/\/hdotrade.com\/wp-content\/uploads\/2021\/06\/cropped-cropped-HDO-FINAL-LOGO.png","width":512,"height":511,"caption":"HDO Global Trade"},"image":{"@id":"https:\/\/hdotrade.com\/#\/schema\/logo\/image\/"}}]}},"_links":{"self":[{"href":"https:\/\/hdotrade.com\/pt\/wp-json\/wp\/v2\/product\/4734","targetHints":{"allow":["GET"]}}],"collection":[{"href":"https:\/\/hdotrade.com\/pt\/wp-json\/wp\/v2\/product"}],"about":[{"href":"https:\/\/hdotrade.com\/pt\/wp-json\/wp\/v2\/types\/product"}],"version-history":[{"count":2,"href":"https:\/\/hdotrade.com\/pt\/wp-json\/wp\/v2\/product\/4734\/revisions"}],"predecessor-version":[{"id":19006,"href":"https:\/\/hdotrade.com\/pt\/wp-json\/wp\/v2\/product\/4734\/revisions\/19006"}],"wp:featuredmedia":[{"embeddable":true,"href":"https:\/\/hdotrade.com\/pt\/wp-json\/wp\/v2\/media\/4736"}],"wp:attachment":[{"href":"https:\/\/hdotrade.com\/pt\/wp-json\/wp\/v2\/media?parent=4734"}],"wp:term":[{"taxonomy":"product_cat","embeddable":true,"href":"https:\/\/hdotrade.com\/pt\/wp-json\/wp\/v2\/product_cat?post=4734"},{"taxonomy":"product_tag","embeddable":true,"href":"https:\/\/hdotrade.com\/pt\/wp-json\/wp\/v2\/product_tag?post=4734"}],"curies":[{"name":"wp","href":"https:\/\/api.w.org\/{rel}","templated":true}]}}