{"id":8996,"date":"2021-10-09T20:10:36","date_gmt":"2021-10-09T20:10:36","guid":{"rendered":"http:\/\/hdotrade.com\/?post_type=product&#038;p=8996"},"modified":"2022-01-13T22:00:16","modified_gmt":"2022-01-13T22:00:16","slug":"o60-pressure-gauce","status":"publish","type":"product","link":"https:\/\/hdotrade.com\/pt\/produto\/o60-pressure-gauce\/","title":{"rendered":"\u00d860 MEDIDOR DE PRESS\u00c3O"},"content":{"rendered":"<p>MANOMETRO \u00d860<\/p>","protected":false},"excerpt":{"rendered":"<p>MANOMETRO \u00d860<\/p>","protected":false},"featured_media":9000,"template":"","meta":[],"product_cat":[39],"product_tag":[],"class_list":{"0":"post-8996","1":"product","2":"type-product","3":"status-publish","4":"has-post-thumbnail","6":"product_cat-rubinetterie-del-friuli-manufacturer","8":"first","9":"outofstock","10":"taxable","11":"shipping-taxable","12":"purchasable","13":"product-type-simple"},"acf":[],"yoast_head":"<!-- This site is optimized with the Yoast SEO plugin v24.1 - https:\/\/yoast.com\/wordpress\/plugins\/seo\/ -->\n<title>\u00d860 PRESSURE GAUCE - HDO Global Trade<\/title>\n<meta name=\"description\" content=\"\u00d8 60 PRESSURE GAUCE MANOMETRO \u00d8 60 SEE OUR COMPLETE LINE FOR RUBINETTERIE DEL FRIULI TAPS AND PRE RINSE R36303601\" \/>\n<meta name=\"robots\" content=\"index, follow, max-snippet:-1, max-image-preview:large, max-video-preview:-1\" \/>\n<link rel=\"canonical\" href=\"https:\/\/hdotrade.com\/pt\/produto\/o60-pressure-gauce\/\" \/>\n<meta property=\"og:locale\" content=\"pt_PT\" \/>\n<meta property=\"og:type\" content=\"article\" \/>\n<meta property=\"og:title\" content=\"\u00d860 PRESSURE GAUCE - HDO Global Trade\" \/>\n<meta property=\"og:description\" content=\"\u00d8 60 PRESSURE GAUCE MANOMETRO \u00d8 60 SEE OUR COMPLETE LINE FOR RUBINETTERIE DEL FRIULI TAPS AND PRE RINSE R36303601\" \/>\n<meta property=\"og:url\" content=\"https:\/\/hdotrade.com\/pt\/produto\/o60-pressure-gauce\/\" \/>\n<meta property=\"og:site_name\" content=\"HDO Global Trade\" \/>\n<meta property=\"article:modified_time\" content=\"2022-01-13T22:00:16+00:00\" \/>\n<meta property=\"og:image\" content=\"https:\/\/hdotrade.com\/wp-content\/uploads\/2021\/10\/PRESSURE-GAUCE-MANOMETRO.png\" \/>\n\t<meta property=\"og:image:width\" content=\"500\" \/>\n\t<meta property=\"og:image:height\" content=\"500\" \/>\n\t<meta property=\"og:image:type\" content=\"image\/png\" \/>\n<meta name=\"twitter:card\" content=\"summary_large_image\" \/>\n<script type=\"application\/ld+json\" class=\"yoast-schema-graph\">{\"@context\":\"https:\/\/schema.org\",\"@graph\":[{\"@type\":\"WebPage\",\"@id\":\"https:\/\/hdotrade.com\/product\/o60-pressure-gauce\/\",\"url\":\"https:\/\/hdotrade.com\/product\/o60-pressure-gauce\/\",\"name\":\"\u00d860 PRESSURE GAUCE - HDO Global Trade\",\"isPartOf\":{\"@id\":\"https:\/\/hdotrade.com\/#website\"},\"primaryImageOfPage\":{\"@id\":\"https:\/\/hdotrade.com\/product\/o60-pressure-gauce\/#primaryimage\"},\"image\":{\"@id\":\"https:\/\/hdotrade.com\/product\/o60-pressure-gauce\/#primaryimage\"},\"thumbnailUrl\":\"https:\/\/hdotrade.com\/wp-content\/uploads\/2021\/10\/PRESSURE-GAUCE-MANOMETRO.png\",\"datePublished\":\"2021-10-09T20:10:36+00:00\",\"dateModified\":\"2022-01-13T22:00:16+00:00\",\"description\":\"\u00d8 60 PRESSURE GAUCE MANOMETRO \u00d8 60 SEE OUR COMPLETE LINE FOR RUBINETTERIE DEL FRIULI TAPS AND PRE RINSE R36303601\",\"breadcrumb\":{\"@id\":\"https:\/\/hdotrade.com\/product\/o60-pressure-gauce\/#breadcrumb\"},\"inLanguage\":\"pt-PT\",\"potentialAction\":[{\"@type\":\"ReadAction\",\"target\":[\"https:\/\/hdotrade.com\/product\/o60-pressure-gauce\/\"]}]},{\"@type\":\"ImageObject\",\"inLanguage\":\"pt-PT\",\"@id\":\"https:\/\/hdotrade.com\/product\/o60-pressure-gauce\/#primaryimage\",\"url\":\"https:\/\/hdotrade.com\/wp-content\/uploads\/2021\/10\/PRESSURE-GAUCE-MANOMETRO.png\",\"contentUrl\":\"https:\/\/hdotrade.com\/wp-content\/uploads\/2021\/10\/PRESSURE-GAUCE-MANOMETRO.png\",\"width\":500,\"height\":500,\"caption\":\"PRESSURE GAUCE MANOMETRO\"},{\"@type\":\"BreadcrumbList\",\"@id\":\"https:\/\/hdotrade.com\/product\/o60-pressure-gauce\/#breadcrumb\",\"itemListElement\":[{\"@type\":\"ListItem\",\"position\":1,\"name\":\"Home\",\"item\":\"https:\/\/hdotrade.com\/\"},{\"@type\":\"ListItem\",\"position\":2,\"name\":\"Shop\",\"item\":\"https:\/\/hdotrade.com\/shop\/\"},{\"@type\":\"ListItem\",\"position\":3,\"name\":\"\u00d860 PRESSURE GAUCE\"}]},{\"@type\":\"WebSite\",\"@id\":\"https:\/\/hdotrade.com\/#website\",\"url\":\"https:\/\/hdotrade.com\/\",\"name\":\"HDO Global Trade\",\"description\":\"Online store\",\"publisher\":{\"@id\":\"https:\/\/hdotrade.com\/#organization\"},\"potentialAction\":[{\"@type\":\"SearchAction\",\"target\":{\"@type\":\"EntryPoint\",\"urlTemplate\":\"https:\/\/hdotrade.com\/?s={search_term_string}\"},\"query-input\":{\"@type\":\"PropertyValueSpecification\",\"valueRequired\":true,\"valueName\":\"search_term_string\"}}],\"inLanguage\":\"pt-PT\"},{\"@type\":\"Organization\",\"@id\":\"https:\/\/hdotrade.com\/#organization\",\"name\":\"HDO Global Trade\",\"url\":\"https:\/\/hdotrade.com\/\",\"logo\":{\"@type\":\"ImageObject\",\"inLanguage\":\"pt-PT\",\"@id\":\"https:\/\/hdotrade.com\/#\/schema\/logo\/image\/\",\"url\":\"https:\/\/hdotrade.com\/wp-content\/uploads\/2021\/06\/cropped-cropped-HDO-FINAL-LOGO.png\",\"contentUrl\":\"https:\/\/hdotrade.com\/wp-content\/uploads\/2021\/06\/cropped-cropped-HDO-FINAL-LOGO.png\",\"width\":512,\"height\":511,\"caption\":\"HDO Global Trade\"},\"image\":{\"@id\":\"https:\/\/hdotrade.com\/#\/schema\/logo\/image\/\"}}]}<\/script>\n<!-- \/ Yoast SEO plugin. -->","yoast_head_json":{"title":"\u00d860 PRESSURE GAUCE - HDO Global Trade","description":"\u00d8 60 PRESSURE GAUCE MANOMETRO \u00d8 60 SEE OUR COMPLETE LINE FOR RUBINETTERIE DEL FRIULI TAPS AND PRE RINSE R36303601","robots":{"index":"index","follow":"follow","max-snippet":"max-snippet:-1","max-image-preview":"max-image-preview:large","max-video-preview":"max-video-preview:-1"},"canonical":"https:\/\/hdotrade.com\/pt\/produto\/o60-pressure-gauce\/","og_locale":"pt_PT","og_type":"article","og_title":"\u00d860 PRESSURE GAUCE - HDO Global Trade","og_description":"\u00d8 60 PRESSURE GAUCE MANOMETRO \u00d8 60 SEE OUR COMPLETE LINE FOR RUBINETTERIE DEL FRIULI TAPS AND PRE RINSE R36303601","og_url":"https:\/\/hdotrade.com\/pt\/produto\/o60-pressure-gauce\/","og_site_name":"HDO Global Trade","article_modified_time":"2022-01-13T22:00:16+00:00","og_image":[{"width":500,"height":500,"url":"https:\/\/hdotrade.com\/wp-content\/uploads\/2021\/10\/PRESSURE-GAUCE-MANOMETRO.png","type":"image\/png"}],"twitter_card":"summary_large_image","schema":{"@context":"https:\/\/schema.org","@graph":[{"@type":"WebPage","@id":"https:\/\/hdotrade.com\/product\/o60-pressure-gauce\/","url":"https:\/\/hdotrade.com\/product\/o60-pressure-gauce\/","name":"\u00d860 PRESSURE GAUCE - HDO Global Trade","isPartOf":{"@id":"https:\/\/hdotrade.com\/#website"},"primaryImageOfPage":{"@id":"https:\/\/hdotrade.com\/product\/o60-pressure-gauce\/#primaryimage"},"image":{"@id":"https:\/\/hdotrade.com\/product\/o60-pressure-gauce\/#primaryimage"},"thumbnailUrl":"https:\/\/hdotrade.com\/wp-content\/uploads\/2021\/10\/PRESSURE-GAUCE-MANOMETRO.png","datePublished":"2021-10-09T20:10:36+00:00","dateModified":"2022-01-13T22:00:16+00:00","description":"\u00d8 60 PRESSURE GAUCE MANOMETRO \u00d8 60 SEE OUR COMPLETE LINE FOR RUBINETTERIE DEL FRIULI TAPS AND PRE RINSE R36303601","breadcrumb":{"@id":"https:\/\/hdotrade.com\/product\/o60-pressure-gauce\/#breadcrumb"},"inLanguage":"pt-PT","potentialAction":[{"@type":"ReadAction","target":["https:\/\/hdotrade.com\/product\/o60-pressure-gauce\/"]}]},{"@type":"ImageObject","inLanguage":"pt-PT","@id":"https:\/\/hdotrade.com\/product\/o60-pressure-gauce\/#primaryimage","url":"https:\/\/hdotrade.com\/wp-content\/uploads\/2021\/10\/PRESSURE-GAUCE-MANOMETRO.png","contentUrl":"https:\/\/hdotrade.com\/wp-content\/uploads\/2021\/10\/PRESSURE-GAUCE-MANOMETRO.png","width":500,"height":500,"caption":"PRESSURE GAUCE MANOMETRO"},{"@type":"BreadcrumbList","@id":"https:\/\/hdotrade.com\/product\/o60-pressure-gauce\/#breadcrumb","itemListElement":[{"@type":"ListItem","position":1,"name":"Home","item":"https:\/\/hdotrade.com\/"},{"@type":"ListItem","position":2,"name":"Shop","item":"https:\/\/hdotrade.com\/shop\/"},{"@type":"ListItem","position":3,"name":"\u00d860 PRESSURE GAUCE"}]},{"@type":"WebSite","@id":"https:\/\/hdotrade.com\/#website","url":"https:\/\/hdotrade.com\/","name":"HDO Global Trade","description":"Online store","publisher":{"@id":"https:\/\/hdotrade.com\/#organization"},"potentialAction":[{"@type":"SearchAction","target":{"@type":"EntryPoint","urlTemplate":"https:\/\/hdotrade.com\/?s={search_term_string}"},"query-input":{"@type":"PropertyValueSpecification","valueRequired":true,"valueName":"search_term_string"}}],"inLanguage":"pt-PT"},{"@type":"Organization","@id":"https:\/\/hdotrade.com\/#organization","name":"HDO Global Trade","url":"https:\/\/hdotrade.com\/","logo":{"@type":"ImageObject","inLanguage":"pt-PT","@id":"https:\/\/hdotrade.com\/#\/schema\/logo\/image\/","url":"https:\/\/hdotrade.com\/wp-content\/uploads\/2021\/06\/cropped-cropped-HDO-FINAL-LOGO.png","contentUrl":"https:\/\/hdotrade.com\/wp-content\/uploads\/2021\/06\/cropped-cropped-HDO-FINAL-LOGO.png","width":512,"height":511,"caption":"HDO Global Trade"},"image":{"@id":"https:\/\/hdotrade.com\/#\/schema\/logo\/image\/"}}]}},"_links":{"self":[{"href":"https:\/\/hdotrade.com\/pt\/wp-json\/wp\/v2\/product\/8996","targetHints":{"allow":["GET"]}}],"collection":[{"href":"https:\/\/hdotrade.com\/pt\/wp-json\/wp\/v2\/product"}],"about":[{"href":"https:\/\/hdotrade.com\/pt\/wp-json\/wp\/v2\/types\/product"}],"version-history":[{"count":3,"href":"https:\/\/hdotrade.com\/pt\/wp-json\/wp\/v2\/product\/8996\/revisions"}],"predecessor-version":[{"id":8999,"href":"https:\/\/hdotrade.com\/pt\/wp-json\/wp\/v2\/product\/8996\/revisions\/8999"}],"wp:featuredmedia":[{"embeddable":true,"href":"https:\/\/hdotrade.com\/pt\/wp-json\/wp\/v2\/media\/9000"}],"wp:attachment":[{"href":"https:\/\/hdotrade.com\/pt\/wp-json\/wp\/v2\/media?parent=8996"}],"wp:term":[{"taxonomy":"product_cat","embeddable":true,"href":"https:\/\/hdotrade.com\/pt\/wp-json\/wp\/v2\/product_cat?post=8996"},{"taxonomy":"product_tag","embeddable":true,"href":"https:\/\/hdotrade.com\/pt\/wp-json\/wp\/v2\/product_tag?post=8996"}],"curies":[{"name":"wp","href":"https:\/\/api.w.org\/{rel}","templated":true}]}}